{"id":17950,"date":"2019-08-10T22:20:49","date_gmt":"2019-08-10T20:20:49","guid":{"rendered":"http:\/\/semmelweis.hu\/english\/?page_id=17950"},"modified":"2025-12-16T11:49:19","modified_gmt":"2025-12-16T10:49:19","slug":"dean-of-the-faculty-of-health-and-public-administration","status":"publish","type":"page","link":"https:\/\/semmelweis.hu\/english\/about-semmelweis-university\/leaders-of-the-university\/dean-of-the-faculty-of-health-and-public-administration\/","title":{"rendered":"Dean of the Faculty of Health and Public Administration"},"content":{"rendered":"<h4><strong><a href=\"https:\/\/semmelweis.hu\/english\/files\/2025\/09\/RS222733_GV5A3842-Edit-2-scr.jpg\"><img loading=\"lazy\" decoding=\"async\" class=\"alignright size-medium wp-image-45979\" src=\"https:\/\/semmelweis.hu\/english\/files\/2025\/09\/RS222733_GV5A3842-Edit-2-scr-267x400.jpg\" alt=\"\" width=\"267\" height=\"400\" srcset=\"https:\/\/semmelweis.hu\/english\/files\/2025\/09\/RS222733_GV5A3842-Edit-2-scr-267x400.jpg 267w, https:\/\/semmelweis.hu\/english\/files\/2025\/09\/RS222733_GV5A3842-Edit-2-scr.jpg 600w\" sizes=\"auto, (max-width: 267px) 100vw, 267px\" \/><\/a>Dr. Be\u00e1ta d\u00e1vid<br \/>\n<\/strong>Faculty of Health and Public Administration, Dean<\/h4>\n<h5>Experience\u00a0<\/h5>\n<ul style=\"list-style-type: square\">\n<li>2025 \u2013 Dean &#8211; Faculty of Health and Public Administration (EKK)<\/li>\n<li>2014 &#8211; 2025 \u2013 Vice-dean for Scientific and Educational Affairs at the EKK<\/li>\n<li>2014 \u2013 Interdisciplinary Social Sciences, Mental Health Sciences Doctorate School &#8211; co-ordinator of the doctorate program<\/li>\n<li>2013 \u2013 Professor and Director of the Institute of Mental Health, Semmelweis University; teaching responsibilities \u2013 graduate courses, doctoral courses<\/li>\n<li>January 2009 &#8211; 2011 \u2013 Lecturer \u2013 undergraduate courses in English and Hungarian, Semmelweis University, E\u00f6tv\u00f6s University<strong>\u00a0 \u00a0 \u00a0 \u00a0 \u00a0 \u00a0 \u00a0 \u00a0<\/strong><\/li>\n<li>February 2005 &#8211; May 2011 \u2013 Social work department, Veszprem College of Theology; Teaching responsibilities &#8211; undergraduate courses, Erasmus coordinator of the Institute, chair of international relations, Institutional coordinator of the Students\u2019\u00a0 National Scientific Council<\/li>\n<li>January 1999 &#8211; present \u2013 Research Chair, Center for Social Sciences, Institute for Sociology; Hungarian Academy of Sciences Centre for Excellence; Elaboration of national and international research projects: study of social networks, personal relationships, social capital, social inclusion, sociology of health, study of health policies, study of minorities (Roma)<\/li>\n<\/ul>\n<h5>Studies<\/h5>\n<ul style=\"list-style-type: square\">\n<li>1993-1999 \u2013 Ph. D. degree in Sociology, summa cum laude<\/li>\n<li>1987-1993 \u2013 MA Degree in Sociology, MA Degree in English Language and Literature \u2013 E\u00f6tv\u00f6s L\u00f3r\u00e1nd Univ<\/li>\n<li>1986 &#8211; 1987 \u2013 Undergraduate courses \u2013 sociology, psychology, English &#8211; USIU (United States International University) Nairobi, Kenya<\/li>\n<\/ul>\n<h5>Research activities<\/h5>\n<ul style=\"list-style-type: square\">\n<li>2023- EUniwell \u2013 Champion (2025-2026) Social health to prevent social isolation and loneliness: the value of personal relationships<strong>; <\/strong>UniMatter: 5th SFC (Seed Funding) \u00e9s MAT-toolkit 7th Seed Funding; Well-being Oriented Healthcare \u2013 joint degree professional MA program<\/li>\n<li>STIA 20222 &#8211; Mental health, well-being of families with young children during stressful cohort effects and the possibilities of their support.<\/li>\n<li>2024-2027 OTKA 147304 Crises, challenges and adaptation in today&#8217;s Hungarian society \u2013 co-researcher<\/li>\n<li>2017-2021 EFOP-3.4.3-16-2016-00007 \u2013 project manager<\/li>\n<li>2016-2018 OTKA 119565 kutat\u00f3 ISSP \u2013 Social network and resources (2017) and Religion (2018)<\/li>\n<li>2015- 2016 T\u00c1MOP 4.2.1\/D-15\/1\/KONV sz. \u2013 project manager<\/li>\n<li>2013-2016 OTKA consortium participant researcher &#8211; Integration and disintegration processes in Hungarian society (K108836)<\/li>\n<li>2011-2016 Follow up research among Christian Roma College students \u2013 research manager, strategic partner of the Christian College Network.<\/li>\n<li>2011-2013 OTKA research leader &#8211; The born and unborn children of the regime change: the impact of the socio-cultural circumstances of birth on demographic processes<\/li>\n<li>2009-2012 DOVE project, Public Health Executive Agency \u2013 researcher and adviser Domestic violence against women and men in Europe: prevalence, causes, effects and treatment<\/li>\n<li>2009-2010 Study of Labor Market Opportunities for Roma Women MTA Center of Excellence, Institute for Minority Studies \u2013 researcher<\/li>\n<li>2006-2011 \u2013 MTA SZKI EU VI. program 7. priority <em>&#8220;Citizens and governance in a knowledge based society<\/em>\u201d medical adviser and researcher<\/li>\n<li>2003-2005 OTKA research manager: The migration potential of the Roma and the importance of the network of contacts in Roma migration (OTKA 042859)<\/li>\n<li>2004-2006 research manager: Home-Start \u201eLearning from families in Europe \u2013 policies and practices to combat social exclusion amongst families with young children\u201d EU tender<\/li>\n<li>2001-2004 \u2013 Participant researcher NKFP \u2013 Research title: Quality life years saved: A community-based program for improving quality of life among the population of the settlements served by the Veresegyh\u00e1za Mission Health Center<\/li>\n<li>2001-2003 OTKA Participant researcher The social embeddedness of young people between the ages of 15 and 20 and their parents and its impact on physical and mental health (OTKA F 034608)<\/li>\n<li>1999-2001 OTKA Participant researcher &#8211; Network analysis of 1956 life history interviews (OTKA F 030686)<\/li>\n<li>1996-1999 OTKA Research manager Homelessness from a network perspective (OTKA F 020534 1996-1999) Sociological research leader of the TB lung screening programs of the Hungarian Maltese Charity Service and the Tutor Foundation<\/li>\n<li>1995-1999 Research leader supported by the World Bank: Research in Kalocsa within the \u201eHealthy Together\u201d program<\/li>\n<li>1992 OTKA Participant researcher: Network of foreign students (OTKA F 0013914)<\/li>\n<\/ul>\n<h5>List of\u00a0 publications<\/h5>\n<ul style=\"list-style-type: square\">\n<li><a href=\"https:\/\/m2.mtmt.hu\/gui2\/?type=authors&amp;mode=browse&amp;sel=authors10010937\" target=\"_blank\" rel=\"noopener\">Hungarian Database of Scientific Works<\/a><\/li>\n<li><a href=\"https:\/\/www.researchgate.net\/profile\/Beata-David\" target=\"_blank\" rel=\"noopener\">ResearchGate<\/a><\/li>\n<li><a href=\"https:\/\/orcid.org\/0000-0003-2807-8726\" target=\"_blank\" rel=\"noopener\">ORCID<\/a><\/li>\n<\/ul>\n<h5>Membership in Professional Bodies<\/h5>\n<ul style=\"list-style-type: square\">\n<li>Editor-in-chief \u2013 European Journal of Mental Health<\/li>\n<li>Board member of Doctoral College, Ministry of Interior<\/li>\n<li>Member of the Scientific Council Social Inclusion Working Group, Ministry of Interior<\/li>\n<li>Member of Hungarian National Commission for UNESCO 2012-2016<\/li>\n<li>President of HUNNET, Hungarian Network for Social Network Analysis (from 2011)<\/li>\n<li>Member of Committee on Sociology IX. Section of Economics and Law, Hungarian Academy of Sciences<\/li>\n<li>Member of Hungarian Sociological Association<\/li>\n<li>Member of INSNA (International Network for Social Network Analysis)<\/li>\n<li>Member of Maria Kopp Institute for Demography and Famillies<\/li>\n<li>Member of EDUVITAL Non-profit Health Education Society<\/li>\n<\/ul>\n<h5>Civil engagement<\/h5>\n<ul style=\"list-style-type: square\">\n<li>2020 \u2013 Co-founder, B\u00edzd R\u00e1 Magad<\/li>\n<li>2020 \u2013 Expert consultant, The Hand in Hand Foundation<\/li>\n<li>2016 \u2013 Chair, Board of Trustees, Home Start Hungary<\/li>\n<li>1996-1999 \u2013 Curator member, Tutor Foundation<\/li>\n<\/ul>\n<h5>Awards<\/h5>\n<ul style=\"list-style-type: square\">\n<li>2024 \u2013 Our Lady of Filermo commemorative medal from the Hungarian Charity Service of the Order of Malta<\/li>\n<li>2022 \u2013 Rector\u2019s Award<\/li>\n<li>2019, 2017 \u2013 Pol\u00e1nyi Award for best publication<\/li>\n<li>2001 \u2013 Erdei Ferenc Award of the Hungarian Sociological Association<\/li>\n<\/ul>\n<h5>Language skills<\/h5>\n<ul style=\"list-style-type: square\">\n<li>English \u2013 Working proficiency<\/li>\n<li>French \u2013 Intermediate level<\/li>\n<\/ul>\n<h5>Skills<\/h5>\n<p>SPSS, UCINET<\/p>\n<section><\/section>\n","protected":false},"excerpt":{"rendered":"<p><a href=\"https:\/\/semmelweis.hu\/english\/files\/2025\/09\/RS222733_GV5A3842-Edit-2-scr.jpg\"><\/a> Dr. Be\u00e1ta d\u00e1vid Faculty of Health and Public Administration, Dean Experience\u00a0 2025 \u2013 Dean &#8211; Faculty of Health and Public Administration (EKK) 2014 &#8211; 2025 \u2013 Vice-dean for Scientific and Educational Affairs at the EKK 2014 \u2013 Interdisciplinary Social Sciences, Mental Health Sciences Doctorate School &#8211; co-ordinator of the doctorate program 2013 \u2013 Professor and &hellip;<\/p>\n","protected":false},"author":362,"featured_media":0,"parent":72,"menu_order":12,"comment_status":"closed","ping_status":"closed","template":"","meta":{"_acf_changed":false,"footnotes":""},"categories":[],"tags":[],"class_list":["post-17950","page","type-page","status-publish","hentry"],"acf":[],"_links":{"self":[{"href":"https:\/\/semmelweis.hu\/english\/wp-json\/wp\/v2\/pages\/17950","targetHints":{"allow":["GET"]}}],"collection":[{"href":"https:\/\/semmelweis.hu\/english\/wp-json\/wp\/v2\/pages"}],"about":[{"href":"https:\/\/semmelweis.hu\/english\/wp-json\/wp\/v2\/types\/page"}],"author":[{"embeddable":true,"href":"https:\/\/semmelweis.hu\/english\/wp-json\/wp\/v2\/users\/362"}],"replies":[{"embeddable":true,"href":"https:\/\/semmelweis.hu\/english\/wp-json\/wp\/v2\/comments?post=17950"}],"version-history":[{"count":11,"href":"https:\/\/semmelweis.hu\/english\/wp-json\/wp\/v2\/pages\/17950\/revisions"}],"predecessor-version":[{"id":46920,"href":"https:\/\/semmelweis.hu\/english\/wp-json\/wp\/v2\/pages\/17950\/revisions\/46920"}],"up":[{"embeddable":true,"href":"https:\/\/semmelweis.hu\/english\/wp-json\/wp\/v2\/pages\/72"}],"wp:attachment":[{"href":"https:\/\/semmelweis.hu\/english\/wp-json\/wp\/v2\/media?parent=17950"}],"wp:term":[{"taxonomy":"category","embeddable":true,"href":"https:\/\/semmelweis.hu\/english\/wp-json\/wp\/v2\/categories?post=17950"},{"taxonomy":"post_tag","embeddable":true,"href":"https:\/\/semmelweis.hu\/english\/wp-json\/wp\/v2\/tags?post=17950"}],"curies":[{"name":"wp","href":"https:\/\/api.w.org\/{rel}","templated":true}]}}