{"id":1208,"date":"2011-04-29T12:42:05","date_gmt":"2011-04-29T12:42:05","guid":{"rendered":"http:\/\/www.semmelweis-univ.hu\/?page_id=1208"},"modified":"2025-09-26T10:24:59","modified_gmt":"2025-09-26T08:24:59","slug":"health-and-public-administration","status":"publish","type":"page","link":"https:\/\/semmelweis.hu\/english\/faculties\/health-and-public-administration\/","title":{"rendered":"Faculty of Health and Public Administration"},"content":{"rendered":"<h5>The Faculty of Health and Public Administration (EKK) is recognized as a leading institution in Europe. Its mission is to provide a home for organizational, community and personal development activities in the fields of quality education, research, social science innovation and counseling.<\/h5>\n<div class=\"keretes\" style=\"border: 3px solid #00c7bb !important; background-color: #ffff !important;\">\n<h4><span style=\"font-size: 24pt;\">Faculty of Health and Public Administration<\/span><\/h4>\n<h6><strong>Founded:<\/strong> in 2010<br \/>\n<strong>Dean:<\/strong> Dr. Be\u00e1ta Pethesn\u00e9 D\u00e1vid <br \/>\n<strong>Number of students:<\/strong> 825<br \/>\n<strong>Ratio of foreign students:<\/strong> 3,27%<br \/>\n<strong>Address:<\/strong> 1091 Budapest, \u00dcll\u0151i \u00fat 25.<br \/>\n<strong>Phone:<\/strong> <a href=\"tel:+3614591500\">+36 1 459 1500<\/a> ext. 55635<\/h6>\n<h6 style=\"text-align: right;\"><a href=\"#ekk-departments\">Departments \u2192<\/a><\/h6>\n<\/div>\n<p>The Faculty\u2019s dynamic, dedicated experts in health policy, health security, cybersecurity, patient safety, public health, human resource planning, change management, data-driven health, e-health and social care are key players in<strong> major research, national and international collaborations<\/strong>.<\/p>\n<p>It is one of the youngest faculty of Semmelweis University, established in 2010 with the participation of three institutes working at <strong>the interface of natural and social sciences<\/strong>: the Institute of Health Informatics Development and Further Training, the Health Services Management Training Centre and the Institute of Mental Health.<\/p>\n<div class=\"keretes w-100\" style=\"border-left: 6px solid #00c7bb !important;\">\n<h4><strong>EDUCATION <\/strong><\/h4>\n<p>The Hungarian language programs cover the whole spectrum of training, from bachelor, master and doctoral studies to higher vocational education and training in the fields of <strong>health management, mental and community health and health informatics<\/strong>. The Faculty focuses on the social sciences, but also integrates interdisciplinary trainings.<\/p>\n<p>There is a <a href=\"https:\/\/semmelweis.hu\/english\/2020\/11\/semmelweis-university-started-a-health-care-manager-masters-program-in-slovakian-language-in-bratislava\/\">postgraduate program launched in Bratislava, Slovakia<\/a>, since more than a decade. The Slovakian-language Health Care Manager\u2019s Program is highly practice-oriented: knowledge sharing, discussion of experiences, personal cases and examples are as important as theoretical knowledge. Joint problem-solving plays an important role. The experiential learning approach to management training means that the new knowledge acquired can be recycled almost immediately.<\/p>\n<h4><strong>RESEARCH &amp; DEVELOPMENT<\/strong><\/h4>\n<p><a href=\"https:\/\/semmelweis.hu\/emk\/en\/research-and-development\/\">Fields of particular importance<\/a> include healthcare quality management and patient safety, big data and network analysis, health policy, human resources for health development, project management and dissemination.<\/p>\n<p>The improvements of the research program and the reporting system are based on the principles given by the World Health Organization.<\/p>\n<h4><strong>INTERNATIONAL RELATIONS AND <\/strong><strong>PROJECTS<\/strong><\/h4>\n<p><a href=\"https:\/\/semmelweis.hu\/english\/files\/2022\/09\/RS67280_KA-20171003-IMG_5505-scr.jpg\"><img loading=\"lazy\" decoding=\"async\" class=\"alignright size-medium wp-image-33777\" src=\"https:\/\/semmelweis.hu\/english\/files\/2022\/09\/RS67280_KA-20171003-IMG_5505-scr-400x267.jpg\" alt=\"\" width=\"400\" height=\"267\" srcset=\"https:\/\/semmelweis.hu\/english\/files\/2022\/09\/RS67280_KA-20171003-IMG_5505-scr-400x267.jpg 400w, https:\/\/semmelweis.hu\/english\/files\/2022\/09\/RS67280_KA-20171003-IMG_5505-scr-900x600.jpg 900w, https:\/\/semmelweis.hu\/english\/files\/2022\/09\/RS67280_KA-20171003-IMG_5505-scr-753x502.jpg 753w, https:\/\/semmelweis.hu\/english\/files\/2022\/09\/RS67280_KA-20171003-IMG_5505-scr-203x135.jpg 203w, https:\/\/semmelweis.hu\/english\/files\/2022\/09\/RS67280_KA-20171003-IMG_5505-scr.jpg 950w\" sizes=\"auto, (max-width: 400px) 100vw, 400px\" \/><\/a>The teaching staff and colleagues <strong>work together with leading institutes and professionals around the world<\/strong> including, for instance, the World Bank Institute, the European Health Property Network, the European Observatory on Health Systems and Policies, and the World Health Organization.<\/p>\n<p>The aim of the <a href=\"https:\/\/semmelweis.hu\/emk\/en\/projects\/ongoing-projects\/\">numerous <strong>ongoing international projects<\/strong><\/a> at the Faculty is, among others, strengthening proactive cyber defence, direct and rapid detecting of the multiresistant bacteria in clinical samples, creating a repository of digital copies of around 3 million pathology slides covering a range of disease areas.<\/p>\n<p>Further focuses of the projects are the adapting, replicating and implementing evaluated effective health interventions in the areas of food reformulation monitoring, framing of aggressive marketing of food, and public procurement of healthy food in public settings. Or reinforcing the capacity of care authorities to address successfully important aspects for example to change management and re-organisation of the existing care models, the re-organisation of patient pathways, health workforce roles and skills with digital technologies and data, are also cornerstones of the projects.<\/p>\n<p><img loading=\"lazy\" decoding=\"async\" class=\"alignright size-medium wp-image-33774\" src=\"https:\/\/semmelweis.hu\/english\/files\/2022\/09\/RS38152_KA-20151109-IMG_2436-scr-400x267.jpg\" alt=\"\" width=\"400\" height=\"267\" srcset=\"https:\/\/semmelweis.hu\/english\/files\/2022\/09\/RS38152_KA-20151109-IMG_2436-scr-400x267.jpg 400w, https:\/\/semmelweis.hu\/english\/files\/2022\/09\/RS38152_KA-20151109-IMG_2436-scr-900x600.jpg 900w, https:\/\/semmelweis.hu\/english\/files\/2022\/09\/RS38152_KA-20151109-IMG_2436-scr-753x502.jpg 753w, https:\/\/semmelweis.hu\/english\/files\/2022\/09\/RS38152_KA-20151109-IMG_2436-scr-203x135.jpg 203w, https:\/\/semmelweis.hu\/english\/files\/2022\/09\/RS38152_KA-20151109-IMG_2436-scr.jpg 950w\" sizes=\"auto, (max-width: 400px) 100vw, 400px\" \/>Reforms on medical deserts which means situations or areas where people have difficulties to access care (e.g. waiting time, doctor\u2019s registration difficulties or long distances to hospital) are also a crucial project: it is focusing on skill mix, task shifting, use of e-health and IT systems, recruitment and retention management and policies, in order to guarantee universal coverage also in rural and underserved areas.<\/p>\n<p>Or there is X-eHealth, with the purpose to develop the foundations for a common framework for medical imaging, discharge letters, laboratory results and rare diseases to flow both alongside citizens care pathway and across health entities between EU Member States and neighbouring countries.<\/p>\n<\/div>\n\r\n        [slb_exclude]\r\n        <div class=\"row galeria-wrapper mx-0 h-auto\">\r\n            <div class=\"col-9 pl-0 pr-2\">\r\n            <span class=\"gallery-item frame\">\r\n\t\t\t\t<div class=\"galeria-left-img\"><a href=\"https:\/\/semmelweis.hu\/english\/files\/2022\/09\/RS86197_ED_20181127_0075B-scr.jpg\"><img src=https:\/\/semmelweis.hu\/english\/files\/2022\/09\/RS86197_ED_20181127_0075B-scr.jpg  \r\n                            alt=\"\" \r\n                            class=\"attachment-sote-gallery-big size-sote-gallery-big\" \r\n                            srcset=\"https:\/\/semmelweis.hu\/english\/files\/2022\/09\/RS86197_ED_20181127_0075B-scr-400x267.jpg 400w, https:\/\/semmelweis.hu\/english\/files\/2022\/09\/RS86197_ED_20181127_0075B-scr-900x600.jpg 900w, https:\/\/semmelweis.hu\/english\/files\/2022\/09\/RS86197_ED_20181127_0075B-scr-753x502.jpg 753w, https:\/\/semmelweis.hu\/english\/files\/2022\/09\/RS86197_ED_20181127_0075B-scr-203x135.jpg 203w, https:\/\/semmelweis.hu\/english\/files\/2022\/09\/RS86197_ED_20181127_0075B-scr.jpg 950w\" ><\/a><\/div>\r\n            <\/span>\r\n\r\n            <\/div>\r\n\r\n\t\t\t<div class=\"col-3 pl-0 pr-0\">\r\n\t\t\t\t<div class=\"galeria-right-img d-flex justify-content-between flex-column h-100 w-100 px-0 mx-0 \">\r\n                <div class=\"galeria-box\">\r\n\t\t\t\t\t<h3 class=\"galeria-title\">Gallery<\/h3>\r\n\t\t\t\t\t<div class=\"galeria-subtitle\">\r\n\r\n\t\t\t\t\t\t<div class=\"galeria-page-counter\"><span>12<\/span>images<\/div>\r\n                    <\/div> <\/div>\r\n                    <span class=\"gallery-item frame d-none d-md-flex\">\r\n\t\t\t\t\t<div class=\"galeria-small-img mt-0\"><a href=\"https:\/\/semmelweis.hu\/english\/files\/2022\/09\/RS98067_IMG_5710-scr.jpg\"><img src=https:\/\/semmelweis.hu\/english\/files\/2022\/09\/RS98067_IMG_5710-scr.jpg \r\n                                alt=\"\"  \r\n                                class=\"attachment-sote-gallery-small size-sote-gallery-small\" \r\n                                srcset=\"https:\/\/semmelweis.hu\/english\/files\/2022\/09\/RS98067_IMG_5710-scr-400x245.jpg 400w, https:\/\/semmelweis.hu\/english\/files\/2022\/09\/RS98067_IMG_5710-scr-900x550.jpg 900w, https:\/\/semmelweis.hu\/english\/files\/2022\/09\/RS98067_IMG_5710-scr-753x461.jpg 753w, https:\/\/semmelweis.hu\/english\/files\/2022\/09\/RS98067_IMG_5710-scr-620x380.jpg 620w, https:\/\/semmelweis.hu\/english\/files\/2022\/09\/RS98067_IMG_5710-scr.jpg 950w\" ><\/a><\/div>\r\n                    <\/span>\r\n                    <span class=\"gallery-item frame d-none d-md-flex\">\r\n\t\t\t\t\t<div class=\"galeria-small-img mt-0\"><a href=\"https:\/\/semmelweis.hu\/english\/files\/2022\/09\/RS62496_IMG_3950-scr.jpg\"><img src=https:\/\/semmelweis.hu\/english\/files\/2022\/09\/RS62496_IMG_3950-scr.jpg \r\n                                alt=\"\" \r\n                                class=\"attachment-sote-gallery-small size-sote-gallery-small\" \r\n                                srcset=\"https:\/\/semmelweis.hu\/english\/files\/2022\/09\/RS62496_IMG_3950-scr-400x267.jpg 400w, https:\/\/semmelweis.hu\/english\/files\/2022\/09\/RS62496_IMG_3950-scr-900x600.jpg 900w, https:\/\/semmelweis.hu\/english\/files\/2022\/09\/RS62496_IMG_3950-scr-753x502.jpg 753w, https:\/\/semmelweis.hu\/english\/files\/2022\/09\/RS62496_IMG_3950-scr-203x135.jpg 203w, https:\/\/semmelweis.hu\/english\/files\/2022\/09\/RS62496_IMG_3950-scr.jpg 950w\" ><\/a><\/div>\r\n                    <\/span>\r\n\r\n                <\/div>\r\n\r\n            <\/div>\r\n\r\n            <span class=\"gallery-item\"><div class=\"hidden\"><a href=\"https:\/\/semmelweis.hu\/english\/files\/2022\/09\/RS51006_KA-20160706-IMG_4722-scr.jpg\">\r\n        <img src=https:\/\/semmelweis.hu\/english\/files\/2022\/09\/RS51006_KA-20160706-IMG_4722-scr.jpg alt=\"\" class=\"attachment-sote-gallery-big size-sote-gallery-big\" srcset=\"https:\/\/semmelweis.hu\/english\/files\/2022\/09\/RS51006_KA-20160706-IMG_4722-scr-400x267.jpg 400w, https:\/\/semmelweis.hu\/english\/files\/2022\/09\/RS51006_KA-20160706-IMG_4722-scr-900x600.jpg 900w, https:\/\/semmelweis.hu\/english\/files\/2022\/09\/RS51006_KA-20160706-IMG_4722-scr-753x502.jpg 753w, https:\/\/semmelweis.hu\/english\/files\/2022\/09\/RS51006_KA-20160706-IMG_4722-scr-203x135.jpg 203w, https:\/\/semmelweis.hu\/english\/files\/2022\/09\/RS51006_KA-20160706-IMG_4722-scr.jpg 950w\" >\r\n        <\/a><\/div><\/span><span class=\"gallery-item\"><div class=\"hidden\"><a href=\"https:\/\/semmelweis.hu\/english\/files\/2022\/09\/RS72501_IMG_0762-scr.jpg\">\r\n        <img src=https:\/\/semmelweis.hu\/english\/files\/2022\/09\/RS72501_IMG_0762-scr.jpg alt=\"\" class=\"attachment-sote-gallery-big size-sote-gallery-big\" srcset=\"https:\/\/semmelweis.hu\/english\/files\/2022\/09\/RS72501_IMG_0762-scr-400x267.jpg 400w, https:\/\/semmelweis.hu\/english\/files\/2022\/09\/RS72501_IMG_0762-scr-900x600.jpg 900w, https:\/\/semmelweis.hu\/english\/files\/2022\/09\/RS72501_IMG_0762-scr-753x502.jpg 753w, https:\/\/semmelweis.hu\/english\/files\/2022\/09\/RS72501_IMG_0762-scr-203x135.jpg 203w, https:\/\/semmelweis.hu\/english\/files\/2022\/09\/RS72501_IMG_0762-scr.jpg 950w\" >\r\n        <\/a><\/div><\/span><span class=\"gallery-item\"><div class=\"hidden\"><a href=\"https:\/\/semmelweis.hu\/english\/files\/2022\/09\/RS78080_IMG_2095-scr.jpg\">\r\n        <img src=https:\/\/semmelweis.hu\/english\/files\/2022\/09\/RS78080_IMG_2095-scr.jpg alt=\"\" class=\"attachment-sote-gallery-big size-sote-gallery-big\" srcset=\"https:\/\/semmelweis.hu\/english\/files\/2022\/09\/RS78080_IMG_2095-scr-400x267.jpg 400w, https:\/\/semmelweis.hu\/english\/files\/2022\/09\/RS78080_IMG_2095-scr-900x600.jpg 900w, https:\/\/semmelweis.hu\/english\/files\/2022\/09\/RS78080_IMG_2095-scr-753x502.jpg 753w, https:\/\/semmelweis.hu\/english\/files\/2022\/09\/RS78080_IMG_2095-scr-203x135.jpg 203w, https:\/\/semmelweis.hu\/english\/files\/2022\/09\/RS78080_IMG_2095-scr.jpg 950w\" >\r\n        <\/a><\/div><\/span><span class=\"gallery-item\"><div class=\"hidden\"><a href=\"https:\/\/semmelweis.hu\/english\/files\/2022\/09\/RS134170_C19A0868-scr.jpg\">\r\n        <img src=https:\/\/semmelweis.hu\/english\/files\/2022\/09\/RS134170_C19A0868-scr.jpg alt=\"\" class=\"attachment-sote-gallery-big size-sote-gallery-big\" srcset=\"https:\/\/semmelweis.hu\/english\/files\/2022\/09\/RS134170_C19A0868-scr-400x267.jpg 400w, https:\/\/semmelweis.hu\/english\/files\/2022\/09\/RS134170_C19A0868-scr-900x600.jpg 900w, https:\/\/semmelweis.hu\/english\/files\/2022\/09\/RS134170_C19A0868-scr-753x502.jpg 753w, https:\/\/semmelweis.hu\/english\/files\/2022\/09\/RS134170_C19A0868-scr-203x135.jpg 203w, https:\/\/semmelweis.hu\/english\/files\/2022\/09\/RS134170_C19A0868-scr.jpg 1200w\" >\r\n        <\/a><\/div><\/span><span class=\"gallery-item\"><div class=\"hidden\"><a href=\"https:\/\/semmelweis.hu\/english\/files\/2022\/09\/RS62539_IMG_3818-scr.jpg\">\r\n        <img src=https:\/\/semmelweis.hu\/english\/files\/2022\/09\/RS62539_IMG_3818-scr.jpg alt=\"\" class=\"attachment-sote-gallery-big size-sote-gallery-big\" srcset=\"https:\/\/semmelweis.hu\/english\/files\/2022\/09\/RS62539_IMG_3818-scr-400x267.jpg 400w, https:\/\/semmelweis.hu\/english\/files\/2022\/09\/RS62539_IMG_3818-scr-900x600.jpg 900w, https:\/\/semmelweis.hu\/english\/files\/2022\/09\/RS62539_IMG_3818-scr-753x502.jpg 753w, https:\/\/semmelweis.hu\/english\/files\/2022\/09\/RS62539_IMG_3818-scr-203x135.jpg 203w, https:\/\/semmelweis.hu\/english\/files\/2022\/09\/RS62539_IMG_3818-scr.jpg 950w\" >\r\n        <\/a><\/div><\/span><span class=\"gallery-item\"><div class=\"hidden\"><a href=\"https:\/\/semmelweis.hu\/english\/files\/2022\/09\/RS106140_C19A7816-scr.jpg\">\r\n        <img src=https:\/\/semmelweis.hu\/english\/files\/2022\/09\/RS106140_C19A7816-scr.jpg alt=\"\" class=\"attachment-sote-gallery-big size-sote-gallery-big\" srcset=\"https:\/\/semmelweis.hu\/english\/files\/2022\/09\/RS106140_C19A7816-scr-400x267.jpg 400w, https:\/\/semmelweis.hu\/english\/files\/2022\/09\/RS106140_C19A7816-scr-900x600.jpg 900w, https:\/\/semmelweis.hu\/english\/files\/2022\/09\/RS106140_C19A7816-scr-753x502.jpg 753w, https:\/\/semmelweis.hu\/english\/files\/2022\/09\/RS106140_C19A7816-scr-203x135.jpg 203w, https:\/\/semmelweis.hu\/english\/files\/2022\/09\/RS106140_C19A7816-scr.jpg 1200w\" >\r\n        <\/a><\/div><\/span><span class=\"gallery-item\"><div class=\"hidden\"><a href=\"https:\/\/semmelweis.hu\/english\/files\/2022\/09\/RS145525_C19A0978-scr.jpg\">\r\n        <img src=https:\/\/semmelweis.hu\/english\/files\/2022\/09\/RS145525_C19A0978-scr.jpg alt=\"\" class=\"attachment-sote-gallery-big size-sote-gallery-big\" srcset=\"https:\/\/semmelweis.hu\/english\/files\/2022\/09\/RS145525_C19A0978-scr-400x260.jpg 400w, https:\/\/semmelweis.hu\/english\/files\/2022\/09\/RS145525_C19A0978-scr-900x584.jpg 900w, https:\/\/semmelweis.hu\/english\/files\/2022\/09\/RS145525_C19A0978-scr-753x489.jpg 753w, https:\/\/semmelweis.hu\/english\/files\/2022\/09\/RS145525_C19A0978-scr.jpg 1200w\" >\r\n        <\/a><\/div><\/span><span class=\"gallery-item\"><div class=\"hidden\"><a href=\"https:\/\/semmelweis.hu\/english\/files\/2022\/09\/RS38152_KA-20151109-IMG_2436-scr.jpg\">\r\n        <img src=https:\/\/semmelweis.hu\/english\/files\/2022\/09\/RS38152_KA-20151109-IMG_2436-scr.jpg alt=\"\" class=\"attachment-sote-gallery-big size-sote-gallery-big\" srcset=\"https:\/\/semmelweis.hu\/english\/files\/2022\/09\/RS38152_KA-20151109-IMG_2436-scr-400x267.jpg 400w, https:\/\/semmelweis.hu\/english\/files\/2022\/09\/RS38152_KA-20151109-IMG_2436-scr-900x600.jpg 900w, https:\/\/semmelweis.hu\/english\/files\/2022\/09\/RS38152_KA-20151109-IMG_2436-scr-753x502.jpg 753w, https:\/\/semmelweis.hu\/english\/files\/2022\/09\/RS38152_KA-20151109-IMG_2436-scr-203x135.jpg 203w, https:\/\/semmelweis.hu\/english\/files\/2022\/09\/RS38152_KA-20151109-IMG_2436-scr.jpg 950w\" >\r\n        <\/a><\/div><\/span><span class=\"gallery-item\"><div class=\"hidden\"><a href=\"https:\/\/semmelweis.hu\/english\/files\/2022\/09\/RS26372_KA-20141210-IMG_1151-emk-scr.jpg\">\r\n        <img src=https:\/\/semmelweis.hu\/english\/files\/2022\/09\/RS26372_KA-20141210-IMG_1151-emk-scr.jpg alt=\"\" class=\"attachment-sote-gallery-big size-sote-gallery-big\" srcset=\"https:\/\/semmelweis.hu\/english\/files\/2022\/09\/RS26372_KA-20141210-IMG_1151-emk-scr-400x267.jpg 400w, https:\/\/semmelweis.hu\/english\/files\/2022\/09\/RS26372_KA-20141210-IMG_1151-emk-scr-900x600.jpg 900w, https:\/\/semmelweis.hu\/english\/files\/2022\/09\/RS26372_KA-20141210-IMG_1151-emk-scr-753x502.jpg 753w, https:\/\/semmelweis.hu\/english\/files\/2022\/09\/RS26372_KA-20141210-IMG_1151-emk-scr-203x135.jpg 203w, https:\/\/semmelweis.hu\/english\/files\/2022\/09\/RS26372_KA-20141210-IMG_1151-emk-scr.jpg 950w\" >\r\n        <\/a><\/div><\/span>\r\n            <\/div>\r\n\r\n            [\/slb_exclude]\r\n\t\n<h1><a id=\"ekk-departments\"><\/a>Departments<\/h1>\n<div id=\"subunits-container\" class=\"container py-2 mt-0 mb-2\">\r\n            <div class=\"row card mx-0 mt-2 mb-2 flex-row\"><div class=\"col-md-6 col-12 px-normal mb-3 pr-md-2\">\r\n                        <div class=\"row mr-0\">\r\n                            <div class=\"col-md-1 col-2 card-icon col-header-normal pl-1 pr-0 pt-3\">\r\n                                <i class=\"fa fa-pencil\" aria-hidden=\"true\"><\/i>\r\n                            <\/div>\r\n                            <div class=\"col-md-11 col-10 card-body col-header-pale pl-2 pr-1 pt-3\">\r\n                                <h5><a href=\"https:\/\/semmelweis.hu\/ekk\/oktatas\/dekani-hivatal\/\">Dean\\'s Office \u2013 Faculty of Health and Public Administration<\/a><\/h5>\r\n                                <div class=\"card-text\">\r\n                                    <i class=\"fa fa-map-marker\" aria-hidden=\"true\"><\/i>1091 Budapest, \u00dcll\u0151i \u00fat 25.<span class=\"alignright d-inline-block mt-0\">\r\n                                        <a href=\"https:\/\/semmelweis.hu\/ekk\/oktatas\/dekani-hivatal\/\"><i class=\"fa fa-long-arrow-right\" aria-hidden=\"true\"><\/i><\/a>\r\n                                    <\/span>\r\n                                <\/div>\r\n                            <\/div>\r\n                        <\/div>\r\n                    <\/div><div class=\"col-md-6 col-12 px-normal mb-3 pr-md-2\">\r\n                        <div class=\"row mr-0\">\r\n                            <div class=\"col-md-1 col-2 card-icon col-header-normal pl-1 pr-0 pt-3\">\r\n                                <i class=\"fa fa-pencil\" aria-hidden=\"true\"><\/i>\r\n                            <\/div>\r\n                            <div class=\"col-md-11 col-10 card-body col-header-pale pl-2 pr-1 pt-3\">\r\n                                <h5><a href=\"https:\/\/semmelweis.hu\/emk\/en\/\">Health Services Management Training Center<\/a><\/h5>\r\n                                <div class=\"card-text\">\r\n                                    <i class=\"fa fa-map-marker\" aria-hidden=\"true\"><\/i>1125 Budapest, K\u00fatv\u00f6lgyi \u00fat 2.<span class=\"alignright d-inline-block mt-0\">\r\n                                        <a href=\"https:\/\/semmelweis.hu\/emk\/en\/\"><i class=\"fa fa-long-arrow-right\" aria-hidden=\"true\"><\/i><\/a>\r\n                                    <\/span>\r\n                                <\/div>\r\n                            <\/div>\r\n                        <\/div>\r\n                    <\/div><div class=\"col-md-6 col-12 px-normal mb-3 pr-md-2\">\r\n                        <div class=\"row mr-0\">\r\n                            <div class=\"col-md-1 col-2 card-icon col-header-normal pl-1 pr-0 pt-3\">\r\n                                <i class=\"fa fa-pencil\" aria-hidden=\"true\"><\/i>\r\n                            <\/div>\r\n                            <div class=\"col-md-11 col-10 card-body col-header-pale pl-2 pr-1 pt-3\">\r\n                                <h5><a href=\"https:\/\/semmelweis.hu\/dei\/en\/\">Institute of Digital Health Sciences<\/a><\/h5>\r\n                                <div class=\"card-text\">\r\n                                    <i class=\"fa fa-map-marker\" aria-hidden=\"true\"><\/i>1089 Budapest, Nagyv\u00e1rad t\u00e9r 4. fszt. 18.<span class=\"alignright d-inline-block mt-0\">\r\n                                        <a href=\"https:\/\/semmelweis.hu\/dei\/en\/\"><i class=\"fa fa-long-arrow-right\" aria-hidden=\"true\"><\/i><\/a>\r\n                                    <\/span>\r\n                                <\/div>\r\n                            <\/div>\r\n                        <\/div>\r\n                    <\/div><div class=\"col-md-6 col-12 px-normal mb-3 pr-md-2\">\r\n                        <div class=\"row mr-0\">\r\n                            <div class=\"col-md-1 col-2 card-icon col-header-normal pl-1 pr-0 pt-3\">\r\n                                <i class=\"fa fa-pencil\" aria-hidden=\"true\"><\/i>\r\n                            <\/div>\r\n                            <div class=\"col-md-11 col-10 card-body col-header-pale pl-2 pr-1 pt-3\">\r\n                                <h5><a href=\"https:\/\/semmelweis.hu\/mental\/en\/\">Institute of Mental Health<\/a><\/h5>\r\n                                <div class=\"card-text\">\r\n                                    <i class=\"fa fa-map-marker\" aria-hidden=\"true\"><\/i>1089 Budapest, Nagyv\u00e1rad t\u00e9r 4.<span class=\"alignright d-inline-block mt-0\">\r\n                                        <a href=\"https:\/\/semmelweis.hu\/mental\/en\/\"><i class=\"fa fa-long-arrow-right\" aria-hidden=\"true\"><\/i><\/a>\r\n                                    <\/span>\r\n                                <\/div>\r\n                            <\/div>\r\n                        <\/div>\r\n                    <\/div><\/div>\r\n        <\/div>\n","protected":false},"excerpt":{"rendered":"<p>The Faculty of Health and Public Administration (EKK) is recognized as a leading institution in Europe. Its mission is to provide a home for organizational, community and personal development activities in the fields of quality education, research, social science innovation and counseling. Faculty of Health and Public Administration Founded: in 2010 Dean: Dr. Be\u00e1ta Pethesn\u00e9 &hellip;<\/p>\n","protected":false},"author":158,"featured_media":33767,"parent":58,"menu_order":2,"comment_status":"closed","ping_status":"closed","template":"template-fullwidth.php","meta":{"_acf_changed":false,"footnotes":""},"categories":[313],"tags":[],"class_list":["post-1208","page","type-page","status-publish","has-post-thumbnail","hentry","category-faculties"],"acf":[],"_links":{"self":[{"href":"https:\/\/semmelweis.hu\/english\/wp-json\/wp\/v2\/pages\/1208","targetHints":{"allow":["GET"]}}],"collection":[{"href":"https:\/\/semmelweis.hu\/english\/wp-json\/wp\/v2\/pages"}],"about":[{"href":"https:\/\/semmelweis.hu\/english\/wp-json\/wp\/v2\/types\/page"}],"author":[{"embeddable":true,"href":"https:\/\/semmelweis.hu\/english\/wp-json\/wp\/v2\/users\/158"}],"replies":[{"embeddable":true,"href":"https:\/\/semmelweis.hu\/english\/wp-json\/wp\/v2\/comments?post=1208"}],"version-history":[{"count":12,"href":"https:\/\/semmelweis.hu\/english\/wp-json\/wp\/v2\/pages\/1208\/revisions"}],"predecessor-version":[{"id":45960,"href":"https:\/\/semmelweis.hu\/english\/wp-json\/wp\/v2\/pages\/1208\/revisions\/45960"}],"up":[{"embeddable":true,"href":"https:\/\/semmelweis.hu\/english\/wp-json\/wp\/v2\/pages\/58"}],"wp:featuredmedia":[{"embeddable":true,"href":"https:\/\/semmelweis.hu\/english\/wp-json\/wp\/v2\/media\/33767"}],"wp:attachment":[{"href":"https:\/\/semmelweis.hu\/english\/wp-json\/wp\/v2\/media?parent=1208"}],"wp:term":[{"taxonomy":"category","embeddable":true,"href":"https:\/\/semmelweis.hu\/english\/wp-json\/wp\/v2\/categories?post=1208"},{"taxonomy":"post_tag","embeddable":true,"href":"https:\/\/semmelweis.hu\/english\/wp-json\/wp\/v2\/tags?post=1208"}],"curies":[{"name":"wp","href":"https:\/\/api.w.org\/{rel}","templated":true}]}}