{"id":11141,"date":"2017-07-31T23:09:53","date_gmt":"2017-07-31T21:09:53","guid":{"rendered":"http:\/\/semmelweis.hu\/english\/?page_id=11141"},"modified":"2025-07-17T14:09:55","modified_gmt":"2025-07-17T12:09:55","slug":"dean-of-the-andras-peto-faculty","status":"publish","type":"page","link":"https:\/\/semmelweis.hu\/english\/about-semmelweis-university\/leaders-of-the-university\/dean-of-the-andras-peto-faculty\/","title":{"rendered":"Dean of Andr\u00e1s Pet\u0151 Faculty"},"content":{"rendered":"<h4 class=\"western\" align=\"justify\"><strong><a href=\"https:\/\/semmelweis.hu\/wp-content\/uploads\/2019\/07\/RS85536_IMG_0274-scr-284x400.jpg\"><img loading=\"lazy\" decoding=\"async\" class=\"alignright\" src=\"https:\/\/semmelweis.hu\/wp-content\/uploads\/2019\/07\/RS85536_IMG_0274-scr-284x400.jpg\" alt=\"\" width=\"215\" height=\"303\" \/><\/a>Dr. Andrea Zsebe Mikl\u00f3sn\u00e9 Tenk<\/strong><br \/>\n<span lang=\"en-GB\">Andr\u00e1s Pet\u0151 Faculty, Dean<\/span><span style=\"font-size: 14pt\"><b><span lang=\"en-GB\"><br \/>\n<\/span><\/b><\/span><\/h4>\n<h5>Born<\/h5>\n<p>July 15, 1973, Budapest<\/p>\n<h5><span lang=\"en-GB\">Studies<\/span><\/h5>\n<ul style=\"list-style-type: square\">\n<li>1995: conductor \u2013 primary school teacher<\/li>\n<li><span lang=\"en-GB\">1998: lecturer in special pedagogy<\/span><\/li>\n<li>2005: PhD in educational sciences<\/li>\n<\/ul>\n<h5>Employment<\/h5>\n<ul style=\"list-style-type: square\">\n<li>1995 \u2013 1998: Conductor, Pet\u0151 Andr\u00e1s Institute of Conductive Education and Conductor Training College (PAI CECT), Kindergarten Section)<\/li>\n<li>1998 \u2013 2005: College Assistant Lecturer (PAI CECT, Department for Educational and Social Sciences)<\/li>\n<li><span style=\"font-size: 14pt\"><span lang=\"en-GB\">2005 \u2013 2007: College Senior Lecturer (PAI CECT, Department for Educational and Social Sciences)<\/span><\/span><\/li>\n<li><span lang=\"en-GB\">2007 \u2013 2012: College Associate Professor (PAI CECT, Institute of Human Sciences)<\/span><\/li>\n<li>2012 \u2013 present: College Professor (<span lang=\"en-GB\">PAI CECT, Andr\u00e1s Pet\u0151 College [API] as legal successor, Institute of Human Sciences<\/span>)<\/li>\n<\/ul>\n<h5><span lang=\"en-GB\">Managerial positions:<\/span><\/h5>\n<ul style=\"list-style-type: square\">\n<li><span lang=\"en-GB\">2007 \u2013 2008: Head of Department (PAI CECT, Department for Educational and Social Sciences)<\/span><\/li>\n<li><span lang=\"en-GB\">2007 \u2013 2013: President of the Scientific Students\u2019 Association of the PAI CECT<\/span><\/li>\n<li><span lang=\"en-GB\">2007 \u2013<\/span> <span lang=\"en-GB\">2009: Lecturer in charge of the kindergarten teacher training program (PAI CECT)<\/span><\/li>\n<li><span lang=\"en-GB\">2007 \u2013 2015: Lecturer in charge of the specialisation in pre-school education (PAI CECT, API as legal successor)<\/span><\/li>\n<li><span lang=\"en-GB\">2008 \u2013 2014: Head of Department (PAI CECT Institute of Human Sciences, Department of Pedagogy and Psychology)<\/span><\/li>\n<li><span lang=\"en-GB\">2008 \u2013 2009: Appointed Director of Institute (PAI CECT Institute of Human Sciences)<\/span><\/li>\n<li><span lang=\"en-GB\">2009 \u2013 2013: Director of Institute (PAI CECT Institute of Human Sciences)<\/span><\/li>\n<li><span lang=\"en-GB\">2012 \u2013 2013: Director of Institute in charge of education (PAI CECT)<\/span><\/li>\n<li><span lang=\"en-GB\">2013 \u2013 2015: Vice Rector for education (PAI CECT \/ API)<\/span><\/li>\n<li><span lang=\"en-GB\">2014 \u2013 2015: Acting Head of Department (API, Institute of Human Sciences, Department of Pedagogy and Psychology)<\/span><\/li>\n<li><span lang=\"en-GB\">2015 \u2013 2017: Rector (API)<\/span><\/li>\n<li><span lang=\"en-GB\">2017 &#8211; 2018: Acting Dean (Semmelweis University, Andr\u00e1s Pet\u0151 Faculty)<\/span><\/li>\n<li>2018 &#8211; present: <span lang=\"en-GB\" style=\"font-size: 1rem;text-align: left\">Dean (Semmelweis University, Andr\u00e1s Pet\u0151 Faculty)<\/span><\/li>\n<\/ul>\n<h5 align=\"justify\"><span lang=\"en-GB\">Language skills <\/span><\/h5>\n<ul style=\"list-style-type: square\">\n<li><span lang=\"en-GB\">English (intermediate language exam)<\/span><\/li>\n<li><span lang=\"en-GB\">German (special language examination)<\/span><\/li>\n<li><span lang=\"en-GB\">French (basic language examination)<\/span><\/li>\n<\/ul>\n<h5 align=\"justify\"><span lang=\"en-GB\">Educational activities<\/span><\/h5>\n<ul style=\"list-style-type: square\">\n<li>Budapest Hungarian conductor BA<\/li>\n<li>Outsourced Hungarian conductor BA and Budapest English conductor BA<\/li>\n<li>Budapest Hungarian professional exam training, international conductive course teaching<\/li>\n<li>Domestic and international practical training, professional further training<\/li>\n<li>Students&#8217; Scientific Conference (TDK) and thesis topic management<\/li>\n<li>Research workshop management<\/li>\n<li>PhD thesis opposition tasks<\/li>\n<\/ul>\n<h5><span lang=\"en-GB\">Membership in professional organizations<\/span><\/h5>\n<ul style=\"list-style-type: square\">\n<li><span lang=\"en-GB\">Hungarian Conductors\u2019 Association, member<\/span><\/li>\n<li><span lang=\"en-GB\">Hungarian Association of Conductors, member<\/span><\/li>\n<li><span lang=\"en-GB\">European Conductor Association (ECA), member of the Executive Board<\/span><\/li>\n<\/ul>\n<p><strong><a href=\"https:\/\/m2.mtmt.hu\/gui2\/?type=authors&amp;mode=browse&amp;sel=10059634\">List of Dr. Andrea Zsebe&#8217;s publications in the Hungarian Database of Scientific Works<\/a><\/strong><\/p>\n","protected":false},"excerpt":{"rendered":"<p><a href=\"https:\/\/semmelweis.hu\/wp-content\/uploads\/2019\/07\/RS85536_IMG_0274-scr-284x400.jpg\"><\/a> Dr. Andrea Zsebe Mikl\u00f3sn\u00e9 Tenk Andr\u00e1s Pet\u0151 Faculty, Dean Born July 15, 1973, Budapest Studies 1995: conductor \u2013 primary school teacher 1998: lecturer in special pedagogy 2005: PhD in educational sciences Employment 1995 \u2013 1998: Conductor, Pet\u0151 Andr\u00e1s Institute of Conductive Education and Conductor Training College (PAI CECT), Kindergarten Section) 1998 \u2013 2005: College Assistant &hellip;<\/p>\n","protected":false},"author":362,"featured_media":0,"parent":72,"menu_order":14,"comment_status":"closed","ping_status":"closed","template":"","meta":{"_acf_changed":false,"footnotes":""},"categories":[],"tags":[],"class_list":["post-11141","page","type-page","status-publish","hentry"],"acf":[],"_links":{"self":[{"href":"https:\/\/semmelweis.hu\/english\/wp-json\/wp\/v2\/pages\/11141","targetHints":{"allow":["GET"]}}],"collection":[{"href":"https:\/\/semmelweis.hu\/english\/wp-json\/wp\/v2\/pages"}],"about":[{"href":"https:\/\/semmelweis.hu\/english\/wp-json\/wp\/v2\/types\/page"}],"author":[{"embeddable":true,"href":"https:\/\/semmelweis.hu\/english\/wp-json\/wp\/v2\/users\/362"}],"replies":[{"embeddable":true,"href":"https:\/\/semmelweis.hu\/english\/wp-json\/wp\/v2\/comments?post=11141"}],"version-history":[{"count":11,"href":"https:\/\/semmelweis.hu\/english\/wp-json\/wp\/v2\/pages\/11141\/revisions"}],"predecessor-version":[{"id":45358,"href":"https:\/\/semmelweis.hu\/english\/wp-json\/wp\/v2\/pages\/11141\/revisions\/45358"}],"up":[{"embeddable":true,"href":"https:\/\/semmelweis.hu\/english\/wp-json\/wp\/v2\/pages\/72"}],"wp:attachment":[{"href":"https:\/\/semmelweis.hu\/english\/wp-json\/wp\/v2\/media?parent=11141"}],"wp:term":[{"taxonomy":"category","embeddable":true,"href":"https:\/\/semmelweis.hu\/english\/wp-json\/wp\/v2\/categories?post=11141"},{"taxonomy":"post_tag","embeddable":true,"href":"https:\/\/semmelweis.hu\/english\/wp-json\/wp\/v2\/tags?post=11141"}],"curies":[{"name":"wp","href":"https:\/\/api.w.org\/{rel}","templated":true}]}}