{"id":721,"date":"2018-09-28T12:20:26","date_gmt":"2018-09-28T10:20:26","guid":{"rendered":"http:\/\/semmelweis.hu\/energiairanyitas\/?page_id=721"},"modified":"2025-05-15T10:11:46","modified_gmt":"2025-05-15T08:11:46","slug":"energiahatekonysag","status":"publish","type":"page","link":"https:\/\/semmelweis.hu\/energiairanyitas\/energiahatekonysag\/","title":{"rendered":"Energiahat\u00e9konys\u00e1g"},"content":{"rendered":"<div class=\"keretes w-100\">\n<h4 class=\"entry-title text-uppercase\" style=\"text-align: justify\"><span style=\"font-size: 12pt\"><a href=\"https:\/\/semmelweis.hu\/jogigfoig\/2023\/08\/01\/rke-10-2023-vii-31-szamu-rektori-kancellari-klinikai-kozpont-elnoki-utasitas-a-semmelweis-egyetem-valamint-a-fenntartasaban-levo-klinikai-kozpont-koznevelesi-es-szakkepzesi-intezmenyek-le\/\" target=\"_blank\" rel=\"noopener\">RKE\/10\/2023. (VII.31.) SZ\u00c1M\u00da REKTORI-KANCELL\u00c1RI-KLINIKAI K\u00d6ZPONT ELN\u00d6KI UTAS\u00cdT\u00c1S\u00a0 A SEMMELWEIS EGYETEM, VALAMINT A FENNTART\u00c1S\u00c1BAN L\u00c9V\u0150 KLINIKAI K\u00d6ZPONT, K\u00d6ZNEVEL\u00c9SI \u00c9S SZAKK\u00c9PZ\u00c9SI INT\u00c9ZM\u00c9NYEK L\u00c9TES\u00cdTM\u00c9NYEIBEN A <strong>VILLAMOSENERGIA TAKAR\u00c9KOSS\u00c1GI INT\u00c9ZKED\u00c9SEKRE<\/strong> VONATKOZ\u00d3 SZAB\u00c1LYOKR\u00d3L<\/a><\/span><\/h4>\n<\/div>\n<p>&nbsp;<\/p>\n<p style=\"text-align: center\"><div class=\"responsive-tabs\">\n<h2 class=\"tabtitle\">Vide\u00f3k<\/h2>\n<div class=\"tabcontent\">\n<\/p>\n<p style=\"text-align: center\"><iframe loading=\"lazy\" src=\"https:\/\/www.youtube.com\/embed\/A6OfHlEPHHY\" width=\"560\" height=\"315\"><\/iframe> <iframe loading=\"lazy\" src=\"https:\/\/www.youtube.com\/embed\/PRjsamaoh6k\" width=\"560\" height=\"315\"><\/iframe> <video src=\"https:\/\/semmelweis.hu\/energiairanyitas\/files\/2023\/06\/0424-sote-III-17-.mp4\" controls=\"controls\" width=\"640\" height=\"480\"> <\/video> <video src=\"https:\/\/semmelweis.hu\/energiairanyitas\/files\/2023\/06\/0424-sote-IV-04-.mp4\" controls=\"controls\" width=\"640\" height=\"480\"> <\/video><\/p>\n<p>&nbsp;<\/p>\n<p style=\"text-align: center\">\n<\/div><h2 class=\"tabtitle\">Plak\u00e1tok<\/h2>\n<div class=\"tabcontent\">\n<\/p>\n<p>Az al\u00e1bbi plak\u00e1tok az er\u0151forr\u00e1s hat\u00e9kony \u00e9s takar\u00e9kos haszn\u00e1lat\u00e1ra h\u00edvj\u00e1k fel a figyelmet.<\/p>\n<p style=\"text-align: center\">A plak\u00e1tok egyben, t\u00f6m\u00f6r\u00edtett mapp\u00e1ban <a href=\"https:\/\/semmelweis.hu\/energiairanyitas\/files\/2019\/05\/EIR-plak\u00e1tok.zip\">itt t\u00f6lthet\u0151ek le.<\/a><\/p>\n\r\n        [slb_exclude]\r\n        <div class=\"row galeria-wrapper mx-0 h-auto\">\r\n            <div class=\"col-9 pl-0 pr-2\">\r\n            <span class=\"gallery-item frame\">\r\n\t\t\t\t<div class=\"galeria-left-img\"><a href=\"https:\/\/semmelweis.hu\/energiairanyitas\/files\/2018\/09\/MEKH_e-kampany_plakat_feketefeher_A4-m\u00e1solata.jpg\"><img src=https:\/\/semmelweis.hu\/energiairanyitas\/files\/2018\/09\/MEKH_e-kampany_plakat_feketefeher_A4-m\u00e1solata.jpg  \r\n                            alt=\"V\u00e1lts a holnap\u00e9rt! Nyomtass feket\u00e9ben!\" \r\n                            class=\"attachment-sote-gallery-big size-sote-gallery-big\" \r\n                            srcset=\"https:\/\/semmelweis.hu\/energiairanyitas\/files\/2018\/09\/MEKH_e-kampany_plakat_feketefeher_A4-m\u00e1solata-209x300.jpg 209w, https:\/\/semmelweis.hu\/energiairanyitas\/files\/2018\/09\/MEKH_e-kampany_plakat_feketefeher_A4-m\u00e1solata-768x1105.jpg 768w, https:\/\/semmelweis.hu\/energiairanyitas\/files\/2018\/09\/MEKH_e-kampany_plakat_feketefeher_A4-m\u00e1solata-712x1024.jpg 712w\" ><\/a><\/div>\r\n            <\/span>\r\n\r\n            <\/div>\r\n\r\n\t\t\t<div class=\"col-3 pl-0 pr-0\">\r\n\t\t\t\t<div class=\"galeria-right-img d-flex justify-content-between flex-column h-100 w-100 px-0 mx-0 \">\r\n                <div class=\"galeria-box\">\r\n\t\t\t\t\t<h3 class=\"galeria-title\">Gal\u00e9ria<\/h3>\r\n\t\t\t\t\t<div class=\"galeria-subtitle\">\r\n\r\n\t\t\t\t\t\t<div class=\"galeria-page-counter\"><span>9<\/span>k\u00e9p<\/div>\r\n                    <\/div> <\/div>\r\n                    <span class=\"gallery-item frame d-none d-md-flex\">\r\n\t\t\t\t\t<div class=\"galeria-small-img mt-0\"><a href=\"https:\/\/semmelweis.hu\/energiairanyitas\/files\/2018\/09\/MEKH_e-kampany_plakat_hulladekl_A4.jpg\"><img src=https:\/\/semmelweis.hu\/energiairanyitas\/files\/2018\/09\/MEKH_e-kampany_plakat_hulladekl_A4.jpg \r\n                                alt=\"Szelekt\u00e1lj a holnap\u00e9rt! Gy\u0171jtsd k\u00fcl\u00f6n a hullad\u00e9kfajt\u00e1kat!\"  \r\n                                class=\"attachment-sote-gallery-small size-sote-gallery-small\" \r\n                                srcset=\"https:\/\/semmelweis.hu\/energiairanyitas\/files\/2018\/09\/MEKH_e-kampany_plakat_hulladekl_A4-212x300.jpg 212w, https:\/\/semmelweis.hu\/energiairanyitas\/files\/2018\/09\/MEKH_e-kampany_plakat_hulladekl_A4-768x1087.jpg 768w, https:\/\/semmelweis.hu\/energiairanyitas\/files\/2018\/09\/MEKH_e-kampany_plakat_hulladekl_A4-724x1024.jpg 724w\" ><\/a><\/div>\r\n                    <\/span>\r\n                    <span class=\"gallery-item frame d-none d-md-flex\">\r\n\t\t\t\t\t<div class=\"galeria-small-img mt-0\"><a href=\"https:\/\/semmelweis.hu\/energiairanyitas\/files\/2018\/09\/MEKH_e-kampany_plakat_konyha_A4-m\u00e1solata.jpg\"><img src=https:\/\/semmelweis.hu\/energiairanyitas\/files\/2018\/09\/MEKH_e-kampany_plakat_konyha_A4-m\u00e1solata.jpg \r\n                                alt=\"F\u0151zz a holnap\u00e9rt! L\u00e9gy takar\u00e9kos a konyh\u00e1ban!\" \r\n                                class=\"attachment-sote-gallery-small size-sote-gallery-small\" \r\n                                srcset=\"https:\/\/semmelweis.hu\/energiairanyitas\/files\/2018\/09\/MEKH_e-kampany_plakat_konyha_A4-m\u00e1solata-212x300.jpg 212w, https:\/\/semmelweis.hu\/energiairanyitas\/files\/2018\/09\/MEKH_e-kampany_plakat_konyha_A4-m\u00e1solata-768x1085.jpg 768w, https:\/\/semmelweis.hu\/energiairanyitas\/files\/2018\/09\/MEKH_e-kampany_plakat_konyha_A4-m\u00e1solata-725x1024.jpg 725w\" ><\/a><\/div>\r\n                    <\/span>\r\n\r\n                <\/div>\r\n\r\n            <\/div>\r\n\r\n            <span class=\"gallery-item\"><div class=\"hidden\"><a href=\"https:\/\/semmelweis.hu\/energiairanyitas\/files\/2018\/09\/MEKH_e-kampany_plakat_lepcso_A4-m\u00e1solata.jpg\">\r\n        <img src=https:\/\/semmelweis.hu\/energiairanyitas\/files\/2018\/09\/MEKH_e-kampany_plakat_lepcso_A4-m\u00e1solata.jpg alt=\"L\u00e9pj a holnap\u00e9rt!Haszn\u00e1lj l\u00e9pcs\u0151t a lift helyett!\" class=\"attachment-sote-gallery-big size-sote-gallery-big\" srcset=\"https:\/\/semmelweis.hu\/energiairanyitas\/files\/2018\/09\/MEKH_e-kampany_plakat_lepcso_A4-m\u00e1solata-212x300.jpg 212w, https:\/\/semmelweis.hu\/energiairanyitas\/files\/2018\/09\/MEKH_e-kampany_plakat_lepcso_A4-m\u00e1solata-768x1086.jpg 768w, https:\/\/semmelweis.hu\/energiairanyitas\/files\/2018\/09\/MEKH_e-kampany_plakat_lepcso_A4-m\u00e1solata-724x1024.jpg 724w\" >\r\n        <\/a><\/div><\/span><span class=\"gallery-item\"><div class=\"hidden\"><a href=\"https:\/\/semmelweis.hu\/energiairanyitas\/files\/2018\/09\/MEKH_e-kampany_plakat_mobil_A4-m\u00e1solata.jpg\">\r\n        <img src=https:\/\/semmelweis.hu\/energiairanyitas\/files\/2018\/09\/MEKH_e-kampany_plakat_mobil_A4-m\u00e1solata.jpg alt=\"T\u00f6lt\u0151dj a holnap\u00e9rt! H\u00fazd ki a mobilt\u00f6lt\u0151d!\" class=\"attachment-sote-gallery-big size-sote-gallery-big\" srcset=\"https:\/\/semmelweis.hu\/energiairanyitas\/files\/2018\/09\/MEKH_e-kampany_plakat_mobil_A4-m\u00e1solata-212x300.jpg 212w, https:\/\/semmelweis.hu\/energiairanyitas\/files\/2018\/09\/MEKH_e-kampany_plakat_mobil_A4-m\u00e1solata-768x1088.jpg 768w, https:\/\/semmelweis.hu\/energiairanyitas\/files\/2018\/09\/MEKH_e-kampany_plakat_mobil_A4-m\u00e1solata-723x1024.jpg 723w\" >\r\n        <\/a><\/div><\/span><span class=\"gallery-item\"><div class=\"hidden\"><a href=\"https:\/\/semmelweis.hu\/energiairanyitas\/files\/2018\/09\/MEKH_e-kampany_plakat_papirfogyasztas_A4-m\u00e1solata.jpg\">\r\n        <img src=https:\/\/semmelweis.hu\/energiairanyitas\/files\/2018\/09\/MEKH_e-kampany_plakat_papirfogyasztas_A4-m\u00e1solata.jpg alt=\"Spor\u00f3lj a holnap\u00e9rt! Cs\u00f6kkentsd a pap\u00edrfogyaszt\u00e1sod!\" class=\"attachment-sote-gallery-big size-sote-gallery-big\" srcset=\"https:\/\/semmelweis.hu\/energiairanyitas\/files\/2018\/09\/MEKH_e-kampany_plakat_papirfogyasztas_A4-m\u00e1solata-212x300.jpg 212w, https:\/\/semmelweis.hu\/energiairanyitas\/files\/2018\/09\/MEKH_e-kampany_plakat_papirfogyasztas_A4-m\u00e1solata-768x1087.jpg 768w, https:\/\/semmelweis.hu\/energiairanyitas\/files\/2018\/09\/MEKH_e-kampany_plakat_papirfogyasztas_A4-m\u00e1solata-724x1024.jpg 724w\" >\r\n        <\/a><\/div><\/span><span class=\"gallery-item\"><div class=\"hidden\"><a href=\"https:\/\/semmelweis.hu\/energiairanyitas\/files\/2018\/09\/MEKH_e-kampany_plakat_szellozes_A4-m\u00e1solata.jpg\">\r\n        <img src=https:\/\/semmelweis.hu\/energiairanyitas\/files\/2018\/09\/MEKH_e-kampany_plakat_szellozes_A4-m\u00e1solata.jpg alt=\"Friss\u00edts a holnap\u00e9rt! Szell\u0151ztess okosan!\" class=\"attachment-sote-gallery-big size-sote-gallery-big\" srcset=\"https:\/\/semmelweis.hu\/energiairanyitas\/files\/2018\/09\/MEKH_e-kampany_plakat_szellozes_A4-m\u00e1solata-212x300.jpg 212w, https:\/\/semmelweis.hu\/energiairanyitas\/files\/2018\/09\/MEKH_e-kampany_plakat_szellozes_A4-m\u00e1solata-768x1087.jpg 768w, https:\/\/semmelweis.hu\/energiairanyitas\/files\/2018\/09\/MEKH_e-kampany_plakat_szellozes_A4-m\u00e1solata-723x1024.jpg 723w\" >\r\n        <\/a><\/div><\/span><span class=\"gallery-item\"><div class=\"hidden\"><a href=\"https:\/\/semmelweis.hu\/energiairanyitas\/files\/2018\/09\/MEKH_e-kampany_plakat_szobaho_A4-m\u00e1solata.jpg\">\r\n        <img src=https:\/\/semmelweis.hu\/energiairanyitas\/files\/2018\/09\/MEKH_e-kampany_plakat_szobaho_A4-m\u00e1solata.jpg alt=\"F\u0171ts a holnap\u00e9rt! Optimaliz\u00e1ld a szobah\u0151m\u00e9rs\u00e9kletet!\" class=\"attachment-sote-gallery-big size-sote-gallery-big\" srcset=\"https:\/\/semmelweis.hu\/energiairanyitas\/files\/2018\/09\/MEKH_e-kampany_plakat_szobaho_A4-m\u00e1solata-212x300.jpg 212w, https:\/\/semmelweis.hu\/energiairanyitas\/files\/2018\/09\/MEKH_e-kampany_plakat_szobaho_A4-m\u00e1solata-768x1086.jpg 768w, https:\/\/semmelweis.hu\/energiairanyitas\/files\/2018\/09\/MEKH_e-kampany_plakat_szobaho_A4-m\u00e1solata-724x1024.jpg 724w\" >\r\n        <\/a><\/div><\/span><span class=\"gallery-item\"><div class=\"hidden\"><a href=\"https:\/\/semmelweis.hu\/energiairanyitas\/files\/2018\/09\/MEKH_e-kampany_plakat_vilagitas_A4-m\u00e1solata.jpg\">\r\n        <img src=https:\/\/semmelweis.hu\/energiairanyitas\/files\/2018\/09\/MEKH_e-kampany_plakat_vilagitas_A4-m\u00e1solata.jpg alt=\"Kapcsolj a holnap\u00e9rt! Sp\u00f3rolj a vil\u00e1g\u00edt\u00e1ssal!\" class=\"attachment-sote-gallery-big size-sote-gallery-big\" srcset=\"https:\/\/semmelweis.hu\/energiairanyitas\/files\/2018\/09\/MEKH_e-kampany_plakat_vilagitas_A4-m\u00e1solata-212x300.jpg 212w, https:\/\/semmelweis.hu\/energiairanyitas\/files\/2018\/09\/MEKH_e-kampany_plakat_vilagitas_A4-m\u00e1solata-768x1086.jpg 768w, https:\/\/semmelweis.hu\/energiairanyitas\/files\/2018\/09\/MEKH_e-kampany_plakat_vilagitas_A4-m\u00e1solata-724x1024.jpg 724w\" >\r\n        <\/a><\/div><\/span>\r\n            <\/div>\r\n\r\n            [\/slb_exclude]\r\n\t\n<p style=\"text-align: center\">\n<\/div><h2 class=\"tabtitle\">Grafikonok<\/h2>\n<div class=\"tabcontent\">\n<\/p>\n\r\n        [slb_exclude]\r\n        <div class=\"row galeria-wrapper mx-0 h-auto\">\r\n            <div class=\"col-9 pl-0 pr-2\">\r\n            <span class=\"gallery-item frame\">\r\n\t\t\t\t<div class=\"galeria-left-img\"><a href=\"https:\/\/semmelweis.hu\/energiairanyitas\/files\/2025\/05\/ETM.png\"><img src=https:\/\/semmelweis.hu\/energiairanyitas\/files\/2025\/05\/ETM.png  \r\n                            alt=\"EgTM\" \r\n                            class=\"attachment-sote-gallery-big size-sote-gallery-big\" \r\n                            srcset=\"https:\/\/semmelweis.hu\/energiairanyitas\/files\/2025\/05\/ETM-300x149.png 300w, https:\/\/semmelweis.hu\/energiairanyitas\/files\/2025\/05\/ETM-1024x509.png 1024w, https:\/\/semmelweis.hu\/energiairanyitas\/files\/2025\/05\/ETM-768x382.png 768w, https:\/\/semmelweis.hu\/energiairanyitas\/files\/2025\/05\/ETM-1536x764.png 1536w, https:\/\/semmelweis.hu\/energiairanyitas\/files\/2025\/05\/ETM-753x374.png 753w, https:\/\/semmelweis.hu\/energiairanyitas\/files\/2025\/05\/ETM.png 1854w\" ><\/a><\/div>\r\n            <\/span>\r\n\r\n            <\/div>\r\n\r\n\t\t\t<div class=\"col-3 pl-0 pr-0\">\r\n\t\t\t\t<div class=\"galeria-right-img d-flex justify-content-between flex-column h-100 w-100 px-0 mx-0 \">\r\n                <div class=\"galeria-box\">\r\n\t\t\t\t\t<h3 class=\"galeria-title\">Gal\u00e9ria<\/h3>\r\n\t\t\t\t\t<div class=\"galeria-subtitle\">\r\n\r\n\t\t\t\t\t\t<div class=\"galeria-page-counter\"><span>3<\/span>k\u00e9p<\/div>\r\n                    <\/div> <\/div>\r\n                    <span class=\"gallery-item frame d-none d-md-flex\">\r\n\t\t\t\t\t<div class=\"galeria-small-img mt-0\"><a href=\"https:\/\/semmelweis.hu\/energiairanyitas\/files\/2025\/05\/LED.jpg\"><img src=https:\/\/semmelweis.hu\/energiairanyitas\/files\/2025\/05\/LED.jpg \r\n                                alt=\"LED\"  \r\n                                class=\"attachment-sote-gallery-small size-sote-gallery-small\" \r\n                                srcset=\"https:\/\/semmelweis.hu\/energiairanyitas\/files\/2025\/05\/LED-300x149.jpg 300w, https:\/\/semmelweis.hu\/energiairanyitas\/files\/2025\/05\/LED-1024x509.jpg 1024w, https:\/\/semmelweis.hu\/energiairanyitas\/files\/2025\/05\/LED-768x382.jpg 768w, https:\/\/semmelweis.hu\/energiairanyitas\/files\/2025\/05\/LED-1536x763.jpg 1536w, https:\/\/semmelweis.hu\/energiairanyitas\/files\/2025\/05\/LED-753x374.jpg 753w, https:\/\/semmelweis.hu\/energiairanyitas\/files\/2025\/05\/LED.jpg 1600w\" ><\/a><\/div>\r\n                    <\/span>\r\n                    <span class=\"gallery-item frame d-none d-md-flex\">\r\n\t\t\t\t\t<div class=\"galeria-small-img mt-0\"><a href=\"https:\/\/semmelweis.hu\/energiairanyitas\/files\/2025\/05\/Napelem.jpg\"><img src=https:\/\/semmelweis.hu\/energiairanyitas\/files\/2025\/05\/Napelem.jpg \r\n                                alt=\"Napelem\" \r\n                                class=\"attachment-sote-gallery-small size-sote-gallery-small\" \r\n                                srcset=\"https:\/\/semmelweis.hu\/energiairanyitas\/files\/2025\/05\/Napelem-300x146.jpg 300w, https:\/\/semmelweis.hu\/energiairanyitas\/files\/2025\/05\/Napelem-1024x500.jpg 1024w, https:\/\/semmelweis.hu\/energiairanyitas\/files\/2025\/05\/Napelem-768x375.jpg 768w, https:\/\/semmelweis.hu\/energiairanyitas\/files\/2025\/05\/Napelem-1536x750.jpg 1536w, https:\/\/semmelweis.hu\/energiairanyitas\/files\/2025\/05\/Napelem-753x368.jpg 753w, https:\/\/semmelweis.hu\/energiairanyitas\/files\/2025\/05\/Napelem.jpg 1600w\" ><\/a><\/div>\r\n                    <\/span>\r\n\r\n                <\/div>\r\n\r\n            <\/div>\r\n\r\n            \r\n            <\/div>\r\n\r\n            [\/slb_exclude]\r\n\t\n<p>&nbsp;<\/p>\n<p style=\"text-align: center\"><\/div><\/div><\/p>\n","protected":false},"excerpt":{"rendered":"<p><a href=\"https:\/\/semmelweis.hu\/jogigfoig\/2023\/08\/01\/rke-10-2023-vii-31-szamu-rektori-kancellari-klinikai-kozpont-elnoki-utasitas-a-semmelweis-egyetem-valamint-a-fenntartasaban-levo-klinikai-kozpont-koznevelesi-es-szakkepzesi-intezmenyek-le\/\" target=\"_blank\" rel=\"noopener\">RKE\/10\/2023. (VII.31.) SZ\u00c1M\u00da REKTORI-KANCELL\u00c1RI-KLINIKAI K\u00d6ZPONT ELN\u00d6KI UTAS\u00cdT\u00c1S\u00a0 A SEMMELWEIS EGYETEM, VALAMINT A FENNTART\u00c1S\u00c1BAN L\u00c9V\u0150 KLINIKAI K\u00d6ZPONT, K\u00d6ZNEVEL\u00c9SI \u00c9S SZAKK\u00c9PZ\u00c9SI INT\u00c9ZM\u00c9NYEK L\u00c9TES\u00cdTM\u00c9NYEIBEN A VILLAMOSENERGIA TAKAR\u00c9KOSS\u00c1GI INT\u00c9ZKED\u00c9SEKRE VONATKOZ\u00d3 SZAB\u00c1LYOKR\u00d3L<\/a><\/p>\n<p>&nbsp;<\/p>\n<p>&nbsp;<\/p>\n<p>Az al\u00e1bbi plak\u00e1tok az er\u0151forr\u00e1s hat\u00e9kony \u00e9s takar\u00e9kos haszn\u00e1lat\u00e1ra h\u00edvj\u00e1k fel a figyelmet.<br \/>\nA plak\u00e1tok egyben, t\u00f6m\u00f6r\u00edtett mapp\u00e1ban <a href=\"https:\/\/semmelweis.hu\/energiairanyitas\/files\/2019\/05\/EIR-plak\u00e1tok.zip\">itt t\u00f6lthet\u0151ek le.<\/a><\/p>\n<p>&nbsp;<\/p>\n","protected":false},"author":286,"featured_media":0,"parent":0,"menu_order":3,"comment_status":"closed","ping_status":"closed","template":"","meta":{"_acf_changed":false,"footnotes":""},"categories":[],"tags":[],"class_list":["post-721","page","type-page","status-publish","hentry"],"acf":[],"_links":{"self":[{"href":"https:\/\/semmelweis.hu\/energiairanyitas\/wp-json\/wp\/v2\/pages\/721","targetHints":{"allow":["GET"]}}],"collection":[{"href":"https:\/\/semmelweis.hu\/energiairanyitas\/wp-json\/wp\/v2\/pages"}],"about":[{"href":"https:\/\/semmelweis.hu\/energiairanyitas\/wp-json\/wp\/v2\/types\/page"}],"author":[{"embeddable":true,"href":"https:\/\/semmelweis.hu\/energiairanyitas\/wp-json\/wp\/v2\/users\/286"}],"replies":[{"embeddable":true,"href":"https:\/\/semmelweis.hu\/energiairanyitas\/wp-json\/wp\/v2\/comments?post=721"}],"version-history":[{"count":11,"href":"https:\/\/semmelweis.hu\/energiairanyitas\/wp-json\/wp\/v2\/pages\/721\/revisions"}],"predecessor-version":[{"id":876,"href":"https:\/\/semmelweis.hu\/energiairanyitas\/wp-json\/wp\/v2\/pages\/721\/revisions\/876"}],"wp:attachment":[{"href":"https:\/\/semmelweis.hu\/energiairanyitas\/wp-json\/wp\/v2\/media?parent=721"}],"wp:term":[{"taxonomy":"category","embeddable":true,"href":"https:\/\/semmelweis.hu\/energiairanyitas\/wp-json\/wp\/v2\/categories?post=721"},{"taxonomy":"post_tag","embeddable":true,"href":"https:\/\/semmelweis.hu\/energiairanyitas\/wp-json\/wp\/v2\/tags?post=721"}],"curies":[{"name":"wp","href":"https:\/\/api.w.org\/{rel}","templated":true}]}}