{"id":6,"date":"2016-09-09T15:39:21","date_gmt":"2016-09-09T13:39:21","guid":{"rendered":"http:\/\/semmelweis.hu\/energiairanyitas\/?page_id=6"},"modified":"2023-06-16T10:51:26","modified_gmt":"2023-06-16T08:51:26","slug":"az-energiairanyitasi-rendszerrol","status":"publish","type":"page","link":"https:\/\/semmelweis.hu\/energiairanyitas\/az-energiairanyitasi-rendszerrol\/","title":{"rendered":"Az Energiair\u00e1ny\u00edt\u00e1si Rendszerr\u0151l"},"content":{"rendered":"<p style=\"text-align: justify\">Az Energiahat\u00e9konys\u00e1gr\u00f3l sz\u00f3l\u00f3 2012\/27 EU ir\u00e1nyelv 8. cikkelye alapj\u00e1n megfogalmaz\u00f3dott\u00a0a magyar v\u00e9grehajt\u00e1st szab\u00e1lyoz\u00f3 2015. \u00e9vi 57. t\u00f6rv\u00e9ny (Energiahat\u00e9konys\u00e1gi t\u00f6rv\u00e9ny).<\/p>\n<p style=\"text-align: justify\">A t\u00f6rv\u00e9ny c\u00e9lja, hogy a k\u00f6telezetts\u00e9gi k\u00f6r\u00e9ben l\u00e9v\u0151 int\u00e9zm\u00e9nyek \u2013 a Semmelweis Egyetem is e k\u00f6rbe tartozik \u2013 vagy rendelkezzenek az energia vesztes\u00e9gforr\u00e1sok felt\u00e1r\u00e1s\u00e1t c\u00e9lz\u00f3, 4 \u00e9venk\u00e9nt ism\u00e9tl\u0151d\u0151 energetikai \u00e1tvil\u00e1g\u00edt\u00e1ssal (energia audittal), vagy m\u0171k\u00f6dtessenek olyan energiair\u00e1ny\u00edt\u00e1si rendszert (ISO 50001), ami garant\u00e1lja, hogy folyamatosan \u00e9s \u00e9vente az \u00e9p\u00fclet\u00e1llom\u00e1ny 3%-a a k\u00f6vetelm\u00e9nyszintnek megfelel\u0151 energiahat\u00e9konys\u00e1g\u00fav\u00e1 v\u00e1ljon. A t\u00f6rv\u00e9ny \u00e1ltal a feladat teljes\u00edt\u00e9s\u00e9re megszabott hat\u00e1rid\u0151 2015. december, de a rendelkez\u00e9sre \u00e1ll\u00f3 id\u0151 r\u00f6vids\u00e9ge miatt 2016. december 31-ig szankci\u00f3kat a hivatal nem alkalmazhat.\u00a0\u00a0<\/p>\n<p style=\"text-align: justify\">Az egyetem vezet\u00e9se az Energiair\u00e1ny\u00edt\u00e1si rendszer bevezet\u00e9se mellett d\u00f6nt\u00f6tt.<\/p>\n<p style=\"text-align: justify\">A folyamat a megval\u00f3s\u00edt\u00e1s szempontj\u00e1b\u00f3l k\u00e9t \u00fctemre bonthat\u00f3.<\/p>\n<p style=\"text-align: justify\">Az <strong>els\u0151 \u00fctemben<\/strong> ki kell alak\u00edtani az egyetem energiair\u00e1ny\u00edt\u00e1si rendszer\u00e9t, amely meghat\u00e1rozza azokat a tennival\u00f3kat, szem\u00e9lyi \u00e9s t\u00e1rgyi felt\u00e9teleket, dokumentumokat, ellen\u0151rz\u00e9si szempontokat \u00e9s a szervezet felk\u00e9sz\u00edt\u00e9s\u00e9t, amelyekkel a rendszer m\u0171k\u00f6d\u00e9se biztos\u00edthat\u00f3 \u00e9s fenntarthat\u00f3.\u00a0<\/p>\n<p style=\"text-align: justify\"><strong>M\u00e1sodik \u00fctemben<\/strong> a rendszer tan\u00fas\u00edt\u00e1s\u00e1t sz\u00fcks\u00e9ges elv\u00e9geztetni az ISO 50001 szabv\u00e1ny szerint. Tekintettel arra, hogy az Egyetemen ISO 9001 min\u0151s\u00e9gtan\u00fas\u00edt\u00e1si rendszer m\u0171k\u00f6dik, \u00edgy lehet\u0151s\u00e9g ny\u00edlik integr\u00e1lt rendszer kialak\u00edt\u00e1s\u00e1ra, mivel az ISO 50001 rendszere szervesen illeszthet\u0151 az ISO 9001 rendszer\u00e9be.<\/p>\n<p style=\"text-align: justify\">A tev\u00e9kenys\u00e9g bevezet\u00e9s\u00e9re \u00e9s m\u0171k\u00f6dtet\u00e9s\u00e9re 2016.07.28.-\u00e1n <strong>Energiair\u00e1ny\u00edt\u00e1si Csoport<\/strong> alakult \u00a0a m\u0171szaki f\u0151igazgat\u00f3 \u00e1ltal felk\u00e9rt egyetemi munkat\u00e1rsakb\u00f3l.<\/p>\n","protected":false},"excerpt":{"rendered":"<p>Az Energiahat\u00e9konys\u00e1gr\u00f3l sz\u00f3l\u00f3 2012\/27 EU ir\u00e1nyelv 8. cikkelye alapj\u00e1n megfogalmaz\u00f3dott\u00a0a magyar v\u00e9grehajt\u00e1st szab\u00e1lyoz\u00f3 2015. \u00e9vi 57. t\u00f6rv\u00e9ny (Energiahat\u00e9konys\u00e1gi t\u00f6rv\u00e9ny). A t\u00f6rv\u00e9ny c\u00e9lja, hogy a k\u00f6telezetts\u00e9gi k\u00f6r\u00e9ben l\u00e9v\u0151 int\u00e9zm\u00e9nyek \u2013 a Semmelweis Egyetem is e k\u00f6rbe tartozik \u2013 vagy rendelkezzenek az energia vesztes\u00e9gforr\u00e1sok felt\u00e1r\u00e1s\u00e1t c\u00e9lz\u00f3, 4 \u00e9venk\u00e9nt ism\u00e9tl\u0151d\u0151 energetikai \u00e1tvil\u00e1g\u00edt\u00e1ssal (energia audittal), vagy m\u0171k\u00f6dtessenek olyan energiair\u00e1ny\u00edt\u00e1si &hellip;<\/p>\n","protected":false},"author":12,"featured_media":821,"parent":0,"menu_order":0,"comment_status":"closed","ping_status":"closed","template":"","meta":{"_acf_changed":false,"footnotes":""},"categories":[],"tags":[],"class_list":["post-6","page","type-page","status-publish","has-post-thumbnail","hentry"],"acf":[],"_links":{"self":[{"href":"https:\/\/semmelweis.hu\/energiairanyitas\/wp-json\/wp\/v2\/pages\/6","targetHints":{"allow":["GET"]}}],"collection":[{"href":"https:\/\/semmelweis.hu\/energiairanyitas\/wp-json\/wp\/v2\/pages"}],"about":[{"href":"https:\/\/semmelweis.hu\/energiairanyitas\/wp-json\/wp\/v2\/types\/page"}],"author":[{"embeddable":true,"href":"https:\/\/semmelweis.hu\/energiairanyitas\/wp-json\/wp\/v2\/users\/12"}],"replies":[{"embeddable":true,"href":"https:\/\/semmelweis.hu\/energiairanyitas\/wp-json\/wp\/v2\/comments?post=6"}],"version-history":[{"count":7,"href":"https:\/\/semmelweis.hu\/energiairanyitas\/wp-json\/wp\/v2\/pages\/6\/revisions"}],"predecessor-version":[{"id":828,"href":"https:\/\/semmelweis.hu\/energiairanyitas\/wp-json\/wp\/v2\/pages\/6\/revisions\/828"}],"wp:featuredmedia":[{"embeddable":true,"href":"https:\/\/semmelweis.hu\/energiairanyitas\/wp-json\/wp\/v2\/media\/821"}],"wp:attachment":[{"href":"https:\/\/semmelweis.hu\/energiairanyitas\/wp-json\/wp\/v2\/media?parent=6"}],"wp:term":[{"taxonomy":"category","embeddable":true,"href":"https:\/\/semmelweis.hu\/energiairanyitas\/wp-json\/wp\/v2\/categories?post=6"},{"taxonomy":"post_tag","embeddable":true,"href":"https:\/\/semmelweis.hu\/energiairanyitas\/wp-json\/wp\/v2\/tags?post=6"}],"curies":[{"name":"wp","href":"https:\/\/api.w.org\/{rel}","templated":true}]}}