{"id":428,"date":"2026-04-10T22:00:09","date_gmt":"2026-04-10T20:00:09","guid":{"rendered":"https:\/\/semmelweis.hu\/endokrinologia\/?page_id=428"},"modified":"2026-04-10T22:02:32","modified_gmt":"2026-04-10T20:02:32","slug":"mindestanforderungen-fuer-das-wahlpflichtfach-klinische-endokrinologie","status":"publish","type":"page","link":"https:\/\/semmelweis.hu\/endokrinologia\/de\/unterricht\/mindestanforderungen-fuer-das-wahlpflichtfach-klinische-endokrinologie\/","title":{"rendered":"Mindestanforderungen f\u00fcr das Wahlpflichtfach &#8222;Klinische Endokrinologie&#8221;"},"content":{"rendered":"<p><strong>Mindestanforderungen im Wahlpflichtfach \u201eKlinische Endokrinologie\u201c<\/strong><\/p>\n<p><strong>erfasst von Prof. Peter Igaz<\/strong><\/p>\n<p><strong>Neptun: AOVBOK787_1N<\/strong><\/p>\n<p>Hypophysentumore \u2013 Epidemiologie, Hauptformen, Diagnose und Behandlungsm\u00f6glichkeiten<\/p>\n<p>Definition von aggressiven Hypophysentumoren und Hypophysenkarzinom<\/p>\n<p>Prolaktinom \u2013 Symptome in Frauen und M\u00e4nner, Hormondiagnose, Behandlungsm\u00f6glichkeiten<\/p>\n<p>Akromegalie\/Gigantismus \u2013 Symptome, hormonelle Diagnose, Behandlungsm\u00f6glichkeiten (Chirurgie, Somatostatinanaloga, Pegvisomant)<\/p>\n<p>Hypopituitarismus \u2013 klinische Symptome, hormonelle Diagnose, Substitutionstherapie (Hydrocortison, L-Thyroxin, Behandlung von Hypogonadismus)<\/p>\n<p>Diabetes insipidus \u2013 Arginin Vasopressin Mangel und Resistenz \u2013 Diagnose und Behandlungsm\u00f6glichkeiten<\/p>\n<p>Hyperthyreose \u2013 klinische Symptome, Hauptformen und Differenzialdiagnose, hormonelle Diagnose, Behandlung (thyreostatische Behandlung, Radiojodtherapie, Chirurgie), spezielle Ansichten von M. Basedow<\/p>\n<p>Diagnose und Behandlung von Exophtalmus<\/p>\n<p>Hypothyreose \u2013 klinische Symptome, Diagnose und Substitutionstherapie<\/p>\n<p>Definition und Relevanz von subklinischen Hyper- und Hypothyreose<\/p>\n<p>Formen von Thyreoiditis (Hashimoto, subakute, Amiodaron-induzierte)<\/p>\n<p>Differenzierte Schilddr\u00fcsentumore (Diagnose, Behandlung, Verfolgung) \u2013 Rolle von Thyreoglobulin, Radiojodtherapie<\/p>\n<p>Medull\u00e4res Schilddr\u00fcsenkarzinom (Diagnose, Rolle von Kalzitonin, Behandlungsm\u00f6glichkeiten)<\/p>\n<p>Anaplastisches Schilddr\u00fcsenkarzinom<\/p>\n<p>Klassifikation von Hyperparathyreose (prim\u00e4r, sekund\u00e4r, terti\u00e4r)<\/p>\n<p>Hauptmerkmale, klinische Symptome, Diagnose (hormonelle und bildgebende) und Behandlung von prim\u00e4ren Hyperparathyreose<\/p>\n<p>Hypoparathyreose \u2013 klinische Symptome, Diagnose und Behandlung<\/p>\n<p>Cushing-Syndrom \u2013 Formen und Differenzialdiagnose<\/p>\n<p>Unterschiede zwischen Cushing-Krankheit und Cushing-Syndrom<\/p>\n<p>Behandlung von Cushing-Krankheit (chirurgisch, medikament\u00f6s, Bestrahlung)<\/p>\n<p>Cortisolhemmende Medikamente (Metyrapon, Mitotan, Etomidat, Osilodrostat, Ketoconazol)<\/p>\n<p>Nebennierenkarzinom\u00a0 \u2013klinische Symptome, Diagnose und Behandlung<\/p>\n<p>Prim\u00e4re Nebenniereninsuffizienz (M. Addison) \u2013 Klinische Symptome, hormonelle Diagnose und Behandlung (Substitutionstherapie)<\/p>\n<p>Prim\u00e4rer Hyperaldosteronismus\u00a0\u00a0 Klinische Symptome, hormonelle Diagnose und Behandlung<\/p>\n<p>Sekund\u00e4rer Hyperaldosteronismus\u00a0\u00a0 Hauptursachen, hormonelle Diagnose<\/p>\n<p>Ph\u00e4ochromozytom\/Paragangliom \u2013 Definition, klinisches Bild, Diagnose (hormonelle und bildgebende) \u2013 Behandlungsm\u00f6glichkeiten<\/p>\n<p>Definition und Merkmale des metastatischen Ph\u00e4ochromozytom\/Paragangliom<\/p>\n<p>Polyzystisches Ovariensyndrom &#8211; Klinische Symptome, hormonelle Diagnose und Behandlung<\/p>\n<p>Turner Syndrom \u2013 prim\u00e4re Amenorrh\u00f6 \u2013 Diagnose und Behandlung<\/p>\n<p>Klinefelter Syndrom\u00a0 \u00a0Diagnose und Behandlung<\/p>\n<p>Endokrine Ursachen der sekund\u00e4rer Hypertonie (<\/p>\n<p>Multiple endokrine Neoplasie Typ 1 \u2013 Hauptformen<\/p>\n<p>Multiple endokrine Neoplasie Typ 2 \u2013 Hauptformen<\/p>\n<p>von Hippel-Lindau Syndrom &#8211; Hauptformen und Pathogenese<\/p>\n<p>Vererbliche Paragangliomsyndrome &#8211; Hauptformen und Pathogenese<\/p>\n<p>Klassifikation von neuroendokrinen Tumoren<\/p>\n<p>Carcinoid Syndrom \u2013Symptome, Diagnose und Behandlungsm\u00f6glichkeiten<\/p>\n<p>Hormonproduzierende neuroendokrine Tumore des Pankreas (Insulinom, Gastrinom) \u2013 klinisches Bild (Whipple Triade), Diagnose (Fastentest, Insulin, C-Peptid, Gastrin, pH-Messung) und Behandlung<\/p>\n<p>Definition von paraneoplastischen endokrinen Syndrome<\/p>\n<p>Hauptcharateristika von SIADH<\/p>\n<p>Humorale Hyperkalz\u00e4mie<\/p>\n","protected":false},"excerpt":{"rendered":"<p>Mindestanforderungen im Wahlpflichtfach \u201eKlinische Endokrinologie\u201c erfasst von Prof. Peter Igaz Neptun: AOVBOK787_1N Hypophysentumore \u2013 Epidemiologie, Hauptformen, Diagnose und Behandlungsm\u00f6glichkeiten Definition von aggressiven Hypophysentumoren und Hypophysenkarzinom Prolaktinom \u2013 Symptome in Frauen und M\u00e4nner, Hormondiagnose, Behandlungsm\u00f6glichkeiten Akromegalie\/Gigantismus \u2013 Symptome, hormonelle Diagnose, Behandlungsm\u00f6glichkeiten (Chirurgie, Somatostatinanaloga, Pegvisomant) Hypopituitarismus \u2013 klinische Symptome, hormonelle Diagnose, Substitutionstherapie (Hydrocortison, L-Thyroxin, Behandlung von Hypogonadismus) &hellip;<\/p>\n","protected":false},"author":101302,"featured_media":0,"parent":189,"menu_order":0,"comment_status":"closed","ping_status":"closed","template":"","meta":{"_acf_changed":false,"footnotes":""},"categories":[],"tags":[],"class_list":["post-428","page","type-page","status-publish","hentry"],"acf":[],"_links":{"self":[{"href":"https:\/\/semmelweis.hu\/endokrinologia\/wp-json\/wp\/v2\/pages\/428","targetHints":{"allow":["GET"]}}],"collection":[{"href":"https:\/\/semmelweis.hu\/endokrinologia\/wp-json\/wp\/v2\/pages"}],"about":[{"href":"https:\/\/semmelweis.hu\/endokrinologia\/wp-json\/wp\/v2\/types\/page"}],"author":[{"embeddable":true,"href":"https:\/\/semmelweis.hu\/endokrinologia\/wp-json\/wp\/v2\/users\/101302"}],"replies":[{"embeddable":true,"href":"https:\/\/semmelweis.hu\/endokrinologia\/wp-json\/wp\/v2\/comments?post=428"}],"version-history":[{"count":1,"href":"https:\/\/semmelweis.hu\/endokrinologia\/wp-json\/wp\/v2\/pages\/428\/revisions"}],"predecessor-version":[{"id":429,"href":"https:\/\/semmelweis.hu\/endokrinologia\/wp-json\/wp\/v2\/pages\/428\/revisions\/429"}],"up":[{"embeddable":true,"href":"https:\/\/semmelweis.hu\/endokrinologia\/wp-json\/wp\/v2\/pages\/189"}],"wp:attachment":[{"href":"https:\/\/semmelweis.hu\/endokrinologia\/wp-json\/wp\/v2\/media?parent=428"}],"wp:term":[{"taxonomy":"category","embeddable":true,"href":"https:\/\/semmelweis.hu\/endokrinologia\/wp-json\/wp\/v2\/categories?post=428"},{"taxonomy":"post_tag","embeddable":true,"href":"https:\/\/semmelweis.hu\/endokrinologia\/wp-json\/wp\/v2\/tags?post=428"}],"curies":[{"name":"wp","href":"https:\/\/api.w.org\/{rel}","templated":true}]}}