{"id":403,"date":"2026-04-10T21:25:58","date_gmt":"2026-04-10T19:25:58","guid":{"rendered":"https:\/\/semmelweis.hu\/endokrinologia\/?page_id=403"},"modified":"2026-04-10T22:05:53","modified_gmt":"2026-04-10T20:05:53","slug":"az-endokrin-betegsegek-genetikaja-szabadon-valaszthato-targy-minimumkovetelmenyei","status":"publish","type":"page","link":"https:\/\/semmelweis.hu\/endokrinologia\/oktatasi-informaciok\/az-endokrin-betegsegek-genetikaja-szabadon-valaszthato-targy-minimumkovetelmenyei\/","title":{"rendered":"Az endokrin betegs\u00e9gek genetik\u00e1ja szabadon v\u00e1laszthat\u00f3 t\u00e1rgy minimumk\u00f6vetelm\u00e9nyei"},"content":{"rendered":"<p><strong>Endokrin Betegs\u00e9gek Genetik\u00e1ja Minimumk\u00f6vetelm\u00e9nyek<\/strong><\/p>\n<p><strong>\u00d6ssze\u00e1ll\u00edtotta Prof. Dr. Igaz P\u00e9ter<\/strong><\/p>\n<p><strong>Neptun k\u00f3d: AOSEDT869_1M<\/strong><\/p>\n<p>A genetikailag meghat\u00e1rozott endokrinol\u00f3giai k\u00f3rk\u00e9pek f\u0151 t\u00edpusai<\/p>\n<p>A genetikai tan\u00e1csad\u00e1s defin\u00edci\u00f3ja<\/p>\n<p>A genetikai betegs\u00e9gek megel\u0151z\u00e9s\u00e9nek szintjei<\/p>\n<p>A monog\u00e9nes \u00f6r\u00f6kl\u00e9smenetek (autoszom\u00e1lis domin\u00e1ns \u00e9s recessz\u00edv, X-hez k\u00f6t\u00f6tt domin\u00e1ns \u00e9s recessz\u00edv)<\/p>\n<p>A penetrancia fogalma<\/p>\n<p>A genomikus imprinting defin\u00edci\u00f3ja \u00e9s endokrinol\u00f3giai jelent\u0151s\u00e9ge<\/p>\n<p>A multiplex endokrin neoplasia szindr\u00f3m\u00e1k f\u0151 jellemz\u0151i<\/p>\n<p>Multiplex endokrin neoplasia 1-es t\u00edpusa \u2013 f\u0151 form\u00e1i, genetik\u00e1ja<\/p>\n<p>Multiplex endokrin neoplasia 2-es t\u00edpusa \u2013 f\u0151 form\u00e1i, genetik\u00e1ja<\/p>\n<p>von Hippel-Lindau syndroma &#8211; f\u0151 form\u00e1i, patogenezise, genetik\u00e1ja<\/p>\n<p>\u00d6r\u00f6kl\u0151d\u0151 paraganglioma syndrom\u00e1k &#8211; f\u0151 form\u00e1i, genetik\u00e1ja<\/p>\n<p>A hypophysis daganatainak genetik\u00e1ja<\/p>\n<p>A hypopituitarismus genetik\u00e1ja (f\u0151 transzkripci\u00f3s faktorok)<\/p>\n<p>Mell\u00e9kvesek\u00e9reg carcinom\u00e1ra hajlamos\u00edt\u00f3 monog\u00e9nes betegs\u00e9gek (Li-Fraumeni, Beckwith-Wiedemann syndroma)<\/p>\n<p>A McCune-Albright syndroma genetik\u00e1ja<\/p>\n<p>A phaeochromocytoma\/paraganglioma genetik\u00e1j\u00e1nak jellemz\u0151i<\/p>\n<p>A differenci\u00e1lt pajzsmirigydaganatok genetik\u00e1ja<\/p>\n<p>A congenitalis adrenalis hyperplasia (21-hidroxil\u00e1z hi\u00e1ny) genetik\u00e1ja, form\u00e1i, klinikai k\u00e9pe \u00e9s kezel\u00e9se<\/p>\n<p>A primer hyperaldosteronismus genetik\u00e1ja, a famili\u00e1ris hyperaldosteronismus 1-es t\u00edpusa<\/p>\n<p>Nemi kromosz\u00f3ma rendelleness\u00e9gek (Klinefelter-syndroma, Turner-syndroma) genetik\u00e1ja \u00e9s klinikai k\u00e9pe<\/p>\n<p>Prader-Willi syndroma genetik\u00e1ja \u00e9s klinikai k\u00e9pe<\/p>\n<p>A phenylketonuria genetik\u00e1ja<\/p>\n<p>A monog\u00e9nes diabetes mellitus genetik\u00e1ja (MODY form\u00e1k)<\/p>\n","protected":false},"excerpt":{"rendered":"<p>Endokrin Betegs\u00e9gek Genetik\u00e1ja Minimumk\u00f6vetelm\u00e9nyek \u00d6ssze\u00e1ll\u00edtotta Prof. Dr. Igaz P\u00e9ter Neptun k\u00f3d: AOSEDT869_1M A genetikailag meghat\u00e1rozott endokrinol\u00f3giai k\u00f3rk\u00e9pek f\u0151 t\u00edpusai A genetikai tan\u00e1csad\u00e1s defin\u00edci\u00f3ja A genetikai betegs\u00e9gek megel\u0151z\u00e9s\u00e9nek szintjei A monog\u00e9nes \u00f6r\u00f6kl\u00e9smenetek (autoszom\u00e1lis domin\u00e1ns \u00e9s recessz\u00edv, X-hez k\u00f6t\u00f6tt domin\u00e1ns \u00e9s recessz\u00edv) A penetrancia fogalma A genomikus imprinting defin\u00edci\u00f3ja \u00e9s endokrinol\u00f3giai jelent\u0151s\u00e9ge A multiplex endokrin neoplasia szindr\u00f3m\u00e1k &hellip;<\/p>\n","protected":false},"author":101302,"featured_media":0,"parent":112,"menu_order":0,"comment_status":"closed","ping_status":"closed","template":"","meta":{"_acf_changed":false,"footnotes":""},"categories":[],"tags":[],"class_list":["post-403","page","type-page","status-publish","hentry"],"acf":[],"_links":{"self":[{"href":"https:\/\/semmelweis.hu\/endokrinologia\/wp-json\/wp\/v2\/pages\/403","targetHints":{"allow":["GET"]}}],"collection":[{"href":"https:\/\/semmelweis.hu\/endokrinologia\/wp-json\/wp\/v2\/pages"}],"about":[{"href":"https:\/\/semmelweis.hu\/endokrinologia\/wp-json\/wp\/v2\/types\/page"}],"author":[{"embeddable":true,"href":"https:\/\/semmelweis.hu\/endokrinologia\/wp-json\/wp\/v2\/users\/101302"}],"replies":[{"embeddable":true,"href":"https:\/\/semmelweis.hu\/endokrinologia\/wp-json\/wp\/v2\/comments?post=403"}],"version-history":[{"count":3,"href":"https:\/\/semmelweis.hu\/endokrinologia\/wp-json\/wp\/v2\/pages\/403\/revisions"}],"predecessor-version":[{"id":435,"href":"https:\/\/semmelweis.hu\/endokrinologia\/wp-json\/wp\/v2\/pages\/403\/revisions\/435"}],"up":[{"embeddable":true,"href":"https:\/\/semmelweis.hu\/endokrinologia\/wp-json\/wp\/v2\/pages\/112"}],"wp:attachment":[{"href":"https:\/\/semmelweis.hu\/endokrinologia\/wp-json\/wp\/v2\/media?parent=403"}],"wp:term":[{"taxonomy":"category","embeddable":true,"href":"https:\/\/semmelweis.hu\/endokrinologia\/wp-json\/wp\/v2\/categories?post=403"},{"taxonomy":"post_tag","embeddable":true,"href":"https:\/\/semmelweis.hu\/endokrinologia\/wp-json\/wp\/v2\/tags?post=403"}],"curies":[{"name":"wp","href":"https:\/\/api.w.org\/{rel}","templated":true}]}}