{"id":401,"date":"2026-04-10T21:21:32","date_gmt":"2026-04-10T19:21:32","guid":{"rendered":"https:\/\/semmelweis.hu\/endokrinologia\/?page_id=401"},"modified":"2026-04-10T21:26:32","modified_gmt":"2026-04-10T19:26:32","slug":"az-endokrin-onkologia-kotelezoen-valaszthato-fakultacio-minimumkovetelmenyei","status":"publish","type":"page","link":"https:\/\/semmelweis.hu\/endokrinologia\/oktatasi-informaciok\/az-endokrin-onkologia-kotelezoen-valaszthato-fakultacio-minimumkovetelmenyei\/","title":{"rendered":"Az Endokrin Onkol\u00f3gia K\u00f6telez\u0151en v\u00e1laszthat\u00f3 t\u00e1rgy minimumk\u00f6vetelm\u00e9nyei"},"content":{"rendered":"<p><strong>Endokrin Onkol\u00f3gia Minimumk\u00f6vetelm\u00e9nyek<\/strong><\/p>\n<p><strong>\u00d6ssze\u00e1ll\u00edtotta Prof. Dr. Igaz P\u00e9ter<\/strong><\/p>\n<p><strong>Neptun-k\u00f3d:<\/strong> <strong>AOVEDT1166_1M<\/strong><\/p>\n<p>&nbsp;<\/p>\n<p>Az endokrin daganatok f\u0151 form\u00e1i \u00e9s gyakoris\u00e1guk<\/p>\n<p>Multiplex endokrin neoplasia 1-es t\u00edpusa \u2013 f\u0151 form\u00e1i, patogenezise<\/p>\n<p>Multiplex endokrin neoplasia 2-es t\u00edpusa \u2013 f\u0151 form\u00e1i, patogenezise<\/p>\n<p>von Hippel-Lindau syndroma &#8211; f\u0151 form\u00e1i, patogenezise \u2013 kezel\u00e9si lehet\u0151s\u00e9gek<\/p>\n<p>\u00d6r\u00f6kl\u0151d\u0151 paraganglioma syndrom\u00e1k &#8211; f\u0151 form\u00e1i, patogenezise<\/p>\n<p>Aggressz\u00edv hypophysis daganatok \u00e9s hypophysis carcinoma \u2013 defin\u00edci\u00f3, f\u0151 jellemz\u0151k, kezel\u00e9si lehet\u0151s\u00e9gek<\/p>\n<p>Mell\u00e9kvesek\u00e9reg carcinoma \u00a0\u2013 klinikai jellemz\u0151k, diagn\u00f3zis, kezel\u00e9s<\/p>\n<p>A mitot\u00e1n f\u0151 jellemz\u0151i<\/p>\n<p>A metasztatikus phaeochromocytoma\/paraganglioma defin\u00edci\u00f3ja \u00e9s kezel\u00e9si lehet\u0151s\u00e9gei<\/p>\n<p>A neuroendokrin daganatok oszt\u00e1lyoz\u00e1sa<\/p>\n<p>Carcinoid syndroma \u2013 t\u00fcnetek, diagn\u00f3zis, kezel\u00e9si lehet\u0151s\u00e9gek<\/p>\n<p>Hormontermel\u0151 pancreas neuroendokrin daganatok (insulinoma, gastrinoma) \u2013 klinikai t\u00fcnetek (Whipple tri\u00e1sz), diagnosis (\u00e9hez\u00e9si teszt, inzulin, C-peptid, gastrin), kezel\u00e9s<\/p>\n<p>Szomatosztatin anal\u00f3gok f\u0151 jellemz\u0151i<\/p>\n<p>Theranosticum defin\u00edci\u00f3ja<\/p>\n<p>Funkcion\u00e1lis k\u00e9palkot\u00e1s defin\u00edci\u00f3ja<\/p>\n<p>Differenci\u00e1lt pajzsmirigyr\u00e1k \u00a0\u2013 F\u0151 jellemz\u0151k, biomarkerek, kezel\u00e9s<\/p>\n<p>A differenci\u00e1lt pajzsmirigyr\u00e1k ultrahang jelei<\/p>\n<p>A medull\u00e1ris pajzsmirigyr\u00e1k klinikai k\u00e9pe \u00e9s kezel\u00e9se<\/p>\n<p>A differenci\u00e1lt \u00e9s medull\u00e1ris pajzsmirigyr\u00e1k c\u00e9lzott kezel\u00e9si lehet\u0151s\u00e9gei<\/p>\n<p>A neuroendokrin daganatok c\u00e9lzott kezel\u00e9si lehet\u0151s\u00e9gei (tirozin kin\u00e1z g\u00e1tl\u00f3k, mTOR g\u00e1tl\u00f3)<\/p>\n<p>Peptid radionuklid kezel\u00e9s<\/p>\n<p>A paraneoplasztikus endokrin syndrom\u00e1k defin\u00edci\u00f3ja<\/p>\n<p>SIADH syndroma<\/p>\n<p>Daganatokhoz t\u00e1rsul\u00f3 humor\u00e1lis hypercalcaemia<\/p>\n<p>Ectopi\u00e1s ACTH-syndroma<\/p>\n<p>&nbsp;<\/p>\n","protected":false},"excerpt":{"rendered":"<p>Endokrin Onkol\u00f3gia Minimumk\u00f6vetelm\u00e9nyek \u00d6ssze\u00e1ll\u00edtotta Prof. Dr. Igaz P\u00e9ter Neptun-k\u00f3d: AOVEDT1166_1M &nbsp; Az endokrin daganatok f\u0151 form\u00e1i \u00e9s gyakoris\u00e1guk Multiplex endokrin neoplasia 1-es t\u00edpusa \u2013 f\u0151 form\u00e1i, patogenezise Multiplex endokrin neoplasia 2-es t\u00edpusa \u2013 f\u0151 form\u00e1i, patogenezise von Hippel-Lindau syndroma &#8211; f\u0151 form\u00e1i, patogenezise \u2013 kezel\u00e9si lehet\u0151s\u00e9gek \u00d6r\u00f6kl\u0151d\u0151 paraganglioma syndrom\u00e1k &#8211; f\u0151 form\u00e1i, patogenezise Aggressz\u00edv hypophysis &hellip;<\/p>\n","protected":false},"author":101302,"featured_media":0,"parent":112,"menu_order":0,"comment_status":"closed","ping_status":"closed","template":"","meta":{"_acf_changed":false,"footnotes":""},"categories":[],"tags":[],"class_list":["post-401","page","type-page","status-publish","hentry"],"acf":[],"_links":{"self":[{"href":"https:\/\/semmelweis.hu\/endokrinologia\/wp-json\/wp\/v2\/pages\/401","targetHints":{"allow":["GET"]}}],"collection":[{"href":"https:\/\/semmelweis.hu\/endokrinologia\/wp-json\/wp\/v2\/pages"}],"about":[{"href":"https:\/\/semmelweis.hu\/endokrinologia\/wp-json\/wp\/v2\/types\/page"}],"author":[{"embeddable":true,"href":"https:\/\/semmelweis.hu\/endokrinologia\/wp-json\/wp\/v2\/users\/101302"}],"replies":[{"embeddable":true,"href":"https:\/\/semmelweis.hu\/endokrinologia\/wp-json\/wp\/v2\/comments?post=401"}],"version-history":[{"count":2,"href":"https:\/\/semmelweis.hu\/endokrinologia\/wp-json\/wp\/v2\/pages\/401\/revisions"}],"predecessor-version":[{"id":405,"href":"https:\/\/semmelweis.hu\/endokrinologia\/wp-json\/wp\/v2\/pages\/401\/revisions\/405"}],"up":[{"embeddable":true,"href":"https:\/\/semmelweis.hu\/endokrinologia\/wp-json\/wp\/v2\/pages\/112"}],"wp:attachment":[{"href":"https:\/\/semmelweis.hu\/endokrinologia\/wp-json\/wp\/v2\/media?parent=401"}],"wp:term":[{"taxonomy":"category","embeddable":true,"href":"https:\/\/semmelweis.hu\/endokrinologia\/wp-json\/wp\/v2\/categories?post=401"},{"taxonomy":"post_tag","embeddable":true,"href":"https:\/\/semmelweis.hu\/endokrinologia\/wp-json\/wp\/v2\/tags?post=401"}],"curies":[{"name":"wp","href":"https:\/\/api.w.org\/{rel}","templated":true}]}}