{"id":274,"date":"2021-01-19T14:02:45","date_gmt":"2021-01-19T13:02:45","guid":{"rendered":"https:\/\/semmelweis.hu\/endokrinologia\/?page_id=274"},"modified":"2026-04-10T21:29:19","modified_gmt":"2026-04-10T19:29:19","slug":"phd-kurzus","status":"publish","type":"page","link":"https:\/\/semmelweis.hu\/endokrinologia\/phd-kurzus\/","title":{"rendered":"PhD kurzus"},"content":{"rendered":"<p>A k\u00f6vetkez\u0151 &#8222;Endokrin daganatok genetik\u00e1ja \u00e9s genomik\u00e1ja&#8221; c. PhD kurzust (t\u00e1rgyk\u00f3d 2919). Konzervat\u00edv Orvostudom\u00e1nyok Doktori Tagozat, 7. Hormon\u00e1lis szab\u00e1lyoz\u00f3 mechanizmusok (programvezet\u0151: Dr. Igaz P\u00e9ter) programj\u00e1ban a 2026\/2027-es tan\u00e9v 2. f\u00e9l\u00e9v\u00e9ben tervezz\u00fck.<\/p>\n<p><strong>Kurzusvezet\u0151k:<\/strong> \u00a0\u00a0\u00a0\u00a0\u00a0 Dr. Igaz P\u00e9ter egyetemi tan\u00e1r, az MTA doktora<\/p>\n<p>\u00a0\u00a0\u00a0\u00a0\u00a0\u00a0\u00a0\u00a0\u00a0\u00a0\u00a0\u00a0\u00a0\u00a0\u00a0\u00a0\u00a0\u00a0\u00a0\u00a0\u00a0\u00a0\u00a0\u00a0\u00a0\u00a0\u00a0\u00a0\u00a0\u00a0\u00a0\u00a0\u00a0 Dr. Pat\u00f3cs Attila egyetemi tan\u00e1r, az MTA doktora<\/p>\n<p>&nbsp;<\/p>\n","protected":false},"excerpt":{"rendered":"<p>A k\u00f6vetkez\u0151 &#8222;Endokrin daganatok genetik\u00e1ja \u00e9s genomik\u00e1ja&#8221; c. PhD kurzust (t\u00e1rgyk\u00f3d 2919). Konzervat\u00edv Orvostudom\u00e1nyok Doktori Tagozat, 7. Hormon\u00e1lis szab\u00e1lyoz\u00f3 mechanizmusok (programvezet\u0151: Dr. Igaz P\u00e9ter) programj\u00e1ban a 2026\/2027-es tan\u00e9v 2. f\u00e9l\u00e9v\u00e9ben tervezz\u00fck.<br \/>\nKurzusvezet\u0151k: \u00a0\u00a0\u00a0\u00a0\u00a0 Dr. Igaz P\u00e9ter egyetemi tan\u00e1r, az MTA doktora<br \/>\n\u00a0\u00a0\u00a0\u00a0\u00a0\u00a0\u00a0\u00a0\u00a0\u00a0\u00a0\u00a0\u00a0\u00a0\u00a0\u00a0\u00a0\u00a0\u00a0\u00a0\u00a0\u00a0\u00a0\u00a0\u00a0\u00a0\u00a0\u00a0\u00a0\u00a0\u00a0\u00a0\u00a0 Dr. Pat\u00f3cs Attila egyetemi tan\u00e1r, az MTA doktora<br \/>\n&nbsp;<\/p>\n","protected":false},"author":101302,"featured_media":0,"parent":0,"menu_order":0,"comment_status":"closed","ping_status":"closed","template":"","meta":{"_acf_changed":false,"footnotes":""},"categories":[],"tags":[],"class_list":["post-274","page","type-page","status-publish","hentry"],"acf":[],"_links":{"self":[{"href":"https:\/\/semmelweis.hu\/endokrinologia\/wp-json\/wp\/v2\/pages\/274","targetHints":{"allow":["GET"]}}],"collection":[{"href":"https:\/\/semmelweis.hu\/endokrinologia\/wp-json\/wp\/v2\/pages"}],"about":[{"href":"https:\/\/semmelweis.hu\/endokrinologia\/wp-json\/wp\/v2\/types\/page"}],"author":[{"embeddable":true,"href":"https:\/\/semmelweis.hu\/endokrinologia\/wp-json\/wp\/v2\/users\/101302"}],"replies":[{"embeddable":true,"href":"https:\/\/semmelweis.hu\/endokrinologia\/wp-json\/wp\/v2\/comments?post=274"}],"version-history":[{"count":7,"href":"https:\/\/semmelweis.hu\/endokrinologia\/wp-json\/wp\/v2\/pages\/274\/revisions"}],"predecessor-version":[{"id":410,"href":"https:\/\/semmelweis.hu\/endokrinologia\/wp-json\/wp\/v2\/pages\/274\/revisions\/410"}],"wp:attachment":[{"href":"https:\/\/semmelweis.hu\/endokrinologia\/wp-json\/wp\/v2\/media?parent=274"}],"wp:term":[{"taxonomy":"category","embeddable":true,"href":"https:\/\/semmelweis.hu\/endokrinologia\/wp-json\/wp\/v2\/categories?post=274"},{"taxonomy":"post_tag","embeddable":true,"href":"https:\/\/semmelweis.hu\/endokrinologia\/wp-json\/wp\/v2\/tags?post=274"}],"curies":[{"name":"wp","href":"https:\/\/api.w.org\/{rel}","templated":true}]}}