{"id":234,"date":"2020-10-06T13:01:40","date_gmt":"2020-10-06T11:01:40","guid":{"rendered":"https:\/\/semmelweis.hu\/endokrinologia\/?page_id=234"},"modified":"2026-04-10T22:04:32","modified_gmt":"2026-04-10T20:04:32","slug":"diplomarbeit-themen","status":"publish","type":"page","link":"https:\/\/semmelweis.hu\/endokrinologia\/de\/diplomarbeit-themen\/","title":{"rendered":"Diplomarbeit Themen"},"content":{"rendered":"<p style=\"text-align: center\"><strong>Themen f\u00fcr Diplomarbeit<\/strong><\/p>\n<p style=\"text-align: center\"><strong>Universit\u00e4t Semmelweis, Fakult\u00e4t der Medizin<\/strong><\/p>\n<p style=\"text-align: center\"><strong>Klinik der Inneren Medizin und Onkologie<\/strong><\/p>\n<p style=\"text-align: center\"><strong>Lehrstuhl der Endokrinologie<\/strong><\/p>\n<p>&nbsp;<\/p>\n<p>Diese Themen werden auch auf dem <a href=\"http:\/\/www.bel1.semmelweis.hu\/info.aspx?SP=3\">Homepage der Klinik der Inneren Medizin und Onkologie<\/a> auch publiziert.<\/p>\n<p><strong>Dr. Peter Igaz<\/strong><\/p>\n<ul>\n<li><strong>\u00a0<\/strong>Diagnostische und therapeutische Fragen in b\u00f6sartigen Ph\u00e4ochromozytom\/Paragangliom<\/li>\n<li>Gezielte (targeted) Therapiem\u00f6glichkeitein in neuroendokrinen Tumoren<\/li>\n<li>Diagnose und Behandlung von Hypophysenkarzinom<\/li>\n<li>Thymische neuroendokrine Tumore in MEN1<\/li>\n<li>Autoimmune poliendokrine Syndrome<\/li>\n<\/ul>\n","protected":false},"excerpt":{"rendered":"<p>Themen f\u00fcr Diplomarbeit Universit\u00e4t Semmelweis, Fakult\u00e4t der Medizin Klinik der Inneren Medizin und Onkologie Lehrstuhl der Endokrinologie &nbsp; Diese Themen werden auch auf dem <a href=\"http:\/\/www.bel1.semmelweis.hu\/info.aspx?SP=3\">Homepage der Klinik der Inneren Medizin und Onkologie<\/a> auch publiziert. Dr. Peter Igaz \u00a0Diagnostische und therapeutische Fragen in b\u00f6sartigen Ph\u00e4ochromozytom\/Paragangliom Gezielte (targeted) Therapiem\u00f6glichkeitein in neuroendokrinen Tumoren Diagnose und Behandlung von Hypophysenkarzinom Thymische neuroendokrine Tumore in MEN1 Autoimmune poliendokrine Syndrome &hellip;<\/p>\n","protected":false},"author":101302,"featured_media":0,"parent":0,"menu_order":0,"comment_status":"closed","ping_status":"closed","template":"","meta":{"_acf_changed":false,"footnotes":""},"categories":[],"tags":[],"class_list":["post-234","page","type-page","status-publish","hentry"],"acf":[],"_links":{"self":[{"href":"https:\/\/semmelweis.hu\/endokrinologia\/wp-json\/wp\/v2\/pages\/234","targetHints":{"allow":["GET"]}}],"collection":[{"href":"https:\/\/semmelweis.hu\/endokrinologia\/wp-json\/wp\/v2\/pages"}],"about":[{"href":"https:\/\/semmelweis.hu\/endokrinologia\/wp-json\/wp\/v2\/types\/page"}],"author":[{"embeddable":true,"href":"https:\/\/semmelweis.hu\/endokrinologia\/wp-json\/wp\/v2\/users\/101302"}],"replies":[{"embeddable":true,"href":"https:\/\/semmelweis.hu\/endokrinologia\/wp-json\/wp\/v2\/comments?post=234"}],"version-history":[{"count":7,"href":"https:\/\/semmelweis.hu\/endokrinologia\/wp-json\/wp\/v2\/pages\/234\/revisions"}],"predecessor-version":[{"id":433,"href":"https:\/\/semmelweis.hu\/endokrinologia\/wp-json\/wp\/v2\/pages\/234\/revisions\/433"}],"wp:attachment":[{"href":"https:\/\/semmelweis.hu\/endokrinologia\/wp-json\/wp\/v2\/media?parent=234"}],"wp:term":[{"taxonomy":"category","embeddable":true,"href":"https:\/\/semmelweis.hu\/endokrinologia\/wp-json\/wp\/v2\/categories?post=234"},{"taxonomy":"post_tag","embeddable":true,"href":"https:\/\/semmelweis.hu\/endokrinologia\/wp-json\/wp\/v2\/tags?post=234"}],"curies":[{"name":"wp","href":"https:\/\/api.w.org\/{rel}","templated":true}]}}