{"id":228,"date":"2020-10-06T12:59:21","date_gmt":"2020-10-06T10:59:21","guid":{"rendered":"https:\/\/semmelweis.hu\/endokrinologia\/?page_id=228"},"modified":"2021-06-10T13:19:19","modified_gmt":"2021-06-10T11:19:19","slug":"rektori-palyazat-es-tudomanyos-diakkori-temak","status":"publish","type":"page","link":"https:\/\/semmelweis.hu\/endokrinologia\/rektori-palyazat-es-tudomanyos-diakkori-temak\/","title":{"rendered":"Tudom\u00e1nyos Di\u00e1kk\u00f6ri \u00e9s Rektori P\u00e1ly\u00e1zati T\u00e9m\u00e1k"},"content":{"rendered":"<p><strong>A Belgy\u00f3gy\u00e1szati \u00e9s Onkol\u00f3giai Klinika\/Endokrinol\u00f3giai Tansz\u00e9k \u00e1ltal meghirdetett Tudom\u00e1nyos Di\u00e1kk\u00f6ri \u00e9s Rektori P\u00e1ly\u00e1zati t\u00e9m\u00e1k<\/strong><\/p>\n<p>A t\u00e9m\u00e1k a <a href=\"http:\/\/www.bel1.semmelweis.hu\/hirek.aspx\">Belgy\u00f3gy\u00e1szati \u00e9s Onkol\u00f3giai Klinika honlapj\u00e1n<\/a> is el\u00e9rhet\u0151ek lesznek.<\/p>\n<table style=\"width: 84.2919%;height: 479px\" width=\"1151\">\n<tbody>\n<tr style=\"height: 53px\">\n<td style=\"height: 53px\" width=\"743\">\n<p><strong>TDK-munka c\u00edme<\/strong><\/p>\n<\/td>\n<td style=\"height: 53px\" width=\"408\"><strong>T\u00e9mavezet\u0151 neve (fokozattal)<\/strong><\/td>\n<\/tr>\n<tr style=\"height: 33px\">\n<td style=\"height: 33px\">Nem-k\u00f3dol\u00f3 RNS biomarkerek vizsg\u00e1lata mell\u00e9kvese \u00e9s neuroendokrin daganatokban<\/td>\n<td style=\"height: 33px\" width=\"408\">Dr. Igaz P\u00e9ter (MTA doktora)<\/td>\n<\/tr>\n<tr style=\"height: 33px\">\n<td style=\"height: 33px\">Oszteodenzitometria \u00e9s egy\u00e9b csontvizsg\u00e1l\u00f3 elj\u00e1r\u00e1sok<\/td>\n<td style=\"height: 33px\">Dr. Horv\u00e1th Csaba (MTA doktora)<\/td>\n<\/tr>\n<tr style=\"height: 33px\">\n<td style=\"height: 33px\">A csontmin\u0151s\u00e9g vizsg\u00e1lata ultrahangm\u00f3dszerrel<\/td>\n<td style=\"height: 33px\">Dr. Horv\u00e1th Csaba (MTA doktora)<\/td>\n<\/tr>\n<tr style=\"height: 33px\">\n<td style=\"height: 33px\">A csont t\u00f6r\u00e9kenys\u00e9g t\u00e9nyez\u0151i, vizsg\u00e1lata \u00e9s befoly\u00e1sol\u00e1sa<\/td>\n<td style=\"height: 33px\">Dr. Horv\u00e1th Csaba (MTA doktora)<\/td>\n<\/tr>\n<tr style=\"height: 33px\">\n<td style=\"height: 33px\">Szekunder oszteopor\u00f3zisok<\/td>\n<td style=\"height: 33px\">Dr. Horv\u00e1th Csaba (MTA doktora)<\/td>\n<\/tr>\n<tr style=\"height: 33px\">\n<td style=\"height: 33px\">\u00a0A kalcium vesek\u0151betegs\u00e9g k\u00f3rsz\u00e1rmaz\u00e1sa \u00e9s kezel\u00e9se<\/td>\n<td style=\"height: 33px\">Dr. Horv\u00e1th Csaba (MTA doktora)<\/td>\n<\/tr>\n<tr style=\"height: 33px\">\n<td style=\"height: 33px\">A test\u00f6sszet\u00e9tel vizsg\u00e1lata<\/td>\n<td style=\"height: 33px\">Dr. Horv\u00e1th Csaba (MTA doktora)<\/td>\n<\/tr>\n<tr style=\"height: 63px\">\n<td style=\"height: 63px\">Akromeg\u00e1li\u00e1s betegek csontanyacsere \u00e9s test\u00f6sszet\u00e9tel vizsg\u00e1lata<\/td>\n<td style=\"height: 63px\">Dr. Horv\u00e1th Csaba (MTA doktora), Dr.M\u00e9sz\u00e1ros Szilvia (PhD)<\/td>\n<\/tr>\n<tr style=\"height: 33px\">\n<td style=\"height: 33px\">A testo\u0308sszete\u0301tel vizsga\u0301lata egy- e\u0301s ke\u0301tpete\u0301j\u0171 ikerpa\u0301rokon<\/td>\n<td style=\"height: 33px\" width=\"408\">Dr.M\u00e9sz\u00e1ros Szilvia (PhD)<\/td>\n<\/tr>\n<tr style=\"height: 33px\">\n<td style=\"height: 33px\">\u00a0A denzitometria \u00faj t\u00edpus\u00fa alkalmaz\u00e1sai endokrin k\u00f3r\u00e1llapotokban<\/td>\n<td style=\"height: 33px\" width=\"408\">Dr.M\u00e9sz\u00e1ros Szilvia (PhD)<\/td>\n<\/tr>\n<tr style=\"height: 33px\">\n<td style=\"height: 33px\">Williams-szindr\u00f3ma feln\u0151ttkorban<\/td>\n<td style=\"height: 33px\" width=\"408\">Dr.Reismann P\u00e9ter (PhD)<\/td>\n<\/tr>\n<tr style=\"height: 33px\">\n<td style=\"height: 33px\">Phenylketonuria feln\u0151ttkorban\u00a0<\/td>\n<td style=\"height: 33px\" width=\"408\">Dr.Reismann P\u00e9ter (PhD), Dr. Sum\u00e1nszki Csaba<\/td>\n<\/tr>\n<\/tbody>\n<\/table>\n<p>&nbsp;<\/p>\n<table style=\"width: 79.4572%\" width=\"1080\">\n<tbody>\n<tr>\n<td style=\"width: 68.0544%\" width=\"663\"><strong>Rektori P\u00e1lyat\u00e9tel c\u00edme<\/strong><\/td>\n<td style=\"width: 31.8535%\" width=\"417\"><strong>Konzulens (fokozattal)<\/strong><\/td>\n<\/tr>\n<tr>\n<td style=\"width: 68.0544%\">\u00a0A csontanyagcsere v\u00e1ltoz\u00e1sai vesek\u0151betegekben<\/td>\n<td style=\"width: 31.8535%\">Dr. Horv\u00e1th Csaba (MTA doktora)<\/td>\n<\/tr>\n<tr>\n<td style=\"width: 68.0544%\">A csontt\u00f6r\u00e9si kock\u00e1zat felm\u00e9r\u00e9s\u00e9nek modern m\u00f3dszerei osteoporosisban<\/td>\n<td style=\"width: 31.8535%\">Dr. Horv\u00e1th Csaba (MTA doktora)<\/td>\n<\/tr>\n<tr>\n<td style=\"width: 68.0544%\">A D-vitamin szerepe a mozg\u00e1sszervi betegs\u00e9gekben<\/td>\n<td style=\"width: 31.8535%\">Dr. Horv\u00e1th Csaba (MTA doktora)<\/td>\n<\/tr>\n<tr>\n<td style=\"width: 68.0544%\">Modern csontvizsg\u00e1l\u00f3 elj\u00e1r\u00e1sok klinikai alkalmaz\u00e1sa<\/td>\n<td style=\"width: 31.8535%\">Dr. Horv\u00e1th Csaba (MTA doktora)<\/td>\n<\/tr>\n<tr>\n<td style=\"width: 68.0544%\">A kalcium- \u00e9s csontanyagcsere v\u00e1ltoz\u00e1sai k\u00fcl\u00f6nf\u00e9le metabolikus osteopathi\u00e1kban<\/td>\n<td style=\"width: 31.8535%\">Dr. Horv\u00e1th Csaba (MTA doktora)<\/td>\n<\/tr>\n<tr>\n<td style=\"width: 68.0544%\">Oszteodenzitometria \u00e9s egy\u00e9b csontvizsg\u00e1l\u00f3 elj\u00e1r\u00e1sok<\/td>\n<td style=\"width: 31.8535%\">Dr. Horv\u00e1th Csaba (MTA doktora)<\/td>\n<\/tr>\n<tr>\n<td style=\"width: 68.0544%\">\u00a0A csontmin\u0151s\u00e9g vizsg\u00e1lata ultrahangm\u00f3dszerrel<\/td>\n<td style=\"width: 31.8535%\">Dr. Horv\u00e1th Csaba (MTA doktora)<\/td>\n<\/tr>\n<tr>\n<td style=\"width: 68.0544%\">\u00a0A csont t\u00f6r\u00e9kenys\u00e9g t\u00e9nyez\u0151i, vizsg\u00e1lata \u00e9s befoly\u00e1sol\u00e1sa<\/td>\n<td style=\"width: 31.8535%\">Dr. Horv\u00e1th Csaba (MTA doktora)<\/td>\n<\/tr>\n<tr>\n<td style=\"width: 68.0544%\">\u00a0Szekunder oszteopor\u00f3zisok<\/td>\n<td style=\"width: 31.8535%\">Dr. Horv\u00e1th Csaba (MTA doktora)<\/td>\n<\/tr>\n<tr>\n<td style=\"width: 68.0544%\">\u00a0A kalcium vesek\u0151betegs\u00e9g k\u00f3rsz\u00e1rmaz\u00e1sa \u00e9s kezel\u00e9se<\/td>\n<td style=\"width: 31.8535%\">Dr. Horv\u00e1th Csaba (MTA doktora)<\/td>\n<\/tr>\n<tr>\n<td style=\"width: 68.0544%\">\u00a0A test\u00f6sszet\u00e9tel vizsg\u00e1lata<\/td>\n<td style=\"width: 31.8535%\">Dr. Horv\u00e1th Csaba (MTA doktora)<\/td>\n<\/tr>\n<tr>\n<td style=\"width: 68.0544%\">Akromeg\u00e1li\u00e1s betegek csontanyagcsere \u00e9s test\u00f6sszet\u00e9tel vizsg\u00e1lata<\/td>\n<td style=\"width: 31.8535%\">Dr. Horv\u00e1th Csaba (MTA doktora)<\/td>\n<\/tr>\n<tr>\n<td style=\"width: 68.0544%\">Mell\u00e9kvesek\u00e9reg carcinoma komplex kezelel\u00e9s<\/td>\n<td style=\"width: 31.8535%\">Dr. T\u00f3th Mikl\u00f3s (MTA doktora) \/Dr. P\u00f3csai K\u00e1roly (PhD)<\/td>\n<\/tr>\n<tr>\n<td style=\"width: 68.0544%\">MEN2A \u00e9s MEN2B szindr\u00f3m\u00e1s beteganyagunk klinikai jellemz\u0151i<\/td>\n<td style=\"width: 31.8535%\">Dr. T\u00f3th Mikl\u00f3s (MTA doktora) \/Dr. Nagy G\u00e9za (PhD)<\/td>\n<\/tr>\n<tr>\n<td style=\"width: 68.0544%\">Mell\u00e9kpajzsmirigy carcinom\u00e1s betegek klinikopatol\u00f3giai jellemz\u0151i<\/td>\n<td style=\"width: 31.8535%\">Dr. T\u00f3th Mikl\u00f3s (MTA doktora) \/Dr. T\u0151ke Judit (PhD)<\/td>\n<\/tr>\n<tr>\n<td style=\"width: 68.0544%\">\u00a0Congenitalis adrenalis hyperplasi\u00e1s betegek feln\u0151ttkori gondoz\u00e1s\u00e1nak szempontjai<\/td>\n<td style=\"width: 31.8535%\">Dr. T\u0151ke Judit (PhD)<\/td>\n<\/tr>\n<tr>\n<td style=\"width: 68.0544%\">\u00daj patomechanizmusok \u00e9s ter\u00e1pi\u00e1s lehet\u0151s\u00e9gek phaeochromocytom\u00e1ban \u00e9s paragangliom\u00e1ban<\/td>\n<td style=\"width: 31.8535%\">Dr. Igaz P\u00e9ter (MTA doktora)<\/td>\n<\/tr>\n<tr>\n<td style=\"width: 68.0544%\">Az izot\u00f3pkezel\u00e9sek perspekt\u00edv\u00e1i neuroendokrin daganatokban<\/td>\n<td style=\"width: 31.8535%\">Dr. Igaz P\u00e9ter (MTA doktora)<\/td>\n<\/tr>\n<tr>\n<td style=\"width: 68.0544%\">Mell\u00e9kvesek\u00e9reg-carcinoma molekul\u00e1ris alap\u00fa oszt\u00e1lyoz\u00e1sa \u00e9s potenci\u00e1lis \u00faj kezel\u00e9si lehet\u0151s\u00e9gei<\/td>\n<td style=\"width: 31.8535%\">Dr. Igaz P\u00e9ter (MTA doktora)<\/td>\n<\/tr>\n<tr>\n<td style=\"width: 68.0544%\">Phenylketonuria feln\u0151ttkorban<\/td>\n<td style=\"width: 31.8535%\">Dr. Reismann P\u00e9ter (PhD)<\/td>\n<\/tr>\n<\/tbody>\n<\/table>\n<p>\u00e9rt\u00e9s<\/p>\n","protected":false},"excerpt":{"rendered":"<p>A Belgy\u00f3gy\u00e1szati \u00e9s Onkol\u00f3giai Klinika\/Endokrinol\u00f3giai Tansz\u00e9k \u00e1ltal meghirdetett Tudom\u00e1nyos Di\u00e1kk\u00f6ri \u00e9s Rektori P\u00e1ly\u00e1zati t\u00e9m\u00e1k A t\u00e9m\u00e1k a <a href=\"http:\/\/www.bel1.semmelweis.hu\/hirek.aspx\">Belgy\u00f3gy\u00e1szati \u00e9s Onkol\u00f3giai Klinika honlapj\u00e1n<\/a> is el\u00e9rhet\u0151ek lesznek. TDK-munka c\u00edme T\u00e9mavezet\u0151 neve (fokozattal) Nem-k\u00f3dol\u00f3 RNS biomarkerek vizsg\u00e1lata mell\u00e9kvese \u00e9s neuroendokrin daganatokban Dr. Igaz P\u00e9ter (MTA doktora) Oszteodenzitometria \u00e9s egy\u00e9b csontvizsg\u00e1l\u00f3 elj\u00e1r\u00e1sok Dr. Horv\u00e1th Csaba (MTA doktora) A csontmin\u0151s\u00e9g vizsg\u00e1lata ultrahangm\u00f3dszerrel Dr. Horv\u00e1th Csaba &hellip;<\/p>\n","protected":false},"author":101302,"featured_media":0,"parent":0,"menu_order":0,"comment_status":"closed","ping_status":"closed","template":"","meta":{"_acf_changed":false,"footnotes":""},"categories":[],"tags":[],"class_list":["post-228","page","type-page","status-publish","hentry"],"acf":[],"_links":{"self":[{"href":"https:\/\/semmelweis.hu\/endokrinologia\/wp-json\/wp\/v2\/pages\/228","targetHints":{"allow":["GET"]}}],"collection":[{"href":"https:\/\/semmelweis.hu\/endokrinologia\/wp-json\/wp\/v2\/pages"}],"about":[{"href":"https:\/\/semmelweis.hu\/endokrinologia\/wp-json\/wp\/v2\/types\/page"}],"author":[{"embeddable":true,"href":"https:\/\/semmelweis.hu\/endokrinologia\/wp-json\/wp\/v2\/users\/101302"}],"replies":[{"embeddable":true,"href":"https:\/\/semmelweis.hu\/endokrinologia\/wp-json\/wp\/v2\/comments?post=228"}],"version-history":[{"count":5,"href":"https:\/\/semmelweis.hu\/endokrinologia\/wp-json\/wp\/v2\/pages\/228\/revisions"}],"predecessor-version":[{"id":294,"href":"https:\/\/semmelweis.hu\/endokrinologia\/wp-json\/wp\/v2\/pages\/228\/revisions\/294"}],"wp:attachment":[{"href":"https:\/\/semmelweis.hu\/endokrinologia\/wp-json\/wp\/v2\/media?parent=228"}],"wp:term":[{"taxonomy":"category","embeddable":true,"href":"https:\/\/semmelweis.hu\/endokrinologia\/wp-json\/wp\/v2\/categories?post=228"},{"taxonomy":"post_tag","embeddable":true,"href":"https:\/\/semmelweis.hu\/endokrinologia\/wp-json\/wp\/v2\/tags?post=228"}],"curies":[{"name":"wp","href":"https:\/\/api.w.org\/{rel}","templated":true}]}}