{"id":224,"date":"2020-10-06T12:57:51","date_gmt":"2020-10-06T10:57:51","guid":{"rendered":"https:\/\/semmelweis.hu\/endokrinologia\/?page_id=224"},"modified":"2026-04-10T21:29:44","modified_gmt":"2026-04-10T19:29:44","slug":"szakdolgozati-rektori-palyazat-es-tdk-temak","status":"publish","type":"page","link":"https:\/\/semmelweis.hu\/endokrinologia\/szakdolgozati-rektori-palyazat-es-tdk-temak\/","title":{"rendered":"Szakdolgozati t\u00e9m\u00e1k"},"content":{"rendered":"<p style=\"text-align: center\"><strong>Szakdolgozat t\u00e9m\u00e1k <\/strong><\/p>\n<p style=\"text-align: center\"><strong>Semmelweis Egyetem \u00c1OK Belgy\u00f3gy\u00e1szati \u00e9s Onkol\u00f3giai Klinika<\/strong><\/p>\n<p style=\"text-align: center\"><strong>Endokrinol\u00f3giai Tansz\u00e9k<\/strong><\/p>\n<p>A Szakdolgozati t\u00e9m\u00e1k a <a href=\"http:\/\/www.bel1.semmelweis.hu\/info.aspx?sp=46\">Belgy\u00f3gy\u00e1szati \u00e9s Onkol\u00f3giai Klinika honlapj\u00e1n<\/a> is megtal\u00e1lhat\u00f3k lesznek<\/p>\n<p>&nbsp;<\/p>\n<p>&nbsp;<\/p>\n<p><u>Konzulens<\/u>: <strong>Dr. Horv\u00e1th Csaba<\/strong><\/p>\n<ul>\n<li>Oszteodenzitometria \u00e9s egy\u00e9b csontvizsg\u00e1l\u00f3 elj\u00e1r\u00e1sok<\/li>\n<li>A csontmin\u0151s\u00e9g vizsg\u00e1lata ultrahangm\u00f3dszerrel<\/li>\n<li>A csont t\u00f6r\u00e9kenys\u00e9g t\u00e9nyez\u0151i, vizsg\u00e1lata \u00e9s befoly\u00e1sol\u00e1sa<\/li>\n<li>Szekunder oszteopor\u00f3zisok<\/li>\n<li>A kalcium vesek\u0151betegs\u00e9g k\u00f3rsz\u00e1rmaz\u00e1sa \u00e9s kezel\u00e9se<\/li>\n<li>A test\u00f6sszet\u00e9tel vizsg\u00e1lata<\/li>\n<\/ul>\n<p>&nbsp;<\/p>\n<p><u>Konzulens:<\/u> <strong>Dr.Horv\u00e1th Csaba \/ Dr.M\u00e9sz\u00e1ros Szilvia t\u00e1rst\u00e9ma vezet\u0151<\/strong><\/p>\n<ul>\n<li>Akromeg\u00e1li\u00e1s betegek csontanyacsere \u00e9s test\u00f6sszet\u00e9tel vizsg\u00e1lata\u00a0<\/li>\n<\/ul>\n<p>&nbsp;<\/p>\n<p><u>Konzulens:<\/u> <strong>Dr. Igaz P\u00e9ter<\/strong><\/p>\n<ul>\n<li>Mell\u00e9kvese daganatok multiplex endokrin neoplasia 1-es t\u00edpus\u00e1ban<\/li>\n<li>A chromogranin feh\u00e9rj\u00e9k jelent\u0151s\u00e9ge tumormarkerk\u00e9nt \u00e9s biol\u00f3giai aktivit\u00e1suk<\/li>\n<li>Ritka endokrin carcinom\u00e1k (hypophysis carcinoma, mell\u00e9kpajzsmirigy carcinoma, mell\u00e9kvesek\u00e9reg carcinoma)<\/li>\n<\/ul>\n<p>&nbsp;<\/p>\n<p><u>Konzulens<\/u>: <strong>Dr. Putz Zsuzsanna <\/strong><\/p>\n<ul>\n<li>A diabeteses neuropathia pathogenezis\u00e9nek \u00e9s diagnosztik\u00e1j\u00e1nak \u00fajabb aspektusai<\/li>\n<li>Auton\u00f3m \u00e9s szenzoros idegrendszeri k\u00e1rosod\u00e1s genetikai vizsg\u00e1lata diabetes mellitusban<\/li>\n<\/ul>\n<p>&nbsp;<\/p>\n<p><u>Konzulens:<\/u> <strong>Dr. Sz\u00fccs Nikolette<\/strong><\/p>\n<ul>\n<li>A sellat\u00e1ji macroadenom\u00e1k klinikopatol\u00f3gia jellemz\u0151i<\/li>\n<li>Transz-szexu\u00e1lis szem\u00e9lyek tranzici\u00f3ja<\/li>\n<\/ul>\n<p>&nbsp;<\/p>\n<p><u>Konzulens<\/u>: <strong>Dr. T\u0151ke Judit<\/strong><\/p>\n<ul>\n<li>Endokrin diszruptor vegy\u00fcletek hat\u00e1sai a hormonrendszer m\u0171k\u00f6d\u00e9s\u00e9re<\/li>\n<li>Genetikai vizsg\u00e1latok jelent\u0151s\u00e9ge a phaeochromocytoma\/paraganglioma diagnosztik\u00e1j\u00e1ban, kezel\u00e9s\u00e9ben \u00e9s a betegek k\u00f6vet\u00e9s\u00e9ben<\/li>\n<\/ul>\n<p>&nbsp;<\/p>\n<p><u>Konzulens:<\/u> <strong>Dr. Reismann P\u00e9ter<\/strong><\/p>\n<ul>\n<li>Phenylketonuria &#8211; \u00faj kih\u00edv\u00e1sok<\/li>\n<\/ul>\n","protected":false},"excerpt":{"rendered":"<p>Szakdolgozat t\u00e9m\u00e1k Semmelweis Egyetem \u00c1OK Belgy\u00f3gy\u00e1szati \u00e9s Onkol\u00f3giai Klinika Endokrinol\u00f3giai Tansz\u00e9k A Szakdolgozati t\u00e9m\u00e1k a <a href=\"http:\/\/www.bel1.semmelweis.hu\/info.aspx?sp=46\">Belgy\u00f3gy\u00e1szati \u00e9s Onkol\u00f3giai Klinika honlapj\u00e1n<\/a> is megtal\u00e1lhat\u00f3k lesznek &nbsp; &nbsp; Konzulens: Dr. Horv\u00e1th Csaba Oszteodenzitometria \u00e9s egy\u00e9b csontvizsg\u00e1l\u00f3 elj\u00e1r\u00e1sok A csontmin\u0151s\u00e9g vizsg\u00e1lata ultrahangm\u00f3dszerrel A csont t\u00f6r\u00e9kenys\u00e9g t\u00e9nyez\u0151i, vizsg\u00e1lata \u00e9s befoly\u00e1sol\u00e1sa Szekunder oszteopor\u00f3zisok A kalcium vesek\u0151betegs\u00e9g k\u00f3rsz\u00e1rmaz\u00e1sa \u00e9s kezel\u00e9se A test\u00f6sszet\u00e9tel vizsg\u00e1lata &nbsp; Konzulens: Dr.Horv\u00e1th Csaba &hellip;<\/p>\n","protected":false},"author":101302,"featured_media":0,"parent":0,"menu_order":0,"comment_status":"closed","ping_status":"closed","template":"","meta":{"_acf_changed":false,"footnotes":""},"categories":[],"tags":[],"class_list":["post-224","page","type-page","status-publish","hentry"],"acf":[],"_links":{"self":[{"href":"https:\/\/semmelweis.hu\/endokrinologia\/wp-json\/wp\/v2\/pages\/224","targetHints":{"allow":["GET"]}}],"collection":[{"href":"https:\/\/semmelweis.hu\/endokrinologia\/wp-json\/wp\/v2\/pages"}],"about":[{"href":"https:\/\/semmelweis.hu\/endokrinologia\/wp-json\/wp\/v2\/types\/page"}],"author":[{"embeddable":true,"href":"https:\/\/semmelweis.hu\/endokrinologia\/wp-json\/wp\/v2\/users\/101302"}],"replies":[{"embeddable":true,"href":"https:\/\/semmelweis.hu\/endokrinologia\/wp-json\/wp\/v2\/comments?post=224"}],"version-history":[{"count":10,"href":"https:\/\/semmelweis.hu\/endokrinologia\/wp-json\/wp\/v2\/pages\/224\/revisions"}],"predecessor-version":[{"id":411,"href":"https:\/\/semmelweis.hu\/endokrinologia\/wp-json\/wp\/v2\/pages\/224\/revisions\/411"}],"wp:attachment":[{"href":"https:\/\/semmelweis.hu\/endokrinologia\/wp-json\/wp\/v2\/media?parent=224"}],"wp:term":[{"taxonomy":"category","embeddable":true,"href":"https:\/\/semmelweis.hu\/endokrinologia\/wp-json\/wp\/v2\/categories?post=224"},{"taxonomy":"post_tag","embeddable":true,"href":"https:\/\/semmelweis.hu\/endokrinologia\/wp-json\/wp\/v2\/tags?post=224"}],"curies":[{"name":"wp","href":"https:\/\/api.w.org\/{rel}","templated":true}]}}