{"id":219,"date":"2020-10-06T12:45:20","date_gmt":"2020-10-06T10:45:20","guid":{"rendered":"https:\/\/semmelweis.hu\/endokrinologia\/?page_id=219"},"modified":"2020-10-06T12:56:47","modified_gmt":"2020-10-06T10:56:47","slug":"alapitvany","status":"publish","type":"page","link":"https:\/\/semmelweis.hu\/endokrinologia\/alapitvany\/","title":{"rendered":"Alap\u00edtv\u00e1ny"},"content":{"rendered":"<p>A volt II. Belgy\u00f3gy\u00e1szati Klinika alap\u00edtv\u00e1nya, a <strong>Kedves N\u0151v\u00e9r Alap\u00edtv\u00e1ny<\/strong> f\u0151 c\u00e9lja a kor\u00e1bbi II. Belgy\u00f3gy\u00e1szati Klinik\u00e1n dolgoz\u00f3, \u00e9s jelenleg a jogut\u00f3d Belgy\u00f3gy\u00e1szati \u00e9s Hematol\u00f3giai Klinik\u00e1n, valamint a Belgy\u00f3gy\u00e1szati \u00e9s Onkol\u00f3giai Klinik\u00e1n tov\u00e1bb dolgoz\u00f3 n\u0151v\u00e9rek \u00e9s eg\u00e9szs\u00e9g\u00fcgyi dolgoz\u00f3k t\u00e1mogat\u00e1sa, \u00e9s a kapcsol\u00f3d\u00f3 infrastrukt\u00fara fejleszt\u00e9se.<\/p>\n<p>Az Alap\u00edtv\u00e1ny t\u00e1mogatja a <strong>belgy\u00f3gy\u00e1sza<\/strong>t, \u00e9s azon bel\u00fcl k\u00fcl\u00f6n\u00f6sen az <strong>endokrinol\u00f3gia<\/strong> \u00e9s <strong>gastroenterol\u00f3gia<\/strong> klinikai \u00e9s tudom\u00e1nyos m\u0171vel\u00e9s\u00e9t.<\/p>\n<p>Az alap\u00edtv\u00e1ny ad\u00f3sz\u00e1ma: 19622330-1-42<\/p>\n<p>Banksz\u00e1mlasz\u00e1ma: K&amp;H Bank: 10200823-22217826-00000000<\/p>\n<p>Sz\u00e9khelye: 1183 Budapest, Babits M. u. 12.<\/p>\n<p>.<\/p>\n","protected":false},"excerpt":{"rendered":"<p>A volt II. Belgy\u00f3gy\u00e1szati Klinika alap\u00edtv\u00e1nya, a Kedves N\u0151v\u00e9r Alap\u00edtv\u00e1ny f\u0151 c\u00e9lja a kor\u00e1bbi II. Belgy\u00f3gy\u00e1szati Klinik\u00e1n dolgoz\u00f3, \u00e9s jelenleg a jogut\u00f3d Belgy\u00f3gy\u00e1szati \u00e9s Hematol\u00f3giai Klinik\u00e1n, valamint a Belgy\u00f3gy\u00e1szati \u00e9s Onkol\u00f3giai Klinik\u00e1n tov\u00e1bb dolgoz\u00f3 n\u0151v\u00e9rek \u00e9s eg\u00e9szs\u00e9g\u00fcgyi dolgoz\u00f3k t\u00e1mogat\u00e1sa, \u00e9s a kapcsol\u00f3d\u00f3 infrastrukt\u00fara fejleszt\u00e9se. Az Alap\u00edtv\u00e1ny t\u00e1mogatja a belgy\u00f3gy\u00e1szat, \u00e9s azon bel\u00fcl k\u00fcl\u00f6n\u00f6sen az endokrinol\u00f3gia &hellip;<\/p>\n","protected":false},"author":101302,"featured_media":0,"parent":0,"menu_order":0,"comment_status":"closed","ping_status":"closed","template":"","meta":{"_acf_changed":false,"footnotes":""},"categories":[],"tags":[],"class_list":["post-219","page","type-page","status-publish","hentry"],"acf":[],"_links":{"self":[{"href":"https:\/\/semmelweis.hu\/endokrinologia\/wp-json\/wp\/v2\/pages\/219","targetHints":{"allow":["GET"]}}],"collection":[{"href":"https:\/\/semmelweis.hu\/endokrinologia\/wp-json\/wp\/v2\/pages"}],"about":[{"href":"https:\/\/semmelweis.hu\/endokrinologia\/wp-json\/wp\/v2\/types\/page"}],"author":[{"embeddable":true,"href":"https:\/\/semmelweis.hu\/endokrinologia\/wp-json\/wp\/v2\/users\/101302"}],"replies":[{"embeddable":true,"href":"https:\/\/semmelweis.hu\/endokrinologia\/wp-json\/wp\/v2\/comments?post=219"}],"version-history":[{"count":3,"href":"https:\/\/semmelweis.hu\/endokrinologia\/wp-json\/wp\/v2\/pages\/219\/revisions"}],"predecessor-version":[{"id":223,"href":"https:\/\/semmelweis.hu\/endokrinologia\/wp-json\/wp\/v2\/pages\/219\/revisions\/223"}],"wp:attachment":[{"href":"https:\/\/semmelweis.hu\/endokrinologia\/wp-json\/wp\/v2\/media?parent=219"}],"wp:term":[{"taxonomy":"category","embeddable":true,"href":"https:\/\/semmelweis.hu\/endokrinologia\/wp-json\/wp\/v2\/categories?post=219"},{"taxonomy":"post_tag","embeddable":true,"href":"https:\/\/semmelweis.hu\/endokrinologia\/wp-json\/wp\/v2\/tags?post=219"}],"curies":[{"name":"wp","href":"https:\/\/api.w.org\/{rel}","templated":true}]}}