{"id":189,"date":"2020-09-21T13:41:18","date_gmt":"2020-09-21T11:41:18","guid":{"rendered":"https:\/\/semmelweis.hu\/endokrinologia\/?page_id=189"},"modified":"2026-04-10T21:58:18","modified_gmt":"2026-04-10T19:58:18","slug":"unterricht","status":"publish","type":"page","link":"https:\/\/semmelweis.hu\/endokrinologia\/de\/unterricht\/","title":{"rendered":"Unterricht"},"content":{"rendered":"<p>Der Wahlkurs &#8222;Klinische Endokrinologie&#8221; f\u00fcr Studenten der 4. und 5. Jahrganges ist organisiert im ersten Semester am Montag, 16:30-18:00 in dem H\u00f6rsaal der Klinik der Inneren Medizin und Onkologie (Kor\u00e1nyi S. Str. 2\/a). Die Vorlesungen finden jede Woche statt.<\/p>\n<p><strong>Programm des Wahlpflichtfachs &#8222;Klinische Endokrinologie&#8221;<\/strong><\/p>\n<p><strong>AOVBOK787_1N<\/strong><\/p>\n<ol>\n<li>Einf\u00fchrung. Erkrankungen der Hypophyse und Hypothalamus \u2013 Prof. Peter Igaz<\/li>\n<li>Hypophysenadenom (Prolaktinom, Akromegalie) \u2013 Prof. Peter Igaz<\/li>\n<li>Hypopituitarismus \u2013 Prof. Peter Igaz<\/li>\n<li>Hypercortisolismus \u2013 Prof. Peter Igaz<\/li>\n<li>Endokrine Hypertonie I. (Ph\u00e4ochromozytom) \u2013 Prof. Peter Igaz<\/li>\n<li>Endokrine Hypertonie II. (prim\u00e4rer und sekund\u00e4rer Aldosteronismus) \u2013 Prof. Peter Igaz<\/li>\n<li>Schilddr\u00fcsenerkrankungen I. (Hyper- und Hypothyreose) \u2013 Prof. Peter Igaz<\/li>\n<li>Schilddr\u00fcsenerkrankungen II. Thyreoiditis und Schilddr\u00fcsentumore \u2013 Dr. Peter Igaz<\/li>\n<li>Autoimmune polyendokrine Syndrome \u2013 Prof. Peter Igaz<\/li>\n<li>Neuroendokrine Tumore \u2013 Prof. Peter Igaz<\/li>\n<li>Multiple endokrine Neoplasien \u2013 Prof. Peter Igaz<\/li>\n<li>St\u00f6rungen der sexuellen Differentiation<\/li>\n<li>Paraneoplastische endokrine Syndrome \u2013 Prof. Peter Igaz<\/li>\n<li>Pr\u00fcfung (schriftlicher Test) \u2013 Prof. Peter Igaz<\/li>\n<\/ol>\n<p>&nbsp;<\/p>\n<p><strong>Programm des Wahlfachs Genetik der Endokrinen Erkrankungen\u00a0<\/strong><\/p>\n<p>Das Programm der Vorlesungen &#8211; Vorlesungs pdf sind auf dem Moodle hochgeladen:<\/p>\n<p>Die Vorlesungen werden von Prof. Dr. med. Peter Igaz gehalten jede zweite Woche:<\/p>\n<p><strong>1. <\/strong>\u00dcbersicht von endokrinen Erkrankungen mit genetischen Hintergrund. Multiple endokrine Neoplasien (Dr. Igaz P\u00e9ter, Lehrstuhl der Endokrinologie, Klinik der Inneren Medizin und Onkologie)<\/p>\n<p><strong>2. <\/strong>Genetik des Ph\u00e4ochromozytoms. Genetik des prim\u00e4ren Aldosteronismus und Nebennierenkrebs. (Dr. Igaz P\u00e9ter, Lehrstuhl der Endokrinologie, Klinik der Inneren Medizin und Onkologie)<\/p>\n<p><strong>3. <\/strong>Genetik der Hypophysentumore und Hypopituitarismus. (Dr. Igaz P\u00e9ter, Lehrstuhl der Endokrinologie, Klinik der Inneren Medizin und Onkologie)<\/p>\n<p><strong>4. <\/strong>Hormonresistenz Syndrome (Dr. Igaz P\u00e9ter, Lehrstuhl der Endokrinologie, Klinik der Inneren Medizin und Onkologie)<\/p>\n<p><strong>5. <\/strong>Genetik der kongenitalen adrenalen Hyperplasie (Dr. Igaz P\u00e9ter, Lehrstuhl der Endokrinologie, Klinik der Inneren Medizin und Onkologie)<\/p>\n<p><strong>6. <\/strong>Relevanz von Chromosomaberrationen in der Endokrinologie (Turner Syndrom, Klinefelter Syndrom, Prader-Willi Syndrom) (Dr. Igaz P\u00e9ter, Lehrstuhl der Endokrinologie, Klinik der Inneren Medizin und Onkologie)<\/p>\n<p>7. Testpr\u00fcfung<\/p>\n<p>&nbsp;<\/p>\n<p><strong>Programm des Wahlfachs &#8211; Endokrine Onkologie:<\/strong><\/p>\n<p><strong>Endokrine Onkologie<\/strong><\/p>\n<p>Vorlesungen jede 2 Woche gehalten<\/p>\n<p><strong>Klinik der Inneren Medizin und Onkologie, Lehrstuhl der Endokrinologie<\/strong><\/p>\n<p><strong>1.<\/strong> Einf\u00fchrung ins Feld der endokrinen Tumoren. (Prof. Dr. Peter Igaz, Lehrstuhl der Endokrinologie, Klinik der Inneren Medizin und Onkologie)<\/p>\n<p><strong>2.<\/strong> Diagnose, Ultraschallzeichen und Behandlung von Schilddr\u00fcsenkrebs (Dr. Peter Reismann, Lehrstuhl der Endokrinologie, Klinik der Inneren Medizin und Onkologie)\u0171<\/p>\n<p><strong>3.<\/strong> Vererbliche Tumorsyndrome (Prof. Dr. Peter Igaz, Lehrstuhl der Endokrinologie, Klinik der Inneren Medizin und Onkologie)<\/p>\n<p><strong>4.<\/strong> Nebennierenkarzinom und b\u00f6sartiges Phaochromozytom (Prof. Dr. Peter Igaz, Lehrstuhl der Endokrinologie, Klinik der Inneren Medizin und Onkologie)<\/p>\n<p><strong>5.<\/strong> Neuroendokrine Tumore (Prof. Dr. Peter Igaz, Lehrstuhl der Endokrinologie, Klinik der Inneren Medizin und Onkologie)<\/p>\n<p><strong>6.<\/strong> Paraneoplastische endokrine Syndrome (Prof. Dr. Peter Igaz, Lehrstuhl der Endokrinologie, Klinik der Inneren Medizin und Onkologie)<\/p>\n<p><strong>7.<\/strong> Testpr\u00fcfung<\/p>\n<p>&nbsp;<\/p>\n","protected":false},"excerpt":{"rendered":"<p>Der Wahlkurs &#8222;Klinische Endokrinologie&#8221; f\u00fcr Studenten der 4. und 5. Jahrganges ist organisiert im ersten Semester am Montag, 16:30-18:00 in dem H\u00f6rsaal der Klinik der Inneren Medizin und Onkologie (Kor\u00e1nyi S. Str. 2\/a). Die Vorlesungen finden jede Woche statt. Programm des Wahlpflichtfachs &#8222;Klinische Endokrinologie&#8221; AOVBOK787_1N Einf\u00fchrung. Erkrankungen der Hypophyse und Hypothalamus \u2013 Prof. Peter Igaz &hellip;<\/p>\n","protected":false},"author":101302,"featured_media":0,"parent":0,"menu_order":0,"comment_status":"closed","ping_status":"closed","template":"","meta":{"_acf_changed":false,"footnotes":""},"categories":[],"tags":[],"class_list":["post-189","page","type-page","status-publish","hentry"],"acf":[],"_links":{"self":[{"href":"https:\/\/semmelweis.hu\/endokrinologia\/wp-json\/wp\/v2\/pages\/189","targetHints":{"allow":["GET"]}}],"collection":[{"href":"https:\/\/semmelweis.hu\/endokrinologia\/wp-json\/wp\/v2\/pages"}],"about":[{"href":"https:\/\/semmelweis.hu\/endokrinologia\/wp-json\/wp\/v2\/types\/page"}],"author":[{"embeddable":true,"href":"https:\/\/semmelweis.hu\/endokrinologia\/wp-json\/wp\/v2\/users\/101302"}],"replies":[{"embeddable":true,"href":"https:\/\/semmelweis.hu\/endokrinologia\/wp-json\/wp\/v2\/comments?post=189"}],"version-history":[{"count":10,"href":"https:\/\/semmelweis.hu\/endokrinologia\/wp-json\/wp\/v2\/pages\/189\/revisions"}],"predecessor-version":[{"id":425,"href":"https:\/\/semmelweis.hu\/endokrinologia\/wp-json\/wp\/v2\/pages\/189\/revisions\/425"}],"wp:attachment":[{"href":"https:\/\/semmelweis.hu\/endokrinologia\/wp-json\/wp\/v2\/media?parent=189"}],"wp:term":[{"taxonomy":"category","embeddable":true,"href":"https:\/\/semmelweis.hu\/endokrinologia\/wp-json\/wp\/v2\/categories?post=189"},{"taxonomy":"post_tag","embeddable":true,"href":"https:\/\/semmelweis.hu\/endokrinologia\/wp-json\/wp\/v2\/tags?post=189"}],"curies":[{"name":"wp","href":"https:\/\/api.w.org\/{rel}","templated":true}]}}