{"id":15,"date":"2020-08-10T13:36:24","date_gmt":"2020-08-10T11:36:24","guid":{"rendered":"https:\/\/semmelweis.hu\/endokrinologia\/?page_id=15"},"modified":"2025-11-20T13:12:15","modified_gmt":"2025-11-20T12:12:15","slug":"elerhetoseg","status":"publish","type":"page","link":"https:\/\/semmelweis.hu\/endokrinologia\/elerhetoseg\/","title":{"rendered":"Kapcsolat"},"content":{"rendered":"<p><strong><span style=\"font-size: 18pt;\">Endokrinol\u00f3giai Tansz\u00e9k<\/span><\/strong><br \/><strong><span style=\"font-size: 18pt;\">Belgy\u00f3gy\u00e1szati \u00e9s Onkol\u00f3giai Klinika<\/span> <\/strong><\/p>\n<p>C\u00edm: 1083 Budapest, Kor\u00e1nyi S\u00e1ndor u. 2\/a<br \/>Tel: +36-1-2660816<\/p>\n<p>e-mail: <a href=\"mailto:endo.tanszek@semmelweis.hu\">endo.tanszek@semmelweis.hu<\/a><\/p>\n\n<!-- iframe plugin v.4.9 wordpress.org\/plugins\/iframe\/ -->\n<iframe loading=\"lazy\" style=\"border: 0;\" tabindex=\"0\" src=\"https:\/\/www.google.com\/maps\/embed?pb=!1m18!1m12!1m3!1d2696.36870877763!2d19.081155715626252!3d47.48273017917662!2m3!1f0!2f0!3f0!3m2!1i1024!2i768!4f13.1!3m3!1m2!1s0x4741dcfabf5ced2b%3A0x75af59a11ecda592!2sBudapest%2C%20Semmelweis%20Egyetem%20I.%20Sz.%20Belgy%C3%B3gy%C3%A1szati%20Klinika%2C%20Kor%C3%A1nyi%20S%C3%A1ndor%20u.%202%2Fa%2C%201082!5e0!3m2!1shu!2shu!4v1599560889806!5m2!1shu!2shu\" width=\"100%\" height=\"450\" frameborder=\"0\" allowfullscreen=\"allowfullscreen\" aria-hidden=\"false\" scrolling=\"yes\" class=\"iframe-class\"><\/iframe>\n\n","protected":false},"excerpt":{"rendered":"<p>Endokrinol\u00f3giai Tansz\u00e9kBelgy\u00f3gy\u00e1szati \u00e9s Onkol\u00f3giai Klinika<br \/>\nC\u00edm: 1083 Budapest, Kor\u00e1nyi S\u00e1ndor u. 2\/aTel: +36-1-2660816<br \/>\ne-mail: <a href=\"mailto:endo.tanszek@semmelweis.hu\">endo.tanszek@semmelweis.hu<\/a><\/p>\n","protected":false},"author":12,"featured_media":0,"parent":0,"menu_order":8,"comment_status":"closed","ping_status":"closed","template":"","meta":{"_acf_changed":false,"footnotes":""},"categories":[],"tags":[],"class_list":["post-15","page","type-page","status-publish","hentry"],"acf":[],"_links":{"self":[{"href":"https:\/\/semmelweis.hu\/endokrinologia\/wp-json\/wp\/v2\/pages\/15","targetHints":{"allow":["GET"]}}],"collection":[{"href":"https:\/\/semmelweis.hu\/endokrinologia\/wp-json\/wp\/v2\/pages"}],"about":[{"href":"https:\/\/semmelweis.hu\/endokrinologia\/wp-json\/wp\/v2\/types\/page"}],"author":[{"embeddable":true,"href":"https:\/\/semmelweis.hu\/endokrinologia\/wp-json\/wp\/v2\/users\/12"}],"replies":[{"embeddable":true,"href":"https:\/\/semmelweis.hu\/endokrinologia\/wp-json\/wp\/v2\/comments?post=15"}],"version-history":[{"count":9,"href":"https:\/\/semmelweis.hu\/endokrinologia\/wp-json\/wp\/v2\/pages\/15\/revisions"}],"predecessor-version":[{"id":397,"href":"https:\/\/semmelweis.hu\/endokrinologia\/wp-json\/wp\/v2\/pages\/15\/revisions\/397"}],"wp:attachment":[{"href":"https:\/\/semmelweis.hu\/endokrinologia\/wp-json\/wp\/v2\/media?parent=15"}],"wp:term":[{"taxonomy":"category","embeddable":true,"href":"https:\/\/semmelweis.hu\/endokrinologia\/wp-json\/wp\/v2\/categories?post=15"},{"taxonomy":"post_tag","embeddable":true,"href":"https:\/\/semmelweis.hu\/endokrinologia\/wp-json\/wp\/v2\/tags?post=15"}],"curies":[{"name":"wp","href":"https:\/\/api.w.org\/{rel}","templated":true}]}}