{"id":112,"date":"2020-09-14T14:03:18","date_gmt":"2020-09-14T12:03:18","guid":{"rendered":"https:\/\/semmelweis.hu\/endokrinologia\/?page_id=112"},"modified":"2026-04-10T21:28:00","modified_gmt":"2026-04-10T19:28:00","slug":"oktatasi-informaciok","status":"publish","type":"page","link":"https:\/\/semmelweis.hu\/endokrinologia\/oktatasi-informaciok\/","title":{"rendered":"Oktat\u00e1si inform\u00e1ci\u00f3k"},"content":{"rendered":"<p>A Tansz\u00e9k r\u00e9szt vesz ill. szervezi a Belgy\u00f3gy\u00e1szat I. tant\u00e1rgy endokrinol\u00f3giai oktat\u00e1s\u00e1t. Az oktat\u00e1si anyagok a <a href=\"http:\/\/www.bel1.semmelweis.hu\/info.aspx?sp=46\">Belgy\u00f3gy\u00e1szati \u00e9s Onkol\u00f3giai Klinika honlapj\u00e1n<\/a> tal\u00e1lhat\u00f3k meg.<\/p>\n<p><strong>A Tansz\u00e9khoz kapcsol\u00f3d\u00f3 klinikai fakult\u00e1ci\u00f3k:<\/strong><\/p>\n<p>Az Endokrin Betegs\u00e9gek Genetik\u00e1ja (vezet\u0151: Prof. Igaz P\u00e9ter)<\/p>\n<p>Endokrin Onkol\u00f3gia (vezet\u0151: Prof. Igaz P\u00e9ter)<\/p>\n<p>&nbsp;<\/p>\n<p><strong>Az Endokrin Betegs\u00e9gek Genetik\u00e1ja szabadon v\u00e1laszthat\u00f3 t\u00e1rgy tematik\u00e1ja<\/strong><\/p>\n<p>Kurzusvezet\u0151: Prof. Igaz P\u00e9ter<\/p>\n<p><strong>1.<\/strong> A genetikai h\u00e1tter\u0171 endokrin betegs\u00e9gek \u00e1ttekint\u00e9se, a kurzus sor\u00e1n t\u00e1rgyaland\u00f3 f\u0151bb betegs\u00e9gcsoportok \u00e9s genetikai mechanizmusok. (Dr. Igaz P\u00e9ter, Endokrinol\u00f3giai Tansz\u00e9k. Belgy\u00f3gy\u00e1szati \u00e9s Onkol\u00f3giai Klinika)<\/p>\n<p><strong>2. <\/strong>Multiplex endokrin neoplasia szindr\u00f3m\u00e1k (Dr. Igaz P\u00e9ter, Endokrinol\u00f3giai Tansz\u00e9k. Belgy\u00f3gy\u00e1szati \u00e9s Onkol\u00f3giai Klinika)<\/p>\n<p><strong>3. <\/strong>A phaeochromocytoma genetik\u00e1ja (Dr. Pat\u00f3cs Attila, SE \u00c1OK Laborat\u00f3riumi Medicina Int\u00e9zet, Orsz\u00e1gos Onkol\u00f3giai Int\u00e9zet)<\/p>\n<p><strong>4. <\/strong>A hypophysis daganatainak \u00e9s a hypopituitarismus genetik\u00e1ja (Dr Butz Henriett, Orsz\u00e1gos Onkol\u00f3giai Int\u00e9zet)<\/p>\n<p><strong>5. <\/strong>A Ca-szenzor mut\u00e1ci\u00f3inak jelent\u0151s\u00e9ge az endokrinol\u00f3gi\u00e1ban (Dr. T\u0151ke Judit, Endokrinol\u00f3giai Tansz\u00e9k. Belgy\u00f3gy\u00e1szati \u00e9s Onkol\u00f3giai Klinika)<\/p>\n<p><strong>6. <\/strong>A primer aldosteronismus, hypercortisolismus \u00e9s a mell\u00e9kvesek\u00e9reg-carcinoma genetik\u00e1ja. Hormonrezisztencia szindr\u00f3m\u00e1k (pajzsmirigyhormon rezisztencia, pseudohypoparathyreosis, gl\u00fckokortikoid rezisztencia, androg\u00e9n inszenzitivit\u00e1s szindr\u00f3ma) (Dr. Igaz P\u00e9ter, Endokrinol\u00f3giai Tansz\u00e9k. Belgy\u00f3gy\u00e1szati \u00e9s Onkol\u00f3giai Klinika)<\/p>\n<p><strong>7. <\/strong>A pajzsmirigydaganatok genetik\u00e1ja (Dr. Lakatos P\u00e9ter, Endokrinol\u00f3giai Tansz\u00e9k. Belgy\u00f3gy\u00e1szati \u00e9s Onkol\u00f3giai Klinika)<\/p>\n<p><strong>8. <\/strong>A congenitalis adrenalis hyperplasia genetik\u00e1ja (Dr. Pat\u00f3cs Attila, SE \u00c1OK Laborat\u00f3riumi Medicina Int\u00e9zet, Orsz\u00e1gos Onkol\u00f3giai Int\u00e9zet)<\/p>\n<p><strong>9. <\/strong>A diabetes mellitus 1-es \u00e9s 2-es t\u00edpus\u00e1nak genetik\u00e1ja (Dr. Luk\u00e1cs Krisztina, Belgy\u00f3gy\u00e1szati \u00e9s Haematol\u00f3giai Klinika)<\/p>\n<p><strong>10. <\/strong>A monog\u00e9nes diabetes mellitus form\u00e1k (MODY) klinikai k\u00e9pe \u00e9s genetik\u00e1ja (Dr. Kocsis Gy\u0151z\u0151, Belgy\u00f3gy\u00e1szati \u00e9s Onkol\u00f3giai Klinika)<\/p>\n<p><strong>11. <\/strong>Kromosz\u00f3maelt\u00e9r\u00e9sek endokrin jelent\u0151s\u00e9ggel (Turner-szindr\u00f3ma, Klinefelter-szindr\u00f3ma, Prader-Willi-szindr\u00f3ma) (Dr. Haltrich Ir\u00e9n, II. Gyermekgy\u00f3gy\u00e1szati Klinika)<\/p>\n<p><strong>12. <\/strong>Ritka, genetikailag meghat\u00e1rozott anyagcsere betegs\u00e9gek (Dr. Reismann P\u00e9ter, Endokrinol\u00f3giai Tansz\u00e9k. Belgy\u00f3gy\u00e1szati \u00e9s Onkol\u00f3giai Klinika)<\/p>\n<p><strong>13. <\/strong>Tesztvizsga (gyakorlati jegy)<\/p>\n<p>&nbsp;<\/p>\n<p><strong>Az Endokrin Onkol\u00f3gia k\u00f6telez\u0151en v\u00e1laszthat\u00f3 fakult\u00e1ci\u00f3 tematik\u00e1ja:<\/strong><\/p>\n<p><strong>1.<\/strong> Bevezet\u00e9s az endokrin daganatok vil\u00e1g\u00e1ba (Prof. Dr. Igaz P\u00e9ter, SE \u00c1OK Belgy\u00f3gy\u00e1szati \u00e9s Onkol\u00f3giai Klinika, Endokrinol\u00f3giai Tansz\u00e9k)<\/p>\n<p><strong>2.<\/strong> \u00d6r\u00f6kl\u0151d\u0151 daganatszindr\u00f3m\u00e1k (Prof. Dr. Igaz P\u00e9ter, SE \u00c1OK Belgy\u00f3gy\u00e1szati \u00e9s Onkol\u00f3giai Klinika, Endokrinol\u00f3giai Tansz\u00e9k)<\/p>\n<p><strong>3. <\/strong>Az endokrin daganatok patogenezise. F\u0151 molekul\u00e1ris utak \u00e9s laborat\u00f3riumi diagnosztika (Prof. Dr. Pat\u00f3cs Attila Pat\u00f3cs, SE \u00c1OK Laborat\u00f3riumi Medicina Int\u00e9zet, Orsz. Onkol\u00f3giai Int\u00e9zet)<\/p>\n<p><strong>4. <\/strong>Agressz\u00edv hypophysis daganatok, hypophysisr\u00e1k (Prof. Dr. T\u00f3th Mikl\u00f3s, SE \u00c1OK Belgy\u00f3gy\u00e1szati \u00e9s Onkol\u00f3giai Klinika, Endokrinol\u00f3giai Tansz\u00e9k)<\/p>\n<p><strong>5. <\/strong>A differenci\u00e1lt pajzsmirigyr\u00e1kok patogenezise, diagn\u00f3zisa \u00e9s kezel\u00e9se (Prof. Dr. Lakatos P\u00e9ter, SE \u00c1OK Belgy\u00f3gy\u00e1szati \u00e9s Onkol\u00f3giai Klinika, Endokrinol\u00f3giai Tansz\u00e9k)<\/p>\n<p><strong>6.<\/strong> A pajzsmirigyr\u00e1kok ultrhang jelei. Anaplasztikus pajzsmirigyr\u00e1k \u00e9s mell\u00e9kpajzsmirigyr\u00e1k (Dr. Reismann P\u00e9ter, SE \u00c1OK Belgy\u00f3gy\u00e1szati \u00e9s Onkol\u00f3giai Klinika, Endokrinol\u00f3giai Tansz\u00e9k)<\/p>\n<p><strong>7. <\/strong>Medull\u00e1ris pajzsmirigyr\u00e1k \u2013 patogenezis, diagn\u00f3zis \u00e9s kezel\u00e9s (Dr. Nagy G\u00e9za, SE \u00c1OK Belgy\u00f3gy\u00e1szati \u00e9s Onkol\u00f3giai Klinika, Endokrinol\u00f3giai Tansz\u00e9k)<\/p>\n<p><strong>8. <\/strong>A mell\u00e9kvese daganatok elk\u00fcl\u00f6n\u00edt\u0151 diagn\u00f3zisa, a malignit\u00e1s meg\u00e1llap\u00edt\u00e1sa. Mell\u00e9kvesek\u00e9regr\u00e1k kezel\u00e9se. (Prof. Dr. Igaz P\u00e9ter, SE \u00c1OK Belgy\u00f3gy\u00e1szati \u00e9s Onkol\u00f3giai Klinika, Endokrinol\u00f3giai Tansz\u00e9k)<\/p>\n<p><strong>9. <\/strong>Metasztatikus phaeochromocytoma (Dr. T\u0151ke Judit, SE \u00c1OK Belgy\u00f3gy\u00e1szati \u00e9s Onkol\u00f3giai Klinika, Endokrinol\u00f3giai Tansz\u00e9k)<\/p>\n<p><strong>10. <\/strong>Neuroendokrin daganatok \u00e9s kezel\u00e9si lehet\u0151s\u00e9g\u00fck (Dr. Uhlyarik Andrea, SE \u00c1OK Belgy\u00f3gy\u00e1szait \u00e9s Onkol\u00f3giai Klinika)<\/p>\n<p><strong>11.<\/strong> Paraneoplasztikus endokrin szindr\u00f3m\u00e1k (Prof. Dr. Igaz P\u00e9ter, SE \u00c1OK Belgy\u00f3gy\u00e1szati \u00e9s Onkol\u00f3giai Klinika, Endokrinol\u00f3giai Tansz\u00e9k)<\/p>\n<p><strong>12.<\/strong> Hormon\u00e9rz\u00e9keny eml\u0151 \u00e9s prostata daganatok \u00e9s hormon\u00e1lis kezel\u00e9s\u00fck (Dr. M\u00fchl Dorottya, SE \u00c1OK Belgy\u00f3gy\u00e1szati \u00e9s Onkol\u00f3giai Klinika, Onkol\u00f3giai profil)<\/p>\n<p><strong>13<\/strong>. tesztvizsga (gyakorlati jegy)<\/p>\n","protected":false},"excerpt":{"rendered":"<p>A Tansz\u00e9k r\u00e9szt vesz ill. szervezi a Belgy\u00f3gy\u00e1szat I. tant\u00e1rgy endokrinol\u00f3giai oktat\u00e1s\u00e1t. Az oktat\u00e1si anyagok a <a href=\"http:\/\/www.bel1.semmelweis.hu\/info.aspx?sp=46\">Belgy\u00f3gy\u00e1szati \u00e9s Onkol\u00f3giai Klinika honlapj\u00e1n<\/a> tal\u00e1lhat\u00f3k meg. A Tansz\u00e9khoz kapcsol\u00f3d\u00f3 klinikai fakult\u00e1ci\u00f3k: Az Endokrin Betegs\u00e9gek Genetik\u00e1ja (vezet\u0151: Prof. Igaz P\u00e9ter) Endokrin Onkol\u00f3gia (vezet\u0151: Prof. Igaz P\u00e9ter) &nbsp; Az Endokrin Betegs\u00e9gek Genetik\u00e1ja szabadon v\u00e1laszthat\u00f3 t\u00e1rgy tematik\u00e1ja Kurzusvezet\u0151: Prof. Igaz P\u00e9ter 1. A genetikai h\u00e1tter\u0171 endokrin &hellip;<\/p>\n","protected":false},"author":101302,"featured_media":0,"parent":0,"menu_order":0,"comment_status":"closed","ping_status":"closed","template":"","meta":{"_acf_changed":false,"footnotes":""},"categories":[],"tags":[],"class_list":["post-112","page","type-page","status-publish","hentry"],"acf":[],"_links":{"self":[{"href":"https:\/\/semmelweis.hu\/endokrinologia\/wp-json\/wp\/v2\/pages\/112","targetHints":{"allow":["GET"]}}],"collection":[{"href":"https:\/\/semmelweis.hu\/endokrinologia\/wp-json\/wp\/v2\/pages"}],"about":[{"href":"https:\/\/semmelweis.hu\/endokrinologia\/wp-json\/wp\/v2\/types\/page"}],"author":[{"embeddable":true,"href":"https:\/\/semmelweis.hu\/endokrinologia\/wp-json\/wp\/v2\/users\/101302"}],"replies":[{"embeddable":true,"href":"https:\/\/semmelweis.hu\/endokrinologia\/wp-json\/wp\/v2\/comments?post=112"}],"version-history":[{"count":10,"href":"https:\/\/semmelweis.hu\/endokrinologia\/wp-json\/wp\/v2\/pages\/112\/revisions"}],"predecessor-version":[{"id":408,"href":"https:\/\/semmelweis.hu\/endokrinologia\/wp-json\/wp\/v2\/pages\/112\/revisions\/408"}],"wp:attachment":[{"href":"https:\/\/semmelweis.hu\/endokrinologia\/wp-json\/wp\/v2\/media?parent=112"}],"wp:term":[{"taxonomy":"category","embeddable":true,"href":"https:\/\/semmelweis.hu\/endokrinologia\/wp-json\/wp\/v2\/categories?post=112"},{"taxonomy":"post_tag","embeddable":true,"href":"https:\/\/semmelweis.hu\/endokrinologia\/wp-json\/wp\/v2\/tags?post=112"}],"curies":[{"name":"wp","href":"https:\/\/api.w.org\/{rel}","templated":true}]}}