{"id":11,"date":"2020-08-10T13:35:45","date_gmt":"2020-08-10T11:35:45","guid":{"rendered":"https:\/\/semmelweis.hu\/endokrinologia\/?page_id=11"},"modified":"2021-01-19T14:05:43","modified_gmt":"2021-01-19T13:05:43","slug":"a-tanszekrol","status":"publish","type":"page","link":"https:\/\/semmelweis.hu\/endokrinologia\/a-tanszekrol\/","title":{"rendered":"Az Endokrinol\u00f3giai Tansz\u00e9k bemutat\u00e1sa"},"content":{"rendered":"<p style=\"text-align: justify\">Az Endokrinol\u00f3giai Tansz\u00e9k a Semmelweis Egyetem Szen\u00e1tus\u00e1nak d\u00f6nt\u00e9se alapj\u00e1n 2020. m\u00e1jus 15-\u00e9n j\u00f6tt l\u00e9tre a Belgy\u00f3gy\u00e1szati \u00e9s Onkol\u00f3giai Klinik\u00e1hoz rendelten. Az Endokrinol\u00f3giai Tansz\u00e9k els\u0151dleges feladata a gradu\u00e1lis endokrinol\u00f3giai oktat\u00e1s ir\u00e1ny\u00edt\u00e1sa valamint endokrinol\u00f3giai kutat\u00e1sok folytat\u00e1sa. A tansz\u00e9k vezet\u0151je <a href=\"https:\/\/scholar.semmelweis.hu\/igazpeter\/\">Dr. Igaz P\u00e9ter egyetemi tan\u00e1r<\/a>, aki 2016-2020 k\u00f6z\u00f6tt a II. Belgy\u00f3gy\u00e1szati Klinika igazgat\u00f3i posztj\u00e1t t\u00f6lt\u00f6tte be. A tansz\u00e9k mind a magyar, mind angol \u00e9s n\u00e9met \u00e9vfolyamok endokrinol\u00f3giai oktat\u00e1s\u00e1nak szervez\u00e9s\u00e9t v\u00e9gzi, valamint v\u00e1laszthat\u00f3 klinikai fakult\u00e1ci\u00f3kat is szervez. A tansz\u00e9k endokrinol\u00f3giai kutat\u00e1sokat els\u0151sorban a mell\u00e9kvese \u00e9s neuroendokrin daganatok ter\u00e9n v\u00e9gez. A neuroendokrin daganatok ter\u00e9n v\u00e9gzett kutat\u00e1sok a kor\u00e1bbi II. Belgy\u00f3gy\u00e1szati Klinika Endokrin r\u00e9szlege \u00e1ltal elnyert, jelenleg m\u00e1r a Belgy\u00f3gy\u00e1szati \u00e9s Onkol\u00f3giai Klinik\u00e1hoz kapcsol\u00f3d\u00f3 Eur\u00f3pai Neuroendokrin Tumor T\u00e1rsas\u00e1g (ENETS, European Neuroendocrine Tumor Society) kiv\u00e1l\u00f3s\u00e1gi centrumhoz (Center of Excellence) is kapcsol\u00f3dnak. Dr. Igaz P\u00e9ter mell\u00e9kvese-daganatokkal foglalkoz\u00f3 kutat\u00f3csoportja az Eur\u00f3pai mell\u00e9kvese daganatokat kutat\u00f3 h\u00e1l\u00f3zat (ENS@T, European Network for the Study of Adrenal Tumors) kiv\u00e1l\u00f3s\u00e1gi c\u00edm\u00e9t is elnyerte 2020-ban.<\/p>\n","protected":false},"excerpt":{"rendered":"<p>Az Endokrinol\u00f3giai Tansz\u00e9k a Semmelweis Egyetem Szen\u00e1tus\u00e1nak d\u00f6nt\u00e9se alapj\u00e1n 2020. m\u00e1jus 15-\u00e9n j\u00f6tt l\u00e9tre a Belgy\u00f3gy\u00e1szati \u00e9s Onkol\u00f3giai Klinik\u00e1hoz rendelten. Els\u0151dleges feladata a gradu\u00e1lis endokrinol\u00f3giai oktat\u00e1s ir\u00e1ny\u00edt\u00e1sa valamint endokrinol\u00f3giai kutat\u00e1sok folytat\u00e1sa. A tansz\u00e9k mind a magyar, mind angol \u00e9s n\u00e9met \u00e9vfolyamok endokrinol\u00f3giai oktat\u00e1s\u00e1nak szervez\u00e9s\u00e9t v\u00e9gzi, valamint v\u00e1laszthat\u00f3 klinikai fakult\u00e1ci\u00f3kat is szervez. A tansz\u00e9k endokrinol\u00f3giai kutat\u00e1sokat els\u0151sorban a mell\u00e9kvese \u00e9s neuroendokrin daganatok ter\u00e9n v\u00e9gez.<\/p>\n","protected":false},"author":12,"featured_media":41,"parent":0,"menu_order":0,"comment_status":"closed","ping_status":"closed","template":"","meta":{"_acf_changed":false,"footnotes":""},"categories":[],"tags":[],"class_list":["post-11","page","type-page","status-publish","has-post-thumbnail","hentry"],"acf":[],"_links":{"self":[{"href":"https:\/\/semmelweis.hu\/endokrinologia\/wp-json\/wp\/v2\/pages\/11","targetHints":{"allow":["GET"]}}],"collection":[{"href":"https:\/\/semmelweis.hu\/endokrinologia\/wp-json\/wp\/v2\/pages"}],"about":[{"href":"https:\/\/semmelweis.hu\/endokrinologia\/wp-json\/wp\/v2\/types\/page"}],"author":[{"embeddable":true,"href":"https:\/\/semmelweis.hu\/endokrinologia\/wp-json\/wp\/v2\/users\/12"}],"replies":[{"embeddable":true,"href":"https:\/\/semmelweis.hu\/endokrinologia\/wp-json\/wp\/v2\/comments?post=11"}],"version-history":[{"count":11,"href":"https:\/\/semmelweis.hu\/endokrinologia\/wp-json\/wp\/v2\/pages\/11\/revisions"}],"predecessor-version":[{"id":277,"href":"https:\/\/semmelweis.hu\/endokrinologia\/wp-json\/wp\/v2\/pages\/11\/revisions\/277"}],"wp:featuredmedia":[{"embeddable":true,"href":"https:\/\/semmelweis.hu\/endokrinologia\/wp-json\/wp\/v2\/media\/41"}],"wp:attachment":[{"href":"https:\/\/semmelweis.hu\/endokrinologia\/wp-json\/wp\/v2\/media?parent=11"}],"wp:term":[{"taxonomy":"category","embeddable":true,"href":"https:\/\/semmelweis.hu\/endokrinologia\/wp-json\/wp\/v2\/categories?post=11"},{"taxonomy":"post_tag","embeddable":true,"href":"https:\/\/semmelweis.hu\/endokrinologia\/wp-json\/wp\/v2\/tags?post=11"}],"curies":[{"name":"wp","href":"https:\/\/api.w.org\/{rel}","templated":true}]}}