{"id":3181,"date":"2024-10-01T14:07:00","date_gmt":"2024-10-01T14:07:00","guid":{"rendered":"https:\/\/test.semmelweis.hu\/barmi\/?page_id=3181"},"modified":"2025-07-16T11:20:14","modified_gmt":"2025-07-16T09:20:14","slug":"body-eva","status":"publish","type":"page","link":"https:\/\/semmelweis.hu\/emk\/oktatas\/munkatarsak-oktatoi-csapat\/body-eva\/","title":{"rendered":"B\u00f3dy \u00c9va"},"content":{"rendered":"<p style=\"text-align: justify\"><img loading=\"lazy\" decoding=\"async\" class=\"aligncenter wp-image-3180 \" src=\"https:\/\/semmelweis.hu\/emk\/files\/2024\/10\/BodyEva.jpg\" alt=\"B\u00f3dy \u00c9va\" width=\"500\" height=\"383\" srcset=\"https:\/\/semmelweis.hu\/emk\/files\/2024\/10\/BodyEva.jpg 588w, https:\/\/semmelweis.hu\/emk\/files\/2024\/10\/BodyEva-400x306.jpg 400w\" sizes=\"auto, (max-width: 500px) 100vw, 500px\" \/><\/p>\n<div class=\"keretes w-100\">\n<p><strong><span style=\"font-size: 18pt\">B\u00f3dy \u00c9va<\/span><br \/>\n<\/strong>oktat\u00e1si munkat\u00e1rs<br \/>\n<a href=\"mailto:body.eva@emk.semmelweis.hu\" target=\"_blank\" rel=\"noopener\"><span data-sheets-root=\"1\">body.eva@emk.semmelweis.hu<\/span><\/a><br \/>\n<span data-sheets-root=\"1\">1125 Budapest, K\u00fatv\u00f6lgyi \u00fat 2.<\/span><\/p>\n<\/div>\n<h4><strong>BEMUTATKOZ\u00c1S<\/strong><\/h4>\n<p style=\"text-align: justify\">B\u00f3dy \u00c9va<span style=\"font-weight: 400\"> oktat\u00e1si munkat\u00e1rs, hum\u00e1n szervez\u0151, kognit\u00edv \u00e9s viselked\u00e9ster\u00e1pi\u00e1s konzult\u00e1ns. 2018 \u00f3ta a Semmelweis Egyetem Szoci\u00e1lis Vezet\u0151k\u00e9pz\u0151 Tud\u00e1sk\u00f6zpontj\u00e1nak oktat\u00f3ja, tananyagfejleszt\u0151je. <\/span><span style=\"font-weight: 400\">Oktat\u00e1si ter\u00fcletei: szoci\u00e1lis szolg\u00e1ltat\u00e1sok rendszere, \u00faj szolg\u00e1ltat\u00e1si tartalmak vizsg\u00e1lata, hat\u00e1rter\u00fcleti szolg\u00e1ltat\u00e1sok fejleszt\u00e9se, egy\u00fcttm\u0171k\u00f6d\u00e9se. <\/span><span style=\"font-weight: 400\">Kutat\u00e1si ter\u00fcletei: szem\u00e9lyes, szervezeti \u00e9s k\u00f6z\u00f6ss\u00e9gi reziliencia, hat\u00e1rter\u00fcleti k\u00e9rd\u00e9sek <\/span><span style=\"font-weight: 400\">Gyakorlati ter\u00fcletei: pszichi\u00e1triai ell\u00e1t\u00e1s eg\u00e9szs\u00e9g\u00fcgyi \u00e9s szoci\u00e1lis ter\u00fclet\u00e9n, a szoci\u00e1lis \u00e1gazatir\u00e1ny\u00edt\u00e1s, szoci\u00e1lis szolg\u00e1ltar\u00e1sfejleszt\u00e9s, integr\u00e1lt szolg\u00e1ltat\u00e1si modellek kidolgoz\u00e1sa, munkaer\u0151piaci szolg\u00e1ltat\u00e1sok fejleszt\u00e9se, ell\u00e1t\u00e1sok m\u00f3dszertani fejleszt\u00e9se.<\/span><\/p>\n<p><a href=\"https:\/\/m2.mtmt.hu\/api\/publication?format=html&amp;labelLang=hun&amp;sort=publishedYear,desc&amp;cond=authors;eq;10074784\" target=\"_blank\" rel=\"noopener\"><img loading=\"lazy\" decoding=\"async\" class=\"alignnone wp-image-2492\" src=\"https:\/\/semmelweis.hu\/emk\/files\/2024\/08\/MTMT_logo.jpg\" alt=\"\" width=\"61\" height=\"61\" srcset=\"https:\/\/semmelweis.hu\/emk\/files\/2024\/08\/MTMT_logo.jpg 180w, https:\/\/semmelweis.hu\/emk\/files\/2024\/08\/MTMT_logo-150x150.jpg 150w\" sizes=\"auto, (max-width: 61px) 100vw, 61px\" \/><\/a> \u00a0<\/p>\n","protected":false},"excerpt":{"rendered":"<p>B\u00f3dy \u00c9va oktat\u00e1si munkat\u00e1rs <a href=\"mailto:body.eva@emk.semmelweis.hu\" target=\"_blank\" rel=\"noopener\">body.eva@emk.semmelweis.hu<\/a> 1125 Budapest, K\u00fatv\u00f6lgyi \u00fat 2. BEMUTATKOZ\u00c1S B\u00f3dy \u00c9va oktat\u00e1si munkat\u00e1rs, hum\u00e1n szervez\u0151, kognit\u00edv \u00e9s viselked\u00e9ster\u00e1pi\u00e1s konzult\u00e1ns. 2018 \u00f3ta a Semmelweis Egyetem Szoci\u00e1lis Vezet\u0151k\u00e9pz\u0151 Tud\u00e1sk\u00f6zpontj\u00e1nak oktat\u00f3ja, tananyagfejleszt\u0151je. Oktat\u00e1si ter\u00fcletei: szoci\u00e1lis szolg\u00e1ltat\u00e1sok rendszere, \u00faj szolg\u00e1ltat\u00e1si tartalmak vizsg\u00e1lata, hat\u00e1rter\u00fcleti szolg\u00e1ltat\u00e1sok fejleszt\u00e9se, egy\u00fcttm\u0171k\u00f6d\u00e9se. Kutat\u00e1si ter\u00fcletei: szem\u00e9lyes, szervezeti \u00e9s k\u00f6z\u00f6ss\u00e9gi reziliencia, hat\u00e1rter\u00fcleti k\u00e9rd\u00e9sek Gyakorlati ter\u00fcletei: pszichi\u00e1triai &hellip;<\/p>\n","protected":false},"author":102350,"featured_media":25585,"parent":1952,"menu_order":0,"comment_status":"closed","ping_status":"closed","template":"","meta":{"_acf_changed":false,"footnotes":""},"categories":[],"tags":[],"class_list":["post-3181","page","type-page","status-publish","has-post-thumbnail","hentry"],"acf":[],"_links":{"self":[{"href":"https:\/\/semmelweis.hu\/emk\/wp-json\/wp\/v2\/pages\/3181","targetHints":{"allow":["GET"]}}],"collection":[{"href":"https:\/\/semmelweis.hu\/emk\/wp-json\/wp\/v2\/pages"}],"about":[{"href":"https:\/\/semmelweis.hu\/emk\/wp-json\/wp\/v2\/types\/page"}],"author":[{"embeddable":true,"href":"https:\/\/semmelweis.hu\/emk\/wp-json\/wp\/v2\/users\/102350"}],"replies":[{"embeddable":true,"href":"https:\/\/semmelweis.hu\/emk\/wp-json\/wp\/v2\/comments?post=3181"}],"version-history":[{"count":3,"href":"https:\/\/semmelweis.hu\/emk\/wp-json\/wp\/v2\/pages\/3181\/revisions"}],"predecessor-version":[{"id":25586,"href":"https:\/\/semmelweis.hu\/emk\/wp-json\/wp\/v2\/pages\/3181\/revisions\/25586"}],"up":[{"embeddable":true,"href":"https:\/\/semmelweis.hu\/emk\/wp-json\/wp\/v2\/pages\/1952"}],"wp:featuredmedia":[{"embeddable":true,"href":"https:\/\/semmelweis.hu\/emk\/wp-json\/wp\/v2\/media\/25585"}],"wp:attachment":[{"href":"https:\/\/semmelweis.hu\/emk\/wp-json\/wp\/v2\/media?parent=3181"}],"wp:term":[{"taxonomy":"category","embeddable":true,"href":"https:\/\/semmelweis.hu\/emk\/wp-json\/wp\/v2\/categories?post=3181"},{"taxonomy":"post_tag","embeddable":true,"href":"https:\/\/semmelweis.hu\/emk\/wp-json\/wp\/v2\/tags?post=3181"}],"curies":[{"name":"wp","href":"https:\/\/api.w.org\/{rel}","templated":true}]}}