{"id":3162,"date":"2024-10-01T13:05:10","date_gmt":"2024-10-01T13:05:10","guid":{"rendered":"https:\/\/test.semmelweis.hu\/barmi\/?page_id=3162"},"modified":"2026-03-12T13:11:55","modified_gmt":"2026-03-12T12:11:55","slug":"schmidt-judit","status":"publish","type":"page","link":"https:\/\/semmelweis.hu\/emk\/oktatas\/munkatarsak-oktatoi-csapat\/schmidt-judit\/","title":{"rendered":"Schmidt Judit"},"content":{"rendered":"<p style=\"text-align: center\"><img loading=\"lazy\" decoding=\"async\" class=\"aligncenter size-large wp-image-3163\" src=\"https:\/\/semmelweis.hu\/emk\/files\/2024\/10\/Schmidt_Judit-scaled-1-1024x684.jpg\" alt=\"Schmidt Judit\" width=\"753\" height=\"503\" srcset=\"https:\/\/semmelweis.hu\/emk\/files\/2024\/10\/Schmidt_Judit-scaled-1-1024x684.jpg 1024w, https:\/\/semmelweis.hu\/emk\/files\/2024\/10\/Schmidt_Judit-scaled-1-400x267.jpg 400w, https:\/\/semmelweis.hu\/emk\/files\/2024\/10\/Schmidt_Judit-scaled-1-768x513.jpg 768w, https:\/\/semmelweis.hu\/emk\/files\/2024\/10\/Schmidt_Judit-scaled-1-1536x1025.jpg 1536w, https:\/\/semmelweis.hu\/emk\/files\/2024\/10\/Schmidt_Judit-scaled-1-2048x1367.jpg 2048w, https:\/\/semmelweis.hu\/emk\/files\/2024\/10\/Schmidt_Judit-scaled-1-753x503.jpg 753w, https:\/\/semmelweis.hu\/emk\/files\/2024\/10\/Schmidt_Judit-scaled-1-203x135.jpg 203w\" sizes=\"auto, (max-width: 753px) 100vw, 753px\" \/><\/p>\n<div class=\"keretes w-100\">\n<p><strong><span style=\"font-size: 18pt\">Schmidt Judit<\/span><br \/>\n<\/strong>kommunik\u00e1ci\u00f3s szak\u00e9rt\u0151<br \/>\n<a href=\"mailto:schmidt.judit@emk.semmelweis.hu\" target=\"_blank\" rel=\"noopener\">schmidt.judit@emk.semmelweis.hu<\/a><br \/>\n<span data-sheets-root=\"1\">1125 Budapest, K\u00fatv\u00f6lgyi \u00fat 2.<\/span><\/p>\n<\/div>\n<h4><strong>BEMUTATKOZ\u00c1S<\/strong><\/h4>\n<p style=\"text-align: justify\"><span style=\"font-weight: 400\">Schmidt Judit 2005-ben dietetikusk\u00e9nt v\u00e9gzett a Semmelweis Egyetem Eg\u00e9szs\u00e9g\u00fcgyi F\u0151iskolai Kar\u00e1n, 2009-ben pedig eg\u00e9szs\u00e9g\u00fcgyi szaktan\u00e1rk\u00e9nt a Semmelweis Egyetem Eg\u00e9szs\u00e9gtudom\u00e1nyi Karon. Szakmai p\u00e1lyafut\u00e1s\u00e1t az Orsz\u00e1gos \u00c9lelmez\u00e9s- \u00e9s t\u00e1pl\u00e1lkoz\u00e1studom\u00e1nyi Int\u00e9zetben alapozta meg. A Magyar Dietetikusok Orsz\u00e1gos Sz\u00f6vets\u00e9g, valamint a Magyar T\u00e1pl\u00e1lkoz\u00e1studom\u00e1nyi T\u00e1rsas\u00e1g vezet\u0151s\u00e9g\u00e9nek tagja. Az \u00daj Di\u00e9ta foly\u00f3irat szerkeszt\u0151je, a Multidiszciplin\u00e1ris Eg\u00e9szs\u00e9g \u00e9s J\u00f3ll\u00e9t foly\u00f3irat alap\u00edt\u00f3-olvas\u00f3szerkeszt\u0151je. Ismeretterjeszt\u0151, primer \u00e9s szekunder prevenci\u00f3t t\u00e1mogat\u00f3, els\u0151sorban laikusoknak sz\u00f3l\u00f3 cikkek szerz\u0151je, valamint lektora. 2024-ben csatlakozott a Semmelweis Egyetem Eg\u00e9szs\u00e9g\u00fcgyi Menedzserk\u00e9pz\u0151 K\u00f6zpont kommunik\u00e1ci\u00f3s csapat\u00e1ba, ahol az int\u00e9zetben zajl\u00f3 munk\u00e1r\u00f3l sz\u00f3l\u00f3 h\u00edrek, h\u00edrlevelek \u00edr\u00e1sa, szerkeszt\u00e9se, a weboldal gondoz\u00e1sa, valamint az int\u00e9zet k\u00f6z\u00f6ss\u00e9gi m\u00e9di\u00e1ban val\u00f3 megjelentet\u00e9se tartozik f\u0151bb feladatai k\u00f6z\u00e9.<\/span><\/p>\n<p><a href=\"https:\/\/m2.mtmt.hu\/api\/publication?format=html&amp;labelLang=hun&amp;sort=publishedYear,desc&amp;cond=authors;eq;10095928\" target=\"_blank\" rel=\"noopener\"><img loading=\"lazy\" decoding=\"async\" class=\"alignnone wp-image-2492\" src=\"https:\/\/semmelweis.hu\/emk\/files\/2024\/08\/MTMT_logo.jpg\" alt=\"\" width=\"61\" height=\"61\" srcset=\"https:\/\/semmelweis.hu\/emk\/files\/2024\/08\/MTMT_logo.jpg 180w, https:\/\/semmelweis.hu\/emk\/files\/2024\/08\/MTMT_logo-150x150.jpg 150w\" sizes=\"auto, (max-width: 61px) 100vw, 61px\" \/><\/a>\u00a0\u00a0\u00a0\u00a0<a href=\"https:\/\/www.linkedin.com\/in\/schmidtjudit\/\"><img loading=\"lazy\" decoding=\"async\" class=\"alignnone wp-image-2491\" src=\"https:\/\/semmelweis.hu\/emk\/files\/2024\/08\/linkedin_logo.png\" alt=\"\" width=\"50\" height=\"50\" srcset=\"https:\/\/semmelweis.hu\/emk\/files\/2024\/08\/linkedin_logo.png 512w, https:\/\/semmelweis.hu\/emk\/files\/2024\/08\/linkedin_logo-400x400.png 400w, https:\/\/semmelweis.hu\/emk\/files\/2024\/08\/linkedin_logo-150x150.png 150w\" sizes=\"auto, (max-width: 50px) 100vw, 50px\" \/><\/a>\u00a0<\/p>\n","protected":false},"excerpt":{"rendered":"<p>Schmidt Judit kommunik\u00e1ci\u00f3s szak\u00e9rt\u0151 <a href=\"mailto:schmidt.judit@emk.semmelweis.hu\" target=\"_blank\" rel=\"noopener\">schmidt.judit@emk.semmelweis.hu<\/a> 1125 Budapest, K\u00fatv\u00f6lgyi \u00fat 2. BEMUTATKOZ\u00c1S Schmidt Judit 2005-ben dietetikusk\u00e9nt v\u00e9gzett a Semmelweis Egyetem Eg\u00e9szs\u00e9g\u00fcgyi F\u0151iskolai Kar\u00e1n, 2009-ben pedig eg\u00e9szs\u00e9g\u00fcgyi szaktan\u00e1rk\u00e9nt a Semmelweis Egyetem Eg\u00e9szs\u00e9gtudom\u00e1nyi Karon. Szakmai p\u00e1lyafut\u00e1s\u00e1t az Orsz\u00e1gos \u00c9lelmez\u00e9s- \u00e9s t\u00e1pl\u00e1lkoz\u00e1studom\u00e1nyi Int\u00e9zetben alapozta meg. A Magyar Dietetikusok Orsz\u00e1gos Sz\u00f6vets\u00e9g, valamint a Magyar T\u00e1pl\u00e1lkoz\u00e1studom\u00e1nyi T\u00e1rsas\u00e1g vezet\u0151s\u00e9g\u00e9nek tagja. Az \u00daj Di\u00e9ta &hellip;<\/p>\n","protected":false},"author":102350,"featured_media":25608,"parent":1952,"menu_order":0,"comment_status":"closed","ping_status":"closed","template":"","meta":{"_acf_changed":false,"footnotes":""},"categories":[],"tags":[],"class_list":["post-3162","page","type-page","status-publish","has-post-thumbnail","hentry"],"acf":[],"_links":{"self":[{"href":"https:\/\/semmelweis.hu\/emk\/wp-json\/wp\/v2\/pages\/3162","targetHints":{"allow":["GET"]}}],"collection":[{"href":"https:\/\/semmelweis.hu\/emk\/wp-json\/wp\/v2\/pages"}],"about":[{"href":"https:\/\/semmelweis.hu\/emk\/wp-json\/wp\/v2\/types\/page"}],"author":[{"embeddable":true,"href":"https:\/\/semmelweis.hu\/emk\/wp-json\/wp\/v2\/users\/102350"}],"replies":[{"embeddable":true,"href":"https:\/\/semmelweis.hu\/emk\/wp-json\/wp\/v2\/comments?post=3162"}],"version-history":[{"count":5,"href":"https:\/\/semmelweis.hu\/emk\/wp-json\/wp\/v2\/pages\/3162\/revisions"}],"predecessor-version":[{"id":26917,"href":"https:\/\/semmelweis.hu\/emk\/wp-json\/wp\/v2\/pages\/3162\/revisions\/26917"}],"up":[{"embeddable":true,"href":"https:\/\/semmelweis.hu\/emk\/wp-json\/wp\/v2\/pages\/1952"}],"wp:featuredmedia":[{"embeddable":true,"href":"https:\/\/semmelweis.hu\/emk\/wp-json\/wp\/v2\/media\/25608"}],"wp:attachment":[{"href":"https:\/\/semmelweis.hu\/emk\/wp-json\/wp\/v2\/media?parent=3162"}],"wp:term":[{"taxonomy":"category","embeddable":true,"href":"https:\/\/semmelweis.hu\/emk\/wp-json\/wp\/v2\/categories?post=3162"},{"taxonomy":"post_tag","embeddable":true,"href":"https:\/\/semmelweis.hu\/emk\/wp-json\/wp\/v2\/tags?post=3162"}],"curies":[{"name":"wp","href":"https:\/\/api.w.org\/{rel}","templated":true}]}}