{"id":3153,"date":"2024-10-01T12:47:34","date_gmt":"2024-10-01T12:47:34","guid":{"rendered":"https:\/\/test.semmelweis.hu\/barmi\/?page_id=3153"},"modified":"2025-07-16T17:03:57","modified_gmt":"2025-07-16T15:03:57","slug":"toth-pal","status":"publish","type":"page","link":"https:\/\/semmelweis.hu\/emk\/oktatas\/munkatarsak-oktatoi-csapat\/toth-pal\/","title":{"rendered":"T\u00f3th P\u00e1l"},"content":{"rendered":"<p><img loading=\"lazy\" decoding=\"async\" class=\"wp-image-3151  aligncenter\" src=\"https:\/\/semmelweis.hu\/emk\/files\/2024\/10\/Toth-Pal-e1727786539748-1024x950.jpg\" alt=\"T\u00f3th P\u00e1l\" width=\"501\" height=\"464\" srcset=\"https:\/\/semmelweis.hu\/emk\/files\/2024\/10\/Toth-Pal-e1727786539748-1024x950.jpg 1024w, https:\/\/semmelweis.hu\/emk\/files\/2024\/10\/Toth-Pal-e1727786539748-400x371.jpg 400w, https:\/\/semmelweis.hu\/emk\/files\/2024\/10\/Toth-Pal-e1727786539748-768x712.jpg 768w, https:\/\/semmelweis.hu\/emk\/files\/2024\/10\/Toth-Pal-e1727786539748-753x698.jpg 753w, https:\/\/semmelweis.hu\/emk\/files\/2024\/10\/Toth-Pal-e1727786539748.jpg 1307w\" sizes=\"auto, (max-width: 501px) 100vw, 501px\" \/><\/p>\n<div class=\"keretes w-100\">\n<p><strong><span style=\"font-size: 18pt\">T\u00f3th P\u00e1l<\/span><br \/>\n<\/strong>e-larning fejleszt\u0151, Moodle felel\u0151s<br \/>\n<a href=\"mailto:toth.pal@emk.semmelweis.hu\" target=\"_blank\" rel=\"noopener\">toth.pal@emk.semmelweis.hu<\/a><br \/>\n<span data-sheets-root=\"1\">1125 Budapest, K\u00fatv\u00f6lgyi \u00fat 2.<\/span><\/p>\n<\/div>\n<h4><strong>BEMUTATKOZ\u00c1S<\/strong><\/h4>\n<p style=\"text-align: justify\"><span style=\"font-weight: 400\">T\u00f3th P\u00e1l 2013-ban szerzett gazdas\u00e1gi diplom\u00e1t a gy\u00f6ngy\u00f6si K\u00e1roly R\u00f3bert F\u0151iskol\u00e1n. 2019 \u00f3ta a Semmelweis Egyetem Eg\u00e9szs\u00e9g\u00fcgyi K\u00f6zszolg\u00e1lati Kar Digit\u00e1lis Eg\u00e9szs\u00e9gtudom\u00e1nyi Int\u00e9zet oktat\u00e1sszervez\u0151je, 2023 \u00f3ta pedig az Eg\u00e9szs\u00e9g\u00fcgyi Menedzserk\u00e9pz\u0151 K\u00f6zpont e-learning felel\u0151se is. <\/span><span style=\"font-weight: 400\">Az Eg\u00e9szs\u00e9g\u00fcgyi Menedzserk\u00e9pz\u0151 K\u00f6zpontban az egyetemi \u00e9s az Int\u00e9zeti Moodle oldalak napi kezel\u00e9s\u00e9\u00e9rt felel\u0151s munkat\u00e1rs.<\/span><\/p>\n<p>\u00a0<a href=\"https:\/\/www.linkedin.com\/in\/t%C3%B3th-p%C3%A1l-891330110\/\" target=\"_blank\" rel=\"noopener\"><img loading=\"lazy\" decoding=\"async\" class=\"alignnone wp-image-2491\" src=\"https:\/\/semmelweis.hu\/emk\/files\/2024\/08\/linkedin_logo.png\" alt=\"\" width=\"50\" height=\"50\" srcset=\"https:\/\/semmelweis.hu\/emk\/files\/2024\/08\/linkedin_logo.png 512w, https:\/\/semmelweis.hu\/emk\/files\/2024\/08\/linkedin_logo-400x400.png 400w, https:\/\/semmelweis.hu\/emk\/files\/2024\/08\/linkedin_logo-150x150.png 150w\" sizes=\"auto, (max-width: 50px) 100vw, 50px\" \/><\/a><\/p>\n","protected":false},"excerpt":{"rendered":"<p>T\u00f3th P\u00e1l e-larning fejleszt\u0151, Moodle felel\u0151s <a href=\"mailto:toth.pal@emk.semmelweis.hu\" target=\"_blank\" rel=\"noopener\">toth.pal@emk.semmelweis.hu<\/a> 1125 Budapest, K\u00fatv\u00f6lgyi \u00fat 2. BEMUTATKOZ\u00c1S T\u00f3th P\u00e1l 2013-ban szerzett gazdas\u00e1gi diplom\u00e1t a gy\u00f6ngy\u00f6si K\u00e1roly R\u00f3bert F\u0151iskol\u00e1n. 2019 \u00f3ta a Semmelweis Egyetem Eg\u00e9szs\u00e9g\u00fcgyi K\u00f6zszolg\u00e1lati Kar Digit\u00e1lis Eg\u00e9szs\u00e9gtudom\u00e1nyi Int\u00e9zet oktat\u00e1sszervez\u0151je, 2023 \u00f3ta pedig az Eg\u00e9szs\u00e9g\u00fcgyi Menedzserk\u00e9pz\u0151 K\u00f6zpont e-learning felel\u0151se is. Az Eg\u00e9szs\u00e9g\u00fcgyi Menedzserk\u00e9pz\u0151 K\u00f6zpontban az egyetemi \u00e9s az Int\u00e9zeti Moodle &hellip;<\/p>\n","protected":false},"author":102350,"featured_media":25619,"parent":1952,"menu_order":0,"comment_status":"closed","ping_status":"closed","template":"","meta":{"_acf_changed":false,"footnotes":""},"categories":[],"tags":[],"class_list":["post-3153","page","type-page","status-publish","has-post-thumbnail","hentry"],"acf":[],"_links":{"self":[{"href":"https:\/\/semmelweis.hu\/emk\/wp-json\/wp\/v2\/pages\/3153","targetHints":{"allow":["GET"]}}],"collection":[{"href":"https:\/\/semmelweis.hu\/emk\/wp-json\/wp\/v2\/pages"}],"about":[{"href":"https:\/\/semmelweis.hu\/emk\/wp-json\/wp\/v2\/types\/page"}],"author":[{"embeddable":true,"href":"https:\/\/semmelweis.hu\/emk\/wp-json\/wp\/v2\/users\/102350"}],"replies":[{"embeddable":true,"href":"https:\/\/semmelweis.hu\/emk\/wp-json\/wp\/v2\/comments?post=3153"}],"version-history":[{"count":1,"href":"https:\/\/semmelweis.hu\/emk\/wp-json\/wp\/v2\/pages\/3153\/revisions"}],"predecessor-version":[{"id":25628,"href":"https:\/\/semmelweis.hu\/emk\/wp-json\/wp\/v2\/pages\/3153\/revisions\/25628"}],"up":[{"embeddable":true,"href":"https:\/\/semmelweis.hu\/emk\/wp-json\/wp\/v2\/pages\/1952"}],"wp:featuredmedia":[{"embeddable":true,"href":"https:\/\/semmelweis.hu\/emk\/wp-json\/wp\/v2\/media\/25619"}],"wp:attachment":[{"href":"https:\/\/semmelweis.hu\/emk\/wp-json\/wp\/v2\/media?parent=3153"}],"wp:term":[{"taxonomy":"category","embeddable":true,"href":"https:\/\/semmelweis.hu\/emk\/wp-json\/wp\/v2\/categories?post=3153"},{"taxonomy":"post_tag","embeddable":true,"href":"https:\/\/semmelweis.hu\/emk\/wp-json\/wp\/v2\/tags?post=3153"}],"curies":[{"name":"wp","href":"https:\/\/api.w.org\/{rel}","templated":true}]}}