{"id":3147,"date":"2024-10-01T12:38:30","date_gmt":"2024-10-01T12:38:30","guid":{"rendered":"https:\/\/test.semmelweis.hu\/barmi\/?page_id=3147"},"modified":"2025-07-16T13:33:17","modified_gmt":"2025-07-16T11:33:17","slug":"laszlo-kovacs-edina","status":"publish","type":"page","link":"https:\/\/semmelweis.hu\/emk\/oktatas\/munkatarsak-oktatoi-csapat\/laszlo-kovacs-edina\/","title":{"rendered":"L\u00e1szl\u00f3-Kov\u00e1cs Edina"},"content":{"rendered":"<p><img loading=\"lazy\" decoding=\"async\" class=\"aligncenter wp-image-3146 \" src=\"https:\/\/semmelweis.hu\/emk\/files\/2024\/10\/Laszlo-Kovacs-Edina-scaled-1-730x1024.jpg\" alt=\"L\u00e1szl\u00f3-Kov\u00e1cs Edina\" width=\"501\" height=\"703\" srcset=\"https:\/\/semmelweis.hu\/emk\/files\/2024\/10\/Laszlo-Kovacs-Edina-scaled-1-730x1024.jpg 730w, https:\/\/semmelweis.hu\/emk\/files\/2024\/10\/Laszlo-Kovacs-Edina-scaled-1-285x400.jpg 285w, https:\/\/semmelweis.hu\/emk\/files\/2024\/10\/Laszlo-Kovacs-Edina-scaled-1-768x1077.jpg 768w, https:\/\/semmelweis.hu\/emk\/files\/2024\/10\/Laszlo-Kovacs-Edina-scaled-1-1096x1536.jpg 1096w, https:\/\/semmelweis.hu\/emk\/files\/2024\/10\/Laszlo-Kovacs-Edina-scaled-1-1461x2048.jpg 1461w, https:\/\/semmelweis.hu\/emk\/files\/2024\/10\/Laszlo-Kovacs-Edina-scaled-1-753x1056.jpg 753w, https:\/\/semmelweis.hu\/emk\/files\/2024\/10\/Laszlo-Kovacs-Edina-scaled-1.jpg 1826w\" sizes=\"auto, (max-width: 501px) 100vw, 501px\" \/><\/p>\n<div class=\"keretes w-100\">\n<p><strong><span style=\"font-size: 18pt\"><b>L\u00e1szl\u00f3-Kov\u00e1cs Edina<\/b><\/span> <br \/>\n<\/strong>tananyagfejleszt\u0151<br \/>\n<a href=\"mailto:kovacs.edina@emk.semmelweis.hu\" target=\"_blank\" rel=\"noopener\">kovacs.edina@emk.semmelweis.hu<\/a> <br \/>\n<span data-sheets-root=\"1\">1125 Budapest, K\u00fatv\u00f6lgyi \u00fat 2.<\/span><\/p>\n<\/div>\n<h4><strong>OKTAT\u00d3I BEMUTATKOZ\u00c1S<\/strong><\/h4>\n<p style=\"text-align: justify\">L\u00e1szl\u00f3-Kov\u00e1cs Edina<span style=\"font-weight: 400\"> 2018-t\u00f3l a Szoci\u00e1lis Vezet\u0151k\u00e9pz\u0151 Tud\u00e1sk\u00f6zpont oktat\u00f3ja, tananyagfejleszt\u0151je. V\u00e9gzetts\u00e9geit tekintve k\u00f6zeg\u00e9szs\u00e9g\u00fcgyi-j\u00e1rv\u00e1ny\u00fcgyi ellen\u0151r, szociol\u00f3gus \u00e9s szoci\u00e1lpolitikus. <\/span><span style=\"font-weight: 400\">Vezet\u0151i tapasztalatait 1994 \u00e9s 2019 k\u00f6z\u00f6tt egy szoci\u00e1lis, gyermekj\u00f3l\u00e9ti \u00e9s eg\u00e9szs\u00e9g\u00fcgyi feladatokat ell\u00e1t\u00f3 integr\u00e1lt int\u00e9zm\u00e9ny vezet\u0151jek\u00e9nt szerezte, ahol lehet\u0151s\u00e9ge volt egy kist\u00e9rs\u00e9g szoci\u00e1lis \u00e9s eg\u00e9szs\u00e9g\u00fcgyi ell\u00e1t\u00e1s\u00e1nak fejleszt\u00e9s\u00e9ben, egy\u00fcttm\u0171k\u00f6d\u00e9sek szervez\u00e9s\u00e9ben szerepet v\u00e1llalni. Emellett t\u00f6bb szolg\u00e1ltat\u00e1s- \u00e9s infrastrukt\u00fara fejleszt\u00e9st, prevenci\u00f3t c\u00e9lz\u00f3 uni\u00f3s \u00e9s hazai projektben, modellk\u00eds\u00e9rleti programban vett r\u00e9szt szakmai \u00e9s projektvezet\u0151k\u00e9nt, tananyagfejleszt\u0151k\u00e9nt, tr\u00e9nerk\u00e9nt. Oktat\u00e1si ter\u00fcletei: etikus szervezetek, etikus vezet\u00e9s, projektmenedzsment, min\u0151s\u00e9gmenedzsment, szervezetek k\u00f6z\u00f6tti egy\u00fcttm\u0171k\u00f6d\u00e9sek fejleszt\u00e9se.<\/span><\/p>\n<p><a href=\"https:\/\/m2.mtmt.hu\/api\/publication?format=html&amp;labelLang=hun&amp;sort=publishedYear,desc&amp;cond=authors;eq;10075674\" target=\"_blank\" rel=\"noopener\"><img loading=\"lazy\" decoding=\"async\" class=\"alignnone wp-image-2492\" src=\"https:\/\/semmelweis.hu\/emk\/files\/2024\/08\/MTMT_logo.jpg\" alt=\"\" width=\"61\" height=\"61\" srcset=\"https:\/\/semmelweis.hu\/emk\/files\/2024\/08\/MTMT_logo.jpg 180w, https:\/\/semmelweis.hu\/emk\/files\/2024\/08\/MTMT_logo-150x150.jpg 150w\" sizes=\"auto, (max-width: 61px) 100vw, 61px\" \/><\/a>\u00a0\u00a0\u00a0\u00a0<a href=\"https:\/\/www.linkedin.com\/in\/edina-l%C3%A1szl%C3%B3-kov%C3%A1cs-9535b92aa\/\" target=\"_blank\" rel=\"noopener\"><img loading=\"lazy\" decoding=\"async\" class=\"alignnone wp-image-2491\" src=\"https:\/\/semmelweis.hu\/emk\/files\/2024\/08\/linkedin_logo.png\" alt=\"\" width=\"50\" height=\"50\" srcset=\"https:\/\/semmelweis.hu\/emk\/files\/2024\/08\/linkedin_logo.png 512w, https:\/\/semmelweis.hu\/emk\/files\/2024\/08\/linkedin_logo-400x400.png 400w, https:\/\/semmelweis.hu\/emk\/files\/2024\/08\/linkedin_logo-150x150.png 150w\" sizes=\"auto, (max-width: 50px) 100vw, 50px\" \/><\/a>\u00a0 \u00a0\u00a0<\/p>\n","protected":false},"excerpt":{"rendered":"<p>L\u00e1szl\u00f3-Kov\u00e1cs Edina tananyagfejleszt\u0151 <a href=\"mailto:kovacs.edina@emk.semmelweis.hu\" target=\"_blank\" rel=\"noopener\">kovacs.edina@emk.semmelweis.hu<\/a> 1125 Budapest, K\u00fatv\u00f6lgyi \u00fat 2. OKTAT\u00d3I BEMUTATKOZ\u00c1S L\u00e1szl\u00f3-Kov\u00e1cs Edina 2018-t\u00f3l a Szoci\u00e1lis Vezet\u0151k\u00e9pz\u0151 Tud\u00e1sk\u00f6zpont oktat\u00f3ja, tananyagfejleszt\u0151je. V\u00e9gzetts\u00e9geit tekintve k\u00f6zeg\u00e9szs\u00e9g\u00fcgyi-j\u00e1rv\u00e1ny\u00fcgyi ellen\u0151r, szociol\u00f3gus \u00e9s szoci\u00e1lpolitikus. Vezet\u0151i tapasztalatait 1994 \u00e9s 2019 k\u00f6z\u00f6tt egy szoci\u00e1lis, gyermekj\u00f3l\u00e9ti \u00e9s eg\u00e9szs\u00e9g\u00fcgyi feladatokat ell\u00e1t\u00f3 integr\u00e1lt int\u00e9zm\u00e9ny vezet\u0151jek\u00e9nt szerezte, ahol lehet\u0151s\u00e9ge volt egy kist\u00e9rs\u00e9g szoci\u00e1lis \u00e9s eg\u00e9szs\u00e9g\u00fcgyi ell\u00e1t\u00e1s\u00e1nak fejleszt\u00e9s\u00e9ben, egy\u00fcttm\u0171k\u00f6d\u00e9sek szervez\u00e9s\u00e9ben &hellip;<\/p>\n","protected":false},"author":102350,"featured_media":25604,"parent":1952,"menu_order":0,"comment_status":"closed","ping_status":"closed","template":"","meta":{"_acf_changed":false,"footnotes":""},"categories":[],"tags":[],"class_list":["post-3147","page","type-page","status-publish","has-post-thumbnail","hentry"],"acf":[],"_links":{"self":[{"href":"https:\/\/semmelweis.hu\/emk\/wp-json\/wp\/v2\/pages\/3147","targetHints":{"allow":["GET"]}}],"collection":[{"href":"https:\/\/semmelweis.hu\/emk\/wp-json\/wp\/v2\/pages"}],"about":[{"href":"https:\/\/semmelweis.hu\/emk\/wp-json\/wp\/v2\/types\/page"}],"author":[{"embeddable":true,"href":"https:\/\/semmelweis.hu\/emk\/wp-json\/wp\/v2\/users\/102350"}],"replies":[{"embeddable":true,"href":"https:\/\/semmelweis.hu\/emk\/wp-json\/wp\/v2\/comments?post=3147"}],"version-history":[{"count":2,"href":"https:\/\/semmelweis.hu\/emk\/wp-json\/wp\/v2\/pages\/3147\/revisions"}],"predecessor-version":[{"id":25605,"href":"https:\/\/semmelweis.hu\/emk\/wp-json\/wp\/v2\/pages\/3147\/revisions\/25605"}],"up":[{"embeddable":true,"href":"https:\/\/semmelweis.hu\/emk\/wp-json\/wp\/v2\/pages\/1952"}],"wp:featuredmedia":[{"embeddable":true,"href":"https:\/\/semmelweis.hu\/emk\/wp-json\/wp\/v2\/media\/25604"}],"wp:attachment":[{"href":"https:\/\/semmelweis.hu\/emk\/wp-json\/wp\/v2\/media?parent=3147"}],"wp:term":[{"taxonomy":"category","embeddable":true,"href":"https:\/\/semmelweis.hu\/emk\/wp-json\/wp\/v2\/categories?post=3147"},{"taxonomy":"post_tag","embeddable":true,"href":"https:\/\/semmelweis.hu\/emk\/wp-json\/wp\/v2\/tags?post=3147"}],"curies":[{"name":"wp","href":"https:\/\/api.w.org\/{rel}","templated":true}]}}