{"id":3130,"date":"2024-09-01T11:16:27","date_gmt":"2024-09-01T11:16:27","guid":{"rendered":"https:\/\/test.semmelweis.hu\/barmi\/?page_id=3130"},"modified":"2025-01-20T16:52:01","modified_gmt":"2025-01-20T15:52:01","slug":"komjati-andrea","status":"publish","type":"page","link":"https:\/\/semmelweis.hu\/emk\/oktatas\/munkatarsak-oktatoi-csapat\/komjati-andrea\/","title":{"rendered":"Komj\u00e1ti Andrea"},"content":{"rendered":"<p><img loading=\"lazy\" decoding=\"async\" class=\"aligncenter wp-image-3134 size-large\" src=\"https:\/\/semmelweis.hu\/emk\/files\/2024\/10\/Kmjati-Andrea-1024x683.jpg\" alt=\"Komj\u00e1ti Andrea lead\" width=\"753\" height=\"502\" srcset=\"https:\/\/semmelweis.hu\/emk\/files\/2024\/10\/Kmjati-Andrea-1024x683.jpg 1024w, https:\/\/semmelweis.hu\/emk\/files\/2024\/10\/Kmjati-Andrea-400x267.jpg 400w, https:\/\/semmelweis.hu\/emk\/files\/2024\/10\/Kmjati-Andrea-768x512.jpg 768w, https:\/\/semmelweis.hu\/emk\/files\/2024\/10\/Kmjati-Andrea-753x502.jpg 753w, https:\/\/semmelweis.hu\/emk\/files\/2024\/10\/Kmjati-Andrea-203x135.jpg 203w, https:\/\/semmelweis.hu\/emk\/files\/2024\/10\/Kmjati-Andrea.jpg 1200w\" sizes=\"auto, (max-width: 753px) 100vw, 753px\" \/><\/p>\n<div class=\"keretes w-100\">\n<p><strong>Komj\u00e1ti Andrea<br \/>\n<\/strong>kommunik\u00e1ci\u00f3s szak\u00e9rt\u0151<br \/>\n<a href=\"mailto:komjati.andrea@emk.semmelweis.hu\" target=\"_blank\" rel=\"noopener\">komjati.andrea@emk.semmelweis.hu<\/a> <br \/>\n<span data-sheets-root=\"1\">1125 Budapest, K\u00fatv\u00f6lgyi \u00fat 2.<\/span><\/p>\n<\/div>\n<h4><strong>BEMUTATKOZ\u00c1S<\/strong><\/h4>\n<p style=\"text-align: justify\"><span style=\"font-weight: 400\">Komj\u00e1ti Andrea 1989-ben diplom\u00e1zott az E\u00f6tv\u00f6s Lor\u00e1nd Tudom\u00e1nyegyetem Tan\u00e1rk\u00e9pz\u0151 F\u0151iskolai Kar\u00e1n, 1996-ban v\u00e9gezte el a K\u00fclkereskedelmi F\u0151iskola nemzetk\u00f6zi marketing posztgradu\u00e1lis k\u00e9pz\u00e9s\u00e9t. Dolgozott a Magyar R\u00e1di\u00f3 Zenei F\u0151oszt\u00e1ly\u00e1n, majd a rekl\u00e1mszakm\u00e1ban szerzett k\u00f6zel h\u00e1rom \u00e9vtizedes kommunik\u00e1ci\u00f3s tapasztalatot olyan nemzetk\u00f6zi \u00fcgyn\u00f6ks\u00e9gekn\u00e9l, mint a J. Walter Thompson \u00e9s az Ogilvy, \u00fcgyf\u00e9loldalon pedig a Netrisk Online Biztos\u00edt\u00f3 port\u00e1ln\u00e1l \u00e9s Coop Hungary Zrt.-n\u00e9l. A Semmelweis Egyetem Eg\u00e9szs\u00e9g\u00fcgyi Menedzserk\u00e9pz\u0151 K\u00f6zpont kommunik\u00e1ci\u00f3s csapat\u00e1hoz 2023-ben csatlakozott.<\/span><\/p>\n<p><a href=\"https:\/\/www.linkedin.com\/in\/andrea-komj%C3%A1ti-ba897b59\/\" target=\"_blank\" rel=\"noopener\"><img loading=\"lazy\" decoding=\"async\" class=\"alignnone wp-image-2491\" src=\"https:\/\/semmelweis.hu\/emk\/files\/2024\/08\/linkedin_logo.png\" alt=\"\" width=\"50\" height=\"50\" srcset=\"https:\/\/semmelweis.hu\/emk\/files\/2024\/08\/linkedin_logo.png 512w, https:\/\/semmelweis.hu\/emk\/files\/2024\/08\/linkedin_logo-400x400.png 400w, https:\/\/semmelweis.hu\/emk\/files\/2024\/08\/linkedin_logo-150x150.png 150w\" sizes=\"auto, (max-width: 50px) 100vw, 50px\" \/><\/a>\u00a0<\/p>\n","protected":false},"excerpt":{"rendered":"<p>Komj\u00e1ti Andrea kommunik\u00e1ci\u00f3s szak\u00e9rt\u0151 <a href=\"mailto:komjati.andrea@emk.semmelweis.hu\" target=\"_blank\" rel=\"noopener\">komjati.andrea@emk.semmelweis.hu<\/a> 1125 Budapest, K\u00fatv\u00f6lgyi \u00fat 2. BEMUTATKOZ\u00c1S Komj\u00e1ti Andrea 1989-ben diplom\u00e1zott az E\u00f6tv\u00f6s Lor\u00e1nd Tudom\u00e1nyegyetem Tan\u00e1rk\u00e9pz\u0151 F\u0151iskolai Kar\u00e1n, 1996-ban v\u00e9gezte el a K\u00fclkereskedelmi F\u0151iskola nemzetk\u00f6zi marketing posztgradu\u00e1lis k\u00e9pz\u00e9s\u00e9t. Dolgozott a Magyar R\u00e1di\u00f3 Zenei F\u0151oszt\u00e1ly\u00e1n, majd a rekl\u00e1mszakm\u00e1ban szerzett k\u00f6zel h\u00e1rom \u00e9vtizedes kommunik\u00e1ci\u00f3s tapasztalatot olyan nemzetk\u00f6zi \u00fcgyn\u00f6ks\u00e9gekn\u00e9l, mint a J. Walter Thompson \u00e9s &hellip;<\/p>\n","protected":false},"author":102350,"featured_media":3134,"parent":1952,"menu_order":0,"comment_status":"closed","ping_status":"closed","template":"","meta":{"_acf_changed":false,"footnotes":""},"categories":[],"tags":[],"class_list":["post-3130","page","type-page","status-publish","has-post-thumbnail","hentry"],"acf":[],"_links":{"self":[{"href":"https:\/\/semmelweis.hu\/emk\/wp-json\/wp\/v2\/pages\/3130","targetHints":{"allow":["GET"]}}],"collection":[{"href":"https:\/\/semmelweis.hu\/emk\/wp-json\/wp\/v2\/pages"}],"about":[{"href":"https:\/\/semmelweis.hu\/emk\/wp-json\/wp\/v2\/types\/page"}],"author":[{"embeddable":true,"href":"https:\/\/semmelweis.hu\/emk\/wp-json\/wp\/v2\/users\/102350"}],"replies":[{"embeddable":true,"href":"https:\/\/semmelweis.hu\/emk\/wp-json\/wp\/v2\/comments?post=3130"}],"version-history":[{"count":1,"href":"https:\/\/semmelweis.hu\/emk\/wp-json\/wp\/v2\/pages\/3130\/revisions"}],"predecessor-version":[{"id":24318,"href":"https:\/\/semmelweis.hu\/emk\/wp-json\/wp\/v2\/pages\/3130\/revisions\/24318"}],"up":[{"embeddable":true,"href":"https:\/\/semmelweis.hu\/emk\/wp-json\/wp\/v2\/pages\/1952"}],"wp:featuredmedia":[{"embeddable":true,"href":"https:\/\/semmelweis.hu\/emk\/wp-json\/wp\/v2\/media\/3134"}],"wp:attachment":[{"href":"https:\/\/semmelweis.hu\/emk\/wp-json\/wp\/v2\/media?parent=3130"}],"wp:term":[{"taxonomy":"category","embeddable":true,"href":"https:\/\/semmelweis.hu\/emk\/wp-json\/wp\/v2\/categories?post=3130"},{"taxonomy":"post_tag","embeddable":true,"href":"https:\/\/semmelweis.hu\/emk\/wp-json\/wp\/v2\/tags?post=3130"}],"curies":[{"name":"wp","href":"https:\/\/api.w.org\/{rel}","templated":true}]}}