{"id":3128,"date":"2024-10-01T11:40:02","date_gmt":"2024-10-01T11:40:02","guid":{"rendered":"https:\/\/test.semmelweis.hu\/barmi\/?page_id=3128"},"modified":"2025-07-16T13:10:17","modified_gmt":"2025-07-16T11:10:17","slug":"joni-daniel","status":"publish","type":"page","link":"https:\/\/semmelweis.hu\/emk\/oktatas\/munkatarsak-oktatoi-csapat\/joni-daniel\/","title":{"rendered":"J\u00f3ni D\u00e1niel Andr\u00e1s"},"content":{"rendered":"<p><img loading=\"lazy\" decoding=\"async\" class=\"wp-image-3136  aligncenter\" src=\"http:\/\/test.semmelweis.hu\/barmi\/files\/2024\/10\/Joni_Daniel-768x1024.jpg\" alt=\"J\u00f3ni D\u00e1niel\" width=\"500\" height=\"666\" \/><\/p>\n<div class=\"keretes w-100\">\n<p><strong><b><span style=\"font-size: 18pt\">J\u00f3ni Andr\u00e1s D\u00e1niel<\/span><br \/>\n<\/b><\/strong>szakmai szak\u00e9rt\u0151, oktat\u00e1s technikus<br \/>\n<a href=\"joni.daniel@emk.semmelweis.hu\" target=\"_blank\" rel=\"noopener\">joni.daniel@emk.semmelweis.hu\u00a0<\/a><br \/>\n<span data-sheets-root=\"1\">1125 Budapest, K\u00fatv\u00f6lgyi \u00fat 2.<\/span><\/p>\n<\/div>\n<h4><strong>BEMUTATKOZ\u00c1S<\/strong><\/h4>\n<p style=\"text-align: justify\">J\u00f3ni Andr\u00e1s D\u00e1niel <span style=\"font-weight: 400\">2021-ben rekre\u00e1ci\u00f3szervez\u0151k\u00e9nt \u00e9s eg\u00e9szs\u00e9gfejleszt\u0151k\u00e9nt v\u00e9gzett a Magyar Testnevel\u00e9si \u00e9s Sporttudom\u00e1nyi Egyetemen. 2018-t\u00f3l a Semmelweis Egyetem Eg\u00e9szs\u00e9g\u00fcgyi K\u00f6zszolg\u00e1lati Kar Eg\u00e9szs\u00e9g\u00fcgyi Menedzserk\u00e9pz\u0151 K\u00f6zpont munkat\u00e1rsa. 2022 \u00f3ta vesz r\u00e9szt n\u00e9peg\u00e9szs\u00e9g\u00fcgyi projektek szervez\u00e9s\u00e9ben, megval\u00f3s\u00edt\u00e1s\u00e1ban, kutat\u00e1sokban. Az \u201eEg\u00e9szs\u00e9gpart\u201d programsorozatban kezdetekt\u0151l fogva szervez\u0151k\u00e9nt \u00e9s kivitelez\u0151k\u00e9nt is k\u00f6zrem\u0171k\u00f6dik. 2023-t\u00f3l a Semmelweis Egyetem eg\u00e9szs\u00e9g\u00fcgyi menedzser MSc-k\u00e9pz\u00e9s nappali szakos hallgat\u00f3ja.<\/span><\/p>\n<p><a href=\"https:\/\/m2.mtmt.hu\/api\/publication?format=html&amp;labelLang=hun&amp;sort=publishedYear,desc&amp;cond=authors;eq;10094172\" target=\"_blank\" rel=\"noopener\"><img loading=\"lazy\" decoding=\"async\" class=\"alignnone wp-image-2492\" src=\"https:\/\/semmelweis.hu\/emk\/files\/2024\/08\/MTMT_logo.jpg\" alt=\"\" width=\"61\" height=\"61\" srcset=\"https:\/\/semmelweis.hu\/emk\/files\/2024\/08\/MTMT_logo.jpg 180w, https:\/\/semmelweis.hu\/emk\/files\/2024\/08\/MTMT_logo-150x150.jpg 150w\" sizes=\"auto, (max-width: 61px) 100vw, 61px\" \/><\/a>\u00a0\u00a0\u00a0\u00a0<a href=\"https:\/\/www.linkedin.com\/in\/danieljoni97\/\" target=\"_blank\" rel=\"noopener\"><img loading=\"lazy\" decoding=\"async\" class=\"alignnone wp-image-2491\" src=\"https:\/\/semmelweis.hu\/emk\/files\/2024\/08\/linkedin_logo.png\" alt=\"\" width=\"50\" height=\"50\" srcset=\"https:\/\/semmelweis.hu\/emk\/files\/2024\/08\/linkedin_logo.png 512w, https:\/\/semmelweis.hu\/emk\/files\/2024\/08\/linkedin_logo-400x400.png 400w, https:\/\/semmelweis.hu\/emk\/files\/2024\/08\/linkedin_logo-150x150.png 150w\" sizes=\"auto, (max-width: 50px) 100vw, 50px\" \/><\/a>\u00a0\u00a0<\/p>\n","protected":false},"excerpt":{"rendered":"<p>J\u00f3ni Andr\u00e1s D\u00e1niel szakmai szak\u00e9rt\u0151, oktat\u00e1s technikus <a href=\"joni.daniel@emk.semmelweis.hu\" target=\"_blank\" rel=\"noopener\">joni.daniel@emk.semmelweis.hu\u00a0<\/a> 1125 Budapest, K\u00fatv\u00f6lgyi \u00fat 2. BEMUTATKOZ\u00c1S J\u00f3ni Andr\u00e1s D\u00e1niel 2021-ben rekre\u00e1ci\u00f3szervez\u0151k\u00e9nt \u00e9s eg\u00e9szs\u00e9gfejleszt\u0151k\u00e9nt v\u00e9gzett a Magyar Testnevel\u00e9si \u00e9s Sporttudom\u00e1nyi Egyetemen. 2018-t\u00f3l a Semmelweis Egyetem Eg\u00e9szs\u00e9g\u00fcgyi K\u00f6zszolg\u00e1lati Kar Eg\u00e9szs\u00e9g\u00fcgyi Menedzserk\u00e9pz\u0151 K\u00f6zpont munkat\u00e1rsa. 2022 \u00f3ta vesz r\u00e9szt n\u00e9peg\u00e9szs\u00e9g\u00fcgyi projektek szervez\u00e9s\u00e9ben, megval\u00f3s\u00edt\u00e1s\u00e1ban, kutat\u00e1sokban. Az \u201eEg\u00e9szs\u00e9gpart\u201d programsorozatban kezdetekt\u0151l fogva szervez\u0151k\u00e9nt \u00e9s kivitelez\u0151k\u00e9nt &hellip;<\/p>\n","protected":false},"author":102350,"featured_media":25596,"parent":1952,"menu_order":0,"comment_status":"closed","ping_status":"closed","template":"","meta":{"_acf_changed":false,"footnotes":""},"categories":[],"tags":[],"class_list":["post-3128","page","type-page","status-publish","has-post-thumbnail","hentry"],"acf":[],"_links":{"self":[{"href":"https:\/\/semmelweis.hu\/emk\/wp-json\/wp\/v2\/pages\/3128","targetHints":{"allow":["GET"]}}],"collection":[{"href":"https:\/\/semmelweis.hu\/emk\/wp-json\/wp\/v2\/pages"}],"about":[{"href":"https:\/\/semmelweis.hu\/emk\/wp-json\/wp\/v2\/types\/page"}],"author":[{"embeddable":true,"href":"https:\/\/semmelweis.hu\/emk\/wp-json\/wp\/v2\/users\/102350"}],"replies":[{"embeddable":true,"href":"https:\/\/semmelweis.hu\/emk\/wp-json\/wp\/v2\/comments?post=3128"}],"version-history":[{"count":2,"href":"https:\/\/semmelweis.hu\/emk\/wp-json\/wp\/v2\/pages\/3128\/revisions"}],"predecessor-version":[{"id":25597,"href":"https:\/\/semmelweis.hu\/emk\/wp-json\/wp\/v2\/pages\/3128\/revisions\/25597"}],"up":[{"embeddable":true,"href":"https:\/\/semmelweis.hu\/emk\/wp-json\/wp\/v2\/pages\/1952"}],"wp:featuredmedia":[{"embeddable":true,"href":"https:\/\/semmelweis.hu\/emk\/wp-json\/wp\/v2\/media\/25596"}],"wp:attachment":[{"href":"https:\/\/semmelweis.hu\/emk\/wp-json\/wp\/v2\/media?parent=3128"}],"wp:term":[{"taxonomy":"category","embeddable":true,"href":"https:\/\/semmelweis.hu\/emk\/wp-json\/wp\/v2\/categories?post=3128"},{"taxonomy":"post_tag","embeddable":true,"href":"https:\/\/semmelweis.hu\/emk\/wp-json\/wp\/v2\/tags?post=3128"}],"curies":[{"name":"wp","href":"https:\/\/api.w.org\/{rel}","templated":true}]}}