{"id":3126,"date":"2024-10-01T12:13:25","date_gmt":"2024-10-01T12:13:25","guid":{"rendered":"https:\/\/test.semmelweis.hu\/barmi\/?page_id=3126"},"modified":"2025-07-16T10:28:10","modified_gmt":"2025-07-16T08:28:10","slug":"kovacs-ildiko","status":"publish","type":"page","link":"https:\/\/semmelweis.hu\/emk\/oktatas\/munkatarsak-oktatoi-csapat\/kovacs-ildiko\/","title":{"rendered":"Kov\u00e1cs Ildik\u00f3"},"content":{"rendered":"<p><img loading=\"lazy\" decoding=\"async\" class=\"aligncenter  wp-image-25573\" src=\"https:\/\/semmelweis.hu\/emk\/files\/2025\/07\/Kovacs-Ildiko-2025_2.jpg\" alt=\"Kov\u00e1cs Ildik\u00f3\" width=\"500\" height=\"450\" srcset=\"https:\/\/semmelweis.hu\/emk\/files\/2025\/07\/Kovacs-Ildiko-2025_2.jpg 800w, https:\/\/semmelweis.hu\/emk\/files\/2025\/07\/Kovacs-Ildiko-2025_2-400x360.jpg 400w, https:\/\/semmelweis.hu\/emk\/files\/2025\/07\/Kovacs-Ildiko-2025_2-768x691.jpg 768w, https:\/\/semmelweis.hu\/emk\/files\/2025\/07\/Kovacs-Ildiko-2025_2-753x678.jpg 753w\" sizes=\"auto, (max-width: 500px) 100vw, 500px\" \/><\/p>\n<div class=\"keretes w-100\">\n<p><strong><span style=\"font-size: 18pt\">Kov\u00e1cs Ildik\u00f3<\/span><br \/>\n<\/strong><span data-sheets-root=\"1\">kommunik\u00e1ci\u00f3s szak\u00e9rt\u0151<\/span><br \/>\n<a href=\"mailto:kovacs.ildiko@emk.semmelweis.hu\" target=\"_blank\" rel=\"noopener\">kovacs.ildiko@emk.semmelweis.hu<\/a> <br \/>\n<span data-sheets-root=\"1\">1125 Budapest, K\u00fatv\u00f6lgyi \u00fat 2.<\/span><\/p>\n<\/div>\n<h4><strong>BEMUTATKOZ\u00c1S<\/strong><\/h4>\n<p style=\"text-align: justify\"><span style=\"font-weight: 400\">Kov\u00e1cs Ildik\u00f3 marketingvezet\u0151 szakk\u00f6zgazd\u00e1sz. T\u00f6bb mint 20 \u00e9ve dolgozik marketing, PR, kommunik\u00e1ci\u00f3s ter\u00fcleten. Tapasztalatot szerzett nagyv\u00e1llalatokn\u00e1l, multinacion\u00e1lis c\u00e9gn\u00e9l \u00e9s kkv szektorban egyar\u00e1nt.\u00a0<\/span><span style=\"font-weight: 400\">2019-ben csatlakozott az Eg\u00e9szs\u00e9g\u00fcgyi Menedzserk\u00e9pz\u0151 K\u00f6zponthoz. A Lakoss\u00e1gi F\u00f3rum kamp\u00e1ny lebonyol\u00edt\u00e1s\u00e1ban vett r\u00e9szt. 2020-t\u00f3l kommunik\u00e1ci\u00f3s szak\u00e9rt\u0151k\u00e9nt dolgozik, els\u0151sorban rendezv\u00e9nyek, konferenci\u00e1k szervez\u00e9se, a k\u00fcl\u00f6nb\u00f6z\u0151 c\u00e9lcsoportokkal val\u00f3 kapcsolattart\u00e1s a f\u0151 feladata.<\/span><\/p>\n<p>\u00a0 <a href=\"https:\/\/www.linkedin.com\/in\/ildik%C3%B3kov%C3%A1cs\/\" target=\"_blank\" rel=\"noopener\"><img loading=\"lazy\" decoding=\"async\" class=\"alignnone wp-image-2491\" src=\"https:\/\/semmelweis.hu\/emk\/files\/2024\/08\/linkedin_logo.png\" alt=\"\" width=\"50\" height=\"50\" srcset=\"https:\/\/semmelweis.hu\/emk\/files\/2024\/08\/linkedin_logo.png 512w, https:\/\/semmelweis.hu\/emk\/files\/2024\/08\/linkedin_logo-400x400.png 400w, https:\/\/semmelweis.hu\/emk\/files\/2024\/08\/linkedin_logo-150x150.png 150w\" sizes=\"auto, (max-width: 50px) 100vw, 50px\" \/><\/a>\u00a0<\/p>\n","protected":false},"excerpt":{"rendered":"<p>Kov\u00e1cs Ildik\u00f3 kommunik\u00e1ci\u00f3s szak\u00e9rt\u0151 <a href=\"mailto:kovacs.ildiko@emk.semmelweis.hu\" target=\"_blank\" rel=\"noopener\">kovacs.ildiko@emk.semmelweis.hu<\/a> 1125 Budapest, K\u00fatv\u00f6lgyi \u00fat 2. BEMUTATKOZ\u00c1S Kov\u00e1cs Ildik\u00f3 marketingvezet\u0151 szakk\u00f6zgazd\u00e1sz. T\u00f6bb mint 20 \u00e9ve dolgozik marketing, PR, kommunik\u00e1ci\u00f3s ter\u00fcleten. Tapasztalatot szerzett nagyv\u00e1llalatokn\u00e1l, multinacion\u00e1lis c\u00e9gn\u00e9l \u00e9s kkv szektorban egyar\u00e1nt.\u00a02019-ben csatlakozott az Eg\u00e9szs\u00e9g\u00fcgyi Menedzserk\u00e9pz\u0151 K\u00f6zponthoz. A Lakoss\u00e1gi F\u00f3rum kamp\u00e1ny lebonyol\u00edt\u00e1s\u00e1ban vett r\u00e9szt. 2020-t\u00f3l kommunik\u00e1ci\u00f3s szak\u00e9rt\u0151k\u00e9nt dolgozik, els\u0151sorban rendezv\u00e9nyek, konferenci\u00e1k szervez\u00e9se, a k\u00fcl\u00f6nb\u00f6z\u0151 c\u00e9lcsoportokkal &hellip;<\/p>\n","protected":false},"author":102350,"featured_media":25568,"parent":1952,"menu_order":0,"comment_status":"closed","ping_status":"closed","template":"","meta":{"_acf_changed":false,"footnotes":""},"categories":[],"tags":[],"class_list":["post-3126","page","type-page","status-publish","has-post-thumbnail","hentry"],"acf":[],"_links":{"self":[{"href":"https:\/\/semmelweis.hu\/emk\/wp-json\/wp\/v2\/pages\/3126","targetHints":{"allow":["GET"]}}],"collection":[{"href":"https:\/\/semmelweis.hu\/emk\/wp-json\/wp\/v2\/pages"}],"about":[{"href":"https:\/\/semmelweis.hu\/emk\/wp-json\/wp\/v2\/types\/page"}],"author":[{"embeddable":true,"href":"https:\/\/semmelweis.hu\/emk\/wp-json\/wp\/v2\/users\/102350"}],"replies":[{"embeddable":true,"href":"https:\/\/semmelweis.hu\/emk\/wp-json\/wp\/v2\/comments?post=3126"}],"version-history":[{"count":4,"href":"https:\/\/semmelweis.hu\/emk\/wp-json\/wp\/v2\/pages\/3126\/revisions"}],"predecessor-version":[{"id":25575,"href":"https:\/\/semmelweis.hu\/emk\/wp-json\/wp\/v2\/pages\/3126\/revisions\/25575"}],"up":[{"embeddable":true,"href":"https:\/\/semmelweis.hu\/emk\/wp-json\/wp\/v2\/pages\/1952"}],"wp:featuredmedia":[{"embeddable":true,"href":"https:\/\/semmelweis.hu\/emk\/wp-json\/wp\/v2\/media\/25568"}],"wp:attachment":[{"href":"https:\/\/semmelweis.hu\/emk\/wp-json\/wp\/v2\/media?parent=3126"}],"wp:term":[{"taxonomy":"category","embeddable":true,"href":"https:\/\/semmelweis.hu\/emk\/wp-json\/wp\/v2\/categories?post=3126"},{"taxonomy":"post_tag","embeddable":true,"href":"https:\/\/semmelweis.hu\/emk\/wp-json\/wp\/v2\/tags?post=3126"}],"curies":[{"name":"wp","href":"https:\/\/api.w.org\/{rel}","templated":true}]}}