{"id":3114,"date":"2024-09-30T15:46:12","date_gmt":"2024-09-30T15:46:12","guid":{"rendered":"https:\/\/test.semmelweis.hu\/barmi\/?page_id=3114"},"modified":"2025-07-16T13:41:35","modified_gmt":"2025-07-16T11:41:35","slug":"seres-pittlik-timea","status":"publish","type":"page","link":"https:\/\/semmelweis.hu\/emk\/oktatas\/munkatarsak-oktatoi-csapat\/seres-pittlik-timea\/","title":{"rendered":"Seres-Pittlik T\u00edmea"},"content":{"rendered":"<p><img loading=\"lazy\" decoding=\"async\" class=\"wp-image-3115  aligncenter\" src=\"https:\/\/semmelweis.hu\/emk\/files\/2024\/09\/SeresPittlikTimea-foto-1.jpg\" alt=\"Seres-Pittlik T\u00edmea \" width=\"500\" height=\"281\" srcset=\"https:\/\/semmelweis.hu\/emk\/files\/2024\/09\/SeresPittlikTimea-foto-1.jpg 640w, https:\/\/semmelweis.hu\/emk\/files\/2024\/09\/SeresPittlikTimea-foto-1-400x225.jpg 400w\" sizes=\"auto, (max-width: 500px) 100vw, 500px\" \/><\/p>\n<div class=\"keretes w-100\">\n<p><strong><b><span style=\"font-size: 18pt\">Seres-Pittlik T\u00edmea<\/span><br \/>\n<\/b><\/strong>oktat\u00e1si munkat\u00e1rs<br \/>\n<a href=\"mailto:seres.pittlik.timea@emk.semmelweis.hu\" target=\"_blank\" rel=\"noopener\">seres.pittlik.timea@emk.semmelweis.hu<\/a><br \/>\n<span data-sheets-root=\"1\">1125 Budapest, K\u00fatv\u00f6lgyi \u00fat 2.<\/span><\/p>\n<\/div>\n<h4><strong>OKTAT\u00d3I BEMUTATKOZ\u00c1S<\/strong><\/h4>\n<p style=\"text-align: justify\">Seres-Pittlik T\u00edmea <span style=\"font-weight: 400\">oktat\u00e1si munkat\u00e1rs, szociol\u00f3gus, szoci\u00e1lpolitikus. 2019 \u00f3ta a Semmelweis Egyetem Eg\u00e9szs\u00e9g\u00fcgyi Menedzserk\u00e9pz\u0151 K\u00f6zpont Szoci\u00e1lis Vezet\u0151k\u00e9pz\u00e9s oktat\u00f3ja, tananyagfejleszt\u0151je.\u00a0<\/span><span style=\"font-weight: 400\">Vezet\u0151i gyakorlati tapasztalatokat szerzett az \u00e1llamigazgat\u00e1sban \u00e9s a k\u00f6zigazgat\u00e1sban is. <\/span><span style=\"font-weight: 400\">Oktat\u00e1si ter\u00fcletei k\u00f6z\u00e9 az etika, szoci\u00e1lis innov\u00e1ci\u00f3k, szakmai gyakorlat, szoci\u00e1lpolitika, \u00e9rdek\u00e9rv\u00e9nyes\u00edt\u00e9s \u2013 t\u00e1rgyal\u00e1stechnik\u00e1k, kutat\u00e1si ter\u00fcletei k\u00f6z\u00e9 pedig a s<\/span><span style=\"font-size: 1rem\">zem\u00e9lyes, szervezeti \u00e9s k\u00f6z\u00f6ss\u00e9gi reziliencia, hat\u00e1rter\u00fcleti k\u00e9rd\u00e9sek tartoznak.<\/span><\/p>\n<p><a href=\"https:\/\/m2.mtmt.hu\/api\/publication?format=html&amp;labelLang=eng&amp;sort=publishedYear,desc&amp;cond=authors;eq;10088294\" target=\"_blank\" rel=\"noopener\"><img loading=\"lazy\" decoding=\"async\" class=\"alignnone wp-image-2492\" src=\"https:\/\/semmelweis.hu\/emk\/files\/2024\/08\/MTMT_logo.jpg\" alt=\"\" width=\"61\" height=\"61\" srcset=\"https:\/\/semmelweis.hu\/emk\/files\/2024\/08\/MTMT_logo.jpg 180w, https:\/\/semmelweis.hu\/emk\/files\/2024\/08\/MTMT_logo-150x150.jpg 150w\" sizes=\"auto, (max-width: 61px) 100vw, 61px\" \/><\/a> \u00a0\u00a0\u00a0<\/p>\n","protected":false},"excerpt":{"rendered":"<p>Seres-Pittlik T\u00edmea oktat\u00e1si munkat\u00e1rs <a href=\"mailto:seres.pittlik.timea@emk.semmelweis.hu\" target=\"_blank\" rel=\"noopener\">seres.pittlik.timea@emk.semmelweis.hu<\/a> 1125 Budapest, K\u00fatv\u00f6lgyi \u00fat 2. OKTAT\u00d3I BEMUTATKOZ\u00c1S Seres-Pittlik T\u00edmea oktat\u00e1si munkat\u00e1rs, szociol\u00f3gus, szoci\u00e1lpolitikus. 2019 \u00f3ta a Semmelweis Egyetem Eg\u00e9szs\u00e9g\u00fcgyi Menedzserk\u00e9pz\u0151 K\u00f6zpont Szoci\u00e1lis Vezet\u0151k\u00e9pz\u00e9s oktat\u00f3ja, tananyagfejleszt\u0151je.\u00a0Vezet\u0151i gyakorlati tapasztalatokat szerzett az \u00e1llamigazgat\u00e1sban \u00e9s a k\u00f6zigazgat\u00e1sban is. Oktat\u00e1si ter\u00fcletei k\u00f6z\u00e9 az etika, szoci\u00e1lis innov\u00e1ci\u00f3k, szakmai gyakorlat, szoci\u00e1lpolitika, \u00e9rdek\u00e9rv\u00e9nyes\u00edt\u00e9s \u2013 t\u00e1rgyal\u00e1stechnik\u00e1k, kutat\u00e1si ter\u00fcletei k\u00f6z\u00e9 pedig &hellip;<\/p>\n","protected":false},"author":102350,"featured_media":25611,"parent":1952,"menu_order":0,"comment_status":"closed","ping_status":"closed","template":"","meta":{"_acf_changed":false,"footnotes":""},"categories":[],"tags":[],"class_list":["post-3114","page","type-page","status-publish","has-post-thumbnail","hentry"],"acf":[],"_links":{"self":[{"href":"https:\/\/semmelweis.hu\/emk\/wp-json\/wp\/v2\/pages\/3114","targetHints":{"allow":["GET"]}}],"collection":[{"href":"https:\/\/semmelweis.hu\/emk\/wp-json\/wp\/v2\/pages"}],"about":[{"href":"https:\/\/semmelweis.hu\/emk\/wp-json\/wp\/v2\/types\/page"}],"author":[{"embeddable":true,"href":"https:\/\/semmelweis.hu\/emk\/wp-json\/wp\/v2\/users\/102350"}],"replies":[{"embeddable":true,"href":"https:\/\/semmelweis.hu\/emk\/wp-json\/wp\/v2\/comments?post=3114"}],"version-history":[{"count":2,"href":"https:\/\/semmelweis.hu\/emk\/wp-json\/wp\/v2\/pages\/3114\/revisions"}],"predecessor-version":[{"id":25612,"href":"https:\/\/semmelweis.hu\/emk\/wp-json\/wp\/v2\/pages\/3114\/revisions\/25612"}],"up":[{"embeddable":true,"href":"https:\/\/semmelweis.hu\/emk\/wp-json\/wp\/v2\/pages\/1952"}],"wp:featuredmedia":[{"embeddable":true,"href":"https:\/\/semmelweis.hu\/emk\/wp-json\/wp\/v2\/media\/25611"}],"wp:attachment":[{"href":"https:\/\/semmelweis.hu\/emk\/wp-json\/wp\/v2\/media?parent=3114"}],"wp:term":[{"taxonomy":"category","embeddable":true,"href":"https:\/\/semmelweis.hu\/emk\/wp-json\/wp\/v2\/categories?post=3114"},{"taxonomy":"post_tag","embeddable":true,"href":"https:\/\/semmelweis.hu\/emk\/wp-json\/wp\/v2\/tags?post=3114"}],"curies":[{"name":"wp","href":"https:\/\/api.w.org\/{rel}","templated":true}]}}