{"id":3110,"date":"2024-09-30T15:30:56","date_gmt":"2024-09-30T15:30:56","guid":{"rendered":"https:\/\/test.semmelweis.hu\/barmi\/?page_id=3110"},"modified":"2024-09-30T15:30:56","modified_gmt":"2024-09-30T15:30:56","slug":"nyitrai-imre-dr","status":"publish","type":"page","link":"https:\/\/semmelweis.hu\/emk\/oktatas\/munkatarsak-oktatoi-csapat\/nyitrai-imre-dr\/","title":{"rendered":"Nyitrai Imre, Dr."},"content":{"rendered":"<p><img loading=\"lazy\" decoding=\"async\" class=\"wp-image-3111  aligncenter\" src=\"http:\/\/test.semmelweis.hu\/barmi\/files\/2024\/09\/Dr.-Nyitrai-Imre-Janos-142_web2-1024x683.jpg\" alt=\"Dr. Nyitrai Imre J\u00e1nos\" width=\"701\" height=\"467\" \/><\/p>\n<div class=\"keretes w-100\">\n<p><strong>Dr. Nyitrai Imre<br \/>\n<\/strong>oktat\u00f3<br \/>\n<a href=\"mailto:nyitrai.imre@emk.semmelweis.hu\" target=\"_blank\" rel=\"noopener\">nyitrai.imre@emk.semmelweis.hu<\/a><br \/>\n<span data-sheets-root=\"1\">1125 Budapest, K\u00fatv\u00f6lgyi \u00fat 2.<\/span><\/p>\n<\/div>\n<h4><strong>OKTAT\u00d3I BEMUTATKOZ\u00c1S<\/strong><\/h4>\n<p style=\"text-align: justify\">Dr. Nyitrai Imre<span style=\"font-weight: 400\"> PhD szociol\u00f3gus, szoci\u00e1lpolitikus, coach. Diplom\u00e1it az E\u00f6tv\u00f6s Lor\u00e1nd Tudom\u00e1nyegyetemen \u00e9s a P\u00e9csi\u00a0Tudom\u00e1nyegyetemen szerezte 1992 \u00e9s 2023 k\u00f6z\u00f6tt. Doktori \u00e9rtekez\u00e9s\u00e9t a szoci\u00e1lis szolg\u00e1ltat\u00e1si rendszer innov\u00e1ci\u00f3ib\u00f3l \u00edrta a K\u00e1roli G\u00e1sp\u00e1r Reform\u00e1tus Egyetemen. Tapasztalatait \u00f6nkorm\u00e1nyzati, civil, egyh\u00e1zi \u00e9s \u00e1llamigazgat\u00e1si ter\u00fcleten szerezte. A Semmelweis Egyetem Eg\u00e9szs\u00e9g\u00fcgyi K\u00f6zszolg\u00e1lati Kara\u00a0Szoci\u00e1lis Vezet\u0151k\u00e9pz\u0151 Tud\u00e1sk\u00f6zpontj\u00e1nak oktat\u00f3ja.<\/span><\/p>\n<p><a href=\"https:\/\/m2.mtmt.hu\/api\/publication?format=html&amp;labelLang=hun&amp;sort=publishedYear,desc&amp;cond=authors;eq;10067423\" target=\"_blank\" rel=\"noopener\"><img loading=\"lazy\" decoding=\"async\" class=\"alignnone wp-image-2492\" src=\"https:\/\/semmelweis.hu\/emk\/files\/2024\/08\/MTMT_logo.jpg\" alt=\"\" width=\"61\" height=\"61\" srcset=\"https:\/\/semmelweis.hu\/emk\/files\/2024\/08\/MTMT_logo.jpg 180w, https:\/\/semmelweis.hu\/emk\/files\/2024\/08\/MTMT_logo-150x150.jpg 150w\" sizes=\"auto, (max-width: 61px) 100vw, 61px\" \/><\/a>\u00a0\u00a0\u00a0\u00a0<a href=\"https:\/\/www.linkedin.com\/in\/imre-nyitrai-dr-0b4135271\/\" target=\"_blank\" rel=\"noopener\"><img loading=\"lazy\" decoding=\"async\" class=\"alignnone wp-image-2491\" src=\"https:\/\/semmelweis.hu\/emk\/files\/2024\/08\/linkedin_logo.png\" alt=\"\" width=\"50\" height=\"50\" srcset=\"https:\/\/semmelweis.hu\/emk\/files\/2024\/08\/linkedin_logo.png 512w, https:\/\/semmelweis.hu\/emk\/files\/2024\/08\/linkedin_logo-400x400.png 400w, https:\/\/semmelweis.hu\/emk\/files\/2024\/08\/linkedin_logo-150x150.png 150w\" sizes=\"auto, (max-width: 50px) 100vw, 50px\" \/><\/a>\u00a0<\/p>\n","protected":false},"excerpt":{"rendered":"<p>Dr. Nyitrai Imre oktat\u00f3 <a href=\"mailto:nyitrai.imre@emk.semmelweis.hu\" target=\"_blank\" rel=\"noopener\">nyitrai.imre@emk.semmelweis.hu<\/a> 1125 Budapest, K\u00fatv\u00f6lgyi \u00fat 2. OKTAT\u00d3I BEMUTATKOZ\u00c1S Dr. Nyitrai Imre PhD szociol\u00f3gus, szoci\u00e1lpolitikus, coach. Diplom\u00e1it az E\u00f6tv\u00f6s Lor\u00e1nd Tudom\u00e1nyegyetemen \u00e9s a P\u00e9csi\u00a0Tudom\u00e1nyegyetemen szerezte 1992 \u00e9s 2023 k\u00f6z\u00f6tt. Doktori \u00e9rtekez\u00e9s\u00e9t a szoci\u00e1lis szolg\u00e1ltat\u00e1si rendszer innov\u00e1ci\u00f3ib\u00f3l \u00edrta a K\u00e1roli G\u00e1sp\u00e1r Reform\u00e1tus Egyetemen. Tapasztalatait \u00f6nkorm\u00e1nyzati, civil, egyh\u00e1zi \u00e9s \u00e1llamigazgat\u00e1si ter\u00fcleten szerezte. A Semmelweis Egyetem &hellip;<\/p>\n","protected":false},"author":102350,"featured_media":3111,"parent":1952,"menu_order":0,"comment_status":"closed","ping_status":"closed","template":"","meta":{"_acf_changed":false,"footnotes":""},"categories":[],"tags":[],"class_list":["post-3110","page","type-page","status-publish","has-post-thumbnail","hentry"],"acf":[],"_links":{"self":[{"href":"https:\/\/semmelweis.hu\/emk\/wp-json\/wp\/v2\/pages\/3110","targetHints":{"allow":["GET"]}}],"collection":[{"href":"https:\/\/semmelweis.hu\/emk\/wp-json\/wp\/v2\/pages"}],"about":[{"href":"https:\/\/semmelweis.hu\/emk\/wp-json\/wp\/v2\/types\/page"}],"author":[{"embeddable":true,"href":"https:\/\/semmelweis.hu\/emk\/wp-json\/wp\/v2\/users\/102350"}],"replies":[{"embeddable":true,"href":"https:\/\/semmelweis.hu\/emk\/wp-json\/wp\/v2\/comments?post=3110"}],"version-history":[{"count":0,"href":"https:\/\/semmelweis.hu\/emk\/wp-json\/wp\/v2\/pages\/3110\/revisions"}],"up":[{"embeddable":true,"href":"https:\/\/semmelweis.hu\/emk\/wp-json\/wp\/v2\/pages\/1952"}],"wp:featuredmedia":[{"embeddable":true,"href":"https:\/\/semmelweis.hu\/emk\/wp-json\/wp\/v2\/media\/3111"}],"wp:attachment":[{"href":"https:\/\/semmelweis.hu\/emk\/wp-json\/wp\/v2\/media?parent=3110"}],"wp:term":[{"taxonomy":"category","embeddable":true,"href":"https:\/\/semmelweis.hu\/emk\/wp-json\/wp\/v2\/categories?post=3110"},{"taxonomy":"post_tag","embeddable":true,"href":"https:\/\/semmelweis.hu\/emk\/wp-json\/wp\/v2\/tags?post=3110"}],"curies":[{"name":"wp","href":"https:\/\/api.w.org\/{rel}","templated":true}]}}