{"id":3106,"date":"2024-10-01T14:50:22","date_gmt":"2024-10-01T14:50:22","guid":{"rendered":"https:\/\/test.semmelweis.hu\/barmi\/?page_id=3106"},"modified":"2025-07-16T16:57:07","modified_gmt":"2025-07-16T14:57:07","slug":"takacs-erika-dr","status":"publish","type":"page","link":"https:\/\/semmelweis.hu\/emk\/oktatas\/munkatarsak-oktatoi-csapat\/takacs-erika-dr\/","title":{"rendered":"Tak\u00e1cs Erika, Dr."},"content":{"rendered":"<div class=\"w-100\">\n<p><img loading=\"lazy\" decoding=\"async\" class=\"aligncenter wp-image-3193 \" src=\"https:\/\/semmelweis.hu\/emk\/files\/2024\/10\/Takacs-Erika_foto-scaled-e1727794202598-994x1024.jpg\" alt=\"Tak\u00e1cs Erika\" width=\"500\" height=\"515\" srcset=\"https:\/\/semmelweis.hu\/emk\/files\/2024\/10\/Takacs-Erika_foto-scaled-e1727794202598-994x1024.jpg 994w, https:\/\/semmelweis.hu\/emk\/files\/2024\/10\/Takacs-Erika_foto-scaled-e1727794202598-388x400.jpg 388w, https:\/\/semmelweis.hu\/emk\/files\/2024\/10\/Takacs-Erika_foto-scaled-e1727794202598-768x791.jpg 768w, https:\/\/semmelweis.hu\/emk\/files\/2024\/10\/Takacs-Erika_foto-scaled-e1727794202598-753x776.jpg 753w, https:\/\/semmelweis.hu\/emk\/files\/2024\/10\/Takacs-Erika_foto-scaled-e1727794202598.jpg 1399w\" sizes=\"auto, (max-width: 500px) 100vw, 500px\" \/><\/p>\n<\/div>\n<div class=\"keretes w-100\">\n<p><strong><span style=\"font-size: 18pt\">Dr. Tak\u00e1cs Erika<\/span><br \/>\n<\/strong>egyetemi adjunktus<br \/>\n<a href=\"mailto:takacs.erika@emk.semmelweis.hu\" target=\"_blank\" rel=\"noopener\"><span style=\"font-weight: 400\">takacs.erika@emk.semmelweis.hu<\/span><\/a> <br \/>\n<span data-sheets-root=\"1\">1125 Budapest, K\u00fatv\u00f6lgyi \u00fat 2.<\/span><\/p>\n<\/div>\n<h4><strong>OKTAT\u00d3I BEMUTATKOZ\u00c1S<\/strong><\/h4>\n<p style=\"text-align: justify\"><span style=\"font-weight: 400\">Dr. Tak\u00e1cs Erika 2002-ben szerzett diplom\u00e1t k\u00f6zgazd\u00e1szk\u00e9nt a Budapesti K\u00f6zgazdas\u00e1gtudom\u00e1nyi \u00e9s \u00c1llamigazgat\u00e1si Egyetemen. PhD fokozat\u00e1t 2015-ben szerezte a Budapesti Corvinus Egyetem Gazd\u00e1lkod\u00e1stani Doktori Iskol\u00e1j\u00e1ban. A Semmelweis Egyetem ment\u00e1lhigi\u00e9n\u00e9s szakember szakir\u00e1ny\u00fa tov\u00e1bbk\u00e9pz\u00e9s\u00e9t 2023-ban v\u00e9gezte el. 2002 \u00e9s 2006 k\u00f6z\u00f6tt az Orsz\u00e1gos Eg\u00e9szs\u00e9gbiztos\u00edt\u00e1si P\u00e9nzt\u00e1rn\u00e1l dolgozott, majd az Eg\u00e9szs\u00e9g\u00fcgyi Menedzserk\u00e9pz\u0151 K\u00f6zponthoz csatlakozott, ahol t\u00f6bb hazai \u00e9s nemzetk\u00f6zi kutat\u00e1si \u00e9s fejleszt\u00e9si projektben vett r\u00e9szt. P\u00e1ly\u00e1ja sor\u00e1n \u00f6t \u00e9vet dolgozott k\u00f3rh\u00e1zban kontrollerk\u00e9nt, majd oszt\u00e1lyvezet\u0151k\u00e9nt. Jelenleg adjunktusk\u00e9nt \u00e9s t\u00e1rgyfelel\u0151sk\u00e9nt oktat gazdas\u00e1gi t\u00e1rgyakat (kontrolling, ell\u00e1t\u00e1sil\u00e1nc-menedzsment) az Eg\u00e9szs\u00e9g\u00fcgyi K\u00f6zszolg\u00e1lati Kar k\u00e9pz\u00e9sein.<\/span><\/p>\n<p><a href=\"https:\/\/m2.mtmt.hu\/api\/publication?format=html&amp;labelLang=hun&amp;sort=publishedYear,desc&amp;cond=authors;eq;10024213\" target=\"_blank\" rel=\"noopener\"><img loading=\"lazy\" decoding=\"async\" class=\"alignnone wp-image-2492\" src=\"https:\/\/semmelweis.hu\/emk\/files\/2024\/08\/MTMT_logo.jpg\" alt=\"\" width=\"61\" height=\"61\" srcset=\"https:\/\/semmelweis.hu\/emk\/files\/2024\/08\/MTMT_logo.jpg 180w, https:\/\/semmelweis.hu\/emk\/files\/2024\/08\/MTMT_logo-150x150.jpg 150w\" sizes=\"auto, (max-width: 61px) 100vw, 61px\" \/><\/a>\u00a0\u00a0\u00a0\u00a0<a href=\"https:\/\/www.linkedin.com\/in\/erika-tak%C3%A1cs-453b3a17a\/\" target=\"_blank\" rel=\"noopener\"><img loading=\"lazy\" decoding=\"async\" class=\"alignnone wp-image-2491\" src=\"https:\/\/semmelweis.hu\/emk\/files\/2024\/08\/linkedin_logo.png\" alt=\"\" width=\"50\" height=\"50\" srcset=\"https:\/\/semmelweis.hu\/emk\/files\/2024\/08\/linkedin_logo.png 512w, https:\/\/semmelweis.hu\/emk\/files\/2024\/08\/linkedin_logo-400x400.png 400w, https:\/\/semmelweis.hu\/emk\/files\/2024\/08\/linkedin_logo-150x150.png 150w\" sizes=\"auto, (max-width: 50px) 100vw, 50px\" \/><\/a>\u00a0<\/p>\n","protected":false},"excerpt":{"rendered":"<p>Dr. Tak\u00e1cs Erika egyetemi adjunktus <a href=\"mailto:takacs.erika@emk.semmelweis.hu\" target=\"_blank\" rel=\"noopener\">takacs.erika@emk.semmelweis.hu<\/a> 1125 Budapest, K\u00fatv\u00f6lgyi \u00fat 2. OKTAT\u00d3I BEMUTATKOZ\u00c1S Dr. Tak\u00e1cs Erika 2002-ben szerzett diplom\u00e1t k\u00f6zgazd\u00e1szk\u00e9nt a Budapesti K\u00f6zgazdas\u00e1gtudom\u00e1nyi \u00e9s \u00c1llamigazgat\u00e1si Egyetemen. PhD fokozat\u00e1t 2015-ben szerezte a Budapesti Corvinus Egyetem Gazd\u00e1lkod\u00e1stani Doktori Iskol\u00e1j\u00e1ban. A Semmelweis Egyetem ment\u00e1lhigi\u00e9n\u00e9s szakember szakir\u00e1ny\u00fa tov\u00e1bbk\u00e9pz\u00e9s\u00e9t 2023-ban v\u00e9gezte el. 2002 \u00e9s 2006 k\u00f6z\u00f6tt az Orsz\u00e1gos Eg\u00e9szs\u00e9gbiztos\u00edt\u00e1si P\u00e9nzt\u00e1rn\u00e1l dolgozott, &hellip;<\/p>\n","protected":false},"author":102350,"featured_media":25623,"parent":1952,"menu_order":0,"comment_status":"closed","ping_status":"closed","template":"","meta":{"_acf_changed":false,"footnotes":""},"categories":[],"tags":[],"class_list":["post-3106","page","type-page","status-publish","has-post-thumbnail","hentry"],"acf":[],"_links":{"self":[{"href":"https:\/\/semmelweis.hu\/emk\/wp-json\/wp\/v2\/pages\/3106","targetHints":{"allow":["GET"]}}],"collection":[{"href":"https:\/\/semmelweis.hu\/emk\/wp-json\/wp\/v2\/pages"}],"about":[{"href":"https:\/\/semmelweis.hu\/emk\/wp-json\/wp\/v2\/types\/page"}],"author":[{"embeddable":true,"href":"https:\/\/semmelweis.hu\/emk\/wp-json\/wp\/v2\/users\/102350"}],"replies":[{"embeddable":true,"href":"https:\/\/semmelweis.hu\/emk\/wp-json\/wp\/v2\/comments?post=3106"}],"version-history":[{"count":2,"href":"https:\/\/semmelweis.hu\/emk\/wp-json\/wp\/v2\/pages\/3106\/revisions"}],"predecessor-version":[{"id":25627,"href":"https:\/\/semmelweis.hu\/emk\/wp-json\/wp\/v2\/pages\/3106\/revisions\/25627"}],"up":[{"embeddable":true,"href":"https:\/\/semmelweis.hu\/emk\/wp-json\/wp\/v2\/pages\/1952"}],"wp:featuredmedia":[{"embeddable":true,"href":"https:\/\/semmelweis.hu\/emk\/wp-json\/wp\/v2\/media\/25623"}],"wp:attachment":[{"href":"https:\/\/semmelweis.hu\/emk\/wp-json\/wp\/v2\/media?parent=3106"}],"wp:term":[{"taxonomy":"category","embeddable":true,"href":"https:\/\/semmelweis.hu\/emk\/wp-json\/wp\/v2\/categories?post=3106"},{"taxonomy":"post_tag","embeddable":true,"href":"https:\/\/semmelweis.hu\/emk\/wp-json\/wp\/v2\/tags?post=3106"}],"curies":[{"name":"wp","href":"https:\/\/api.w.org\/{rel}","templated":true}]}}