{"id":3078,"date":"2024-09-29T22:08:09","date_gmt":"2024-09-29T22:08:09","guid":{"rendered":"https:\/\/test.semmelweis.hu\/barmi\/?page_id=3078"},"modified":"2025-07-16T13:12:55","modified_gmt":"2025-07-16T11:12:55","slug":"kopcso-daniel","status":"publish","type":"page","link":"https:\/\/semmelweis.hu\/emk\/oktatas\/munkatarsak-oktatoi-csapat\/kopcso-daniel\/","title":{"rendered":"Kopcs\u00f3 D\u00e1niel"},"content":{"rendered":"<p><img loading=\"lazy\" decoding=\"async\" class=\"aligncenter wp-image-3079 \" src=\"https:\/\/semmelweis.hu\/emk\/files\/2024\/09\/Kopcso_Daniel-scaled-1-1024x576.jpg\" alt=\"Kopcs\u00f3 D\u00e1niel\" width=\"501\" height=\"282\" srcset=\"https:\/\/semmelweis.hu\/emk\/files\/2024\/09\/Kopcso_Daniel-scaled-1-1024x576.jpg 1024w, https:\/\/semmelweis.hu\/emk\/files\/2024\/09\/Kopcso_Daniel-scaled-1-400x225.jpg 400w, https:\/\/semmelweis.hu\/emk\/files\/2024\/09\/Kopcso_Daniel-scaled-1-768x432.jpg 768w, https:\/\/semmelweis.hu\/emk\/files\/2024\/09\/Kopcso_Daniel-scaled-1-1536x865.jpg 1536w, https:\/\/semmelweis.hu\/emk\/files\/2024\/09\/Kopcso_Daniel-scaled-1-2048x1153.jpg 2048w, https:\/\/semmelweis.hu\/emk\/files\/2024\/09\/Kopcso_Daniel-scaled-1-753x424.jpg 753w\" sizes=\"auto, (max-width: 501px) 100vw, 501px\" \/><\/p>\n<div class=\"keretes w-100\">\n<p><strong><span style=\"font-size: 18pt\">Kopcs\u00f3 D\u00e1niel<\/span><br \/>\n<\/strong>oktat\u00f3<br \/>\n<a href=\"mailto:daniel.kopcso@emk.semmelweis.hu\" target=\"_blank\" rel=\"noopener\">daniel.kopcso@emk.semmelweis.hu<\/a> <br \/>\n<span data-sheets-root=\"1\">1125 Budapest, K\u00fatv\u00f6lgyi \u00fat 2.<\/span><\/p>\n<\/div>\n<h4><strong>OKTAT\u00d3I BEMUTATKOZ\u00c1S<\/strong><\/h4>\n<p style=\"text-align: justify\">Kopcs\u00f3 D\u00e1niel <span style=\"font-weight: 400\">biol\u00f3gus, eg\u00e9szs\u00e9g\u00fcgyi menedzser \u00e9s k\u00f6zgazd\u00e1sz. 2018-ban csatlakozott az Eg\u00e9szs\u00e9g\u00fcgyi Menedzserk\u00e9pz\u0151 K\u00f6zpont oktat\u00f3i csapat\u00e1hoz. Az eg\u00e9szs\u00e9g\u00fcgyi menedzser mesterk\u00e9pz\u00e9s \u201eAz eg\u00e9szs\u00e9g\u00fcgyi k\u00f6zgazdas\u00e1gtana\u201d kurzus oktat\u00e1s\u00e1sa mellett, a Szoci\u00e1lis Vezet\u0151k\u00e9pz\u00e9sben a \u201eSzoci\u00e1lis Szolg\u00e1ltat\u00e1sok m\u0171k\u00f6d\u00e9si k\u00f6rnyezete \u00e9s gazd\u00e1lkod\u00e1sa\u201d t\u00e1rgy\u00a0 oktat\u00f3ja. Emellett a Gy\u00f3gyszer\u00e9sztudom\u00e1nyi Karon el\u0151ad\u00e1sokat \u00e9s gyakorlatokat tart a gazd\u00e1lkod\u00e1s \u00e9s vezet\u00e9s t\u00e9mater\u00fcleten.\u00a0 F\u0151 kutat\u00e1si ter\u00fclete a magyarorsz\u00e1gi k\u00f3rh\u00e1zak ad\u00f3ss\u00e1g keletkez\u00e9se \u00e9s annak okainak felt\u00e1r\u00e1sa. Jelenleg is akt\u00edvan k\u00f6zrem\u0171k\u00f6dik a vizsg\u00e1lat eredm\u00e9nyeinek m\u00f3dszertani tov\u00e1bbfejleszt\u00e9s\u00e9ben.<\/span>\u00a0\u00a0<\/p>\n","protected":false},"excerpt":{"rendered":"<p>Kopcs\u00f3 D\u00e1niel oktat\u00f3 <a href=\"mailto:daniel.kopcso@emk.semmelweis.hu\" target=\"_blank\" rel=\"noopener\">daniel.kopcso@emk.semmelweis.hu<\/a> 1125 Budapest, K\u00fatv\u00f6lgyi \u00fat 2. OKTAT\u00d3I BEMUTATKOZ\u00c1S Kopcs\u00f3 D\u00e1niel biol\u00f3gus, eg\u00e9szs\u00e9g\u00fcgyi menedzser \u00e9s k\u00f6zgazd\u00e1sz. 2018-ban csatlakozott az Eg\u00e9szs\u00e9g\u00fcgyi Menedzserk\u00e9pz\u0151 K\u00f6zpont oktat\u00f3i csapat\u00e1hoz. Az eg\u00e9szs\u00e9g\u00fcgyi menedzser mesterk\u00e9pz\u00e9s \u201eAz eg\u00e9szs\u00e9g\u00fcgyi k\u00f6zgazdas\u00e1gtana\u201d kurzus oktat\u00e1s\u00e1sa mellett, a Szoci\u00e1lis Vezet\u0151k\u00e9pz\u00e9sben a \u201eSzoci\u00e1lis Szolg\u00e1ltat\u00e1sok m\u0171k\u00f6d\u00e9si k\u00f6rnyezete \u00e9s gazd\u00e1lkod\u00e1sa\u201d t\u00e1rgy\u00a0 oktat\u00f3ja. Emellett a Gy\u00f3gyszer\u00e9sztudom\u00e1nyi Karon el\u0151ad\u00e1sokat \u00e9s gyakorlatokat tart &hellip;<\/p>\n","protected":false},"author":102350,"featured_media":25598,"parent":1952,"menu_order":0,"comment_status":"closed","ping_status":"closed","template":"","meta":{"_acf_changed":false,"footnotes":""},"categories":[],"tags":[],"class_list":["post-3078","page","type-page","status-publish","has-post-thumbnail","hentry"],"acf":[],"_links":{"self":[{"href":"https:\/\/semmelweis.hu\/emk\/wp-json\/wp\/v2\/pages\/3078","targetHints":{"allow":["GET"]}}],"collection":[{"href":"https:\/\/semmelweis.hu\/emk\/wp-json\/wp\/v2\/pages"}],"about":[{"href":"https:\/\/semmelweis.hu\/emk\/wp-json\/wp\/v2\/types\/page"}],"author":[{"embeddable":true,"href":"https:\/\/semmelweis.hu\/emk\/wp-json\/wp\/v2\/users\/102350"}],"replies":[{"embeddable":true,"href":"https:\/\/semmelweis.hu\/emk\/wp-json\/wp\/v2\/comments?post=3078"}],"version-history":[{"count":2,"href":"https:\/\/semmelweis.hu\/emk\/wp-json\/wp\/v2\/pages\/3078\/revisions"}],"predecessor-version":[{"id":25599,"href":"https:\/\/semmelweis.hu\/emk\/wp-json\/wp\/v2\/pages\/3078\/revisions\/25599"}],"up":[{"embeddable":true,"href":"https:\/\/semmelweis.hu\/emk\/wp-json\/wp\/v2\/pages\/1952"}],"wp:featuredmedia":[{"embeddable":true,"href":"https:\/\/semmelweis.hu\/emk\/wp-json\/wp\/v2\/media\/25598"}],"wp:attachment":[{"href":"https:\/\/semmelweis.hu\/emk\/wp-json\/wp\/v2\/media?parent=3078"}],"wp:term":[{"taxonomy":"category","embeddable":true,"href":"https:\/\/semmelweis.hu\/emk\/wp-json\/wp\/v2\/categories?post=3078"},{"taxonomy":"post_tag","embeddable":true,"href":"https:\/\/semmelweis.hu\/emk\/wp-json\/wp\/v2\/tags?post=3078"}],"curies":[{"name":"wp","href":"https:\/\/api.w.org\/{rel}","templated":true}]}}