{"id":3067,"date":"2024-09-29T21:47:30","date_gmt":"2024-09-29T21:47:30","guid":{"rendered":"https:\/\/test.semmelweis.hu\/barmi\/?page_id=3067"},"modified":"2024-12-12T17:32:54","modified_gmt":"2024-12-12T16:32:54","slug":"nebehaj-orsolya","status":"publish","type":"page","link":"https:\/\/semmelweis.hu\/emk\/oktatas\/munkatarsak-oktatoi-csapat\/nebehaj-orsolya\/","title":{"rendered":"Nebehaj Orsolya"},"content":{"rendered":"<p><img loading=\"lazy\" decoding=\"async\" class=\"aligncenter wp-image-3068 \" src=\"https:\/\/semmelweis.hu\/emk\/files\/2024\/09\/Nebehaj-Orsolya-184_web-1024x1024.jpg\" alt=\"Nebehaj Orsolya\" width=\"702\" height=\"702\" srcset=\"https:\/\/semmelweis.hu\/emk\/files\/2024\/09\/Nebehaj-Orsolya-184_web-1024x1024.jpg 1024w, https:\/\/semmelweis.hu\/emk\/files\/2024\/09\/Nebehaj-Orsolya-184_web-400x400.jpg 400w, https:\/\/semmelweis.hu\/emk\/files\/2024\/09\/Nebehaj-Orsolya-184_web-150x150.jpg 150w, https:\/\/semmelweis.hu\/emk\/files\/2024\/09\/Nebehaj-Orsolya-184_web-768x768.jpg 768w, https:\/\/semmelweis.hu\/emk\/files\/2024\/09\/Nebehaj-Orsolya-184_web-753x753.jpg 753w, https:\/\/semmelweis.hu\/emk\/files\/2024\/09\/Nebehaj-Orsolya-184_web.jpg 1500w\" sizes=\"auto, (max-width: 702px) 100vw, 702px\" \/><\/p>\n<div class=\"keretes w-100\">\n<p><strong>Nebehaj Orsolya<br \/>\n<\/strong>programkoordin\u00e1tor<br \/>\n<a href=\"mailto:nebehaj.orsolya@emk.semmelweis.hu\" target=\"_blank\" rel=\"noopener\">nebehaj.orsolya@emk.semmelweis.hu<\/a> <br \/>\n<span data-sheets-root=\"1\">1125 Budapest, K\u00fatv\u00f6lgyi \u00fat 2.<\/span><\/p>\n<\/div>\n<h4><strong>BEMUTATKOZ\u00c1S<\/strong><\/h4>\n<p style=\"text-align: justify\">Nebehaj Orsolya <span style=\"font-weight: 400\">2004-ben szerzett okleveles gazdas\u00e1gi agr\u00e1rm\u00e9rn\u00f6k v\u00e9gzetts\u00e9get a Veszpr\u00e9mi Egyetem Georgikon Mez\u0151gazdas\u00e1gtudom\u00e1nyi Kar\u00e1n. 2018 szeptember\u00e9ben csatlakozott az EMK csapat\u00e1hoz, mint oktat\u00e1sszervez\u0151 \u00e9s programkoordin\u00e1tor. Feladata a k\u00e9pz\u00e9sek el\u0151k\u00e9sz\u00edt\u00e9se \u00e9s kapcsolattart\u00e1s a k\u00e9pz\u00e9sen r\u00e9sztvev\u0151kkel, a k\u00e9pz\u00e9s szervez\u00e9si \u00e9s adminisztr\u00e1ci\u00f3s feladatainak ell\u00e1t\u00e1sa. <\/span><span style=\"font-weight: 400\">18 \u00e9ve dolgozik a fels\u0151oktat\u00e1sban, az EMK el\u0151tt tanulm\u00e1nyi \u00fcgyint\u00e9z\u0151k\u00e9nt a gy\u0151ri Sz\u00e9ch\u00e9nyi Istv\u00e1n Egyetemen a hallgat\u00f3k szem\u00e9lyi \u00e9s tanulm\u00e1nyi adatainak naprak\u00e9sz nyilv\u00e1ntart\u00e1s\u00e1t l\u00e1tta el.<\/span><\/p>\n","protected":false},"excerpt":{"rendered":"<p>Nebehaj Orsolya programkoordin\u00e1tor <a href=\"mailto:nebehaj.orsolya@emk.semmelweis.hu\" target=\"_blank\" rel=\"noopener\">nebehaj.orsolya@emk.semmelweis.hu<\/a> 1125 Budapest, K\u00fatv\u00f6lgyi \u00fat 2. BEMUTATKOZ\u00c1S Nebehaj Orsolya 2004-ben szerzett okleveles gazdas\u00e1gi agr\u00e1rm\u00e9rn\u00f6k v\u00e9gzetts\u00e9get a Veszpr\u00e9mi Egyetem Georgikon Mez\u0151gazdas\u00e1gtudom\u00e1nyi Kar\u00e1n. 2018 szeptember\u00e9ben csatlakozott az EMK csapat\u00e1hoz, mint oktat\u00e1sszervez\u0151 \u00e9s programkoordin\u00e1tor. Feladata a k\u00e9pz\u00e9sek el\u0151k\u00e9sz\u00edt\u00e9se \u00e9s kapcsolattart\u00e1s a k\u00e9pz\u00e9sen r\u00e9sztvev\u0151kkel, a k\u00e9pz\u00e9s szervez\u00e9si \u00e9s adminisztr\u00e1ci\u00f3s feladatainak ell\u00e1t\u00e1sa. 18 \u00e9ve dolgozik a fels\u0151oktat\u00e1sban, az &hellip;<\/p>\n","protected":false},"author":102350,"featured_media":24098,"parent":1952,"menu_order":0,"comment_status":"closed","ping_status":"closed","template":"","meta":{"_acf_changed":false,"footnotes":""},"categories":[],"tags":[],"class_list":["post-3067","page","type-page","status-publish","has-post-thumbnail","hentry"],"acf":[],"_links":{"self":[{"href":"https:\/\/semmelweis.hu\/emk\/wp-json\/wp\/v2\/pages\/3067","targetHints":{"allow":["GET"]}}],"collection":[{"href":"https:\/\/semmelweis.hu\/emk\/wp-json\/wp\/v2\/pages"}],"about":[{"href":"https:\/\/semmelweis.hu\/emk\/wp-json\/wp\/v2\/types\/page"}],"author":[{"embeddable":true,"href":"https:\/\/semmelweis.hu\/emk\/wp-json\/wp\/v2\/users\/102350"}],"replies":[{"embeddable":true,"href":"https:\/\/semmelweis.hu\/emk\/wp-json\/wp\/v2\/comments?post=3067"}],"version-history":[{"count":1,"href":"https:\/\/semmelweis.hu\/emk\/wp-json\/wp\/v2\/pages\/3067\/revisions"}],"predecessor-version":[{"id":24099,"href":"https:\/\/semmelweis.hu\/emk\/wp-json\/wp\/v2\/pages\/3067\/revisions\/24099"}],"up":[{"embeddable":true,"href":"https:\/\/semmelweis.hu\/emk\/wp-json\/wp\/v2\/pages\/1952"}],"wp:featuredmedia":[{"embeddable":true,"href":"https:\/\/semmelweis.hu\/emk\/wp-json\/wp\/v2\/media\/24098"}],"wp:attachment":[{"href":"https:\/\/semmelweis.hu\/emk\/wp-json\/wp\/v2\/media?parent=3067"}],"wp:term":[{"taxonomy":"category","embeddable":true,"href":"https:\/\/semmelweis.hu\/emk\/wp-json\/wp\/v2\/categories?post=3067"},{"taxonomy":"post_tag","embeddable":true,"href":"https:\/\/semmelweis.hu\/emk\/wp-json\/wp\/v2\/tags?post=3067"}],"curies":[{"name":"wp","href":"https:\/\/api.w.org\/{rel}","templated":true}]}}