{"id":3062,"date":"2024-09-29T21:40:56","date_gmt":"2024-09-29T21:40:56","guid":{"rendered":"https:\/\/test.semmelweis.hu\/barmi\/?page_id=3062"},"modified":"2025-07-16T13:18:42","modified_gmt":"2025-07-16T11:18:42","slug":"korodi-rita","status":"publish","type":"page","link":"https:\/\/semmelweis.hu\/emk\/oktatas\/munkatarsak-oktatoi-csapat\/korodi-rita\/","title":{"rendered":"K\u00f3r\u00f3di Rita"},"content":{"rendered":"<p><img loading=\"lazy\" decoding=\"async\" class=\"aligncenter  wp-image-23896\" src=\"https:\/\/semmelweis.hu\/emk\/files\/2024\/12\/Korodi_Rita_1203_kivagott-937x1024.jpg\" alt=\"K\u00f3r\u00f3di Rita\" width=\"500\" height=\"547\" srcset=\"https:\/\/semmelweis.hu\/emk\/files\/2024\/12\/Korodi_Rita_1203_kivagott-937x1024.jpg 937w, https:\/\/semmelweis.hu\/emk\/files\/2024\/12\/Korodi_Rita_1203_kivagott-366x400.jpg 366w, https:\/\/semmelweis.hu\/emk\/files\/2024\/12\/Korodi_Rita_1203_kivagott-768x840.jpg 768w, https:\/\/semmelweis.hu\/emk\/files\/2024\/12\/Korodi_Rita_1203_kivagott-1405x1536.jpg 1405w, https:\/\/semmelweis.hu\/emk\/files\/2024\/12\/Korodi_Rita_1203_kivagott-1873x2048.jpg 1873w, https:\/\/semmelweis.hu\/emk\/files\/2024\/12\/Korodi_Rita_1203_kivagott-753x823.jpg 753w\" sizes=\"auto, (max-width: 500px) 100vw, 500px\" \/><\/p>\n<div class=\"keretes w-100\">\n<p><strong><span style=\"font-size: 18pt\">K\u00f3r\u00f3di Rita<\/span><br \/>\n<\/strong>programkoordin\u00e1tor<br \/>\n<a href=\"korodi.rita@emk.semmelweis.hu\" target=\"_blank\" rel=\"noopener\">korodi.rita@emk.semmelweis.hu<\/a><br \/>\n<span data-sheets-root=\"1\">1125 Budapest, K\u00fatv\u00f6lgyi \u00fat 2.<\/span><\/p>\n<\/div>\n<h4><strong>OKTAT\u00d3I BEMUTATKOZ\u00c1S<\/strong><\/h4>\n<p style=\"text-align: justify\">K\u00f3r\u00f3di Rita<span style=\"font-weight: 400\"> 2010 \u00f3ta tagja az Eg\u00e9szs\u00e9g\u00fcgyi Menedzserk\u00e9pz\u0151 K\u00f6zpont csapat\u00e1nak. Az els\u0151 t\u00edz \u00e9vben az eg\u00e9szs\u00e9g\u00fcgyi menedzser program\u00e9rt felelt, jelenleg a 2024 szeptember\u00e9ben indult eg\u00e9szs\u00e9g\u00fcgyi adattudom\u00e1nyi mesterk\u00e9pz\u00e9si program koordin\u00e1l\u00e1s\u00e1val foglalkozik. Emellett egy nemzetk\u00f6zi projekt keret\u00e9ben a k\u00f6zpont eg\u00e9szs\u00e9g\u00fcgyi hum\u00e1ner\u0151forr\u00e1s-fejleszt\u00e9si tud\u00e1sk\u00f6zpontj\u00e1nak munkacsoportj\u00e1ban is k\u00f6zrem\u0171k\u00f6dik. V\u00e9gzetts\u00e9ge szerint k\u00f6nyvt\u00e1ros, amelyet az \u00e9vek sor\u00e1n andrag\u00f3giai mesterk\u00e9pz\u00e9sen szerzett ismeretekkel b\u0151v\u00edtett.<\/span><\/p>\n<p>\u00a0<a href=\"https:\/\/www.linkedin.com\/in\/k%C3%B3r%C3%B3di-rita-8ba578119\/\" target=\"_blank\" rel=\"noopener\"><img loading=\"lazy\" decoding=\"async\" class=\"alignnone wp-image-2491\" src=\"https:\/\/semmelweis.hu\/emk\/files\/2024\/08\/linkedin_logo.png\" alt=\"\" width=\"50\" height=\"50\" srcset=\"https:\/\/semmelweis.hu\/emk\/files\/2024\/08\/linkedin_logo.png 512w, https:\/\/semmelweis.hu\/emk\/files\/2024\/08\/linkedin_logo-400x400.png 400w, https:\/\/semmelweis.hu\/emk\/files\/2024\/08\/linkedin_logo-150x150.png 150w\" sizes=\"auto, (max-width: 50px) 100vw, 50px\" \/><\/a>\u00a0<\/p>\n","protected":false},"excerpt":{"rendered":"<p>K\u00f3r\u00f3di Rita programkoordin\u00e1tor <a href=\"korodi.rita@emk.semmelweis.hu\" target=\"_blank\" rel=\"noopener\">korodi.rita@emk.semmelweis.hu<\/a> 1125 Budapest, K\u00fatv\u00f6lgyi \u00fat 2. OKTAT\u00d3I BEMUTATKOZ\u00c1S K\u00f3r\u00f3di Rita 2010 \u00f3ta tagja az Eg\u00e9szs\u00e9g\u00fcgyi Menedzserk\u00e9pz\u0151 K\u00f6zpont csapat\u00e1nak. Az els\u0151 t\u00edz \u00e9vben az eg\u00e9szs\u00e9g\u00fcgyi menedzser program\u00e9rt felelt, jelenleg a 2024 szeptember\u00e9ben indult eg\u00e9szs\u00e9g\u00fcgyi adattudom\u00e1nyi mesterk\u00e9pz\u00e9si program koordin\u00e1l\u00e1s\u00e1val foglalkozik. Emellett egy nemzetk\u00f6zi projekt keret\u00e9ben a k\u00f6zpont eg\u00e9szs\u00e9g\u00fcgyi hum\u00e1ner\u0151forr\u00e1s-fejleszt\u00e9si tud\u00e1sk\u00f6zpontj\u00e1nak munkacsoportj\u00e1ban is k\u00f6zrem\u0171k\u00f6dik. V\u00e9gzetts\u00e9ge szerint &hellip;<\/p>\n","protected":false},"author":102350,"featured_media":25600,"parent":1952,"menu_order":0,"comment_status":"closed","ping_status":"closed","template":"","meta":{"_acf_changed":false,"footnotes":""},"categories":[],"tags":[],"class_list":["post-3062","page","type-page","status-publish","has-post-thumbnail","hentry"],"acf":[],"_links":{"self":[{"href":"https:\/\/semmelweis.hu\/emk\/wp-json\/wp\/v2\/pages\/3062","targetHints":{"allow":["GET"]}}],"collection":[{"href":"https:\/\/semmelweis.hu\/emk\/wp-json\/wp\/v2\/pages"}],"about":[{"href":"https:\/\/semmelweis.hu\/emk\/wp-json\/wp\/v2\/types\/page"}],"author":[{"embeddable":true,"href":"https:\/\/semmelweis.hu\/emk\/wp-json\/wp\/v2\/users\/102350"}],"replies":[{"embeddable":true,"href":"https:\/\/semmelweis.hu\/emk\/wp-json\/wp\/v2\/comments?post=3062"}],"version-history":[{"count":4,"href":"https:\/\/semmelweis.hu\/emk\/wp-json\/wp\/v2\/pages\/3062\/revisions"}],"predecessor-version":[{"id":25601,"href":"https:\/\/semmelweis.hu\/emk\/wp-json\/wp\/v2\/pages\/3062\/revisions\/25601"}],"up":[{"embeddable":true,"href":"https:\/\/semmelweis.hu\/emk\/wp-json\/wp\/v2\/pages\/1952"}],"wp:featuredmedia":[{"embeddable":true,"href":"https:\/\/semmelweis.hu\/emk\/wp-json\/wp\/v2\/media\/25600"}],"wp:attachment":[{"href":"https:\/\/semmelweis.hu\/emk\/wp-json\/wp\/v2\/media?parent=3062"}],"wp:term":[{"taxonomy":"category","embeddable":true,"href":"https:\/\/semmelweis.hu\/emk\/wp-json\/wp\/v2\/categories?post=3062"},{"taxonomy":"post_tag","embeddable":true,"href":"https:\/\/semmelweis.hu\/emk\/wp-json\/wp\/v2\/tags?post=3062"}],"curies":[{"name":"wp","href":"https:\/\/api.w.org\/{rel}","templated":true}]}}