{"id":3047,"date":"2024-09-25T13:54:54","date_gmt":"2024-09-25T13:54:54","guid":{"rendered":"https:\/\/test.semmelweis.hu\/barmi\/?page_id=3047"},"modified":"2024-09-25T13:54:54","modified_gmt":"2024-09-25T13:54:54","slug":"horkai-viktoria","status":"publish","type":"page","link":"https:\/\/semmelweis.hu\/emk\/oktatas\/munkatarsak-oktatoi-csapat\/horkai-viktoria\/","title":{"rendered":"Horkai Vikt\u00f3ria"},"content":{"rendered":"<p><img loading=\"lazy\" decoding=\"async\" class=\"aligncenter wp-image-3050 \" src=\"https:\/\/semmelweis.hu\/emk\/files\/2024\/09\/Horkai-Viktoria-144_web-1-1024x1024.jpg\" alt=\"Horkai Vikt\u00f3ria\" width=\"700\" height=\"700\" srcset=\"https:\/\/semmelweis.hu\/emk\/files\/2024\/09\/Horkai-Viktoria-144_web-1-1024x1024.jpg 1024w, https:\/\/semmelweis.hu\/emk\/files\/2024\/09\/Horkai-Viktoria-144_web-1-400x400.jpg 400w, https:\/\/semmelweis.hu\/emk\/files\/2024\/09\/Horkai-Viktoria-144_web-1-150x150.jpg 150w, https:\/\/semmelweis.hu\/emk\/files\/2024\/09\/Horkai-Viktoria-144_web-1-768x768.jpg 768w, https:\/\/semmelweis.hu\/emk\/files\/2024\/09\/Horkai-Viktoria-144_web-1-753x753.jpg 753w, https:\/\/semmelweis.hu\/emk\/files\/2024\/09\/Horkai-Viktoria-144_web-1.jpg 1500w\" sizes=\"auto, (max-width: 700px) 100vw, 700px\" \/><\/p>\n<div class=\"keretes w-100\">\n<p><strong>Horkai Vikt\u00f3ria<br \/>\n<\/strong>szakmai ir\u00e1ny\u00edt\u00f3<br \/>\n<a href=\"mailto:horkai.viktoria@emk.semmelweis.hu\" target=\"_blank\" rel=\"noopener\">horkai.viktoria@emk.semmelweis.hu<\/a> <br \/>\n<span data-sheets-root=\"1\">1125 Budapest, K\u00fatv\u00f6lgyi \u00fat 2.<\/span><\/p>\n<\/div>\n<h4><strong>BEMUTATKOZ\u00c1S<\/strong><\/h4>\n<p style=\"text-align: justify\">Horkai Vikt\u00f3ria<span style=\"font-weight: 400\"> 1998-ban szerzett m\u0171szaki menedzser diplom\u00e1t az \u00d3budai Egyetem Keleti K\u00e1roly Gazdas\u00e1gi Kar\u00e1n, majd ugyanitt v\u00e9gzett min\u0151s\u00e9g\u00fcgyi szakemberk\u00e9nt. Jelenleg v\u00e9gz\u0151s MSc hallgat\u00f3, a Milton Friedman Egyetem k\u00e9pz\u00e9si vezet\u0151 szakir\u00e1ny\u00e1n. 2006 \u00f3ta foglalkozik feln\u0151ttk\u00e9pz\u00e9ssel, valamint eg\u00e9szs\u00e9g\u00fcgyi szakmacsoportos \u00e9s hat\u00f3s\u00e1gi jelleg\u0171 k\u00e9pz\u00e9sek szervez\u00e9s\u00e9vel \u00e9s vezet\u00e9s\u00e9vel. Emellett a Modern Tudom\u00e1nyok Akad\u00e9mi\u00e1j\u00e1n oktat\u00f3k\u00e9nt dolgozott 2012-ig, majd 5 \u00e9vig az OBDK\/EMMI IJSZ, T\u00c1MOP 5.5.7\/08\/1 Betegjogi, ell\u00e1tottjogi \u00e9s gyermekjogi k\u00e9pvisel\u0151i h\u00e1l\u00f3zat \u00e9s civil jogv\u00e9d\u0151 munka fejleszt\u00e9se elnevez\u00e9s\u0171 kiemelt projekt \u00e9s a jogv\u00e9d\u0151k hat\u00f3s\u00e1gi k\u00e9pz\u00e9seit ir\u00e1ny\u00edtotta.\u00a0<\/span><\/p>\n<p style=\"text-align: justify\"><span style=\"font-weight: 400\">2017-ben csatlakozott az EMK programkoordin\u00e1tori csapat\u00e1hoz, ahol az EFOP-1.8.0-VEKOP-17\u00a0Eg\u00e9szs\u00e9g\u00fcgyi ell\u00e1t\u00f3rendszer szakmai m\u00f3dszertani fejleszt\u00e9se, valamint az EFOP-3.8.2-16 \u00e9s VEKOP 7.5.1-16 Szoci\u00e1lis hum\u00e1n er\u0151forr\u00e1s fejleszt\u00e9se c\u00edm\u0171 kiemelt projektek keret\u00e9ben, az EMK \u00e1ltal ind\u00edtott k\u00e9pz\u00e9sek megval\u00f3s\u00edt\u00e1s\u00e1t koordin\u00e1lta. Emellett a hat\u00f3s\u00e1gi \u00e9s feln\u0151ttk\u00e9pz\u00e9si programok szakmai szervez\u00e9se \u00e9s ir\u00e1ny\u00edt\u00e1sa a f\u0151 feladata. Az \u00e9lethosszig tart\u00f3 tanul\u00e1s elk\u00f6telezett h\u00edve.<\/span><\/p>\n<p><a href=\"https:\/\/www.linkedin.com\/in\/vikt%C3%B3ria-horkai-4070ab218\/\" target=\"_blank\" rel=\"noopener\"><img loading=\"lazy\" decoding=\"async\" class=\"alignnone wp-image-2491\" src=\"https:\/\/semmelweis.hu\/emk\/files\/2024\/08\/linkedin_logo.png\" alt=\"\" width=\"50\" height=\"50\" srcset=\"https:\/\/semmelweis.hu\/emk\/files\/2024\/08\/linkedin_logo.png 512w, https:\/\/semmelweis.hu\/emk\/files\/2024\/08\/linkedin_logo-400x400.png 400w, https:\/\/semmelweis.hu\/emk\/files\/2024\/08\/linkedin_logo-150x150.png 150w\" sizes=\"auto, (max-width: 50px) 100vw, 50px\" \/><\/a><\/p>\n","protected":false},"excerpt":{"rendered":"<p>Horkai Vikt\u00f3ria szakmai ir\u00e1ny\u00edt\u00f3 <a href=\"mailto:horkai.viktoria@emk.semmelweis.hu\" target=\"_blank\" rel=\"noopener\">horkai.viktoria@emk.semmelweis.hu<\/a> 1125 Budapest, K\u00fatv\u00f6lgyi \u00fat 2. BEMUTATKOZ\u00c1S Horkai Vikt\u00f3ria 1998-ban szerzett m\u0171szaki menedzser diplom\u00e1t az \u00d3budai Egyetem Keleti K\u00e1roly Gazdas\u00e1gi Kar\u00e1n, majd ugyanitt v\u00e9gzett min\u0151s\u00e9g\u00fcgyi szakemberk\u00e9nt. Jelenleg v\u00e9gz\u0151s MSc hallgat\u00f3, a Milton Friedman Egyetem k\u00e9pz\u00e9si vezet\u0151 szakir\u00e1ny\u00e1n. 2006 \u00f3ta foglalkozik feln\u0151ttk\u00e9pz\u00e9ssel, valamint eg\u00e9szs\u00e9g\u00fcgyi szakmacsoportos \u00e9s hat\u00f3s\u00e1gi jelleg\u0171 k\u00e9pz\u00e9sek szervez\u00e9s\u00e9vel \u00e9s vezet\u00e9s\u00e9vel. Emellett &hellip;<\/p>\n","protected":false},"author":102350,"featured_media":3049,"parent":1952,"menu_order":0,"comment_status":"closed","ping_status":"closed","template":"","meta":{"_acf_changed":false,"footnotes":""},"categories":[],"tags":[],"class_list":["post-3047","page","type-page","status-publish","has-post-thumbnail","hentry"],"acf":[],"_links":{"self":[{"href":"https:\/\/semmelweis.hu\/emk\/wp-json\/wp\/v2\/pages\/3047","targetHints":{"allow":["GET"]}}],"collection":[{"href":"https:\/\/semmelweis.hu\/emk\/wp-json\/wp\/v2\/pages"}],"about":[{"href":"https:\/\/semmelweis.hu\/emk\/wp-json\/wp\/v2\/types\/page"}],"author":[{"embeddable":true,"href":"https:\/\/semmelweis.hu\/emk\/wp-json\/wp\/v2\/users\/102350"}],"replies":[{"embeddable":true,"href":"https:\/\/semmelweis.hu\/emk\/wp-json\/wp\/v2\/comments?post=3047"}],"version-history":[{"count":0,"href":"https:\/\/semmelweis.hu\/emk\/wp-json\/wp\/v2\/pages\/3047\/revisions"}],"up":[{"embeddable":true,"href":"https:\/\/semmelweis.hu\/emk\/wp-json\/wp\/v2\/pages\/1952"}],"wp:featuredmedia":[{"embeddable":true,"href":"https:\/\/semmelweis.hu\/emk\/wp-json\/wp\/v2\/media\/3049"}],"wp:attachment":[{"href":"https:\/\/semmelweis.hu\/emk\/wp-json\/wp\/v2\/media?parent=3047"}],"wp:term":[{"taxonomy":"category","embeddable":true,"href":"https:\/\/semmelweis.hu\/emk\/wp-json\/wp\/v2\/categories?post=3047"},{"taxonomy":"post_tag","embeddable":true,"href":"https:\/\/semmelweis.hu\/emk\/wp-json\/wp\/v2\/tags?post=3047"}],"curies":[{"name":"wp","href":"https:\/\/api.w.org\/{rel}","templated":true}]}}