{"id":3041,"date":"2024-09-30T13:46:52","date_gmt":"2024-09-30T13:46:52","guid":{"rendered":"https:\/\/test.semmelweis.hu\/barmi\/?page_id=3041"},"modified":"2024-09-30T13:46:52","modified_gmt":"2024-09-30T13:46:52","slug":"filinger-sipos-csilla","status":"publish","type":"page","link":"https:\/\/semmelweis.hu\/emk\/oktatas\/munkatarsak-oktatoi-csapat\/filinger-sipos-csilla\/","title":{"rendered":"Filinger-Sipos Csilla"},"content":{"rendered":"<p><img loading=\"lazy\" decoding=\"async\" class=\"aligncenter wp-image-3044 \" src=\"https:\/\/semmelweis.hu\/emk\/files\/2024\/09\/Filinger-Sipos-Csilla-241_web-1-1024x1024.jpg\" alt=\"Filinger-Sipos Csilla  \" width=\"700\" height=\"700\" srcset=\"https:\/\/semmelweis.hu\/emk\/files\/2024\/09\/Filinger-Sipos-Csilla-241_web-1-1024x1024.jpg 1024w, https:\/\/semmelweis.hu\/emk\/files\/2024\/09\/Filinger-Sipos-Csilla-241_web-1-400x400.jpg 400w, https:\/\/semmelweis.hu\/emk\/files\/2024\/09\/Filinger-Sipos-Csilla-241_web-1-150x150.jpg 150w, https:\/\/semmelweis.hu\/emk\/files\/2024\/09\/Filinger-Sipos-Csilla-241_web-1-768x768.jpg 768w, https:\/\/semmelweis.hu\/emk\/files\/2024\/09\/Filinger-Sipos-Csilla-241_web-1-753x753.jpg 753w, https:\/\/semmelweis.hu\/emk\/files\/2024\/09\/Filinger-Sipos-Csilla-241_web-1.jpg 1500w\" sizes=\"auto, (max-width: 700px) 100vw, 700px\" \/><\/p>\n<div class=\"keretes w-100\">\n<p><strong>Filinger-Sipos Csilla<br \/>\n<\/strong>programkoordin\u00e1tor<br \/>\n<a href=\"mailto:sipos.csilla@emk.semmelweis.hu\" target=\"_blank\" rel=\"noopener\">sipos.csilla@emk.semmelweis.hu<\/a><br \/>\n<span data-sheets-root=\"1\">1125 Budapest, K\u00fatv\u00f6lgyi \u00fat 2.<\/span><\/p>\n<\/div>\n<h4><strong>BEMUTATKOZ\u00c1S<\/strong><\/h4>\n<p style=\"text-align: justify\">Filinger-Sipos Csilla<span style=\"font-weight: 400\">\u00a02019 \u00f3ta az Eg\u00e9szs\u00e9g\u00fcgyi Menedzserk\u00e9pz\u0151 K\u00f6zpont EMSc programkoordin\u00e1tora. K\u00f6zgazd\u00e1sz v\u00e9gzetts\u00e9ggel rendelkezik, feladata a mesterk\u00e9pz\u00e9si program koordin\u00e1l\u00e1sa, valamint a hallgat\u00f3k t\u00e1mogat\u00e1sa a szakmai fejl\u0151d\u00e9s\u00fckben. Ezt megel\u0151z\u0151en egy nonprofit szervezetn\u00e9l dolgozott, ahol \u00e9rt\u00e9kes tapasztalatokat szerzett a t\u00e1rsadalmi felel\u0151ss\u00e9gv\u00e1llal\u00e1s ter\u00fclet\u00e9n. Hisz az \u00e9lethosszig tart\u00f3 tanul\u00e1s fontoss\u00e1g\u00e1ban, \u00e9s folyamatosan igyekszik fejl\u0151dni.<\/span><\/p>\n<p>\u00a0 <a href=\"https:\/\/www.linkedin.com\/in\/csilla-filinger-sipos\/\" target=\"_blank\" rel=\"noopener\"><img loading=\"lazy\" decoding=\"async\" class=\"alignnone wp-image-2491\" src=\"https:\/\/semmelweis.hu\/emk\/files\/2024\/08\/linkedin_logo.png\" alt=\"\" width=\"50\" height=\"50\" srcset=\"https:\/\/semmelweis.hu\/emk\/files\/2024\/08\/linkedin_logo.png 512w, https:\/\/semmelweis.hu\/emk\/files\/2024\/08\/linkedin_logo-400x400.png 400w, https:\/\/semmelweis.hu\/emk\/files\/2024\/08\/linkedin_logo-150x150.png 150w\" sizes=\"auto, (max-width: 50px) 100vw, 50px\" \/><\/a>\u00a0<\/p>\n","protected":false},"excerpt":{"rendered":"<p>Filinger-Sipos Csilla programkoordin\u00e1tor <a href=\"mailto:sipos.csilla@emk.semmelweis.hu\" target=\"_blank\" rel=\"noopener\">sipos.csilla@emk.semmelweis.hu<\/a> 1125 Budapest, K\u00fatv\u00f6lgyi \u00fat 2. BEMUTATKOZ\u00c1S Filinger-Sipos Csilla\u00a02019 \u00f3ta az Eg\u00e9szs\u00e9g\u00fcgyi Menedzserk\u00e9pz\u0151 K\u00f6zpont EMSc programkoordin\u00e1tora. K\u00f6zgazd\u00e1sz v\u00e9gzetts\u00e9ggel rendelkezik, feladata a mesterk\u00e9pz\u00e9si program koordin\u00e1l\u00e1sa, valamint a hallgat\u00f3k t\u00e1mogat\u00e1sa a szakmai fejl\u0151d\u00e9s\u00fckben. Ezt megel\u0151z\u0151en egy nonprofit szervezetn\u00e9l dolgozott, ahol \u00e9rt\u00e9kes tapasztalatokat szerzett a t\u00e1rsadalmi felel\u0151ss\u00e9gv\u00e1llal\u00e1s ter\u00fclet\u00e9n. Hisz az \u00e9lethosszig tart\u00f3 tanul\u00e1s fontoss\u00e1g\u00e1ban, \u00e9s folyamatosan &hellip;<\/p>\n","protected":false},"author":102350,"featured_media":3043,"parent":1952,"menu_order":0,"comment_status":"closed","ping_status":"closed","template":"","meta":{"_acf_changed":false,"footnotes":""},"categories":[],"tags":[],"class_list":["post-3041","page","type-page","status-publish","has-post-thumbnail","hentry"],"acf":[],"_links":{"self":[{"href":"https:\/\/semmelweis.hu\/emk\/wp-json\/wp\/v2\/pages\/3041","targetHints":{"allow":["GET"]}}],"collection":[{"href":"https:\/\/semmelweis.hu\/emk\/wp-json\/wp\/v2\/pages"}],"about":[{"href":"https:\/\/semmelweis.hu\/emk\/wp-json\/wp\/v2\/types\/page"}],"author":[{"embeddable":true,"href":"https:\/\/semmelweis.hu\/emk\/wp-json\/wp\/v2\/users\/102350"}],"replies":[{"embeddable":true,"href":"https:\/\/semmelweis.hu\/emk\/wp-json\/wp\/v2\/comments?post=3041"}],"version-history":[{"count":0,"href":"https:\/\/semmelweis.hu\/emk\/wp-json\/wp\/v2\/pages\/3041\/revisions"}],"up":[{"embeddable":true,"href":"https:\/\/semmelweis.hu\/emk\/wp-json\/wp\/v2\/pages\/1952"}],"wp:featuredmedia":[{"embeddable":true,"href":"https:\/\/semmelweis.hu\/emk\/wp-json\/wp\/v2\/media\/3043"}],"wp:attachment":[{"href":"https:\/\/semmelweis.hu\/emk\/wp-json\/wp\/v2\/media?parent=3041"}],"wp:term":[{"taxonomy":"category","embeddable":true,"href":"https:\/\/semmelweis.hu\/emk\/wp-json\/wp\/v2\/categories?post=3041"},{"taxonomy":"post_tag","embeddable":true,"href":"https:\/\/semmelweis.hu\/emk\/wp-json\/wp\/v2\/tags?post=3041"}],"curies":[{"name":"wp","href":"https:\/\/api.w.org\/{rel}","templated":true}]}}