{"id":3030,"date":"2024-09-25T13:08:30","date_gmt":"2024-09-25T13:08:30","guid":{"rendered":"https:\/\/test.semmelweis.hu\/barmi\/?page_id=3030"},"modified":"2026-02-04T09:52:01","modified_gmt":"2026-02-04T08:52:01","slug":"joo-tamas-dr","status":"publish","type":"page","link":"https:\/\/semmelweis.hu\/emk\/oktatas\/munkatarsak-oktatoi-csapat\/joo-tamas-dr\/","title":{"rendered":"Jo\u00f3 Tam\u00e1s, Dr."},"content":{"rendered":"<p><img loading=\"lazy\" decoding=\"async\" class=\"aligncenter wp-image-3005 \" src=\"https:\/\/semmelweis.hu\/emk\/files\/2024\/09\/Joo-Tamas-379_web-1024x1024.jpg\" alt=\"Jo\u00f3 Tam\u00e1s\" width=\"700\" height=\"700\" srcset=\"https:\/\/semmelweis.hu\/emk\/files\/2024\/09\/Joo-Tamas-379_web-1024x1024.jpg 1024w, https:\/\/semmelweis.hu\/emk\/files\/2024\/09\/Joo-Tamas-379_web-400x400.jpg 400w, https:\/\/semmelweis.hu\/emk\/files\/2024\/09\/Joo-Tamas-379_web-150x150.jpg 150w, https:\/\/semmelweis.hu\/emk\/files\/2024\/09\/Joo-Tamas-379_web-768x768.jpg 768w, https:\/\/semmelweis.hu\/emk\/files\/2024\/09\/Joo-Tamas-379_web-753x753.jpg 753w, https:\/\/semmelweis.hu\/emk\/files\/2024\/09\/Joo-Tamas-379_web.jpg 1500w\" sizes=\"auto, (max-width: 700px) 100vw, 700px\" \/><\/p>\n<div class=\"keretes w-100\">\n<p><strong>Dr. Jo\u00f3 Tam\u00e1s<br \/>\n<\/strong>docens, igazgat\u00f3helyettes<br \/>\n<a href=\"mailto:joo.tamas@emk.semmelweis.hu\" target=\"_blank\" rel=\"noopener\">joo.tamas@emk.semmelweis.hu<\/a> <br \/>\n<span data-sheets-root=\"1\">1125 Budapest, K\u00fatv\u00f6lgyi \u00fat 2.<\/span><\/p>\n<\/div>\n<h4><strong>OKTAT\u00d3I BEMUTATKOZ\u00c1S<\/strong><\/h4>\n<p style=\"text-align: justify\">Dr. Jo\u00f3 Tam\u00e1s a Semmelweis Egyetem EKK Ege\u0301szse\u0301gu\u0308gyi Menedzserke\u0301pzo\u030b K\u00f6zpont igazgat\u00f3helyettese, egyetemi docens, adatvez\u00e9relt eg\u00e9szs\u00e9g\u00fcgyi szak\u00e9rt\u0151, a Magyar Eg\u00e9szs\u00e9g\u00fcgyi Menedzsment T\u00e1rsas\u00e1g eln\u00f6khelyettese. <br \/>\n<span style=\"font-weight: 400\">2012-t\u0151l 2014-ig az Eg\u00e9szs\u00e9g\u00fcgy\u00e9rt Felel\u0151s \u00c1llamtitk\u00e1rs\u00e1gon kezdetben gazdas\u00e1gi elemz\u0151k\u00e9nt, majd egy \u00e1gazati vezet\u0151i inform\u00e1ci\u00f3s rendszer kialak\u00edt\u00e1s\u00e1t c\u00e9lz\u00f3 uni\u00f3s projekt szakmai vezet\u0151jek\u00e9nt, v\u00e9g\u00fcl az \u00e1gazatvezet\u0151 szem\u00e9lyi titk\u00e1rak\u00e9nt tev\u00e9kenykedett.2014-t\u0151l az EMK munk\u00e1j\u00e1ban kezdetben senior eg\u00e9szs\u00e9g\u00fcgyi k\u00f6zgazd\u00e1szk\u00e9nt, jelenleg docensk\u00e9nt hazai \u00e9s nemzetk\u00f6zi projektek tervez\u00e9s\u00e9ben \u00e9s megval\u00f3s\u00edt\u00e1s\u00e1ban vesz r\u00e9szt, valamint digit\u00e1lis eg\u00e9szs\u00e9g\u00fcggyel, adattudom\u00e1nnyal, mesters\u00e9ges intelligenci\u00e1val, ipari befoly\u00e1sol\u00e1si technik\u00e1kkal, eg\u00e9szs\u00e9gbiztons\u00e1ggal \u00e9s kiberv\u00e9delemmel kapcsolatos ter\u00fcleteken v\u00e9gzi kutat\u00e1si, kurzusvezet\u0151i, oktat\u00e1si \u00e9s korm\u00e1nyzati szak\u00e9rt\u0151i feladatait. PhD-hallgat\u00f3k\u00e9nt a doh\u00e1nyz\u00e1s visszaszor\u00edt\u00e1s\u00e1ra ir\u00e1nyul\u00f3 int\u00e9zked\u00e9sek \u00e9rt\u00e9kel\u00e9s\u00e9t \u00e9s tov\u00e1bbi beavatkoz\u00e1si lehet\u0151s\u00e9gek kutat\u00e1s\u00e1t t\u00e1mogat\u00f3 innovat\u00edv adatvez\u00e9relt m\u00f3dszerekkel kapcsolatban v\u00e9gezte tanulm\u00e1nyait. Doktori fokozat\u00e1t 2022-ben szerezte meg. Tagja a Bel\u00fcgyminiszt\u00e9rium \u00e9s a NAV mesters\u00e9ges intelligencia munkacsoportjainak.<\/span><\/p>\n<p><a href=\"https:\/\/m2.mtmt.hu\/api\/publication?format=html&amp;labelLang=hun&amp;sort=publishedYear,desc&amp;cond=authors;eq;10059792\" target=\"_blank\" rel=\"noopener\"><img loading=\"lazy\" decoding=\"async\" class=\"alignnone wp-image-2492\" src=\"https:\/\/semmelweis.hu\/emk\/files\/2024\/08\/MTMT_logo.jpg\" alt=\"\" width=\"61\" height=\"61\" srcset=\"https:\/\/semmelweis.hu\/emk\/files\/2024\/08\/MTMT_logo.jpg 180w, https:\/\/semmelweis.hu\/emk\/files\/2024\/08\/MTMT_logo-150x150.jpg 150w\" sizes=\"auto, (max-width: 61px) 100vw, 61px\" \/><\/a>\u00a0\u00a0\u00a0\u00a0<a href=\"https:\/\/www.linkedin.com\/in\/tamas-joo-856a2040\/\" target=\"_blank\" rel=\"noopener\"><img loading=\"lazy\" decoding=\"async\" class=\"alignnone wp-image-2491\" src=\"https:\/\/semmelweis.hu\/emk\/files\/2024\/08\/linkedin_logo.png\" alt=\"\" width=\"50\" height=\"50\" srcset=\"https:\/\/semmelweis.hu\/emk\/files\/2024\/08\/linkedin_logo.png 512w, https:\/\/semmelweis.hu\/emk\/files\/2024\/08\/linkedin_logo-400x400.png 400w, https:\/\/semmelweis.hu\/emk\/files\/2024\/08\/linkedin_logo-150x150.png 150w\" sizes=\"auto, (max-width: 50px) 100vw, 50px\" \/><\/a>\u00a0<\/p>\n","protected":false},"excerpt":{"rendered":"<p>Dr. Jo\u00f3 Tam\u00e1s docens, igazgat\u00f3helyettes <a href=\"mailto:joo.tamas@emk.semmelweis.hu\" target=\"_blank\" rel=\"noopener\">joo.tamas@emk.semmelweis.hu<\/a> 1125 Budapest, K\u00fatv\u00f6lgyi \u00fat 2. OKTAT\u00d3I BEMUTATKOZ\u00c1S Dr. Jo\u00f3 Tam\u00e1s a Semmelweis Egyetem EKK Ege\u0301szse\u0301gu\u0308gyi Menedzserke\u0301pzo\u030b K\u00f6zpont igazgat\u00f3helyettese, egyetemi docens, adatvez\u00e9relt eg\u00e9szs\u00e9g\u00fcgyi szak\u00e9rt\u0151, a Magyar Eg\u00e9szs\u00e9g\u00fcgyi Menedzsment T\u00e1rsas\u00e1g eln\u00f6khelyettese. 2012-t\u0151l 2014-ig az Eg\u00e9szs\u00e9g\u00fcgy\u00e9rt Felel\u0151s \u00c1llamtitk\u00e1rs\u00e1gon kezdetben gazdas\u00e1gi elemz\u0151k\u00e9nt, majd egy \u00e1gazati vezet\u0151i inform\u00e1ci\u00f3s rendszer kialak\u00edt\u00e1s\u00e1t c\u00e9lz\u00f3 uni\u00f3s projekt szakmai vezet\u0151jek\u00e9nt, &hellip;<\/p>\n","protected":false},"author":102350,"featured_media":3006,"parent":1952,"menu_order":0,"comment_status":"closed","ping_status":"closed","template":"","meta":{"_acf_changed":false,"footnotes":""},"categories":[],"tags":[],"class_list":["post-3030","page","type-page","status-publish","has-post-thumbnail","hentry"],"acf":[],"_links":{"self":[{"href":"https:\/\/semmelweis.hu\/emk\/wp-json\/wp\/v2\/pages\/3030","targetHints":{"allow":["GET"]}}],"collection":[{"href":"https:\/\/semmelweis.hu\/emk\/wp-json\/wp\/v2\/pages"}],"about":[{"href":"https:\/\/semmelweis.hu\/emk\/wp-json\/wp\/v2\/types\/page"}],"author":[{"embeddable":true,"href":"https:\/\/semmelweis.hu\/emk\/wp-json\/wp\/v2\/users\/102350"}],"replies":[{"embeddable":true,"href":"https:\/\/semmelweis.hu\/emk\/wp-json\/wp\/v2\/comments?post=3030"}],"version-history":[{"count":2,"href":"https:\/\/semmelweis.hu\/emk\/wp-json\/wp\/v2\/pages\/3030\/revisions"}],"predecessor-version":[{"id":26748,"href":"https:\/\/semmelweis.hu\/emk\/wp-json\/wp\/v2\/pages\/3030\/revisions\/26748"}],"up":[{"embeddable":true,"href":"https:\/\/semmelweis.hu\/emk\/wp-json\/wp\/v2\/pages\/1952"}],"wp:featuredmedia":[{"embeddable":true,"href":"https:\/\/semmelweis.hu\/emk\/wp-json\/wp\/v2\/media\/3006"}],"wp:attachment":[{"href":"https:\/\/semmelweis.hu\/emk\/wp-json\/wp\/v2\/media?parent=3030"}],"wp:term":[{"taxonomy":"category","embeddable":true,"href":"https:\/\/semmelweis.hu\/emk\/wp-json\/wp\/v2\/categories?post=3030"},{"taxonomy":"post_tag","embeddable":true,"href":"https:\/\/semmelweis.hu\/emk\/wp-json\/wp\/v2\/tags?post=3030"}],"curies":[{"name":"wp","href":"https:\/\/api.w.org\/{rel}","templated":true}]}}