{"id":3016,"date":"2024-09-24T10:07:53","date_gmt":"2024-09-24T10:07:53","guid":{"rendered":"https:\/\/test.semmelweis.hu\/barmi\/?page_id=3016"},"modified":"2025-07-16T13:35:28","modified_gmt":"2025-07-16T11:35:28","slug":"lorincz-orsolya-dr","status":"publish","type":"page","link":"https:\/\/semmelweis.hu\/emk\/oktatas\/munkatarsak-oktatoi-csapat\/lorincz-orsolya-dr\/","title":{"rendered":"L\u0151rincz Orsolya, Dr."},"content":{"rendered":"<p><img loading=\"lazy\" decoding=\"async\" class=\"aligncenter wp-image-3015 \" src=\"https:\/\/semmelweis.hu\/emk\/files\/2024\/09\/Lorincz_Orsolya-923x1024.jpg\" alt=\"L\u0151rincz Orsolya\" width=\"500\" height=\"555\" srcset=\"https:\/\/semmelweis.hu\/emk\/files\/2024\/09\/Lorincz_Orsolya-923x1024.jpg 923w, https:\/\/semmelweis.hu\/emk\/files\/2024\/09\/Lorincz_Orsolya-361x400.jpg 361w, https:\/\/semmelweis.hu\/emk\/files\/2024\/09\/Lorincz_Orsolya-768x852.jpg 768w, https:\/\/semmelweis.hu\/emk\/files\/2024\/09\/Lorincz_Orsolya-753x835.jpg 753w, https:\/\/semmelweis.hu\/emk\/files\/2024\/09\/Lorincz_Orsolya.jpg 1200w\" sizes=\"auto, (max-width: 500px) 100vw, 500px\" \/><\/p>\n<div class=\"keretes w-100\">\n<p><strong>L\u0151rincz Orsolya<br \/>\n<\/strong>oktat\u00f3<br \/>\n<a href=\"mailto:lorincz.orsolya@emk.semmelweis.hu\" target=\"_blank\" rel=\"noopener\">lorincz.orsolya@emk.semmelweis.hu<\/a> <br \/>\n<span data-sheets-root=\"1\">1125 Budapest, K\u00fatv\u00f6lgyi \u00fat 2.<\/span><\/p>\n<\/div>\n<h4><strong>OKTAT\u00d3I BEMUTATKOZ\u00c1S<\/strong><\/h4>\n<p style=\"text-align: justify\"><span style=\"font-weight: 400\">Dr. L\u0151rincz Orsolya a P\u00e9csi Tudom\u00e1nyegyetem \u00c1ltal\u00e1nos Orvostudom\u00e1nyi Kar\u00e1n v\u00e9gzett 2012-ben \u00e1ltal\u00e1nos orvosk\u00e9nt, majd 2018-ban k\u00f6zgazd\u00e1sz diplom\u00e1t szerzett a Budapesti Corvinus Egyetemen. 2019 \u00f3ta a Semmelweis Egyetem Eg\u00e9szs\u00e9g\u00fcgyi Menedzserk\u00e9pz\u0151 K\u00f6zpontj\u00e1nak munkat\u00e1rsa, ahol szak\u00e9rt\u0151i szerepben vesz r\u00e9szt a szervezetet \u00e9rint\u0151 emberier\u0151forr\u00e1s-menedzsment feladatok ell\u00e1t\u00e1s\u00e1ban. Emellett akt\u00edvan k\u00f6zrem\u0171k\u00f6dik nemzetk\u00f6zi projektben \u00e9s munk\u00e1j\u00e1hoz kapcsol\u00f3d\u00f3 t\u00e9mak\u00f6r\u00f6kbe v\u00e1llal oktat\u00f3i feladatokat az Eg\u00e9szs\u00e9g\u00fcgyi menedzser mesterszakon szervezeti magatart\u00e1s \u00e9s emberier\u0151forr\u00e1s-menedzsment kurzusokon.<\/span><\/p>\n<p><a href=\"https:\/\/m2.mtmt.hu\/api\/publication?format=html&amp;labelLang=hun&amp;sort=publishedYear,desc&amp;cond=authors;eq;10079657\" target=\"_blank\" rel=\"noopener\"><img loading=\"lazy\" decoding=\"async\" class=\"alignnone wp-image-2492\" src=\"https:\/\/semmelweis.hu\/emk\/files\/2024\/08\/MTMT_logo.jpg\" alt=\"\" width=\"61\" height=\"61\" srcset=\"https:\/\/semmelweis.hu\/emk\/files\/2024\/08\/MTMT_logo.jpg 180w, https:\/\/semmelweis.hu\/emk\/files\/2024\/08\/MTMT_logo-150x150.jpg 150w\" sizes=\"auto, (max-width: 61px) 100vw, 61px\" \/><\/a>\u00a0\u00a0\u00a0\u00a0<a href=\"https:\/\/www.linkedin.com\/in\/orsolya-l%C5%91rincz-444424107\/\" target=\"_blank\" rel=\"noopener\"><img loading=\"lazy\" decoding=\"async\" class=\"alignnone wp-image-2491\" src=\"https:\/\/semmelweis.hu\/emk\/files\/2024\/08\/linkedin_logo.png\" alt=\"\" width=\"50\" height=\"50\" srcset=\"https:\/\/semmelweis.hu\/emk\/files\/2024\/08\/linkedin_logo.png 512w, https:\/\/semmelweis.hu\/emk\/files\/2024\/08\/linkedin_logo-400x400.png 400w, https:\/\/semmelweis.hu\/emk\/files\/2024\/08\/linkedin_logo-150x150.png 150w\" sizes=\"auto, (max-width: 50px) 100vw, 50px\" \/><\/a><\/p>\n","protected":false},"excerpt":{"rendered":"<p>L\u0151rincz Orsolya oktat\u00f3 <a href=\"mailto:lorincz.orsolya@emk.semmelweis.hu\" target=\"_blank\" rel=\"noopener\">lorincz.orsolya@emk.semmelweis.hu<\/a> 1125 Budapest, K\u00fatv\u00f6lgyi \u00fat 2. OKTAT\u00d3I BEMUTATKOZ\u00c1S Dr. L\u0151rincz Orsolya a P\u00e9csi Tudom\u00e1nyegyetem \u00c1ltal\u00e1nos Orvostudom\u00e1nyi Kar\u00e1n v\u00e9gzett 2012-ben \u00e1ltal\u00e1nos orvosk\u00e9nt, majd 2018-ban k\u00f6zgazd\u00e1sz diplom\u00e1t szerzett a Budapesti Corvinus Egyetemen. 2019 \u00f3ta a Semmelweis Egyetem Eg\u00e9szs\u00e9g\u00fcgyi Menedzserk\u00e9pz\u0151 K\u00f6zpontj\u00e1nak munkat\u00e1rsa, ahol szak\u00e9rt\u0151i szerepben vesz r\u00e9szt a szervezetet \u00e9rint\u0151 emberier\u0151forr\u00e1s-menedzsment feladatok ell\u00e1t\u00e1s\u00e1ban. Emellett akt\u00edvan k\u00f6zrem\u0171k\u00f6dik &hellip;<\/p>\n","protected":false},"author":102350,"featured_media":25606,"parent":1952,"menu_order":0,"comment_status":"closed","ping_status":"closed","template":"","meta":{"_acf_changed":false,"footnotes":""},"categories":[],"tags":[],"class_list":["post-3016","page","type-page","status-publish","has-post-thumbnail","hentry"],"acf":[],"_links":{"self":[{"href":"https:\/\/semmelweis.hu\/emk\/wp-json\/wp\/v2\/pages\/3016","targetHints":{"allow":["GET"]}}],"collection":[{"href":"https:\/\/semmelweis.hu\/emk\/wp-json\/wp\/v2\/pages"}],"about":[{"href":"https:\/\/semmelweis.hu\/emk\/wp-json\/wp\/v2\/types\/page"}],"author":[{"embeddable":true,"href":"https:\/\/semmelweis.hu\/emk\/wp-json\/wp\/v2\/users\/102350"}],"replies":[{"embeddable":true,"href":"https:\/\/semmelweis.hu\/emk\/wp-json\/wp\/v2\/comments?post=3016"}],"version-history":[{"count":1,"href":"https:\/\/semmelweis.hu\/emk\/wp-json\/wp\/v2\/pages\/3016\/revisions"}],"predecessor-version":[{"id":25607,"href":"https:\/\/semmelweis.hu\/emk\/wp-json\/wp\/v2\/pages\/3016\/revisions\/25607"}],"up":[{"embeddable":true,"href":"https:\/\/semmelweis.hu\/emk\/wp-json\/wp\/v2\/pages\/1952"}],"wp:featuredmedia":[{"embeddable":true,"href":"https:\/\/semmelweis.hu\/emk\/wp-json\/wp\/v2\/media\/25606"}],"wp:attachment":[{"href":"https:\/\/semmelweis.hu\/emk\/wp-json\/wp\/v2\/media?parent=3016"}],"wp:term":[{"taxonomy":"category","embeddable":true,"href":"https:\/\/semmelweis.hu\/emk\/wp-json\/wp\/v2\/categories?post=3016"},{"taxonomy":"post_tag","embeddable":true,"href":"https:\/\/semmelweis.hu\/emk\/wp-json\/wp\/v2\/tags?post=3016"}],"curies":[{"name":"wp","href":"https:\/\/api.w.org\/{rel}","templated":true}]}}