{"id":2991,"date":"2024-09-24T08:48:35","date_gmt":"2024-09-24T08:48:35","guid":{"rendered":"https:\/\/test.semmelweis.hu\/barmi\/?page_id=2991"},"modified":"2025-07-16T11:25:55","modified_gmt":"2025-07-16T09:25:55","slug":"davidovics-krisztina-dr","status":"publish","type":"page","link":"https:\/\/semmelweis.hu\/emk\/oktatas\/munkatarsak-oktatoi-csapat\/davidovics-krisztina-dr\/","title":{"rendered":"Davidovics Krisztina, Dr."},"content":{"rendered":"<p style=\"text-align: center\"><img loading=\"lazy\" decoding=\"async\" class=\"aligncenter wp-image-25459 \" src=\"https:\/\/semmelweis.hu\/emk\/files\/2025\/07\/Davidovics-Krisztina_portre_kis.jpg\" alt=\"Davidovics-Krisztina\" width=\"501\" height=\"434\" srcset=\"https:\/\/semmelweis.hu\/emk\/files\/2025\/07\/Davidovics-Krisztina_portre_kis.jpg 1000w, https:\/\/semmelweis.hu\/emk\/files\/2025\/07\/Davidovics-Krisztina_portre_kis-400x347.jpg 400w, https:\/\/semmelweis.hu\/emk\/files\/2025\/07\/Davidovics-Krisztina_portre_kis-768x666.jpg 768w, https:\/\/semmelweis.hu\/emk\/files\/2025\/07\/Davidovics-Krisztina_portre_kis-753x653.jpg 753w\" sizes=\"auto, (max-width: 501px) 100vw, 501px\" \/><\/p>\n<div class=\"keretes w-100\">\n<p><strong><span style=\"font-size: 18pt\">Dr. Davidovics Krisztina<\/span><br \/>\n<\/strong>mesteroktat\u00f3<br \/>\n<a href=\"mailto:davidovics.krisztina@emk.semmelweis.hu\" target=\"_blank\" rel=\"noopener\">davidovics.krisztina@emk.semmelweis.hu<\/a> <br \/>\n<span data-sheets-root=\"1\">1125 Budapest, K\u00fatv\u00f6lgyi \u00fat 2.<\/span><\/p>\n<\/div>\n<h4><strong>OKTAT\u00d3I BEMUTATKOZ\u00c1S<\/strong><\/h4>\n<p style=\"text-align: justify\">Dr. Davidovics Krisztina, LL.M. <span style=\"font-weight: 400\">2004-ben v\u00e9gzett az ELTE \u00c1llam- \u00e9s Jogtudom\u00e1nyi Kar\u00e1n jog\u00e1szk\u00e9nt, majd 2008-ban ugyanitt Szab\u00e1lyoz\u00e1si (kodifik\u00e1tor) Szakjog\u00e1sz szakon LL.M. fokozatot szerzett. 2009-ben tett jogi szakvizsg\u00e1t. Kutat\u00e1si \u00e9s oktat\u00e1si t\u00e9m\u00e1ihoz illeszked\u0151en, 2023-ban Hollandi\u00e1ban egy tov\u00e1bbi LL.M. diplom\u00e1t szerzett \u2019Law and Technology\u2019 mesterprogramon. P\u00e1ly\u00e1ja elej\u00e9n az Igazs\u00e1g\u00fcgyi Miniszt\u00e9rium k\u00f6zjogi kodifik\u00e1ci\u00f3s szakter\u00fclet\u00e9n meghat\u00e1roz\u00f3 szakmai \u00e9s vezet\u0151i tapasztalatokra tett szert. Ezt k\u00f6vet\u0151en a Semmelweis Egyetem Eg\u00e9szs\u00e9g\u00fcgyi K\u00f6zszolg\u00e1lati Kara D\u00e9k\u00e1ni Hivatal\u00e1nak vezet\u0151jek\u00e9nt, majd 2020 \u00f3ta ugyanitt az Eg\u00e9szs\u00e9g\u00fcgyi Menedzserk\u00e9pz\u0151 K\u00f6zpontban d\u00e9k\u00e1ni tan\u00e1csad\u00f3k\u00e9nt, tov\u00e1bb\u00e1 eg\u00e9szs\u00e9g\u00fcgyi jogi \u00e9s eg\u00e9szs\u00e9gpolitikai szak\u00e9rt\u0151k\u00e9nt, illetve 2023 \u00f3ta mesteroktat\u00f3k\u00e9nt dolgozik. Alap\u00edt\u00f3 tagja az Eg\u00e9szs\u00e9gpolitika, Finansz\u00edroz\u00e1s \u00e9s Rendszerfejleszt\u00e9s Tansz\u00e9knek. K\u00fcls\u0151 szak\u00e9rt\u0151je tov\u00e1bb\u00e1 a Magyar Eg\u00e9szs\u00e9g\u00fcgyi Menedzsment T\u00e1rsas\u00e1gnak. 2021 \u00f3ta szak\u00e9rt\u0151k\u00e9nt \u00e9s koordin\u00e1tork\u00e9nt k\u00f6zrem\u0171k\u00f6dik a \u2019Health Systems and Policy Monitor (HSPM Observatory) nemzetk\u00f6zi kutat\u00f3h\u00e1l\u00f3zatban. Szakter\u00fcletei: mesters\u00e9ges intelligencia alap\u00fa eg\u00e9szs\u00e9g\u00fcgyi megold\u00e1sok jogi \u00e9s etikai aspektusai, eg\u00e9szs\u00e9gpolitika, eg\u00e9szs\u00e9g\u00fcgyi rendszerek ir\u00e1ny\u00edt\u00e1si \u00e9s szab\u00e1lyoz\u00e1si k\u00e9rd\u00e9sei.<\/span><\/p>\n<p><a href=\"https:\/\/m2.mtmt.hu\/api\/publication?format=html&amp;labelLang=hun&amp;sort=publishedYear,desc&amp;cond=authors;eq;10047791\" target=\"_blank\" rel=\"noopener\"><img loading=\"lazy\" decoding=\"async\" class=\"alignnone wp-image-2492\" src=\"https:\/\/semmelweis.hu\/emk\/files\/2024\/08\/MTMT_logo.jpg\" alt=\"\" width=\"61\" height=\"61\" srcset=\"https:\/\/semmelweis.hu\/emk\/files\/2024\/08\/MTMT_logo.jpg 180w, https:\/\/semmelweis.hu\/emk\/files\/2024\/08\/MTMT_logo-150x150.jpg 150w\" sizes=\"auto, (max-width: 61px) 100vw, 61px\" \/><\/a>\u00a0\u00a0\u00a0\u00a0<a href=\"https:\/\/www.linkedin.com\/in\/krisztina-davidovics-67926024a\/\" target=\"_blank\" rel=\"noopener\"><img loading=\"lazy\" decoding=\"async\" class=\"alignnone wp-image-2491\" src=\"https:\/\/semmelweis.hu\/emk\/files\/2024\/08\/linkedin_logo.png\" alt=\"\" width=\"50\" height=\"50\" srcset=\"https:\/\/semmelweis.hu\/emk\/files\/2024\/08\/linkedin_logo.png 512w, https:\/\/semmelweis.hu\/emk\/files\/2024\/08\/linkedin_logo-400x400.png 400w, https:\/\/semmelweis.hu\/emk\/files\/2024\/08\/linkedin_logo-150x150.png 150w\" sizes=\"auto, (max-width: 50px) 100vw, 50px\" \/><\/a>\u00a0 \u00a0\u00a0<\/p>\n","protected":false},"excerpt":{"rendered":"<p>Dr. Davidovics Krisztina mesteroktat\u00f3 <a href=\"mailto:davidovics.krisztina@emk.semmelweis.hu\" target=\"_blank\" rel=\"noopener\">davidovics.krisztina@emk.semmelweis.hu<\/a> 1125 Budapest, K\u00fatv\u00f6lgyi \u00fat 2. OKTAT\u00d3I BEMUTATKOZ\u00c1S Dr. Davidovics Krisztina, LL.M. 2004-ben v\u00e9gzett az ELTE \u00c1llam- \u00e9s Jogtudom\u00e1nyi Kar\u00e1n jog\u00e1szk\u00e9nt, majd 2008-ban ugyanitt Szab\u00e1lyoz\u00e1si (kodifik\u00e1tor) Szakjog\u00e1sz szakon LL.M. fokozatot szerzett. 2009-ben tett jogi szakvizsg\u00e1t. Kutat\u00e1si \u00e9s oktat\u00e1si t\u00e9m\u00e1ihoz illeszked\u0151en, 2023-ban Hollandi\u00e1ban egy tov\u00e1bbi LL.M. diplom\u00e1t szerzett \u2019Law and Technology\u2019 mesterprogramon. P\u00e1ly\u00e1ja &hellip;<\/p>\n","protected":false},"author":102350,"featured_media":25589,"parent":1952,"menu_order":0,"comment_status":"closed","ping_status":"closed","template":"","meta":{"_acf_changed":false,"footnotes":""},"categories":[],"tags":[],"class_list":["post-2991","page","type-page","status-publish","has-post-thumbnail","hentry"],"acf":[],"_links":{"self":[{"href":"https:\/\/semmelweis.hu\/emk\/wp-json\/wp\/v2\/pages\/2991","targetHints":{"allow":["GET"]}}],"collection":[{"href":"https:\/\/semmelweis.hu\/emk\/wp-json\/wp\/v2\/pages"}],"about":[{"href":"https:\/\/semmelweis.hu\/emk\/wp-json\/wp\/v2\/types\/page"}],"author":[{"embeddable":true,"href":"https:\/\/semmelweis.hu\/emk\/wp-json\/wp\/v2\/users\/102350"}],"replies":[{"embeddable":true,"href":"https:\/\/semmelweis.hu\/emk\/wp-json\/wp\/v2\/comments?post=2991"}],"version-history":[{"count":6,"href":"https:\/\/semmelweis.hu\/emk\/wp-json\/wp\/v2\/pages\/2991\/revisions"}],"predecessor-version":[{"id":25590,"href":"https:\/\/semmelweis.hu\/emk\/wp-json\/wp\/v2\/pages\/2991\/revisions\/25590"}],"up":[{"embeddable":true,"href":"https:\/\/semmelweis.hu\/emk\/wp-json\/wp\/v2\/pages\/1952"}],"wp:featuredmedia":[{"embeddable":true,"href":"https:\/\/semmelweis.hu\/emk\/wp-json\/wp\/v2\/media\/25589"}],"wp:attachment":[{"href":"https:\/\/semmelweis.hu\/emk\/wp-json\/wp\/v2\/media?parent=2991"}],"wp:term":[{"taxonomy":"category","embeddable":true,"href":"https:\/\/semmelweis.hu\/emk\/wp-json\/wp\/v2\/categories?post=2991"},{"taxonomy":"post_tag","embeddable":true,"href":"https:\/\/semmelweis.hu\/emk\/wp-json\/wp\/v2\/tags?post=2991"}],"curies":[{"name":"wp","href":"https:\/\/api.w.org\/{rel}","templated":true}]}}