{"id":2977,"date":"2024-09-23T12:51:00","date_gmt":"2024-09-23T12:51:00","guid":{"rendered":"https:\/\/test.semmelweis.hu\/barmi\/?page_id=2977"},"modified":"2024-09-23T12:51:00","modified_gmt":"2024-09-23T12:51:00","slug":"juhasz-peter-dr","status":"publish","type":"page","link":"https:\/\/semmelweis.hu\/emk\/oktatas\/munkatarsak-oktatoi-csapat\/juhasz-peter-dr\/","title":{"rendered":"Juh\u00e1sz P\u00e9ter, Dr."},"content":{"rendered":"<p><img loading=\"lazy\" decoding=\"async\" class=\"aligncenter wp-image-2979\" src=\"https:\/\/semmelweis.hu\/emk\/files\/2024\/09\/Dr.-Juhasz-Peter-243_web-1024x1024.jpg\" alt=\"Dr. Juh\u00e1sz P\u00e9ter \" width=\"600\" height=\"600\" srcset=\"https:\/\/semmelweis.hu\/emk\/files\/2024\/09\/Dr.-Juhasz-Peter-243_web-1024x1024.jpg 1024w, https:\/\/semmelweis.hu\/emk\/files\/2024\/09\/Dr.-Juhasz-Peter-243_web-400x400.jpg 400w, https:\/\/semmelweis.hu\/emk\/files\/2024\/09\/Dr.-Juhasz-Peter-243_web-150x150.jpg 150w, https:\/\/semmelweis.hu\/emk\/files\/2024\/09\/Dr.-Juhasz-Peter-243_web-768x768.jpg 768w, https:\/\/semmelweis.hu\/emk\/files\/2024\/09\/Dr.-Juhasz-Peter-243_web-753x753.jpg 753w, https:\/\/semmelweis.hu\/emk\/files\/2024\/09\/Dr.-Juhasz-Peter-243_web.jpg 1500w\" sizes=\"auto, (max-width: 600px) 100vw, 600px\" \/><\/p>\n<div class=\"keretes w-100\">\n<p><strong>Dr. Juh\u00e1sz P\u00e9ter<br \/>\n<\/strong>mesteroktat\u00f3<br \/>\n<a href=\"mailto:juhasz.peter@emk.semmelweis.hu\" target=\"_blank\" rel=\"noopener\"><span class=\"qu\" role=\"gridcell\"><span class=\"go\">juhasz.peter@emk.semmelweis.hu<\/span><\/span><\/a><br \/>\n<span data-sheets-root=\"1\">1125 Budapest, K\u00fatv\u00f6lgyi \u00fat 2.<\/span><\/p>\n<\/div>\n<h4><strong>OKTAT\u00d3I BEMUTATKOZ\u00c1S<\/strong><\/h4>\n<p style=\"text-align: justify\">Dr. Juh\u00e1sz P\u00e9ter<span style=\"font-weight: 400\"> 2004-ben tan\u00edt\u00f3, 2007-ben jog\u00e1sz diplom\u00e1t szerzett. Ezut\u00e1n 12 \u00e9vet dolgozott az \u00e1llamigazgat\u00e1sban, mindv\u00e9gig szoci\u00e1lis ter\u00fcleten, a Fogyat\u00e9koss\u00e1g\u00fcgyi F\u0151oszt\u00e1ly szakreferensek\u00e9nt, majd f\u0151oszt\u00e1lyvezet\u0151jek\u00e9nt. 2018-t\u00f3l a Semmelweis Egyetem Szoci\u00e1lis Vezet\u0151k\u00e9pz\u0151 Tud\u00e1sk\u00f6zpontj\u00e1nak oktat\u00f3ja, tananyagfejleszt\u0151je. 2022-t\u0151l mesteroktat\u00f3, a Kar valamennyi int\u00e9zet\u00e9nek k\u00e9pz\u00e9seiben oktat. Jogi PhD kutat\u00e1s\u00e1nak t\u00e9m\u00e1ja a Fogyat\u00e9koss\u00e1g\u00fcgyi ENSZ-Egyezm\u00e9ny nemzeti szint\u0171 v\u00e9grehajt\u00e1s\u00e1hoz kapcsol\u00f3dik. Szakmai \u00e9rdekl\u0151d\u00e9se \u00e9s oktat\u00f3i tev\u00e9kenys\u00e9ge emellett a hum\u00e1n &#8211; mindenekel\u0151tt a szoci\u00e1lis \u00e9s eg\u00e9szs\u00e9g\u00fcgyi &#8211; \u00e1gazatok egy\u00fcttm\u0171k\u00f6d\u00e9si lehet\u0151s\u00e9geire, valamint a kommunik\u00e1ci\u00f3s \u00e9s egy\u00e9b vezet\u0151i k\u00e9szs\u00e9gek fejleszt\u00e9s\u00e9re ir\u00e1nyul.<\/span><\/p>\n<p><a href=\"https:\/\/m2.mtmt.hu\/api\/publication?format=html&amp;labelLang=hun&amp;sort=publishedYear,desc&amp;cond=authors;eq;10067271\" target=\"_blank\" rel=\"noopener\"><img loading=\"lazy\" decoding=\"async\" class=\"alignnone wp-image-2492\" src=\"https:\/\/semmelweis.hu\/emk\/files\/2024\/08\/MTMT_logo.jpg\" alt=\"\" width=\"61\" height=\"61\" srcset=\"https:\/\/semmelweis.hu\/emk\/files\/2024\/08\/MTMT_logo.jpg 180w, https:\/\/semmelweis.hu\/emk\/files\/2024\/08\/MTMT_logo-150x150.jpg 150w\" sizes=\"auto, (max-width: 61px) 100vw, 61px\" \/><\/a>\u00a0\u00a0\u00a0\u00a0<a href=\"https:\/\/www.linkedin.com\/in\/p%C3%A9ter-juh%C3%A1sz-557b3a221\/\" target=\"_blank\" rel=\"noopener\"><img loading=\"lazy\" decoding=\"async\" class=\"alignnone wp-image-2491\" src=\"https:\/\/semmelweis.hu\/emk\/files\/2024\/08\/linkedin_logo.png\" alt=\"\" width=\"50\" height=\"50\" srcset=\"https:\/\/semmelweis.hu\/emk\/files\/2024\/08\/linkedin_logo.png 512w, https:\/\/semmelweis.hu\/emk\/files\/2024\/08\/linkedin_logo-400x400.png 400w, https:\/\/semmelweis.hu\/emk\/files\/2024\/08\/linkedin_logo-150x150.png 150w\" sizes=\"auto, (max-width: 50px) 100vw, 50px\" \/><\/a>\u00a0\u00a0<\/p>\n","protected":false},"excerpt":{"rendered":"<p>Dr. Juh\u00e1sz P\u00e9ter mesteroktat\u00f3 <a href=\"mailto:juhasz.peter@emk.semmelweis.hu\" target=\"_blank\" rel=\"noopener\">juhasz.peter@emk.semmelweis.hu<\/a> 1125 Budapest, K\u00fatv\u00f6lgyi \u00fat 2. OKTAT\u00d3I BEMUTATKOZ\u00c1S Dr. Juh\u00e1sz P\u00e9ter 2004-ben tan\u00edt\u00f3, 2007-ben jog\u00e1sz diplom\u00e1t szerzett. Ezut\u00e1n 12 \u00e9vet dolgozott az \u00e1llamigazgat\u00e1sban, mindv\u00e9gig szoci\u00e1lis ter\u00fcleten, a Fogyat\u00e9koss\u00e1g\u00fcgyi F\u0151oszt\u00e1ly szakreferensek\u00e9nt, majd f\u0151oszt\u00e1lyvezet\u0151jek\u00e9nt. 2018-t\u00f3l a Semmelweis Egyetem Szoci\u00e1lis Vezet\u0151k\u00e9pz\u0151 Tud\u00e1sk\u00f6zpontj\u00e1nak oktat\u00f3ja, tananyagfejleszt\u0151je. 2022-t\u0151l mesteroktat\u00f3, a Kar valamennyi int\u00e9zet\u00e9nek k\u00e9pz\u00e9seiben oktat. Jogi PhD kutat\u00e1s\u00e1nak &hellip;<\/p>\n","protected":false},"author":102350,"featured_media":2983,"parent":1952,"menu_order":0,"comment_status":"closed","ping_status":"closed","template":"","meta":{"_acf_changed":false,"footnotes":""},"categories":[],"tags":[],"class_list":["post-2977","page","type-page","status-publish","has-post-thumbnail","hentry"],"acf":[],"_links":{"self":[{"href":"https:\/\/semmelweis.hu\/emk\/wp-json\/wp\/v2\/pages\/2977","targetHints":{"allow":["GET"]}}],"collection":[{"href":"https:\/\/semmelweis.hu\/emk\/wp-json\/wp\/v2\/pages"}],"about":[{"href":"https:\/\/semmelweis.hu\/emk\/wp-json\/wp\/v2\/types\/page"}],"author":[{"embeddable":true,"href":"https:\/\/semmelweis.hu\/emk\/wp-json\/wp\/v2\/users\/102350"}],"replies":[{"embeddable":true,"href":"https:\/\/semmelweis.hu\/emk\/wp-json\/wp\/v2\/comments?post=2977"}],"version-history":[{"count":0,"href":"https:\/\/semmelweis.hu\/emk\/wp-json\/wp\/v2\/pages\/2977\/revisions"}],"up":[{"embeddable":true,"href":"https:\/\/semmelweis.hu\/emk\/wp-json\/wp\/v2\/pages\/1952"}],"wp:featuredmedia":[{"embeddable":true,"href":"https:\/\/semmelweis.hu\/emk\/wp-json\/wp\/v2\/media\/2983"}],"wp:attachment":[{"href":"https:\/\/semmelweis.hu\/emk\/wp-json\/wp\/v2\/media?parent=2977"}],"wp:term":[{"taxonomy":"category","embeddable":true,"href":"https:\/\/semmelweis.hu\/emk\/wp-json\/wp\/v2\/categories?post=2977"},{"taxonomy":"post_tag","embeddable":true,"href":"https:\/\/semmelweis.hu\/emk\/wp-json\/wp\/v2\/tags?post=2977"}],"curies":[{"name":"wp","href":"https:\/\/api.w.org\/{rel}","templated":true}]}}