{"id":2965,"date":"2024-09-19T14:20:24","date_gmt":"2024-09-19T14:20:24","guid":{"rendered":"https:\/\/test.semmelweis.hu\/barmi\/?page_id=2965"},"modified":"2024-10-09T09:48:57","modified_gmt":"2024-10-09T07:48:57","slug":"cserhati-zoltan-dr","status":"publish","type":"page","link":"https:\/\/semmelweis.hu\/emk\/oktatas\/munkatarsak-oktatoi-csapat\/cserhati-zoltan-dr\/","title":{"rendered":"Cserh\u00e1ti Zolt\u00e1n, Dr."},"content":{"rendered":"<p><a href=\"https:\/\/semmelweis.hu\/emk\/files\/2024\/09\/CserhatiZ_szerzo_fenykepe-scaled-1.jpg\"><img loading=\"lazy\" decoding=\"async\" class=\"aligncenter size-large wp-image-2968\" src=\"https:\/\/semmelweis.hu\/emk\/files\/2024\/09\/CserhatiZ_szerzo_fenykepe-scaled-1-968x1024.jpg\" alt=\"Dr. Cserh\u00e1ti Zolt\u00e1n\" width=\"753\" height=\"797\" srcset=\"https:\/\/semmelweis.hu\/emk\/files\/2024\/09\/CserhatiZ_szerzo_fenykepe-scaled-1-968x1024.jpg 968w, https:\/\/semmelweis.hu\/emk\/files\/2024\/09\/CserhatiZ_szerzo_fenykepe-scaled-1-378x400.jpg 378w, https:\/\/semmelweis.hu\/emk\/files\/2024\/09\/CserhatiZ_szerzo_fenykepe-scaled-1-768x812.jpg 768w, https:\/\/semmelweis.hu\/emk\/files\/2024\/09\/CserhatiZ_szerzo_fenykepe-scaled-1-1452x1536.jpg 1452w, https:\/\/semmelweis.hu\/emk\/files\/2024\/09\/CserhatiZ_szerzo_fenykepe-scaled-1-1936x2048.jpg 1936w, https:\/\/semmelweis.hu\/emk\/files\/2024\/09\/CserhatiZ_szerzo_fenykepe-scaled-1-753x797.jpg 753w\" sizes=\"auto, (max-width: 753px) 100vw, 753px\" \/><\/a><\/p>\n<div class=\"keretes w-100\">\n<p><strong>Dr. Cserh\u00e1ti Zolt\u00e1n<br \/>\n<\/strong>adjunktus<br \/>\n<a href=\"mailto:cserhati.zoltan@emk.semmelweis.hu\" target=\"_blank\" rel=\"noopener\">cserhati.zoltan@emk.semmelweis.hu<\/a> <br \/>\n<span data-sheets-root=\"1\">1125 Budapest, K\u00fatv\u00f6lgyi \u00fat 2.<\/span><\/p>\n<\/div>\n<h4><strong>OKTAT\u00d3I BEMUTATKOZ\u00c1S<\/strong><\/h4>\n<p style=\"text-align: justify;\">Dr. Cserh\u00e1ti Zolt\u00e1n<span style=\"font-weight: 400;\">\u00a0adjunktus, az eg\u00e9szs\u00e9g\u00fcgyi menedzser mesterk\u00e9pz\u00e9s operat\u00edv programvezet\u0151je. V\u00e9gzetts\u00e9g\u00e9t tekintve \u00e1ltal\u00e1nos orvos, h\u00e1ziorvos szakorvos \u00e9s k\u00f6zgazd\u00e1sz. Kor\u00e1bban dolgozott az Emberi Er\u0151forr\u00e1sok Miniszt\u00e9rium\u00e1ban az Eg\u00e9szs\u00e9g\u00fcgyi \u00c1gazati Hum\u00e1ner\u0151forr\u00e1s-strat\u00e9giai F\u0151oszt\u00e1ly\u00e1nak f\u0151oszt\u00e1lyvezet\u0151jek\u00e9nt, valamint az Orsz\u00e1gos Gy\u00f3gyszer\u00e9szeti \u00e9s \u00c9lelmez\u00e9s-eg\u00e9szs\u00e9g\u00fcgyi Int\u00e9zet \u00e9lelmez\u00e9s- \u00e9s t\u00e1pl\u00e1lkoz\u00e1studom\u00e1nyi f\u0151igazgat\u00f3-helyettesek\u00e9nt is. Sz\u00e1mos hazai \u00e9s nemzetk\u00f6zi projektben, egy\u00fcttm\u0171k\u00f6d\u00e9sben vett \u00e9s vesz r\u00e9szt, els\u0151sorban az eg\u00e9szs\u00e9g\u00fcgyi emberier\u0151forr\u00e1s-tervez\u00e9s, a ment\u00e1lis eg\u00e9szs\u00e9g, valamint az eg\u00e9szs\u00e9g\u00fcgyi alapell\u00e1t\u00e1s fejleszt\u00e9se ter\u00fclet\u00e9n. Az Eg\u00e9szs\u00e9g\u00fcgyi Menedzserk\u00e9pz\u0151 K\u00f6zpontban szervezeti magatart\u00e1s, szervezeti kult\u00fara, emberier\u0151forr\u00e1s-menedzsment \u00e9s v\u00e1ltoz\u00e1svezet\u00e9s tant\u00e1rgyakat oktat.<\/span><\/p>\n<p><a href=\"https:\/\/m2.mtmt.hu\/api\/publication?format=html&amp;labelLang=hun&amp;sort=publishedYear,desc&amp;cond=authors;eq;10027254\" target=\"_blank\" rel=\"noopener\"><img loading=\"lazy\" decoding=\"async\" class=\"alignnone wp-image-2492\" src=\"https:\/\/semmelweis.hu\/emk\/files\/2024\/08\/MTMT_logo.jpg\" alt=\"\" width=\"61\" height=\"61\" srcset=\"https:\/\/semmelweis.hu\/emk\/files\/2024\/08\/MTMT_logo.jpg 180w, https:\/\/semmelweis.hu\/emk\/files\/2024\/08\/MTMT_logo-150x150.jpg 150w\" sizes=\"auto, (max-width: 61px) 100vw, 61px\" \/><\/a>\u00a0\u00a0\u00a0\u00a0<a href=\"https:\/\/www.linkedin.com\/in\/zolt%C3%A1n-cserh%C3%A1ti-58350240\/\" target=\"_blank\" rel=\"noopener\"><img loading=\"lazy\" decoding=\"async\" class=\"alignnone wp-image-2491\" src=\"https:\/\/semmelweis.hu\/emk\/files\/2024\/08\/linkedin_logo.png\" alt=\"\" width=\"50\" height=\"50\" srcset=\"https:\/\/semmelweis.hu\/emk\/files\/2024\/08\/linkedin_logo.png 512w, https:\/\/semmelweis.hu\/emk\/files\/2024\/08\/linkedin_logo-400x400.png 400w, https:\/\/semmelweis.hu\/emk\/files\/2024\/08\/linkedin_logo-150x150.png 150w\" sizes=\"auto, (max-width: 50px) 100vw, 50px\" \/><\/a>\u00a0 \u00a0\u00a0<\/p>\n","protected":false},"excerpt":{"rendered":"<p><a href=\"https:\/\/semmelweis.hu\/emk\/files\/2024\/09\/CserhatiZ_szerzo_fenykepe-scaled-1.jpg\"><\/a> Dr. Cserh\u00e1ti Zolt\u00e1n adjunktus <a href=\"mailto:cserhati.zoltan@emk.semmelweis.hu\" target=\"_blank\" rel=\"noopener\">cserhati.zoltan@emk.semmelweis.hu<\/a> 1125 Budapest, K\u00fatv\u00f6lgyi \u00fat 2. OKTAT\u00d3I BEMUTATKOZ\u00c1S Dr. Cserh\u00e1ti Zolt\u00e1n\u00a0adjunktus, az eg\u00e9szs\u00e9g\u00fcgyi menedzser mesterk\u00e9pz\u00e9s operat\u00edv programvezet\u0151je. V\u00e9gzetts\u00e9g\u00e9t tekintve \u00e1ltal\u00e1nos orvos, h\u00e1ziorvos szakorvos \u00e9s k\u00f6zgazd\u00e1sz. Kor\u00e1bban dolgozott az Emberi Er\u0151forr\u00e1sok Miniszt\u00e9rium\u00e1ban az Eg\u00e9szs\u00e9g\u00fcgyi \u00c1gazati Hum\u00e1ner\u0151forr\u00e1s-strat\u00e9giai F\u0151oszt\u00e1ly\u00e1nak f\u0151oszt\u00e1lyvezet\u0151jek\u00e9nt, valamint az Orsz\u00e1gos Gy\u00f3gyszer\u00e9szeti \u00e9s \u00c9lelmez\u00e9s-eg\u00e9szs\u00e9g\u00fcgyi Int\u00e9zet \u00e9lelmez\u00e9s- \u00e9s t\u00e1pl\u00e1lkoz\u00e1studom\u00e1nyi f\u0151igazgat\u00f3-helyettesek\u00e9nt is. Sz\u00e1mos hazai \u00e9s &hellip;<\/p>\n","protected":false},"author":102350,"featured_media":2971,"parent":1952,"menu_order":0,"comment_status":"closed","ping_status":"closed","template":"","meta":{"_acf_changed":false,"footnotes":""},"categories":[],"tags":[],"class_list":["post-2965","page","type-page","status-publish","has-post-thumbnail","hentry"],"acf":[],"_links":{"self":[{"href":"https:\/\/semmelweis.hu\/emk\/wp-json\/wp\/v2\/pages\/2965","targetHints":{"allow":["GET"]}}],"collection":[{"href":"https:\/\/semmelweis.hu\/emk\/wp-json\/wp\/v2\/pages"}],"about":[{"href":"https:\/\/semmelweis.hu\/emk\/wp-json\/wp\/v2\/types\/page"}],"author":[{"embeddable":true,"href":"https:\/\/semmelweis.hu\/emk\/wp-json\/wp\/v2\/users\/102350"}],"replies":[{"embeddable":true,"href":"https:\/\/semmelweis.hu\/emk\/wp-json\/wp\/v2\/comments?post=2965"}],"version-history":[{"count":2,"href":"https:\/\/semmelweis.hu\/emk\/wp-json\/wp\/v2\/pages\/2965\/revisions"}],"predecessor-version":[{"id":23052,"href":"https:\/\/semmelweis.hu\/emk\/wp-json\/wp\/v2\/pages\/2965\/revisions\/23052"}],"up":[{"embeddable":true,"href":"https:\/\/semmelweis.hu\/emk\/wp-json\/wp\/v2\/pages\/1952"}],"wp:featuredmedia":[{"embeddable":true,"href":"https:\/\/semmelweis.hu\/emk\/wp-json\/wp\/v2\/media\/2971"}],"wp:attachment":[{"href":"https:\/\/semmelweis.hu\/emk\/wp-json\/wp\/v2\/media?parent=2965"}],"wp:term":[{"taxonomy":"category","embeddable":true,"href":"https:\/\/semmelweis.hu\/emk\/wp-json\/wp\/v2\/categories?post=2965"},{"taxonomy":"post_tag","embeddable":true,"href":"https:\/\/semmelweis.hu\/emk\/wp-json\/wp\/v2\/tags?post=2965"}],"curies":[{"name":"wp","href":"https:\/\/api.w.org\/{rel}","templated":true}]}}