{"id":2941,"date":"2024-09-19T13:12:03","date_gmt":"2024-09-19T13:12:03","guid":{"rendered":"https:\/\/test.semmelweis.hu\/barmi\/?page_id=2941"},"modified":"2024-09-19T13:12:03","modified_gmt":"2024-09-19T13:12:03","slug":"bality-csaba-dr","status":"publish","type":"page","link":"https:\/\/semmelweis.hu\/emk\/oktatas\/munkatarsak-oktatoi-csapat\/bality-csaba-dr\/","title":{"rendered":"B\u00e1lity Csaba, Dr."},"content":{"rendered":"<p><img loading=\"lazy\" decoding=\"async\" class=\"aligncenter wp-image-2942 size-large\" src=\"https:\/\/semmelweis.hu\/emk\/files\/2024\/09\/Dr-Bality-Csaba-032_web-1024x1024.jpg\" alt=\"Dr. B\u00e1lity Csaba\" width=\"753\" height=\"753\" srcset=\"https:\/\/semmelweis.hu\/emk\/files\/2024\/09\/Dr-Bality-Csaba-032_web-1024x1024.jpg 1024w, https:\/\/semmelweis.hu\/emk\/files\/2024\/09\/Dr-Bality-Csaba-032_web-400x400.jpg 400w, https:\/\/semmelweis.hu\/emk\/files\/2024\/09\/Dr-Bality-Csaba-032_web-150x150.jpg 150w, https:\/\/semmelweis.hu\/emk\/files\/2024\/09\/Dr-Bality-Csaba-032_web-768x768.jpg 768w, https:\/\/semmelweis.hu\/emk\/files\/2024\/09\/Dr-Bality-Csaba-032_web-753x753.jpg 753w, https:\/\/semmelweis.hu\/emk\/files\/2024\/09\/Dr-Bality-Csaba-032_web.jpg 1500w\" sizes=\"auto, (max-width: 753px) 100vw, 753px\" \/><\/p>\n<div class=\"keretes w-100\">\n<p><strong>Dr. B\u00e1lity Csaba<br \/>\n<\/strong>egyetemi adjunktus<br \/>\n<a href=\"bality.csaba@emk.semmelweis.hu\" target=\"_blank\" rel=\"noopener\"><span data-sheets-root=\"1\">bality.csaba@emk.semmelweis.hu<\/span><\/a><br \/>\n<span data-sheets-root=\"1\">1125 Budapest, K\u00fatv\u00f6lgyi \u00fat 2.<\/span><\/p>\n<\/div>\n<h4><strong>OKTAT\u00d3I BEMUTATKOZ\u00c1S<\/strong><\/h4>\n<p style=\"text-align: justify\">Dr. B\u00e1lity Csaba<span style=\"font-weight: 400\"> okleveles eg\u00e9szs\u00e9g\u00fcgyi menedzser, b\u00f6lcs\u00e9sz. PhD fokozat\u00e1t a Semmelweis Egyetem Ment\u00e1lis Eg\u00e9szs\u00e9gtudom\u00e1nyok Doktori iskol\u00e1j\u00e1nak Egy\u00e9nek \u00e9s k\u00f6z\u00f6ss\u00e9gek er\u0151forr\u00e1sainak szociol\u00f3giai \u00e9s ment\u00e1lhigi\u00e9n\u00e9s megk\u00f6zel\u00edt\u00e9se c\u00edm\u0171 programj\u00e1ban szerezte. 2014 \u00f3ta az Eg\u00e9szs\u00e9g\u00fcgyi Menedzserk\u00e9pz\u0151 K\u00f6zpont munkat\u00e1rsa. Az Eg\u00e9szs\u00e9g\u00fcgyi K\u00f6zszolg\u00e1lati Kar mindh\u00e1rom Int\u00e9zet\u00e9ben v\u00e9gez oktat\u00f3i tev\u00e9kenys\u00e9get, t\u00f6bb k\u00f6telez\u0151 \u00e9s szabadon v\u00e1laszthat\u00f3 kurzus t\u00e1rgyfelel\u0151se.<\/span><\/p>\n<p><a href=\"https:\/\/m2.mtmt.hu\/api\/publication?format=html&amp;labelLang=hun&amp;sort=publishedYear,desc&amp;cond=authors;eq;10044279\" target=\"_blank\" rel=\"noopener\"><img loading=\"lazy\" decoding=\"async\" class=\"alignnone wp-image-2492\" src=\"https:\/\/semmelweis.hu\/emk\/files\/2024\/08\/MTMT_logo.jpg\" alt=\"\" width=\"61\" height=\"61\" srcset=\"https:\/\/semmelweis.hu\/emk\/files\/2024\/08\/MTMT_logo.jpg 180w, https:\/\/semmelweis.hu\/emk\/files\/2024\/08\/MTMT_logo-150x150.jpg 150w\" sizes=\"auto, (max-width: 61px) 100vw, 61px\" \/><\/a> \u00a0\u00a0 \u00a0 \u00a0\u00a0<\/p>\n","protected":false},"excerpt":{"rendered":"<p>Dr. B\u00e1lity Csaba egyetemi adjunktus <a href=\"bality.csaba@emk.semmelweis.hu\" target=\"_blank\" rel=\"noopener\">bality.csaba@emk.semmelweis.hu<\/a> 1125 Budapest, K\u00fatv\u00f6lgyi \u00fat 2. OKTAT\u00d3I BEMUTATKOZ\u00c1S Dr. B\u00e1lity Csaba okleveles eg\u00e9szs\u00e9g\u00fcgyi menedzser, b\u00f6lcs\u00e9sz. PhD fokozat\u00e1t a Semmelweis Egyetem Ment\u00e1lis Eg\u00e9szs\u00e9gtudom\u00e1nyok Doktori iskol\u00e1j\u00e1nak Egy\u00e9nek \u00e9s k\u00f6z\u00f6ss\u00e9gek er\u0151forr\u00e1sainak szociol\u00f3giai \u00e9s ment\u00e1lhigi\u00e9n\u00e9s megk\u00f6zel\u00edt\u00e9se c\u00edm\u0171 programj\u00e1ban szerezte. 2014 \u00f3ta az Eg\u00e9szs\u00e9g\u00fcgyi Menedzserk\u00e9pz\u0151 K\u00f6zpont munkat\u00e1rsa. Az Eg\u00e9szs\u00e9g\u00fcgyi K\u00f6zszolg\u00e1lati Kar mindh\u00e1rom Int\u00e9zet\u00e9ben v\u00e9gez oktat\u00f3i tev\u00e9kenys\u00e9get, &hellip;<\/p>\n","protected":false},"author":102350,"featured_media":2962,"parent":1952,"menu_order":0,"comment_status":"closed","ping_status":"closed","template":"","meta":{"_acf_changed":false,"footnotes":""},"categories":[],"tags":[],"class_list":["post-2941","page","type-page","status-publish","has-post-thumbnail","hentry"],"acf":[],"_links":{"self":[{"href":"https:\/\/semmelweis.hu\/emk\/wp-json\/wp\/v2\/pages\/2941","targetHints":{"allow":["GET"]}}],"collection":[{"href":"https:\/\/semmelweis.hu\/emk\/wp-json\/wp\/v2\/pages"}],"about":[{"href":"https:\/\/semmelweis.hu\/emk\/wp-json\/wp\/v2\/types\/page"}],"author":[{"embeddable":true,"href":"https:\/\/semmelweis.hu\/emk\/wp-json\/wp\/v2\/users\/102350"}],"replies":[{"embeddable":true,"href":"https:\/\/semmelweis.hu\/emk\/wp-json\/wp\/v2\/comments?post=2941"}],"version-history":[{"count":0,"href":"https:\/\/semmelweis.hu\/emk\/wp-json\/wp\/v2\/pages\/2941\/revisions"}],"up":[{"embeddable":true,"href":"https:\/\/semmelweis.hu\/emk\/wp-json\/wp\/v2\/pages\/1952"}],"wp:featuredmedia":[{"embeddable":true,"href":"https:\/\/semmelweis.hu\/emk\/wp-json\/wp\/v2\/media\/2962"}],"wp:attachment":[{"href":"https:\/\/semmelweis.hu\/emk\/wp-json\/wp\/v2\/media?parent=2941"}],"wp:term":[{"taxonomy":"category","embeddable":true,"href":"https:\/\/semmelweis.hu\/emk\/wp-json\/wp\/v2\/categories?post=2941"},{"taxonomy":"post_tag","embeddable":true,"href":"https:\/\/semmelweis.hu\/emk\/wp-json\/wp\/v2\/tags?post=2941"}],"curies":[{"name":"wp","href":"https:\/\/api.w.org\/{rel}","templated":true}]}}