{"id":2884,"date":"2024-09-17T13:49:02","date_gmt":"2024-09-17T13:49:02","guid":{"rendered":"https:\/\/test.semmelweis.hu\/barmi\/?page_id=2884"},"modified":"2024-10-16T11:37:44","modified_gmt":"2024-10-16T09:37:44","slug":"antal-zsuzsanna-dr","status":"publish","type":"page","link":"https:\/\/semmelweis.hu\/emk\/oktatas\/munkatarsak-oktatoi-csapat\/antal-zsuzsanna-dr\/","title":{"rendered":"Antal Zsuzsanna, Dr."},"content":{"rendered":"<p><img loading=\"lazy\" decoding=\"async\" class=\"aligncenter wp-image-2885 size-large\" src=\"https:\/\/semmelweis.hu\/emk\/files\/2024\/09\/Dr.-Antal-Zsuzsa-207-1_web-1024x1024.jpg\" alt=\"Dr. Antal Zsuzsanna\" width=\"753\" height=\"753\" srcset=\"https:\/\/semmelweis.hu\/emk\/files\/2024\/09\/Dr.-Antal-Zsuzsa-207-1_web-1024x1024.jpg 1024w, https:\/\/semmelweis.hu\/emk\/files\/2024\/09\/Dr.-Antal-Zsuzsa-207-1_web-400x400.jpg 400w, https:\/\/semmelweis.hu\/emk\/files\/2024\/09\/Dr.-Antal-Zsuzsa-207-1_web-150x150.jpg 150w, https:\/\/semmelweis.hu\/emk\/files\/2024\/09\/Dr.-Antal-Zsuzsa-207-1_web-768x768.jpg 768w, https:\/\/semmelweis.hu\/emk\/files\/2024\/09\/Dr.-Antal-Zsuzsa-207-1_web-753x753.jpg 753w, https:\/\/semmelweis.hu\/emk\/files\/2024\/09\/Dr.-Antal-Zsuzsa-207-1_web.jpg 1500w\" sizes=\"auto, (max-width: 753px) 100vw, 753px\" \/><\/p>\n<div class=\"keretes w-100\">\n<p style=\"text-align: left\"><span style=\"font-family: inherit;font-size: inherit\"><strong><span style=\"font-size: 18pt\">Dr. Antal Zsuzsanna<br \/>\n<\/span><\/strong><\/span>mesteroktat\u00f3<br \/>\n<a href=\"mailto:antal.zsuzsanna@emk.semmelweis.hu\" target=\"_blank\" rel=\"noopener\"><span data-sheets-root=\"1\">antal.zsuzsanna@emk.semmelweis.hu<\/span><\/a><br \/>\n<span data-sheets-root=\"1\">1125 Budapest, K\u00fatv\u00f6lgyi \u00fat 2.<\/span><\/p>\n<\/div>\n<h4 style=\"text-align: left\"><strong>OKTAT\u00d3I BEMUTATKOZ\u00c1S<\/strong><\/h4>\n<p style=\"text-align: justify\">Dr. Antal Zsuzsanna<span style=\"font-weight: 400\">\u00a0okleveles k\u00f6zgazd\u00e1sz. Diplom\u00e1t 1988-ban a mai Budapesti Corvinus Egyetemen szerzett. 1991-ben szervezettervez\u00e9s t\u00e9m\u00e1ban szerezte meg doktori (dr. univ.) fokozat\u00e1t. Jelenleg a Semmelweis Egyetem Eg\u00e9szs\u00e9g\u00fcgyi Menedzserk\u00e9pz\u0151 K\u00f6zpontj\u00e1nak mesteroktat\u00f3ja. Szakter\u00fcletei az eg\u00e9szs\u00e9g\u00fcgyi menedzsment, a szervezetalak\u00edt\u00e1s \u00e9s folyamatszervez\u00e9s. A Szoci\u00e1lis Vezet\u0151k\u00e9pz\u0151 program Vezet\u00e9s \u00e9s szervez\u00e9s modulj\u00e1nak a vezet\u0151je. Oktat az EMK t\u00f6bb mesterk\u00e9pz\u00e9si programj\u00e1ban (kor\u00e1bban szakir\u00e1ny\u00fa k\u00e9pz\u00e9s\u00e9ben). Jelenleg a Data-EDIH projekt szakmai vezet\u0151je, amely keret\u00e9ben eg\u00e9szs\u00e9g\u00fcgyi szervezetek digit\u00e1lis \u00e9retts\u00e9g\u00e9nek felm\u00e9r\u00e9s\u00e9t \u00e9s fejleszt\u00e9s\u00e9t v\u00e9gzik tan\u00e1csad\u00f3i szolg\u00e1ltat\u00e1sok seg\u00edts\u00e9g\u00e9vel.<\/span><\/p>\n<p style=\"text-align: left\"><a href=\"https:\/\/m2.mtmt.hu\/api\/publication?format=html&amp;labelLang=hun&amp;sort=publishedYear,desc&amp;cond=authors;eq;10033473\" target=\"_blank\" rel=\"noopener\"><img loading=\"lazy\" decoding=\"async\" class=\"alignnone wp-image-2492\" src=\"https:\/\/semmelweis.hu\/emk\/files\/2024\/08\/MTMT_logo.jpg\" alt=\"\" width=\"61\" height=\"61\" srcset=\"https:\/\/semmelweis.hu\/emk\/files\/2024\/08\/MTMT_logo.jpg 180w, https:\/\/semmelweis.hu\/emk\/files\/2024\/08\/MTMT_logo-150x150.jpg 150w\" sizes=\"auto, (max-width: 61px) 100vw, 61px\" \/><\/a> \u00a0\u00a0 <a href=\"https:\/\/www.linkedin.com\/in\/zsuzsanna-antal-a2004636\/\" target=\"_blank\" rel=\"noopener\"><img loading=\"lazy\" decoding=\"async\" class=\"alignnone wp-image-2491\" src=\"https:\/\/semmelweis.hu\/emk\/files\/2024\/08\/linkedin_logo.png\" alt=\"\" width=\"50\" height=\"50\" srcset=\"https:\/\/semmelweis.hu\/emk\/files\/2024\/08\/linkedin_logo.png 512w, https:\/\/semmelweis.hu\/emk\/files\/2024\/08\/linkedin_logo-400x400.png 400w, https:\/\/semmelweis.hu\/emk\/files\/2024\/08\/linkedin_logo-150x150.png 150w\" sizes=\"auto, (max-width: 50px) 100vw, 50px\" \/><\/a>\u00a0<\/p>\n","protected":false},"excerpt":{"rendered":"<p>Dr. Antal Zsuzsanna mesteroktat\u00f3 <a href=\"mailto:antal.zsuzsanna@emk.semmelweis.hu\" target=\"_blank\" rel=\"noopener\">antal.zsuzsanna@emk.semmelweis.hu<\/a> 1125 Budapest, K\u00fatv\u00f6lgyi \u00fat 2. OKTAT\u00d3I BEMUTATKOZ\u00c1S Dr. Antal Zsuzsanna\u00a0okleveles k\u00f6zgazd\u00e1sz. Diplom\u00e1t 1988-ban a mai Budapesti Corvinus Egyetemen szerzett. 1991-ben szervezettervez\u00e9s t\u00e9m\u00e1ban szerezte meg doktori (dr. univ.) fokozat\u00e1t. Jelenleg a Semmelweis Egyetem Eg\u00e9szs\u00e9g\u00fcgyi Menedzserk\u00e9pz\u0151 K\u00f6zpontj\u00e1nak mesteroktat\u00f3ja. Szakter\u00fcletei az eg\u00e9szs\u00e9g\u00fcgyi menedzsment, a szervezetalak\u00edt\u00e1s \u00e9s folyamatszervez\u00e9s. A Szoci\u00e1lis Vezet\u0151k\u00e9pz\u0151 program Vezet\u00e9s \u00e9s szervez\u00e9s &hellip;<\/p>\n","protected":false},"author":102350,"featured_media":2887,"parent":1952,"menu_order":0,"comment_status":"closed","ping_status":"closed","template":"","meta":{"_acf_changed":false,"footnotes":""},"categories":[],"tags":[],"class_list":["post-2884","page","type-page","status-publish","has-post-thumbnail","hentry"],"acf":[],"_links":{"self":[{"href":"https:\/\/semmelweis.hu\/emk\/wp-json\/wp\/v2\/pages\/2884","targetHints":{"allow":["GET"]}}],"collection":[{"href":"https:\/\/semmelweis.hu\/emk\/wp-json\/wp\/v2\/pages"}],"about":[{"href":"https:\/\/semmelweis.hu\/emk\/wp-json\/wp\/v2\/types\/page"}],"author":[{"embeddable":true,"href":"https:\/\/semmelweis.hu\/emk\/wp-json\/wp\/v2\/users\/102350"}],"replies":[{"embeddable":true,"href":"https:\/\/semmelweis.hu\/emk\/wp-json\/wp\/v2\/comments?post=2884"}],"version-history":[{"count":1,"href":"https:\/\/semmelweis.hu\/emk\/wp-json\/wp\/v2\/pages\/2884\/revisions"}],"predecessor-version":[{"id":23348,"href":"https:\/\/semmelweis.hu\/emk\/wp-json\/wp\/v2\/pages\/2884\/revisions\/23348"}],"up":[{"embeddable":true,"href":"https:\/\/semmelweis.hu\/emk\/wp-json\/wp\/v2\/pages\/1952"}],"wp:featuredmedia":[{"embeddable":true,"href":"https:\/\/semmelweis.hu\/emk\/wp-json\/wp\/v2\/media\/2887"}],"wp:attachment":[{"href":"https:\/\/semmelweis.hu\/emk\/wp-json\/wp\/v2\/media?parent=2884"}],"wp:term":[{"taxonomy":"category","embeddable":true,"href":"https:\/\/semmelweis.hu\/emk\/wp-json\/wp\/v2\/categories?post=2884"},{"taxonomy":"post_tag","embeddable":true,"href":"https:\/\/semmelweis.hu\/emk\/wp-json\/wp\/v2\/tags?post=2884"}],"curies":[{"name":"wp","href":"https:\/\/api.w.org\/{rel}","templated":true}]}}