{"id":2879,"date":"2024-09-23T07:45:33","date_gmt":"2024-09-23T07:45:33","guid":{"rendered":"https:\/\/test.semmelweis.hu\/barmi\/?page_id=2879"},"modified":"2026-03-30T14:30:11","modified_gmt":"2026-03-30T12:30:11","slug":"sinko-eszter-dr","status":"publish","type":"page","link":"https:\/\/semmelweis.hu\/emk\/oktatas\/munkatarsak-oktatoi-csapat\/sinko-eszter-dr\/","title":{"rendered":"Sink\u00f3 Eszter, dr."},"content":{"rendered":"<div>\n<p><img loading=\"lazy\" decoding=\"async\" class=\"aligncenter wp-image-2881 \" src=\"https:\/\/semmelweis.hu\/emk\/files\/2024\/09\/Dr.-Sinko-Eszter-scaled-1-762x1024.jpg\" alt=\"\" width=\"500\" height=\"672\" srcset=\"https:\/\/semmelweis.hu\/emk\/files\/2024\/09\/Dr.-Sinko-Eszter-scaled-1-762x1024.jpg 762w, https:\/\/semmelweis.hu\/emk\/files\/2024\/09\/Dr.-Sinko-Eszter-scaled-1-298x400.jpg 298w, https:\/\/semmelweis.hu\/emk\/files\/2024\/09\/Dr.-Sinko-Eszter-scaled-1-768x1033.jpg 768w, https:\/\/semmelweis.hu\/emk\/files\/2024\/09\/Dr.-Sinko-Eszter-scaled-1-1142x1536.jpg 1142w, https:\/\/semmelweis.hu\/emk\/files\/2024\/09\/Dr.-Sinko-Eszter-scaled-1-1523x2048.jpg 1523w, https:\/\/semmelweis.hu\/emk\/files\/2024\/09\/Dr.-Sinko-Eszter-scaled-1-753x1012.jpg 753w, https:\/\/semmelweis.hu\/emk\/files\/2024\/09\/Dr.-Sinko-Eszter-scaled-1.jpg 1904w\" sizes=\"auto, (max-width: 500px) 100vw, 500px\" \/><\/p>\n<\/div>\n<div class=\"keretes w-100\">\n<p style=\"text-align: left\"><span style=\"font-family: inherit;font-size: inherit\"><strong><span style=\"font-size: 18pt\">Dr. Sink\u00f3 Eszter<br \/>\n<\/span><\/strong><\/span>programigazgat\u00f3<br \/>\n<a href=\"mailto:eszter.sinko@emk.semmelweis.hu\" target=\"_blank\" rel=\"noopener\"><span data-sheets-root=\"1\">eszter.sinko@emk.semmelweis.hu<\/span><\/a><br \/>\n<span data-sheets-root=\"1\">1125 Budapest, K\u00fatv\u00f6lgyi \u00fat 2.<\/span><\/p>\n<\/div>\n<h4 style=\"text-align: left\"><strong>OKTAT\u00d3I BEMUTATKOZ\u00c1S<\/strong><\/h4>\n<p style=\"text-align: justify\">Dr. Sink\u00f3 Eszter <span style=\"font-weight: 400\">k\u00f6zgazd\u00e1sz, eg\u00e9szs\u00e9gpolitikai szak\u00e9rt\u0151. 1979-ben v\u00e9gezte el a Marx K\u00e1roly K\u00f6zgazdas\u00e1gtudom\u00e1nyi Egyetemet elm\u00e9leti gazdas\u00e1gpolitika szakon. Az Orvostov\u00e1bbk\u00e9pz\u0151 Int\u00e9zetben kutat\u00f3k\u00e9nt dolgozott (1980-1983), majd a Szoci\u00e1lis Int\u00e9zetek K\u00f6zpontj\u00e1ban a statisztikai oszt\u00e1lyt vezette. K\u00e9s\u0151bb az eg\u00e9szs\u00e9g\u00fcgy k\u00f6zponti ir\u00e1ny\u00edt\u00e1s\u00e1ban makrogazdas\u00e1gi tervez\u00e9ssel foglalkozott, az eg\u00e9szs\u00e9g\u00fcgyi reform els\u0151 hull\u00e1makor az akkori Szoci\u00e1lis \u00e9s Eg\u00e9szs\u00e9g\u00fcgyi Miniszt\u00e9rium Reformtitk\u00e1rs\u00e1g\u00e1nak munkat\u00e1rsak\u00e9nt az eg\u00e9szs\u00e9g\u00fcgyi int\u00e9zm\u00e9nyrendszer ir\u00e1ny\u00edt\u00e1s\u00e1nak, finansz\u00edroz\u00e1s\u00e1nak \u00e1talak\u00edt\u00e1sa volt a szakter\u00fclete (1988-1992). Az Eg\u00e9szs\u00e9gbiztos\u00eds\u00e1si \u00d6nkorm\u00e1nyzat v\u00e1lasztott tagja volt az \u00f6nkorm\u00e1nyzat m\u0171k\u00f6d\u00e9s\u00e9nek teljes id\u0151tartama alatt (1993-1998). A Sedgwick Noble Lowndes nemzetk\u00f6zi tan\u00e1csad\u00f3 c\u00e9g magyarorsz\u00e1gi k\u00e9pviselet\u00e9n vezet\u0151k\u00e9nt dolgozott, az eg\u00e9szs\u00e9g\u00fcgy \u00e9s nyugd\u00edj ter\u00fclet\u00e9n korm\u00e1nyzati tan\u00e1csad\u00e1ssal foglalkozott (1993-1995). Jelenleg a Semmelweis Orvostudom\u00e1nyi Egyetem Eg\u00e9szs\u00e9g\u00fcgyi Menedzserk\u00e9pz\u0151 K\u00f6zpontj\u00e1nak egyik igazgat\u00f3helyettese. 2000-ben a London School of Economics and Science egyetemen PhD-kutat\u00e1sokat v\u00e9gzett. F\u0151 \u00e9rdekl\u0151d\u00e9si ter\u00fclete az eg\u00e9szs\u00e9g\u00fcgy m\u0171k\u00f6d\u00e9s\u00e9nek eg\u00e9szs\u00e9gpolitikai \u00e9rt\u00e9kel\u00e9se. Az IME \u2013 Eg\u00e9szs\u00e9g\u00fcgyi vezet\u0151k szaklapja, tudom\u00e1nyos foly\u00f3irat 2001-es alap\u00edt\u00e1s\u00e1t\u00f3l a Szerkeszt\u0151bizotts\u00e1g tagja, a lapot 2021 \u00f3ta kiad\u00f3 Magyar Eg\u00e9szs\u00e9g\u00fcgyi Menedzsment T\u00e1rsas\u00e1g eln\u00f6khelyettese.<\/span><\/p>\n<p style=\"text-align: left\"><a href=\"https:\/\/m2.mtmt.hu\/api\/publication?format=html&amp;labelLang=hun&amp;sort=publishedYear,desc&amp;cond=authors;eq;10024211\" target=\"_blank\" rel=\"noopener\"><img loading=\"lazy\" decoding=\"async\" class=\"alignnone wp-image-2492\" src=\"https:\/\/semmelweis.hu\/emk\/files\/2024\/08\/MTMT_logo.jpg\" alt=\"\" width=\"61\" height=\"61\" srcset=\"https:\/\/semmelweis.hu\/emk\/files\/2024\/08\/MTMT_logo.jpg 180w, https:\/\/semmelweis.hu\/emk\/files\/2024\/08\/MTMT_logo-150x150.jpg 150w\" sizes=\"auto, (max-width: 61px) 100vw, 61px\" \/><\/a> \u00a0\u00a0 <a href=\"https:\/\/www.linkedin.com\/in\/sink%C3%B3-eszter-47b17621\/\" target=\"_blank\" rel=\"noopener\"><img loading=\"lazy\" decoding=\"async\" class=\"alignnone wp-image-2491\" src=\"https:\/\/semmelweis.hu\/emk\/files\/2024\/08\/linkedin_logo.png\" alt=\"\" width=\"50\" height=\"50\" srcset=\"https:\/\/semmelweis.hu\/emk\/files\/2024\/08\/linkedin_logo.png 512w, https:\/\/semmelweis.hu\/emk\/files\/2024\/08\/linkedin_logo-400x400.png 400w, https:\/\/semmelweis.hu\/emk\/files\/2024\/08\/linkedin_logo-150x150.png 150w\" sizes=\"auto, (max-width: 50px) 100vw, 50px\" \/><\/a>\u00a0 \u00a0\u00a0<\/p>\n","protected":false},"excerpt":{"rendered":"<p>Dr. Sink\u00f3 Eszter programigazgat\u00f3 <a href=\"mailto:eszter.sinko@emk.semmelweis.hu\" target=\"_blank\" rel=\"noopener\">eszter.sinko@emk.semmelweis.hu<\/a> 1125 Budapest, K\u00fatv\u00f6lgyi \u00fat 2. OKTAT\u00d3I BEMUTATKOZ\u00c1S Dr. Sink\u00f3 Eszter k\u00f6zgazd\u00e1sz, eg\u00e9szs\u00e9gpolitikai szak\u00e9rt\u0151. 1979-ben v\u00e9gezte el a Marx K\u00e1roly K\u00f6zgazdas\u00e1gtudom\u00e1nyi Egyetemet elm\u00e9leti gazdas\u00e1gpolitika szakon. Az Orvostov\u00e1bbk\u00e9pz\u0151 Int\u00e9zetben kutat\u00f3k\u00e9nt dolgozott (1980-1983), majd a Szoci\u00e1lis Int\u00e9zetek K\u00f6zpontj\u00e1ban a statisztikai oszt\u00e1lyt vezette. K\u00e9s\u0151bb az eg\u00e9szs\u00e9g\u00fcgy k\u00f6zponti ir\u00e1ny\u00edt\u00e1s\u00e1ban makrogazdas\u00e1gi tervez\u00e9ssel foglalkozott, az eg\u00e9szs\u00e9g\u00fcgyi reform els\u0151 &hellip;<\/p>\n","protected":false},"author":102350,"featured_media":25620,"parent":1952,"menu_order":0,"comment_status":"closed","ping_status":"closed","template":"","meta":{"_acf_changed":false,"footnotes":""},"categories":[],"tags":[],"class_list":["post-2879","page","type-page","status-publish","has-post-thumbnail","hentry"],"acf":[],"_links":{"self":[{"href":"https:\/\/semmelweis.hu\/emk\/wp-json\/wp\/v2\/pages\/2879","targetHints":{"allow":["GET"]}}],"collection":[{"href":"https:\/\/semmelweis.hu\/emk\/wp-json\/wp\/v2\/pages"}],"about":[{"href":"https:\/\/semmelweis.hu\/emk\/wp-json\/wp\/v2\/types\/page"}],"author":[{"embeddable":true,"href":"https:\/\/semmelweis.hu\/emk\/wp-json\/wp\/v2\/users\/102350"}],"replies":[{"embeddable":true,"href":"https:\/\/semmelweis.hu\/emk\/wp-json\/wp\/v2\/comments?post=2879"}],"version-history":[{"count":4,"href":"https:\/\/semmelweis.hu\/emk\/wp-json\/wp\/v2\/pages\/2879\/revisions"}],"predecessor-version":[{"id":26985,"href":"https:\/\/semmelweis.hu\/emk\/wp-json\/wp\/v2\/pages\/2879\/revisions\/26985"}],"up":[{"embeddable":true,"href":"https:\/\/semmelweis.hu\/emk\/wp-json\/wp\/v2\/pages\/1952"}],"wp:featuredmedia":[{"embeddable":true,"href":"https:\/\/semmelweis.hu\/emk\/wp-json\/wp\/v2\/media\/25620"}],"wp:attachment":[{"href":"https:\/\/semmelweis.hu\/emk\/wp-json\/wp\/v2\/media?parent=2879"}],"wp:term":[{"taxonomy":"category","embeddable":true,"href":"https:\/\/semmelweis.hu\/emk\/wp-json\/wp\/v2\/categories?post=2879"},{"taxonomy":"post_tag","embeddable":true,"href":"https:\/\/semmelweis.hu\/emk\/wp-json\/wp\/v2\/tags?post=2879"}],"curies":[{"name":"wp","href":"https:\/\/api.w.org\/{rel}","templated":true}]}}