{"id":2872,"date":"2024-09-17T13:20:32","date_gmt":"2024-09-17T13:20:32","guid":{"rendered":"https:\/\/test.semmelweis.hu\/barmi\/?page_id=2872"},"modified":"2024-09-17T13:20:32","modified_gmt":"2024-09-17T13:20:32","slug":"belicza-eva-dr","status":"publish","type":"page","link":"https:\/\/semmelweis.hu\/emk\/oktatas\/munkatarsak-oktatoi-csapat\/belicza-eva-dr\/","title":{"rendered":"Belicza \u00c9va, Dr. habil."},"content":{"rendered":"<p><img loading=\"lazy\" decoding=\"async\" class=\"aligncenter wp-image-2874\" src=\"https:\/\/semmelweis.hu\/emk\/files\/2024\/09\/Dr.-Belicza-Eva-122_web-1024x1024.jpg\" alt=\"Dr. Belicza \u00c9va\" width=\"700\" height=\"700\" srcset=\"https:\/\/semmelweis.hu\/emk\/files\/2024\/09\/Dr.-Belicza-Eva-122_web-1024x1024.jpg 1024w, https:\/\/semmelweis.hu\/emk\/files\/2024\/09\/Dr.-Belicza-Eva-122_web-400x400.jpg 400w, https:\/\/semmelweis.hu\/emk\/files\/2024\/09\/Dr.-Belicza-Eva-122_web-150x150.jpg 150w, https:\/\/semmelweis.hu\/emk\/files\/2024\/09\/Dr.-Belicza-Eva-122_web-768x768.jpg 768w, https:\/\/semmelweis.hu\/emk\/files\/2024\/09\/Dr.-Belicza-Eva-122_web-753x753.jpg 753w, https:\/\/semmelweis.hu\/emk\/files\/2024\/09\/Dr.-Belicza-Eva-122_web.jpg 1500w\" sizes=\"auto, (max-width: 700px) 100vw, 700px\" \/><\/p>\n<div class=\"keretes w-100\">\n<p style=\"text-align: left\"><span style=\"font-family: inherit;font-size: inherit\"><strong><span style=\"font-size: 18pt\">Dr. habil. Belicza \u00c9va<br \/>\n<\/span><\/strong><\/span>egyetemi docens<br \/>\n<a href=\"belicza.eva@emk.semmelweis.hu\" target=\"_blank\" rel=\"noopener\"><span data-sheets-root=\"1\">belicza.eva@emk.semmelweis.hu<\/span><\/a><br \/>\n<span data-sheets-root=\"1\">1125 Budapest, K\u00fatv\u00f6lgyi \u00fat 2.<\/span><\/p>\n<\/div>\n<h4 style=\"text-align: left\"><strong>OKTAT\u00d3I BEMUTATKOZ\u00c1S<\/strong><\/h4>\n<p style=\"text-align: justify\">Dr. habil. Belicza \u00c9va <span style=\"font-weight: 400\">a Semmelweis Egyetem Eg\u00e9szs\u00e9g\u00fcgyi Menedzserk\u00e9pz\u0151 K\u00f6zpont munkat\u00e1rsa, Betegbiztons\u00e1gi Tansz\u00e9k\u00e9nek alap\u00edt\u00f3ja, a min\u0151s\u00e9g\u00fcgyi \u00e9s betegbiztons\u00e1gi menedzser mesterk\u00e9pz\u00e9s els\u0151 vezet\u0151je, a NEVES Egyes\u00fclet a Betegbiztons\u00e1g\u00e9rt eln\u00f6ke. T\u00f6bb min\u0151s\u00e9g\u00fcgyi \u00e9s betegbiztons\u00e1gi t\u00e9m\u00e1j\u00fa projekt szakmai vezet\u0151je, hazai \u00e9s nemzetk\u00f6zi kutat\u00e1s k\u00f6zrem\u0171k\u00f6d\u0151je, a NEVES program elind\u00edt\u00f3ja. F\u0151 kutat\u00e1si ter\u00fclete az eg\u00e9szs\u00e9g\u00fcgyi szolg\u00e1ltat\u00f3k min\u0151s\u00e9g\u00e9rt\u00e9kel\u00e9se. Rendszeresen publik\u00e1l szaklapokban, t\u00f6bb hallgat\u00f3i jegyzetet \u00e9s tank\u00f6nyvfejezetet \u00edrt az eg\u00e9szs\u00e9g\u00fcgyi min\u0151s\u00e9gbiztos\u00edt\u00e1s \u00e9s betegbiztons\u00e1g t\u00e9mak\u00f6reiben.<\/span><\/p>\n<p style=\"text-align: left\"><a href=\"https:\/\/m2.mtmt.hu\/api\/publication?format=html&amp;labelLang=hun&amp;sort=publishedYear,desc&amp;cond=authors;eq;10024134\" target=\"_blank\" rel=\"noopener\"><img loading=\"lazy\" decoding=\"async\" class=\"alignnone wp-image-2492\" src=\"https:\/\/semmelweis.hu\/emk\/files\/2024\/08\/MTMT_logo.jpg\" alt=\"\" width=\"61\" height=\"61\" srcset=\"https:\/\/semmelweis.hu\/emk\/files\/2024\/08\/MTMT_logo.jpg 180w, https:\/\/semmelweis.hu\/emk\/files\/2024\/08\/MTMT_logo-150x150.jpg 150w\" sizes=\"auto, (max-width: 61px) 100vw, 61px\" \/><\/a> \u00a0\u00a0 <a href=\"https:\/\/www.linkedin.com\/in\/%C3%A9va-belicza-328073242\/\" target=\"_blank\" rel=\"noopener\"><img loading=\"lazy\" decoding=\"async\" class=\"alignnone wp-image-2491\" src=\"https:\/\/semmelweis.hu\/emk\/files\/2024\/08\/linkedin_logo.png\" alt=\"\" width=\"50\" height=\"50\" srcset=\"https:\/\/semmelweis.hu\/emk\/files\/2024\/08\/linkedin_logo.png 512w, https:\/\/semmelweis.hu\/emk\/files\/2024\/08\/linkedin_logo-400x400.png 400w, https:\/\/semmelweis.hu\/emk\/files\/2024\/08\/linkedin_logo-150x150.png 150w\" sizes=\"auto, (max-width: 50px) 100vw, 50px\" \/><\/a>\u00a0 \u00a0\u00a0<\/p>\n","protected":false},"excerpt":{"rendered":"<p>Dr. habil. Belicza \u00c9va egyetemi docens <a href=\"belicza.eva@emk.semmelweis.hu\" target=\"_blank\" rel=\"noopener\">belicza.eva@emk.semmelweis.hu<\/a> 1125 Budapest, K\u00fatv\u00f6lgyi \u00fat 2. OKTAT\u00d3I BEMUTATKOZ\u00c1S Dr. habil. Belicza \u00c9va a Semmelweis Egyetem Eg\u00e9szs\u00e9g\u00fcgyi Menedzserk\u00e9pz\u0151 K\u00f6zpont munkat\u00e1rsa, Betegbiztons\u00e1gi Tansz\u00e9k\u00e9nek alap\u00edt\u00f3ja, a min\u0151s\u00e9g\u00fcgyi \u00e9s betegbiztons\u00e1gi menedzser mesterk\u00e9pz\u00e9s els\u0151 vezet\u0151je, a NEVES Egyes\u00fclet a Betegbiztons\u00e1g\u00e9rt eln\u00f6ke. T\u00f6bb min\u0151s\u00e9g\u00fcgyi \u00e9s betegbiztons\u00e1gi t\u00e9m\u00e1j\u00fa projekt szakmai vezet\u0151je, hazai \u00e9s nemzetk\u00f6zi kutat\u00e1s k\u00f6zrem\u0171k\u00f6d\u0151je, a &hellip;<\/p>\n","protected":false},"author":102350,"featured_media":2877,"parent":1952,"menu_order":0,"comment_status":"closed","ping_status":"closed","template":"","meta":{"_acf_changed":false,"footnotes":""},"categories":[],"tags":[],"class_list":["post-2872","page","type-page","status-publish","has-post-thumbnail","hentry"],"acf":[],"_links":{"self":[{"href":"https:\/\/semmelweis.hu\/emk\/wp-json\/wp\/v2\/pages\/2872","targetHints":{"allow":["GET"]}}],"collection":[{"href":"https:\/\/semmelweis.hu\/emk\/wp-json\/wp\/v2\/pages"}],"about":[{"href":"https:\/\/semmelweis.hu\/emk\/wp-json\/wp\/v2\/types\/page"}],"author":[{"embeddable":true,"href":"https:\/\/semmelweis.hu\/emk\/wp-json\/wp\/v2\/users\/102350"}],"replies":[{"embeddable":true,"href":"https:\/\/semmelweis.hu\/emk\/wp-json\/wp\/v2\/comments?post=2872"}],"version-history":[{"count":0,"href":"https:\/\/semmelweis.hu\/emk\/wp-json\/wp\/v2\/pages\/2872\/revisions"}],"up":[{"embeddable":true,"href":"https:\/\/semmelweis.hu\/emk\/wp-json\/wp\/v2\/pages\/1952"}],"wp:featuredmedia":[{"embeddable":true,"href":"https:\/\/semmelweis.hu\/emk\/wp-json\/wp\/v2\/media\/2877"}],"wp:attachment":[{"href":"https:\/\/semmelweis.hu\/emk\/wp-json\/wp\/v2\/media?parent=2872"}],"wp:term":[{"taxonomy":"category","embeddable":true,"href":"https:\/\/semmelweis.hu\/emk\/wp-json\/wp\/v2\/categories?post=2872"},{"taxonomy":"post_tag","embeddable":true,"href":"https:\/\/semmelweis.hu\/emk\/wp-json\/wp\/v2\/tags?post=2872"}],"curies":[{"name":"wp","href":"https:\/\/api.w.org\/{rel}","templated":true}]}}