{"id":27093,"date":"2026-04-21T18:35:48","date_gmt":"2026-04-21T16:35:48","guid":{"rendered":"https:\/\/semmelweis.hu\/emk\/?page_id=27093"},"modified":"2026-04-21T18:57:37","modified_gmt":"2026-04-21T16:57:37","slug":"telehealthaid","status":"publish","type":"page","link":"https:\/\/semmelweis.hu\/emk\/szakertoi-tevekenyseg-projektek\/futo-projektek\/telehealthaid\/","title":{"rendered":"TeleHealthAid"},"content":{"rendered":"<h2 style=\"text-align: center\">TeleHealthAid<\/h2>\n<h3 style=\"text-align: justify\">Projekt id\u0151tartama:<\/h3>\n<p style=\"text-align: justify\">2026.01.01.-2027.12.31.<\/p>\n<p style=\"text-align: justify\"><strong>Az eg\u00e9szs\u00e9g\u00fcgyi munkaer\u0151 intelligens fejleszt\u00e9se \u00e9s el\u0151mozd\u00edt\u00e1sa a j\u00f6v\u0151beli eg\u00e9szs\u00e9g\u00fcgyi rendszerekben a lemarad\u00f3 k\u00f6z\u00e9p-eur\u00f3pai r\u00e9gi\u00f3kban.<\/strong><\/p>\n<h3 style=\"text-align: justify\">Projekt le\u00edr\u00e1sa<\/h3>\n<p style=\"text-align: justify\">A TeleHealthAid projekt c\u00e9lja, hogy innovat\u00edv, telemedicin\u00e1n alapul\u00f3 egy\u00fcttm\u0171k\u00f6d\u00e9si megold\u00e1sokkal jav\u00edtsa az eg\u00e9szs\u00e9g\u00fcgyi ell\u00e1t\u00e1shoz val\u00f3 hozz\u00e1f\u00e9r\u00e9st K\u00f6z\u00e9p-Eur\u00f3pa perif\u00e9rikus \u00e9s t\u00e1rsadalmi-gazdas\u00e1gi szempontb\u00f3l elmaradott t\u00e9rs\u00e9geiben.<\/p>\n<p style=\"text-align: justify\">Ezek a r\u00e9gi\u00f3k sz\u00e1mos kih\u00edv\u00e1ssal n\u00e9znek szembe: h\u00e1ziorvoshi\u00e1ny, el\u00f6reged\u0151 lakoss\u00e1g, n\u00f6vekv\u0151 eg\u00e9szs\u00e9g\u00fcgyi ig\u00e9nyek, valamint korl\u00e1tozott infrastrukt\u00fara \u00e9s nagy f\u00f6ldrajzi t\u00e1vols\u00e1gok nehez\u00edtik az ell\u00e1t\u00e1st. Mindez nemcsak az \u00e9letmin\u0151s\u00e9get rontja, hanem a t\u00e9rs\u00e9gek gazdas\u00e1gi vonzerej\u00e9t is cs\u00f6kkenti.<\/p>\n<h3 style=\"text-align: justify\">A TeleHealthAid c\u00e9lkit\u0171z\u00e9sei:<\/h3>\n<ul style=\"text-align: justify\">\n<li>az eg\u00e9szs\u00e9g\u00fcgyi ell\u00e1t\u00e1s hozz\u00e1f\u00e9rhet\u0151s\u00e9g\u00e9nek \u00e9s min\u0151s\u00e9g\u00e9nek jav\u00edt\u00e1sa,<\/li>\n<li>a h\u00e1ziorvosok munkaterh\u00e9nek cs\u00f6kkent\u00e9se,<\/li>\n<li>az eg\u00e9szs\u00e9g\u00fcgyi szakemberek k\u00f6z\u00f6tti egy\u00fcttm\u0171k\u00f6d\u00e9s er\u0151s\u00edt\u00e9se,<\/li>\n<li>valamint a fenntarthat\u00f3 \u00e9s korszer\u0171 eg\u00e9szs\u00e9g\u00fcgyi rendszerek kialak\u00edt\u00e1s\u00e1nak t\u00e1mogat\u00e1sa.<\/li>\n<\/ul>\n<p style=\"text-align: justify\">A projekt keret\u00e9ben Magyarorsz\u00e1g, Ausztria \u00e9s N\u00e9metorsz\u00e1g eg\u00e9szs\u00e9g\u00fcgyi szerepl\u0151i k\u00f6z\u00f6sen dolgoznak ki \u00e9s tesztelnek olyan egy\u00fcttm\u0171k\u00f6d\u00e9si modelleket, amelyek a h\u00e1ziorvosok, ment\u0151szolg\u00e1lati szakemberek \u00e9s szakorvosok k\u00f6z\u00f6tti kapcsolatokat er\u0151s\u00edtik. A <strong>telemedicina<\/strong> seg\u00edts\u00e9g\u00e9vel a h\u00e1ziorvosok hat\u00e9konyabban f\u00e9rhetnek hozz\u00e1 szakorvosi t\u00e1mogat\u00e1shoz, ez\u00e1ltal javul az ell\u00e1t\u00e1s min\u0151s\u00e9ge \u00e9s el\u00e9rhet\u0151s\u00e9ge.<\/p>\n<p style=\"text-align: justify\">A fejlesztett megold\u00e1sokat val\u00f3s k\u00f6rnyezetben tesztelik: N\u00f3gr\u00e1d megy\u00e9ben (Magyarorsz\u00e1g) \u00e9s Jennersdorf t\u00e9rs\u00e9g\u00e9ben (Ausztria), m\u00edg a n\u00e9metorsz\u00e1gi Aachen r\u00e9gi\u00f3 szakmai tud\u00e1sk\u00f6zpontk\u00e9nt j\u00e1rul hozz\u00e1 a projekt megval\u00f3s\u00edt\u00e1s\u00e1hoz. A pilotok tapasztalatai alapj\u00e1n olyan sk\u00e1l\u00e1zhat\u00f3 \u00e9s m\u00e1s r\u00e9gi\u00f3kban is alkalmazhat\u00f3 modellek j\u00f6nnek l\u00e9tre, amelyek hossz\u00fa t\u00e1von t\u00e1mogatj\u00e1k az eg\u00e9szs\u00e9g\u00fcgyi rendszerek fejl\u0151d\u00e9s\u00e9t.<\/p>\n<p style=\"text-align: justify\">A TeleHealthAid kiemelt hangs\u00falyt fektet a tud\u00e1stranszferre, az \u00e9rintettek bevon\u00e1s\u00e1ra \u00e9s a k\u00f6z\u00f6s fejleszt\u00e9sre, biztos\u00edtva, hogy a megold\u00e1sok val\u00f3ban a helyi ig\u00e9nyekre v\u00e1laszoljanak. A nemzetk\u00f6zi egy\u00fcttm\u0171k\u00f6d\u00e9s lehet\u0151v\u00e9 teszi a bev\u00e1lt gyakorlatok megoszt\u00e1s\u00e1t \u00e9s adapt\u00e1l\u00e1s\u00e1t k\u00fcl\u00f6nb\u00f6z\u0151 eg\u00e9szs\u00e9g\u00fcgyi rendszerekben.<\/p>\n<h3 style=\"text-align: justify\">Projekt szerepl\u0151k:<\/h3>\n<ul style=\"text-align: justify\">\n<li><strong>Projektvezet\u0151\/Konzorciumvezet\u0151:<\/strong> Semmelweis Egyetem Eg\u00e9szs\u00e9g\u00fcgyi K\u00f6zszolg\u00e1lati Kar\u00a0 Eg\u00e9szs\u00e9g\u00fcgyi Menedzserk\u00e9pz\u0151 K\u00f6zpont (EMK)<\/li>\n<li><strong>Az EMK szerepe a projektben:<\/strong> A Semmelweis Egyetem EKK EMK <strong>vezet\u0151 partner<\/strong>k\u00e9nt koordin\u00e1lja a TeleHealthAid projektet, \u00e9s felel\u0151s a telemedicin\u00e1s megold\u00e1sok azonos\u00edt\u00e1s\u00e1\u00e9rt \u00e9s fejleszt\u00e9s\u00e9\u00e9rt, a k\u00e9pz\u00e9si programok kialak\u00edt\u00e1s\u00e1\u00e9rt, az \u00e9rintettek bevon\u00e1s\u00e1nak t\u00e1mogat\u00e1s\u00e1\u00e9rt, valamint a hat\u00e9kony tud\u00e1stranszfer biztos\u00edt\u00e1s\u00e1\u00e9rt a pilot r\u00e9gi\u00f3k k\u00f6z\u00f6tt. Emellett vezeti a projekt integr\u00e1ci\u00f3s \u00e9s felsk\u00e1l\u00e1z\u00e1si strat\u00e9gi\u00e1j\u00e1nak kidolgoz\u00e1s\u00e1t, valamint a pilot tev\u00e9kenys\u00e9gek monitoroz\u00e1s\u00e1t, \u00e9rt\u00e9kel\u00e9s\u00e9t \u00e9s hat\u00e1svizsg\u00e1lat\u00e1t, biztos\u00edtva, hogy az eredm\u00e9nyek m\u00e1s r\u00e9gi\u00f3kban is alkalmazhat\u00f3k \u00e9s \u00e1t\u00fcltethet\u0151k legyenek.<\/li>\n<li><strong>Tov\u00e1bbi konzorciumi tagok\/partnerek:<\/strong>\n<ul>\n<li>Ludwig Boltzmann Gesellschaft (LBG), Ausztria<\/li>\n<li>Rotes Kreuz Burgenland \/ Austrian Red Cross Burgenland (RCB), Ausztria<\/li>\n<li>Universit\u00e4tsklinikum Aachen (UKA), N\u00e9metorsz\u00e1g<\/li>\n<li>Orsz\u00e1gos Ment\u0151szolg\u00e1lat (NAS\/OMSZ) Magyarorsz\u00e1g<\/li>\n<li>Balassagyarmat V\u00e1ros \u00d6nkorm\u00e1nyzata (AO), Magyarorsz\u00e1g<\/li>\n<\/ul>\n<\/li>\n<\/ul>\n<p style=\"text-align: justify\"><strong>Weboldal:<\/strong> <a href=\"https:\/\/www.interreg-central.eu\/projects\/telehealthaid\/\" target=\"_blank\" rel=\"noopener\">https:\/\/www.interreg-central.eu\/projects\/telehealthaid\/<\/a><\/p>\n<p><strong>Projekt k\u00f6z\u00f6ss\u00e9gi oldala: <\/strong><a href=\"https:\/\/www.linkedin.com\/company\/telehealthaid\/posts\/?feedView=all\"><strong>LinkedIn\u00a0<\/strong><\/a><\/p>\n<p><strong>Projekt azonos\u00edt\u00f3 sz\u00e1ma:<\/strong> <span style=\"color: #1e2326;font-family: 'PT serif', serif;font-size: 1rem;font-weight: 400\">CE0301269<\/span><\/p>\n<p style=\"text-align: justify\"><strong>K\u00f6lts\u00e9gvet\u00e9s:<\/strong> 798 490 Eur\u00f3, ebb\u0151l a Central Interr\u00e9gi\u00f3 Program t\u00e1mogat\u00e1sa 638 792 Eur\u00f3.<\/p>\n<p style=\"text-align: justify\"><strong>Projekt oldali kontakt:<\/strong> <a href=\"mailto:telehealthaid_coordination@emk.semmelweis.hu\" target=\"_blank\" rel=\"noopener\">telehealthaid_coordination@emk.semmelweis.hu<\/a><\/p>\n<p style=\"text-align: justify\"><strong>EMK kontakt:<\/strong><\/p>\n<p style=\"padding-left: 40px\">Kov\u00e1cs R\u00e9ka \u2013 projekt menedzser<br \/>\ne-mail: <a href=\"mailto:kovacs.reka@emk.semmelweis.hu\" target=\"_blank\" rel=\"noopener\">kovacs.reka@emk.semmelweis.hu<\/a><\/p>\n<p style=\"text-align: justify\">A projekt teljes log\u00f3csomagj\u00e1t <a href=\"https:\/\/js.interreg-central.eu\/owncloud\/public.php?service=files&amp;t=216c65767e630e9cdac7081e6abd8865\" target=\"_blank\" rel=\"noopener\"><strong>innen<\/strong><\/a> t\u00f6lthet\u0151 le.<br \/>\nA szabadon felhaszn\u00e1lhat\u00f3 grafikai elemek <a href=\"https:\/\/js.interreg-central.eu\/owncloud\/public.php?service=files&amp;t=de3ea0f398c864c5ff7c63459560c9b7\" target=\"_blank\" rel=\"noopener\"><strong>innen<\/strong><\/a> t\u00f6lthet\u0151k le.<\/p>\n<p><img loading=\"lazy\" decoding=\"async\" class=\"aligncenter size-large wp-image-27097\" src=\"https:\/\/semmelweis.hu\/emk\/files\/2026\/04\/TeleHealthAid_Standard_large-1024x434.png\" alt=\"TeleHealthAid logo\" width=\"753\" height=\"319\" srcset=\"https:\/\/semmelweis.hu\/emk\/files\/2026\/04\/TeleHealthAid_Standard_large-1024x434.png 1024w, https:\/\/semmelweis.hu\/emk\/files\/2026\/04\/TeleHealthAid_Standard_large-400x169.png 400w, https:\/\/semmelweis.hu\/emk\/files\/2026\/04\/TeleHealthAid_Standard_large-768x325.png 768w, https:\/\/semmelweis.hu\/emk\/files\/2026\/04\/TeleHealthAid_Standard_large-1536x651.png 1536w, https:\/\/semmelweis.hu\/emk\/files\/2026\/04\/TeleHealthAid_Standard_large-2048x867.png 2048w, https:\/\/semmelweis.hu\/emk\/files\/2026\/04\/TeleHealthAid_Standard_large-753x319.png 753w\" sizes=\"auto, (max-width: 753px) 100vw, 753px\" \/><\/p>\n","protected":false},"excerpt":{"rendered":"<p>TeleHealthAid Projekt id\u0151tartama: 2026.01.01.-2027.12.31. Az eg\u00e9szs\u00e9g\u00fcgyi munkaer\u0151 intelligens fejleszt\u00e9se \u00e9s el\u0151mozd\u00edt\u00e1sa a j\u00f6v\u0151beli eg\u00e9szs\u00e9g\u00fcgyi rendszerekben a lemarad\u00f3 k\u00f6z\u00e9p-eur\u00f3pai r\u00e9gi\u00f3kban. Projekt le\u00edr\u00e1sa A TeleHealthAid projekt c\u00e9lja, hogy innovat\u00edv, telemedicin\u00e1n alapul\u00f3 egy\u00fcttm\u0171k\u00f6d\u00e9si megold\u00e1sokkal jav\u00edtsa az eg\u00e9szs\u00e9g\u00fcgyi ell\u00e1t\u00e1shoz val\u00f3 hozz\u00e1f\u00e9r\u00e9st K\u00f6z\u00e9p-Eur\u00f3pa perif\u00e9rikus \u00e9s t\u00e1rsadalmi-gazdas\u00e1gi szempontb\u00f3l elmaradott t\u00e9rs\u00e9geiben. Ezek a r\u00e9gi\u00f3k sz\u00e1mos kih\u00edv\u00e1ssal n\u00e9znek szembe: h\u00e1ziorvoshi\u00e1ny, el\u00f6reged\u0151 lakoss\u00e1g, n\u00f6vekv\u0151 &hellip;<\/p>\n","protected":false},"author":102350,"featured_media":27097,"parent":15842,"menu_order":0,"comment_status":"closed","ping_status":"closed","template":"","meta":{"_acf_changed":false,"footnotes":""},"categories":[],"tags":[1263,441],"class_list":["post-27093","page","type-page","status-publish","has-post-thumbnail","hentry","tag-telehealthaid","tag-telemedicina"],"acf":[],"_links":{"self":[{"href":"https:\/\/semmelweis.hu\/emk\/wp-json\/wp\/v2\/pages\/27093","targetHints":{"allow":["GET"]}}],"collection":[{"href":"https:\/\/semmelweis.hu\/emk\/wp-json\/wp\/v2\/pages"}],"about":[{"href":"https:\/\/semmelweis.hu\/emk\/wp-json\/wp\/v2\/types\/page"}],"author":[{"embeddable":true,"href":"https:\/\/semmelweis.hu\/emk\/wp-json\/wp\/v2\/users\/102350"}],"replies":[{"embeddable":true,"href":"https:\/\/semmelweis.hu\/emk\/wp-json\/wp\/v2\/comments?post=27093"}],"version-history":[{"count":5,"href":"https:\/\/semmelweis.hu\/emk\/wp-json\/wp\/v2\/pages\/27093\/revisions"}],"predecessor-version":[{"id":27104,"href":"https:\/\/semmelweis.hu\/emk\/wp-json\/wp\/v2\/pages\/27093\/revisions\/27104"}],"up":[{"embeddable":true,"href":"https:\/\/semmelweis.hu\/emk\/wp-json\/wp\/v2\/pages\/15842"}],"wp:featuredmedia":[{"embeddable":true,"href":"https:\/\/semmelweis.hu\/emk\/wp-json\/wp\/v2\/media\/27097"}],"wp:attachment":[{"href":"https:\/\/semmelweis.hu\/emk\/wp-json\/wp\/v2\/media?parent=27093"}],"wp:term":[{"taxonomy":"category","embeddable":true,"href":"https:\/\/semmelweis.hu\/emk\/wp-json\/wp\/v2\/categories?post=27093"},{"taxonomy":"post_tag","embeddable":true,"href":"https:\/\/semmelweis.hu\/emk\/wp-json\/wp\/v2\/tags?post=27093"}],"curies":[{"name":"wp","href":"https:\/\/api.w.org\/{rel}","templated":true}]}}