{"id":26976,"date":"2026-04-01T11:30:25","date_gmt":"2026-04-01T09:30:25","guid":{"rendered":"https:\/\/semmelweis.hu\/emk\/?page_id=26976"},"modified":"2026-04-01T12:59:50","modified_gmt":"2026-04-01T10:59:50","slug":"hai-so","status":"publish","type":"page","link":"https:\/\/semmelweis.hu\/emk\/szakertoi-tevekenyseg-projektek\/futo-projektek\/hai-so\/","title":{"rendered":"HAI-SO"},"content":{"rendered":"<h2 style=\"text-align: justify\">HAI-SO projekt<\/h2>\n<p><strong>Mesters\u00e9ges intelligencia az eg\u00e9szs\u00e9g\u00fcgy szolg\u00e1lat\u00e1ban<\/strong><\/p>\n<p style=\"text-align: justify\">A Semmelweis Egyetem Eg\u00e9szs\u00e9g\u00fcgyi K\u00f6zszolg\u00e1lati Kar Eg\u00e9szs\u00e9g\u00fcgyi Menedzserk\u00e9pz\u0151 K\u00f6zpont (EMK) vezet\u0151 szerepv\u00e1llal\u00e1s\u00e1val elindult a <strong>HAI-SO projekt<\/strong>, amely a 2025-\u00f6s <strong>HU-Rizont program<\/strong> t\u00e1mogat\u00e1s\u00e1val azt vizsg\u00e1lja, mik\u00e9nt alkalmazhat\u00f3k a mesters\u00e9ges intelligenci\u00e1n (MI) \u00e9s a nagyl\u00e9pt\u00e9k\u0171 adatelemz\u00e9sen alapul\u00f3 m\u00f3dszertanok az eg\u00e9szs\u00e9g\u00fcgyi rendszerek \u00e9s a k\u00f3rh\u00e1zi m\u0171k\u00f6d\u00e9s \u00e1tfog\u00f3 optimaliz\u00e1l\u00e1s\u00e1ra. A kezdem\u00e9nyez\u00e9s k\u00f6z\u00e9ppontj\u00e1ban az adatalap\u00fa d\u00f6nt\u00e9shozatal er\u0151s\u00edt\u00e9se, az er\u0151forr\u00e1sok hat\u00e9konyabb felhaszn\u00e1l\u00e1sa, valamint a betegell\u00e1t\u00e1s min\u0151s\u00e9g\u00e9nek jav\u00edt\u00e1sa \u00e1ll.<\/p>\n<p style=\"text-align: justify\">A projekt Magyarorsz\u00e1g fejlett <strong>e-eg\u00e9szs\u00e9g\u00fcgy<\/strong>i infrastrukt\u00far\u00e1j\u00e1ra \u00e9p\u00edt, k\u00fcl\u00f6n\u00f6sen az Elektronikus Eg\u00e9szs\u00e9g\u00fcgyi Szolg\u00e1ltat\u00e1si T\u00e9r (EESZT) \u00e9s a Nemzeti Eg\u00e9szs\u00e9gbiztos\u00edt\u00e1si Alapkezel\u0151 (NEAK) adatvagyon\u00e1ra. A HAI-SO ezeket az adatokat kapcsolja \u00f6ssze vezet\u0151 nemzetk\u00f6zi akad\u00e9miai partnerek \u00e1ltal fejlesztett, \u00e9lvonalbeli mesters\u00e9ges intelligencia alap\u00fa megold\u00e1sokkal, lehet\u0151v\u00e9 t\u00e9ve azok hazai k\u00f6rnyezetben t\u00f6rt\u00e9n\u0151 finom\u00edt\u00e1s\u00e1t, valid\u00e1l\u00e1s\u00e1t \u00e9s pilot alkalmaz\u00e1s\u00e1t. A fejleszt\u00e9sek c\u00e9lja az eg\u00e9szs\u00e9g\u00fcgyi m\u0171k\u00f6d\u00e9s jav\u00edt\u00e1sa, bele\u00e9rtve az er\u0151forr\u00e1s-eloszt\u00e1st, a d\u00f6nt\u00e9shozatalt, a betegutak szervez\u00e9s\u00e9t \u00e9s a betegkimenetelek alakul\u00e1s\u00e1t.<\/p>\n<p style=\"text-align: justify\">A HAI-SO projekt szoros nemzetk\u00f6zi egy\u00fcttm\u0171k\u00f6d\u00e9sben val\u00f3sul meg, a m\u00f3dszertani fejleszt\u00e9seket a Harvard Egyetem PIAS-Lab kutat\u00f3csoportja, valamint a Northeastern University MIGHTE laborat\u00f3riuma v\u00e9gzik.<\/p>\n<p style=\"text-align: justify\">A fejleszt\u00e9sek hazai adatinfrastrukt\u00far\u00e1ba t\u00f6rt\u00e9n\u0151 integr\u00e1ci\u00f3j\u00e1t a Semmelweis Egyetem koordin\u00e1lja, <a href=\"https:\/\/semmelweis.hu\/emk\/oktatas\/munkatarsak-oktatoi-csapat\/szocska-miklos-dr\/\" target=\"_blank\" rel=\"noopener\"><strong>Dr. Sz\u00f3cska Mikl\u00f3s<\/strong><\/a>, az EMK igazgat\u00f3j\u00e1nak szakmai vezet\u00e9s\u00e9vel. A projekt r\u00e9szek\u00e9nt nemzetk\u00f6zi pilot tanulm\u00e1nyok indulnak Magyarorsz\u00e1gon \u00e9s Csehorsz\u00e1gban, a Pr\u00e1gai K\u00f6zgazdas\u00e1gtudom\u00e1nyi Egyetem k\u00f6zrem\u0171k\u00f6d\u00e9s\u00e9vel.<\/p>\n<p style=\"text-align: justify\">A projekt kiemelt figyelmet ford\u00edt a hazai kutat\u00f3i kapacit\u00e1sok fejleszt\u00e9s\u00e9re, t\u00e1mogatva a magyar szakemberek k\u00e9pz\u00e9s\u00e9t \u00e9s mentor\u00e1l\u00e1s\u00e1t, valamint a nemzetk\u00f6zi tud\u00e1stranszfert. Hossz\u00fa t\u00e1v\u00fa c\u00e9l egy olyan sk\u00e1l\u00e1zhat\u00f3 modell kidolgoz\u00e1sa, amely lehet\u0151v\u00e9 teszi a mesters\u00e9ges intelligencia fenntarthat\u00f3 integr\u00e1ci\u00f3j\u00e1t az eg\u00e9szs\u00e9g\u00fcgyi rendszerekbe, megfelel\u0151 szakpolitikai keretekkel \u00e9s nemzetk\u00f6zi \u00f6sszehasonl\u00edt\u00e1ssal t\u00e1mogatva.<\/p>\n<p style=\"text-align: justify\">A HAI-SO projekt r\u00e9v\u00e9n az EMK nemcsak a hazai eg\u00e9szs\u00e9g\u00fcgyi rendszer fejleszt\u00e9s\u00e9hez j\u00e1rul hozz\u00e1, hanem meghat\u00e1roz\u00f3 szerepet t\u00f6lt be az <strong>adatalap\u00fa, mesters\u00e9ges intelligenci\u00e1ra \u00e9p\u00fcl\u0151 eg\u00e9szs\u00e9g\u00fcgyi megold\u00e1sok nemzetk\u00f6zi szint\u0171 el\u0151mozd\u00edt\u00e1s\u00e1ban<\/strong> is.<img loading=\"lazy\" decoding=\"async\" class=\"aligncenter size-full wp-image-26996\" src=\"https:\/\/semmelweis.hu\/emk\/files\/2026\/04\/hurizon_logo_hurizont_HU_hurizont_HU-szines.jpg\" alt=\"hurizont\" width=\"945\" height=\"496\" srcset=\"https:\/\/semmelweis.hu\/emk\/files\/2026\/04\/hurizon_logo_hurizont_HU_hurizont_HU-szines.jpg 945w, https:\/\/semmelweis.hu\/emk\/files\/2026\/04\/hurizon_logo_hurizont_HU_hurizont_HU-szines-400x210.jpg 400w, https:\/\/semmelweis.hu\/emk\/files\/2026\/04\/hurizon_logo_hurizont_HU_hurizont_HU-szines-768x403.jpg 768w, https:\/\/semmelweis.hu\/emk\/files\/2026\/04\/hurizon_logo_hurizont_HU_hurizont_HU-szines-753x395.jpg 753w\" sizes=\"auto, (max-width: 945px) 100vw, 945px\" \/><\/p>\n","protected":false},"excerpt":{"rendered":"<p>HAI-SO projekt Mesters\u00e9ges intelligencia az eg\u00e9szs\u00e9g\u00fcgy szolg\u00e1lat\u00e1ban A Semmelweis Egyetem Eg\u00e9szs\u00e9g\u00fcgyi K\u00f6zszolg\u00e1lati Kar Eg\u00e9szs\u00e9g\u00fcgyi Menedzserk\u00e9pz\u0151 K\u00f6zpont (EMK) vezet\u0151 szerepv\u00e1llal\u00e1s\u00e1val elindult a HAI-SO projekt, amely a 2025-\u00f6s HU-Rizont program t\u00e1mogat\u00e1s\u00e1val azt vizsg\u00e1lja, mik\u00e9nt alkalmazhat\u00f3k a mesters\u00e9ges intelligenci\u00e1n (MI) \u00e9s a nagyl\u00e9pt\u00e9k\u0171 adatelemz\u00e9sen alapul\u00f3 m\u00f3dszertanok az eg\u00e9szs\u00e9g\u00fcgyi rendszerek \u00e9s a k\u00f3rh\u00e1zi m\u0171k\u00f6d\u00e9s \u00e1tfog\u00f3 optimaliz\u00e1l\u00e1s\u00e1ra. A kezdem\u00e9nyez\u00e9s k\u00f6z\u00e9ppontj\u00e1ban &hellip;<\/p>\n","protected":false},"author":102350,"featured_media":0,"parent":15842,"menu_order":0,"comment_status":"closed","ping_status":"closed","template":"","meta":{"_acf_changed":false,"footnotes":""},"categories":[],"tags":[1224,294],"class_list":["post-26976","page","type-page","status-publish","hentry","tag-hai-so-projekt","tag-mesterseges-intelligencia"],"acf":[],"_links":{"self":[{"href":"https:\/\/semmelweis.hu\/emk\/wp-json\/wp\/v2\/pages\/26976","targetHints":{"allow":["GET"]}}],"collection":[{"href":"https:\/\/semmelweis.hu\/emk\/wp-json\/wp\/v2\/pages"}],"about":[{"href":"https:\/\/semmelweis.hu\/emk\/wp-json\/wp\/v2\/types\/page"}],"author":[{"embeddable":true,"href":"https:\/\/semmelweis.hu\/emk\/wp-json\/wp\/v2\/users\/102350"}],"replies":[{"embeddable":true,"href":"https:\/\/semmelweis.hu\/emk\/wp-json\/wp\/v2\/comments?post=26976"}],"version-history":[{"count":8,"href":"https:\/\/semmelweis.hu\/emk\/wp-json\/wp\/v2\/pages\/26976\/revisions"}],"predecessor-version":[{"id":26998,"href":"https:\/\/semmelweis.hu\/emk\/wp-json\/wp\/v2\/pages\/26976\/revisions\/26998"}],"up":[{"embeddable":true,"href":"https:\/\/semmelweis.hu\/emk\/wp-json\/wp\/v2\/pages\/15842"}],"wp:attachment":[{"href":"https:\/\/semmelweis.hu\/emk\/wp-json\/wp\/v2\/media?parent=26976"}],"wp:term":[{"taxonomy":"category","embeddable":true,"href":"https:\/\/semmelweis.hu\/emk\/wp-json\/wp\/v2\/categories?post=26976"},{"taxonomy":"post_tag","embeddable":true,"href":"https:\/\/semmelweis.hu\/emk\/wp-json\/wp\/v2\/tags?post=26976"}],"curies":[{"name":"wp","href":"https:\/\/api.w.org\/{rel}","templated":true}]}}