{"id":2583,"date":"2024-09-06T08:54:20","date_gmt":"2024-09-06T08:54:20","guid":{"rendered":"https:\/\/test.semmelweis.hu\/barmi\/?page_id=2583"},"modified":"2025-07-16T13:44:36","modified_gmt":"2025-07-16T11:44:36","slug":"sinka-laszlone-adamik-erika","status":"publish","type":"page","link":"https:\/\/semmelweis.hu\/emk\/oktatas\/munkatarsak-oktatoi-csapat\/sinka-laszlone-adamik-erika\/","title":{"rendered":"Sinka L\u00e1szl\u00f3n\u00e9 Adamik Erika"},"content":{"rendered":"<p><img loading=\"lazy\" decoding=\"async\" class=\"aligncenter wp-image-2767 \" src=\"https:\/\/semmelweis.hu\/emk\/files\/2024\/09\/Sinka_Erika_foto.jpg\" alt=\"Sinka Erika\" width=\"500\" height=\"500\" srcset=\"https:\/\/semmelweis.hu\/emk\/files\/2024\/09\/Sinka_Erika_foto.jpg 512w, https:\/\/semmelweis.hu\/emk\/files\/2024\/09\/Sinka_Erika_foto-400x400.jpg 400w, https:\/\/semmelweis.hu\/emk\/files\/2024\/09\/Sinka_Erika_foto-150x150.jpg 150w\" sizes=\"auto, (max-width: 500px) 100vw, 500px\" \/><\/p>\n<div class=\"keretes w-100\">\n<p><strong>Sinka L\u00e1szl\u00f3n\u00e9 Adamik Erika<br \/>\n<\/strong>mesteroktat\u00f3<br \/>\n<a href=\"mailto:adam.szilvia@emk.semmelweis.hu\" target=\"_blank\" rel=\"noopener\"><span data-sheets-root=\"1\">sinka.erika@emk.semmelweis.hu\u00a0<\/span><\/a><br \/>\n<span data-sheets-root=\"1\">1125 Budapest, K\u00fatv\u00f6lgyi \u00fat 2.<\/span><\/p>\n<\/div>\n<h4><strong>OKTAT\u00d3I BEMUTATKOZ\u00c1S<\/strong><\/h4>\n<p style=\"text-align: justify\">Sinka L\u00e1szl\u00f3n\u00e9 Adamik Erika o<span style=\"font-weight: 400\">kleveles \u00e1pol\u00f3, eg\u00e9szs\u00e9g\u00fcgyi szakmenedzser, min\u0151s\u00e9g\u00fcgyi \u00e9s betegbiztons\u00e1gi menedzser. 16 \u00e9ven \u00e1t dolgozott a k\u00f6zvetlen betegell\u00e1t\u00e1sban \u00e1pol\u00f3i \u00e9s asszisztensi szerepk\u00f6r\u00f6kben, majd 8 \u00e9vig egy k\u00f3rh\u00e1zi min\u0151s\u00e9g\u00fcgyi rendszer m\u0171k\u00f6dtet\u00e9s\u00e9ben vett r\u00e9szt. K\u00f6zrem\u0171k\u00f6d\u00f6tt a hazai fejleszt\u00e9s\u0171 BELLA akkredit\u00e1ci\u00f3s standardok kialak\u00edt\u00e1s\u00e1ban. A Semmelweis Egyetem Betegbiztons\u00e1gi Tansz\u00e9k\u00e9nek tagja, r\u00e9szt vesz oktat\u00f3i \u00e9s tutori feladatokban, betegbiztons\u00e1gi t\u00e9m\u00e1j\u00fa kutat\u00e1sokban, projektekben, szakmai publik\u00e1ci\u00f3k \u00edr\u00e1s\u00e1ban.<\/span><\/p>\n<p data-wp-editing=\"1\"><a href=\"https:\/\/m2.mtmt.hu\/api\/publication?format=html&amp;labelLang=hun&amp;sort=publishedYear,desc&amp;cond=authors;eq;10061769\"><img loading=\"lazy\" decoding=\"async\" class=\"alignnone wp-image-2492\" src=\"https:\/\/semmelweis.hu\/emk\/files\/2024\/08\/MTMT_logo.jpg\" alt=\"\" width=\"61\" height=\"61\" data-wp-editing=\"1\" srcset=\"https:\/\/semmelweis.hu\/emk\/files\/2024\/08\/MTMT_logo.jpg 180w, https:\/\/semmelweis.hu\/emk\/files\/2024\/08\/MTMT_logo-150x150.jpg 150w\" sizes=\"auto, (max-width: 61px) 100vw, 61px\" \/><\/a>\u00a0\u00a0\u00a0\u00a0<a href=\"https:\/\/www.linkedin.com\/in\/erika-sinka-24ba2617a\/\" target=\"_blank\" rel=\"noopener\"><img loading=\"lazy\" decoding=\"async\" class=\"alignnone wp-image-2491\" src=\"https:\/\/semmelweis.hu\/emk\/files\/2024\/08\/linkedin_logo.png\" alt=\"\" width=\"50\" height=\"50\" srcset=\"https:\/\/semmelweis.hu\/emk\/files\/2024\/08\/linkedin_logo.png 512w, https:\/\/semmelweis.hu\/emk\/files\/2024\/08\/linkedin_logo-400x400.png 400w, https:\/\/semmelweis.hu\/emk\/files\/2024\/08\/linkedin_logo-150x150.png 150w\" sizes=\"auto, (max-width: 50px) 100vw, 50px\" \/><\/a>\u00a0 \u00a0\u00a0<\/p>\n<p>&nbsp;<\/p>\n","protected":false},"excerpt":{"rendered":"<p>Sinka L\u00e1szl\u00f3n\u00e9 Adamik Erika mesteroktat\u00f3 <a href=\"mailto:adam.szilvia@emk.semmelweis.hu\" target=\"_blank\" rel=\"noopener\">sinka.erika@emk.semmelweis.hu\u00a0<\/a> 1125 Budapest, K\u00fatv\u00f6lgyi \u00fat 2. OKTAT\u00d3I BEMUTATKOZ\u00c1S Sinka L\u00e1szl\u00f3n\u00e9 Adamik Erika okleveles \u00e1pol\u00f3, eg\u00e9szs\u00e9g\u00fcgyi szakmenedzser, min\u0151s\u00e9g\u00fcgyi \u00e9s betegbiztons\u00e1gi menedzser. 16 \u00e9ven \u00e1t dolgozott a k\u00f6zvetlen betegell\u00e1t\u00e1sban \u00e1pol\u00f3i \u00e9s asszisztensi szerepk\u00f6r\u00f6kben, majd 8 \u00e9vig egy k\u00f3rh\u00e1zi min\u0151s\u00e9g\u00fcgyi rendszer m\u0171k\u00f6dtet\u00e9s\u00e9ben vett r\u00e9szt. K\u00f6zrem\u0171k\u00f6d\u00f6tt a hazai fejleszt\u00e9s\u0171 BELLA akkredit\u00e1ci\u00f3s standardok kialak\u00edt\u00e1s\u00e1ban. A Semmelweis &hellip;<\/p>\n","protected":false},"author":102350,"featured_media":25614,"parent":1952,"menu_order":0,"comment_status":"closed","ping_status":"closed","template":"","meta":{"_acf_changed":false,"footnotes":""},"categories":[],"tags":[],"class_list":["post-2583","page","type-page","status-publish","has-post-thumbnail","hentry"],"acf":[],"_links":{"self":[{"href":"https:\/\/semmelweis.hu\/emk\/wp-json\/wp\/v2\/pages\/2583","targetHints":{"allow":["GET"]}}],"collection":[{"href":"https:\/\/semmelweis.hu\/emk\/wp-json\/wp\/v2\/pages"}],"about":[{"href":"https:\/\/semmelweis.hu\/emk\/wp-json\/wp\/v2\/types\/page"}],"author":[{"embeddable":true,"href":"https:\/\/semmelweis.hu\/emk\/wp-json\/wp\/v2\/users\/102350"}],"replies":[{"embeddable":true,"href":"https:\/\/semmelweis.hu\/emk\/wp-json\/wp\/v2\/comments?post=2583"}],"version-history":[{"count":2,"href":"https:\/\/semmelweis.hu\/emk\/wp-json\/wp\/v2\/pages\/2583\/revisions"}],"predecessor-version":[{"id":25615,"href":"https:\/\/semmelweis.hu\/emk\/wp-json\/wp\/v2\/pages\/2583\/revisions\/25615"}],"up":[{"embeddable":true,"href":"https:\/\/semmelweis.hu\/emk\/wp-json\/wp\/v2\/pages\/1952"}],"wp:featuredmedia":[{"embeddable":true,"href":"https:\/\/semmelweis.hu\/emk\/wp-json\/wp\/v2\/media\/25614"}],"wp:attachment":[{"href":"https:\/\/semmelweis.hu\/emk\/wp-json\/wp\/v2\/media?parent=2583"}],"wp:term":[{"taxonomy":"category","embeddable":true,"href":"https:\/\/semmelweis.hu\/emk\/wp-json\/wp\/v2\/categories?post=2583"},{"taxonomy":"post_tag","embeddable":true,"href":"https:\/\/semmelweis.hu\/emk\/wp-json\/wp\/v2\/tags?post=2583"}],"curies":[{"name":"wp","href":"https:\/\/api.w.org\/{rel}","templated":true}]}}