{"id":2579,"date":"2024-09-06T08:53:06","date_gmt":"2024-09-06T08:53:06","guid":{"rendered":"https:\/\/test.semmelweis.hu\/barmi\/?page_id=2579"},"modified":"2025-05-15T15:35:17","modified_gmt":"2025-05-15T13:35:17","slug":"dr-safadi-helena","status":"publish","type":"page","link":"https:\/\/semmelweis.hu\/emk\/oktatas\/munkatarsak-oktatoi-csapat\/dr-safadi-helena\/","title":{"rendered":"Safadi Hel\u00e9na, Dr."},"content":{"rendered":"<p><img loading=\"lazy\" decoding=\"async\" class=\"aligncenter wp-image-2724 size-large\" src=\"https:\/\/semmelweis.hu\/emk\/files\/2024\/09\/Safadi-Helena-043-PS2-scaled-1-1024x683.jpg\" alt=\"Safadi Hel\u00e9na portr\u00e9\" width=\"753\" height=\"502\" srcset=\"https:\/\/semmelweis.hu\/emk\/files\/2024\/09\/Safadi-Helena-043-PS2-scaled-1-1024x683.jpg 1024w, https:\/\/semmelweis.hu\/emk\/files\/2024\/09\/Safadi-Helena-043-PS2-scaled-1-400x267.jpg 400w, https:\/\/semmelweis.hu\/emk\/files\/2024\/09\/Safadi-Helena-043-PS2-scaled-1-768x512.jpg 768w, https:\/\/semmelweis.hu\/emk\/files\/2024\/09\/Safadi-Helena-043-PS2-scaled-1-1536x1024.jpg 1536w, https:\/\/semmelweis.hu\/emk\/files\/2024\/09\/Safadi-Helena-043-PS2-scaled-1-2048x1366.jpg 2048w, https:\/\/semmelweis.hu\/emk\/files\/2024\/09\/Safadi-Helena-043-PS2-scaled-1-753x502.jpg 753w, https:\/\/semmelweis.hu\/emk\/files\/2024\/09\/Safadi-Helena-043-PS2-scaled-1-203x135.jpg 203w\" sizes=\"auto, (max-width: 753px) 100vw, 753px\" \/><\/p>\n<div class=\"keretes w-100\">\n<p><strong>Dr. Safadi Hel\u00e9na\u00a0<br \/>\n<\/strong><span data-sheets-root=\"1\">PhD. jel\u00f6lt<\/span><br \/>\n<a href=\"mailto:safadi.helena@emk.semmelweis.hu\" target=\"_blank\" rel=\"noopener\">safadi.helena@emk.semmelweis.hu<\/a><br \/>\n<span data-sheets-root=\"1\">1125 Budapest, K\u00fatv\u00f6lgyi \u00fat 2.<\/span><\/p>\n<\/div>\n<h4><strong>OKTAT\u00d3I BEMUTATKOZ\u00c1S<\/strong><\/h4>\n<p style=\"text-align: justify\">Dr. Safadi Hel\u00e9na orvos, okleveles k\u00f6zgazd\u00e1sz, eg\u00e9szs\u00e9g\u00fcgyi menedzser. Kezdeti gyakorl\u00f3 orvosi tev\u00e9kenys\u00e9get k\u00f6vet\u0151en 2011-2014 k\u00f6z\u00f6tt a Mez\u0151cs\u00e1ti Kist\u00e9rs\u00e9gi Eg\u00e9szs\u00e9gfejleszt\u0151 K\u00f6zpont vezet\u0151je, majd a magyar eg\u00e9szs\u00e9g\u00fcgyi akkredit\u00e1ci\u00f3s rendszer fejleszt\u00e9s\u00e9ben vett r\u00e9szt vezet\u0151 tan\u00e1csad\u00f3k\u00e9nt. 2015-t\u0151l az OBDK Min\u0151s\u00e9g\u00fcgyi, Nemzetk\u00f6zi \u00e9s Dokument\u00e1ci\u00f3s F\u0151oszt\u00e1ly\u00e1nak, majd annak ut\u00f3dint\u00e9zm\u00e9ny\u00e9ben a Jogv\u00e9delmi M\u00f3dszertani Oszt\u00e1ly vezet\u0151je volt. 2017-t\u0151l a Semmelweis Egyetem Eg\u00e9szs\u00e9g\u00fcgyi Menedzserk\u00e9pz\u0151 K\u00f6zpontj\u00e1nak munkat\u00e1rsa, a Betegbiztons\u00e1gi Tansz\u00e9ki Csoport tagjak\u00e9nt oktat\u00e1si, kutat\u00e1si \u00e9s projektbeli szak\u00e9rt\u0151i feladatokat l\u00e1t el.<\/p>\n<p><a href=\"https:\/\/m2.mtmt.hu\/api\/publication?format=html&amp;labelLang=hun&amp;sort=publishedYear,desc&amp;cond=authors;eq;10067444\" target=\"_blank\" rel=\"noopener\"><img loading=\"lazy\" decoding=\"async\" class=\"alignnone wp-image-2492\" src=\"https:\/\/semmelweis.hu\/emk\/files\/2024\/08\/MTMT_logo.jpg\" alt=\"\" width=\"61\" height=\"61\" srcset=\"https:\/\/semmelweis.hu\/emk\/files\/2024\/08\/MTMT_logo.jpg 180w, https:\/\/semmelweis.hu\/emk\/files\/2024\/08\/MTMT_logo-150x150.jpg 150w\" sizes=\"auto, (max-width: 61px) 100vw, 61px\" \/><\/a> \u00a0\u00a0 <a href=\"https:\/\/www.linkedin.com\/in\/helena-safadi-9801932b3\/\" target=\"_blank\" rel=\"noopener\"><img loading=\"lazy\" decoding=\"async\" class=\"alignnone wp-image-2491\" src=\"https:\/\/semmelweis.hu\/emk\/files\/2024\/08\/linkedin_logo.png\" alt=\"\" width=\"50\" height=\"50\" srcset=\"https:\/\/semmelweis.hu\/emk\/files\/2024\/08\/linkedin_logo.png 512w, https:\/\/semmelweis.hu\/emk\/files\/2024\/08\/linkedin_logo-400x400.png 400w, https:\/\/semmelweis.hu\/emk\/files\/2024\/08\/linkedin_logo-150x150.png 150w\" sizes=\"auto, (max-width: 50px) 100vw, 50px\" \/><\/a>\u00a0 \u00a0<\/p>\n","protected":false},"excerpt":{"rendered":"<p>Dr. Safadi Hel\u00e9na\u00a0 PhD. jel\u00f6lt <a href=\"mailto:safadi.helena@emk.semmelweis.hu\" target=\"_blank\" rel=\"noopener\">safadi.helena@emk.semmelweis.hu<\/a> 1125 Budapest, K\u00fatv\u00f6lgyi \u00fat 2. OKTAT\u00d3I BEMUTATKOZ\u00c1S Dr. Safadi Hel\u00e9na orvos, okleveles k\u00f6zgazd\u00e1sz, eg\u00e9szs\u00e9g\u00fcgyi menedzser. Kezdeti gyakorl\u00f3 orvosi tev\u00e9kenys\u00e9get k\u00f6vet\u0151en 2011-2014 k\u00f6z\u00f6tt a Mez\u0151cs\u00e1ti Kist\u00e9rs\u00e9gi Eg\u00e9szs\u00e9gfejleszt\u0151 K\u00f6zpont vezet\u0151je, majd a magyar eg\u00e9szs\u00e9g\u00fcgyi akkredit\u00e1ci\u00f3s rendszer fejleszt\u00e9s\u00e9ben vett r\u00e9szt vezet\u0151 tan\u00e1csad\u00f3k\u00e9nt. 2015-t\u0151l az OBDK Min\u0151s\u00e9g\u00fcgyi, Nemzetk\u00f6zi \u00e9s Dokument\u00e1ci\u00f3s F\u0151oszt\u00e1ly\u00e1nak, majd annak ut\u00f3dint\u00e9zm\u00e9ny\u00e9ben &hellip;<\/p>\n","protected":false},"author":102350,"featured_media":2724,"parent":1952,"menu_order":0,"comment_status":"closed","ping_status":"closed","template":"","meta":{"_acf_changed":false,"footnotes":""},"categories":[],"tags":[],"class_list":["post-2579","page","type-page","status-publish","has-post-thumbnail","hentry"],"acf":[],"_links":{"self":[{"href":"https:\/\/semmelweis.hu\/emk\/wp-json\/wp\/v2\/pages\/2579","targetHints":{"allow":["GET"]}}],"collection":[{"href":"https:\/\/semmelweis.hu\/emk\/wp-json\/wp\/v2\/pages"}],"about":[{"href":"https:\/\/semmelweis.hu\/emk\/wp-json\/wp\/v2\/types\/page"}],"author":[{"embeddable":true,"href":"https:\/\/semmelweis.hu\/emk\/wp-json\/wp\/v2\/users\/102350"}],"replies":[{"embeddable":true,"href":"https:\/\/semmelweis.hu\/emk\/wp-json\/wp\/v2\/comments?post=2579"}],"version-history":[{"count":1,"href":"https:\/\/semmelweis.hu\/emk\/wp-json\/wp\/v2\/pages\/2579\/revisions"}],"predecessor-version":[{"id":25016,"href":"https:\/\/semmelweis.hu\/emk\/wp-json\/wp\/v2\/pages\/2579\/revisions\/25016"}],"up":[{"embeddable":true,"href":"https:\/\/semmelweis.hu\/emk\/wp-json\/wp\/v2\/pages\/1952"}],"wp:featuredmedia":[{"embeddable":true,"href":"https:\/\/semmelweis.hu\/emk\/wp-json\/wp\/v2\/media\/2724"}],"wp:attachment":[{"href":"https:\/\/semmelweis.hu\/emk\/wp-json\/wp\/v2\/media?parent=2579"}],"wp:term":[{"taxonomy":"category","embeddable":true,"href":"https:\/\/semmelweis.hu\/emk\/wp-json\/wp\/v2\/categories?post=2579"},{"taxonomy":"post_tag","embeddable":true,"href":"https:\/\/semmelweis.hu\/emk\/wp-json\/wp\/v2\/tags?post=2579"}],"curies":[{"name":"wp","href":"https:\/\/api.w.org\/{rel}","templated":true}]}}