{"id":2560,"date":"2024-09-05T10:35:38","date_gmt":"2024-09-05T10:35:38","guid":{"rendered":"https:\/\/test.semmelweis.hu\/barmi\/?page_id=2560"},"modified":"2026-02-03T17:19:55","modified_gmt":"2026-02-03T16:19:55","slug":"dr-lam-judit","status":"publish","type":"page","link":"https:\/\/semmelweis.hu\/emk\/oktatas\/munkatarsak-oktatoi-csapat\/dr-lam-judit\/","title":{"rendered":"L\u00e1m Judit, Dr."},"content":{"rendered":"<p style=\"text-align: center\"><img loading=\"lazy\" decoding=\"async\" class=\"alignnone wp-image-2562 size-large\" src=\"https:\/\/semmelweis.hu\/emk\/files\/2024\/09\/Dr.-Lam-Judit-056-PS-scaled-1-1024x683.jpg\" alt=\"\" width=\"753\" height=\"502\" srcset=\"https:\/\/semmelweis.hu\/emk\/files\/2024\/09\/Dr.-Lam-Judit-056-PS-scaled-1-1024x683.jpg 1024w, https:\/\/semmelweis.hu\/emk\/files\/2024\/09\/Dr.-Lam-Judit-056-PS-scaled-1-400x267.jpg 400w, https:\/\/semmelweis.hu\/emk\/files\/2024\/09\/Dr.-Lam-Judit-056-PS-scaled-1-768x512.jpg 768w, https:\/\/semmelweis.hu\/emk\/files\/2024\/09\/Dr.-Lam-Judit-056-PS-scaled-1-1536x1024.jpg 1536w, https:\/\/semmelweis.hu\/emk\/files\/2024\/09\/Dr.-Lam-Judit-056-PS-scaled-1-2048x1366.jpg 2048w, https:\/\/semmelweis.hu\/emk\/files\/2024\/09\/Dr.-Lam-Judit-056-PS-scaled-1-753x502.jpg 753w, https:\/\/semmelweis.hu\/emk\/files\/2024\/09\/Dr.-Lam-Judit-056-PS-scaled-1-203x135.jpg 203w\" sizes=\"auto, (max-width: 753px) 100vw, 753px\" \/><\/p>\n<div class=\"keretes w-100\">\n<p style=\"text-align: left\"><span style=\"font-family: inherit;font-size: inherit\"><strong><span style=\"font-size: 18pt\">Dr. L\u00e1m Judit<br \/>\n<\/span><\/strong><\/span>operat\u00edv igazgat\u00f3helyettes, egyetemi docens<br \/>\n<a href=\"mailto:lam.judit@emk.semmelweis.hu\" target=\"_blank\" rel=\"noopener\"><span data-sheets-root=\"1\">lam.judit@emk.semmelweis.hu<\/span><\/a><br \/>\n<span data-sheets-root=\"1\">1125 Budapest, K\u00fatv\u00f6lgyi \u00fat 2.<\/span><\/p>\n<\/div>\n<h4 style=\"text-align: left\"><strong>OKTAT\u00d3I BEMUTATKOZ\u00c1S<\/strong><\/h4>\n<p style=\"text-align: justify\">Dr. L\u00e1m Judit PhD 1995-ben szerzett diplom\u00e1t a Semmelweis Egyetem Gyo\u0301gyszere\u0301sztudoma\u0301nyi Kar\u00e1n, 2002-ben szerezte PhD fokozat\u00e1t \u00e9s ege\u0301szse\u0301gu\u0308gyi szakmenedzserke\u0301nt oklevel\u00e9t. A Semmelweis Egyetem Ege\u0301szse\u0301gu\u0308gyi Menedzserke\u0301pzo\u030b K\u00f6zpontj\u00e1nak docense, operat\u00edv igazgat\u00f3helyettese, valamint az Ege\u0301szse\u0301gu\u0308gyi K\u00f6zszolg\u00e1lati Kar \u00e1ltal\u00e1nos de\u0301ka\u0301nhelyettese. A Betegbiztonsa\u0301gi Tansz\u00e9k megb\u00edzott vezet\u0151jek\u00e9nt a betegbiztonsa\u0301g \u00e9s mino\u030bse\u0301gu\u0308gyi te\u0301ma ko\u0308ro\u0308kben rendszeresen oktat gradu\u00e1lis \u00e9s posztgradu\u00e1lis kurzusokon, a NEVES betegbiztonsa\u0301gi program ta\u0301rsvezeto\u030bje.<\/p>\n<p style=\"text-align: left\"><a href=\"https:\/\/m2.mtmt.hu\/api\/publication?format=html&amp;labelLang=hun&amp;sort=publishedYear,desc&amp;cond=authors;eq;10024265\" target=\"_blank\" rel=\"noopener\"><img loading=\"lazy\" decoding=\"async\" class=\"alignnone wp-image-2492\" src=\"https:\/\/semmelweis.hu\/emk\/files\/2024\/08\/MTMT_logo.jpg\" alt=\"\" width=\"61\" height=\"61\" srcset=\"https:\/\/semmelweis.hu\/emk\/files\/2024\/08\/MTMT_logo.jpg 180w, https:\/\/semmelweis.hu\/emk\/files\/2024\/08\/MTMT_logo-150x150.jpg 150w\" sizes=\"auto, (max-width: 61px) 100vw, 61px\" \/><\/a> \u00a0\u00a0 <a href=\"https:\/\/www.linkedin.com\/in\/judit-l%C3%A1m-79a61a237\/\" target=\"_blank\" rel=\"noopener\"><img loading=\"lazy\" decoding=\"async\" class=\"alignnone wp-image-2491\" src=\"https:\/\/semmelweis.hu\/emk\/files\/2024\/08\/linkedin_logo.png\" alt=\"\" width=\"50\" height=\"50\" srcset=\"https:\/\/semmelweis.hu\/emk\/files\/2024\/08\/linkedin_logo.png 512w, https:\/\/semmelweis.hu\/emk\/files\/2024\/08\/linkedin_logo-400x400.png 400w, https:\/\/semmelweis.hu\/emk\/files\/2024\/08\/linkedin_logo-150x150.png 150w\" sizes=\"auto, (max-width: 50px) 100vw, 50px\" \/><\/a>\u00a0 \u00a0\u00a0<\/p>\n","protected":false},"excerpt":{"rendered":"<p>egyetemi docens<\/p>\n","protected":false},"author":102350,"featured_media":2562,"parent":1952,"menu_order":0,"comment_status":"closed","ping_status":"closed","template":"","meta":{"_acf_changed":false,"footnotes":""},"categories":[],"tags":[],"class_list":["post-2560","page","type-page","status-publish","has-post-thumbnail","hentry"],"acf":[],"_links":{"self":[{"href":"https:\/\/semmelweis.hu\/emk\/wp-json\/wp\/v2\/pages\/2560","targetHints":{"allow":["GET"]}}],"collection":[{"href":"https:\/\/semmelweis.hu\/emk\/wp-json\/wp\/v2\/pages"}],"about":[{"href":"https:\/\/semmelweis.hu\/emk\/wp-json\/wp\/v2\/types\/page"}],"author":[{"embeddable":true,"href":"https:\/\/semmelweis.hu\/emk\/wp-json\/wp\/v2\/users\/102350"}],"replies":[{"embeddable":true,"href":"https:\/\/semmelweis.hu\/emk\/wp-json\/wp\/v2\/comments?post=2560"}],"version-history":[{"count":2,"href":"https:\/\/semmelweis.hu\/emk\/wp-json\/wp\/v2\/pages\/2560\/revisions"}],"predecessor-version":[{"id":26744,"href":"https:\/\/semmelweis.hu\/emk\/wp-json\/wp\/v2\/pages\/2560\/revisions\/26744"}],"up":[{"embeddable":true,"href":"https:\/\/semmelweis.hu\/emk\/wp-json\/wp\/v2\/pages\/1952"}],"wp:featuredmedia":[{"embeddable":true,"href":"https:\/\/semmelweis.hu\/emk\/wp-json\/wp\/v2\/media\/2562"}],"wp:attachment":[{"href":"https:\/\/semmelweis.hu\/emk\/wp-json\/wp\/v2\/media?parent=2560"}],"wp:term":[{"taxonomy":"category","embeddable":true,"href":"https:\/\/semmelweis.hu\/emk\/wp-json\/wp\/v2\/categories?post=2560"},{"taxonomy":"post_tag","embeddable":true,"href":"https:\/\/semmelweis.hu\/emk\/wp-json\/wp\/v2\/tags?post=2560"}],"curies":[{"name":"wp","href":"https:\/\/api.w.org\/{rel}","templated":true}]}}