{"id":25561,"date":"2025-07-16T10:00:55","date_gmt":"2025-07-16T08:00:55","guid":{"rendered":"https:\/\/semmelweis.hu\/emk\/?page_id=25561"},"modified":"2025-07-16T10:24:54","modified_gmt":"2025-07-16T08:24:54","slug":"lengyel-livia","status":"publish","type":"page","link":"https:\/\/semmelweis.hu\/emk\/oktatas\/munkatarsak-oktatoi-csapat\/lengyel-livia\/","title":{"rendered":"Lengyel L\u00edvia"},"content":{"rendered":"<p><img loading=\"lazy\" decoding=\"async\" class=\"aligncenter wp-image-25565 \" src=\"https:\/\/semmelweis.hu\/emk\/files\/2025\/07\/LengyelLivia.jpg\" alt=\"Lengyel L\u00edvia\" width=\"500\" height=\"500\" data-wp-editing=\"1\" srcset=\"https:\/\/semmelweis.hu\/emk\/files\/2025\/07\/LengyelLivia.jpg 800w, https:\/\/semmelweis.hu\/emk\/files\/2025\/07\/LengyelLivia-400x400.jpg 400w, https:\/\/semmelweis.hu\/emk\/files\/2025\/07\/LengyelLivia-150x150.jpg 150w, https:\/\/semmelweis.hu\/emk\/files\/2025\/07\/LengyelLivia-768x768.jpg 768w, https:\/\/semmelweis.hu\/emk\/files\/2025\/07\/LengyelLivia-753x753.jpg 753w\" sizes=\"auto, (max-width: 500px) 100vw, 500px\" \/><\/p>\n<div class=\"keretes w-100\">\n<p><strong><span style=\"font-size: 18pt\">Lengyel L\u00edvia<\/span><br \/>\n<\/strong>oktat\u00f3, kommunik\u00e1ci\u00f3s csoportvezet\u0151<br \/>\n<a href=\"mailto:lengyel.livia@emk.semmelweis.hu\" target=\"_blank\" rel=\"noopener\"><span data-sheets-root=\"1\">lengyel.livia@emk.semmelweis.hu<\/span><\/a><br \/>\n<span data-sheets-root=\"1\">1125 Budapest, K\u00fatv\u00f6lgyi \u00fat 2.<\/span><\/p>\n<\/div>\n<h4><strong>OKTAT\u00d3I BEMUTATKOZ\u00c1S<\/strong><\/h4>\n<p style=\"text-align: justify\">Lengyel L\u00edvia 1998-ban k\u00f6zgazd\u00e1sz, majd 2000-ben marketingkommunik\u00e1ci\u00f3s szakk\u00f6zgazd\u00e1sz diplom\u00e1t szerzett. 2022-ben v\u00e9gzett a Semmelweis Egyetem Eg\u00e9szs\u00e9g\u00fcgyi Menedzserk\u00e9pz\u0151 K\u00f6zpont eg\u00e9szs\u00e9g\u00fcgyi menedzser mesterk\u00e9pz\u00e9s\u00e9n. K\u00f6zel k\u00e9t \u00e9vtizedes tapasztalattal rendelkezik a hazai priv\u00e1t eg\u00e9szs\u00e9g\u00fcgyben, els\u0151sorban strat\u00e9giai \u00e9s kommunik\u00e1ci\u00f3s ter\u00fcleten, emellett akt\u00edv szerepet v\u00e1llal a Magyar Eg\u00e9szs\u00e9g\u00fcgyi Menedzsment T\u00e1rsas\u00e1g szakmai munk\u00e1j\u00e1ban. Kiemelt ter\u00fcletei a betegeduk\u00e1ci\u00f3s programok, eg\u00e9szs\u00e9g\u00e9rt\u00e9s alap\u00fa p\u00e1cienskommunik\u00e1ci\u00f3, valamint\u00a0p\u00e1ciensk\u00f6zpont\u00fa k\u00e9rd\u0151\u00edvek (PROM) adapt\u00e1l\u00e1sa \u00e9s bevezet\u00e9se a klinikai gyakorlatba.<\/p>\n<p><a href=\"https:\/\/m2.mtmt.hu\/gui2\/?type=authors&amp;mode=browse&amp;sel=authors10083454\" target=\"_blank\" rel=\"noopener\"><img loading=\"lazy\" decoding=\"async\" class=\"alignnone wp-image-2492\" src=\"https:\/\/semmelweis.hu\/emk\/files\/2024\/08\/MTMT_logo.jpg\" alt=\"\" width=\"61\" height=\"61\" srcset=\"https:\/\/semmelweis.hu\/emk\/files\/2024\/08\/MTMT_logo.jpg 180w, https:\/\/semmelweis.hu\/emk\/files\/2024\/08\/MTMT_logo-150x150.jpg 150w\" sizes=\"auto, (max-width: 61px) 100vw, 61px\" \/><\/a>\u00a0\u00a0\u00a0\u00a0<a href=\"https:\/\/www.linkedin.com\/in\/lengyellivia\/\" target=\"_blank\" rel=\"noopener\"><img loading=\"lazy\" decoding=\"async\" class=\"alignnone wp-image-2491\" src=\"https:\/\/semmelweis.hu\/emk\/files\/2024\/08\/linkedin_logo.png\" alt=\"\" width=\"50\" height=\"50\" srcset=\"https:\/\/semmelweis.hu\/emk\/files\/2024\/08\/linkedin_logo.png 512w, https:\/\/semmelweis.hu\/emk\/files\/2024\/08\/linkedin_logo-400x400.png 400w, https:\/\/semmelweis.hu\/emk\/files\/2024\/08\/linkedin_logo-150x150.png 150w\" sizes=\"auto, (max-width: 50px) 100vw, 50px\" \/><\/a>\u00a0<\/p>\n","protected":false},"excerpt":{"rendered":"<p>Lengyel L\u00edvia oktat\u00f3, kommunik\u00e1ci\u00f3s csoportvezet\u0151 <a href=\"mailto:lengyel.livia@emk.semmelweis.hu\" target=\"_blank\" rel=\"noopener\">lengyel.livia@emk.semmelweis.hu<\/a> 1125 Budapest, K\u00fatv\u00f6lgyi \u00fat 2. OKTAT\u00d3I BEMUTATKOZ\u00c1S Lengyel L\u00edvia 1998-ban k\u00f6zgazd\u00e1sz, majd 2000-ben marketingkommunik\u00e1ci\u00f3s szakk\u00f6zgazd\u00e1sz diplom\u00e1t szerzett. 2022-ben v\u00e9gzett a Semmelweis Egyetem Eg\u00e9szs\u00e9g\u00fcgyi Menedzserk\u00e9pz\u0151 K\u00f6zpont eg\u00e9szs\u00e9g\u00fcgyi menedzser mesterk\u00e9pz\u00e9s\u00e9n. K\u00f6zel k\u00e9t \u00e9vtizedes tapasztalattal rendelkezik a hazai priv\u00e1t eg\u00e9szs\u00e9g\u00fcgyben, els\u0151sorban strat\u00e9giai \u00e9s kommunik\u00e1ci\u00f3s ter\u00fcleten, emellett akt\u00edv szerepet v\u00e1llal a Magyar Eg\u00e9szs\u00e9g\u00fcgyi Menedzsment &hellip;<\/p>\n","protected":false},"author":102350,"featured_media":25571,"parent":1952,"menu_order":0,"comment_status":"closed","ping_status":"closed","template":"","meta":{"_acf_changed":false,"footnotes":""},"categories":[],"tags":[],"class_list":["post-25561","page","type-page","status-publish","has-post-thumbnail","hentry"],"acf":[],"_links":{"self":[{"href":"https:\/\/semmelweis.hu\/emk\/wp-json\/wp\/v2\/pages\/25561","targetHints":{"allow":["GET"]}}],"collection":[{"href":"https:\/\/semmelweis.hu\/emk\/wp-json\/wp\/v2\/pages"}],"about":[{"href":"https:\/\/semmelweis.hu\/emk\/wp-json\/wp\/v2\/types\/page"}],"author":[{"embeddable":true,"href":"https:\/\/semmelweis.hu\/emk\/wp-json\/wp\/v2\/users\/102350"}],"replies":[{"embeddable":true,"href":"https:\/\/semmelweis.hu\/emk\/wp-json\/wp\/v2\/comments?post=25561"}],"version-history":[{"count":4,"href":"https:\/\/semmelweis.hu\/emk\/wp-json\/wp\/v2\/pages\/25561\/revisions"}],"predecessor-version":[{"id":25566,"href":"https:\/\/semmelweis.hu\/emk\/wp-json\/wp\/v2\/pages\/25561\/revisions\/25566"}],"up":[{"embeddable":true,"href":"https:\/\/semmelweis.hu\/emk\/wp-json\/wp\/v2\/pages\/1952"}],"wp:featuredmedia":[{"embeddable":true,"href":"https:\/\/semmelweis.hu\/emk\/wp-json\/wp\/v2\/media\/25571"}],"wp:attachment":[{"href":"https:\/\/semmelweis.hu\/emk\/wp-json\/wp\/v2\/media?parent=25561"}],"wp:term":[{"taxonomy":"category","embeddable":true,"href":"https:\/\/semmelweis.hu\/emk\/wp-json\/wp\/v2\/categories?post=25561"},{"taxonomy":"post_tag","embeddable":true,"href":"https:\/\/semmelweis.hu\/emk\/wp-json\/wp\/v2\/tags?post=25561"}],"curies":[{"name":"wp","href":"https:\/\/api.w.org\/{rel}","templated":true}]}}