{"id":24787,"date":"2025-03-27T16:25:28","date_gmt":"2025-03-27T15:25:28","guid":{"rendered":"https:\/\/semmelweis.hu\/emk\/?page_id=24787"},"modified":"2025-03-27T16:42:29","modified_gmt":"2025-03-27T15:42:29","slug":"a-hack4cure-hackathon-mentorai-2025-tavasz","status":"publish","type":"page","link":"https:\/\/semmelweis.hu\/emk\/hackathon\/hack4cure-2025-tavasz\/a-hack4cure-hackathon-mentorai-2025-tavasz\/","title":{"rendered":"A Hack4Cure Hackathon mentorai \u2013 2025 tavasz"},"content":{"rendered":"<h2 style=\"text-align: center\"><span style=\"font-size: 18pt\">A Hack4Cure 2025-\u00f6s innov\u00e1ci\u00f3s \u00f6tletverseny mentorai<\/span><\/h2>\n<h3>Dr. Davidovics Krisztina<\/h3>\n<p style=\"text-align: justify\"><img loading=\"lazy\" decoding=\"async\" class=\"alignleft wp-image-2990 size-medium\" src=\"https:\/\/semmelweis.hu\/emk\/files\/2024\/09\/KrisztinaDavidovics_photo-scaled-1-400x359.jpg\" alt=\"Davidovics Krisztina\" width=\"400\" height=\"359\" srcset=\"https:\/\/semmelweis.hu\/emk\/files\/2024\/09\/KrisztinaDavidovics_photo-scaled-1-400x359.jpg 400w, https:\/\/semmelweis.hu\/emk\/files\/2024\/09\/KrisztinaDavidovics_photo-scaled-1-1024x920.jpg 1024w, https:\/\/semmelweis.hu\/emk\/files\/2024\/09\/KrisztinaDavidovics_photo-scaled-1-768x690.jpg 768w, https:\/\/semmelweis.hu\/emk\/files\/2024\/09\/KrisztinaDavidovics_photo-scaled-1-1536x1380.jpg 1536w, https:\/\/semmelweis.hu\/emk\/files\/2024\/09\/KrisztinaDavidovics_photo-scaled-1-2048x1840.jpg 2048w, https:\/\/semmelweis.hu\/emk\/files\/2024\/09\/KrisztinaDavidovics_photo-scaled-1-753x677.jpg 753w\" sizes=\"auto, (max-width: 400px) 100vw, 400px\" \/>LL.M. 2004-ben v\u00e9gzett az ELTE \u00c1llam- \u00e9s Jogtudom\u00e1nyi Kar\u00e1n jog\u00e1szk\u00e9nt, majd 2008-ban ugyanitt Szab\u00e1lyoz\u00e1si (kodifik\u00e1tor) Szakjog\u00e1sz szakon LL.M. fokozatot szerzett. 2009-ben tett jogi szakvizsg\u00e1t. Kutat\u00e1si \u00e9s oktat\u00e1si t\u00e9m\u00e1ihoz illeszked\u0151en, 2023-ban Hollandi\u00e1ban egy tov\u00e1bbi LL.M. diplom\u00e1t szerzett \u2019Law and Technology\u2019 mesterprogramon. P\u00e1ly\u00e1ja elej\u00e9n az Igazs\u00e1g\u00fcgyi Miniszt\u00e9rium k\u00f6zjogi kodifik\u00e1ci\u00f3s szakter\u00fclet\u00e9n meghat\u00e1roz\u00f3 szakmai \u00e9s vezet\u0151i tapasztalatokra tett szert. Ezt k\u00f6vet\u0151en a Semmelweis Egyetem Eg\u00e9szs\u00e9g\u00fcgyi K\u00f6zszolg\u00e1lati Kara D\u00e9k\u00e1ni Hivatal\u00e1nak vezet\u0151jek\u00e9nt, majd 2020 \u00f3ta ugyanitt az Eg\u00e9szs\u00e9g\u00fcgyi Menedzserk\u00e9pz\u0151 K\u00f6zpontban d\u00e9k\u00e1ni tan\u00e1csad\u00f3k\u00e9nt, tov\u00e1bb\u00e1 eg\u00e9szs\u00e9g\u00fcgyi jogi \u00e9s eg\u00e9szs\u00e9gpolitikai szak\u00e9rt\u0151k\u00e9nt, illetve 2023 \u00f3ta mesteroktat\u00f3k\u00e9nt dolgozik. Alap\u00edt\u00f3 tagja az Eg\u00e9szs\u00e9gpolitika, Finansz\u00edroz\u00e1s \u00e9s Rendszerfejleszt\u00e9s Tansz\u00e9knek. K\u00fcls\u0151 szak\u00e9rt\u0151je tov\u00e1bb\u00e1 a Magyar Eg\u00e9szs\u00e9g\u00fcgyi Menedzsment T\u00e1rsas\u00e1gnak. 2021 \u00f3ta szak\u00e9rt\u0151k\u00e9nt \u00e9s koordin\u00e1tork\u00e9nt k\u00f6zrem\u0171k\u00f6dik a \u2019Health Systems and Policy Monitor (HSPM Observatory) nemzetk\u00f6zi kutat\u00f3h\u00e1l\u00f3zatban. Szakter\u00fcletei: mesters\u00e9ges intelligencia alap\u00fa eg\u00e9szs\u00e9g\u00fcgyi megold\u00e1sok jogi \u00e9s etikai aspektusai, eg\u00e9szs\u00e9gpolitika, eg\u00e9szs\u00e9g\u00fcgyi rendszerek ir\u00e1ny\u00edt\u00e1si \u00e9s szab\u00e1lyoz\u00e1si k\u00e9rd\u00e9sei.<\/p>\n<hr \/>\n<h3>Dr. Jo\u00f3 Tam\u00e1s<\/h3>\n<p style=\"text-align: justify\" data-wp-editing=\"1\"><img loading=\"lazy\" decoding=\"async\" class=\"alignleft wp-image-3006 size-medium\" src=\"https:\/\/semmelweis.hu\/emk\/files\/2024\/09\/Joo-Tamas-379-PS-scaled-1-400x267.jpg\" alt=\"Jo\u00f3 Tam\u00e1s lead\" width=\"400\" height=\"267\" srcset=\"https:\/\/semmelweis.hu\/emk\/files\/2024\/09\/Joo-Tamas-379-PS-scaled-1-400x267.jpg 400w, https:\/\/semmelweis.hu\/emk\/files\/2024\/09\/Joo-Tamas-379-PS-scaled-1-1024x683.jpg 1024w, https:\/\/semmelweis.hu\/emk\/files\/2024\/09\/Joo-Tamas-379-PS-scaled-1-768x512.jpg 768w, https:\/\/semmelweis.hu\/emk\/files\/2024\/09\/Joo-Tamas-379-PS-scaled-1-1536x1024.jpg 1536w, https:\/\/semmelweis.hu\/emk\/files\/2024\/09\/Joo-Tamas-379-PS-scaled-1-2048x1366.jpg 2048w, https:\/\/semmelweis.hu\/emk\/files\/2024\/09\/Joo-Tamas-379-PS-scaled-1-753x502.jpg 753w, https:\/\/semmelweis.hu\/emk\/files\/2024\/09\/Joo-Tamas-379-PS-scaled-1-203x135.jpg 203w\" sizes=\"auto, (max-width: 400px) 100vw, 400px\" \/>Egyetemi docens, adatvez\u00e9relt eg\u00e9szs\u00e9g\u00fcgyi szak\u00e9rt\u0151, a Magyar Eg\u00e9szs\u00e9g\u00fcgyi Menedzsment T\u00e1rsas\u00e1g eln\u00f6khelyettese. 2012-t\u0151l 2014-ig az Eg\u00e9szs\u00e9g\u00fcgy\u00e9rt Felel\u0151s \u00c1llamtitk\u00e1rs\u00e1gon kezdetben gazdas\u00e1gi elemz\u0151k\u00e9nt, majd egy \u00e1gazati vezet\u0151i inform\u00e1ci\u00f3s rendszer kialak\u00edt\u00e1s\u00e1t c\u00e9lz\u00f3 uni\u00f3s projekt szakmai vezet\u0151jek\u00e9nt, v\u00e9g\u00fcl az \u00e1gazatvezet\u0151 szem\u00e9lyi titk\u00e1rak\u00e9nt tev\u00e9kenykedett. 2014-t\u0151l az EMK munk\u00e1j\u00e1ban kezdetben senior eg\u00e9szs\u00e9g\u00fcgyi k\u00f6zgazd\u00e1szk\u00e9nt, jelenleg docensk\u00e9nt hazai \u00e9s nemzetk\u00f6zi projektek tervez\u00e9s\u00e9ben \u00e9s megval\u00f3s\u00edt\u00e1s\u00e1ban vesz r\u00e9szt, valamint digit\u00e1lis eg\u00e9szs\u00e9g\u00fcggyel, adattudom\u00e1nnyal, mesters\u00e9ges intelligenci\u00e1val, ipari befoly\u00e1sol\u00e1si technik\u00e1kkal, eg\u00e9szs\u00e9gbiztons\u00e1ggal \u00e9s kiberv\u00e9delemmel kapcsolatos ter\u00fcleteken v\u00e9gzi kutat\u00e1si, kurzusvezet\u0151i, oktat\u00e1si \u00e9s korm\u00e1nyzati szak\u00e9rt\u0151i feladatait. PhD-hallgat\u00f3k\u00e9nt a doh\u00e1nyz\u00e1s visszaszor\u00edt\u00e1s\u00e1ra ir\u00e1nyul\u00f3 int\u00e9zked\u00e9sek \u00e9rt\u00e9kel\u00e9s\u00e9t \u00e9s a tov\u00e1bbi beavatkoz\u00e1si lehet\u0151s\u00e9gek kutat\u00e1s\u00e1t t\u00e1mogat\u00f3 innovat\u00edv adatvez\u00e9relt m\u00f3dszerekkel kapcsolatban v\u00e9gezte tanulm\u00e1nyait. Doktori fokozat\u00e1t 2022-ben szerezte meg. Tagja a Bel\u00fcgyminiszt\u00e9rium \u00e9s a NAV mesters\u00e9ges intelligencia munkacsoportjainak.<\/p>\n<hr \/>\n<h3 style=\"text-align: justify\">Dr. Mikesy Gergely<\/h3>\n<p style=\"text-align: justify\"><img loading=\"lazy\" decoding=\"async\" class=\"alignleft wp-image-24803 size-medium\" src=\"https:\/\/semmelweis.hu\/emk\/files\/2025\/03\/Mikesy-Gergely-400x374.jpg\" alt=\"Mikesy Gergely\" width=\"400\" height=\"374\" srcset=\"https:\/\/semmelweis.hu\/emk\/files\/2025\/03\/Mikesy-Gergely-400x374.jpg 400w, https:\/\/semmelweis.hu\/emk\/files\/2025\/03\/Mikesy-Gergely-1024x958.jpg 1024w, https:\/\/semmelweis.hu\/emk\/files\/2025\/03\/Mikesy-Gergely-768x718.jpg 768w, https:\/\/semmelweis.hu\/emk\/files\/2025\/03\/Mikesy-Gergely-1536x1437.jpg 1536w, https:\/\/semmelweis.hu\/emk\/files\/2025\/03\/Mikesy-Gergely-753x704.jpg 753w, https:\/\/semmelweis.hu\/emk\/files\/2025\/03\/Mikesy-Gergely.jpg 1777w\" sizes=\"auto, (max-width: 400px) 100vw, 400px\" \/>2019-ben \u00e1ltal\u00e1nos orvosk\u00e9nt v\u00e9gzett a Semmelweis Egyetemen. Diploma ut\u00e1n a Semmelweis Egyetem Eg\u00e9szs\u00e9g\u00fcgyi K\u00f6zszolg\u00e1lati Kar\u00e1n tanult, Eg\u00e9szs\u00e9g\u00fcgyi Menedzsment szakon v\u00e9gzett 2022-ben. Ek\u00f6zben a Semmelweis Egyetem Eg\u00e9szs\u00e9g\u00fcgyi Menedzserk\u00e9pz\u0151 K\u00f6zpontj\u00e1ban kezdett dolgozni szak\u00e9rt\u0151k\u00e9nt. Legfontosabb t\u00e9mater\u00fcletei a betegbiztons\u00e1g, a n\u00e9peg\u00e9szs\u00e9g\u00fcgy, a prevenci\u00f3 \u00e9s m\u00e1s orvosi ter\u00fcletek (p\u00e9ld\u00e1ul diagnosztika), ezeken bel\u00fcl is az adatvez\u00e9relt \u00e9s digit\u00e1lis megold\u00e1sok, valamint a mesters\u00e9ges intelligencia alkotj\u00e1k a f\u0151 f\u00f3kuszt. T\u00f6bb hazai, valamint nemzetk\u00f6zi projekt szakmai \u00e9s menedzsment szint\u0171 el\u0151k\u00e9sz\u00edt\u00e9s\u00e9ben, valamint vezet\u00e9s\u00e9ben vett r\u00e9szt.<\/p>\n<hr \/>\n<h3 style=\"text-align: justify\">Dr. Palicz Tam\u00e1s<\/h3>\n<p style=\"text-align: justify\"><img loading=\"lazy\" decoding=\"async\" class=\"alignleft wp-image-3009 size-medium\" src=\"https:\/\/semmelweis.hu\/emk\/files\/2024\/09\/Dr.-Palicz-Tamas-Gyula-027_web-400x400.jpg\" alt=\"Dr. Palicz Tama\u0301s\" width=\"400\" height=\"400\" srcset=\"https:\/\/semmelweis.hu\/emk\/files\/2024\/09\/Dr.-Palicz-Tamas-Gyula-027_web-400x400.jpg 400w, https:\/\/semmelweis.hu\/emk\/files\/2024\/09\/Dr.-Palicz-Tamas-Gyula-027_web-1024x1024.jpg 1024w, https:\/\/semmelweis.hu\/emk\/files\/2024\/09\/Dr.-Palicz-Tamas-Gyula-027_web-150x150.jpg 150w, https:\/\/semmelweis.hu\/emk\/files\/2024\/09\/Dr.-Palicz-Tamas-Gyula-027_web-768x768.jpg 768w, https:\/\/semmelweis.hu\/emk\/files\/2024\/09\/Dr.-Palicz-Tamas-Gyula-027_web-753x753.jpg 753w, https:\/\/semmelweis.hu\/emk\/files\/2024\/09\/Dr.-Palicz-Tamas-Gyula-027_web.jpg 1500w\" sizes=\"auto, (max-width: 400px) 100vw, 400px\" \/>1993-ban szerezte orvosdoktori diplom\u00e1j\u00e1t a Debreceni Egyetemen, majd 1998-ban belgy\u00f3gy\u00e1sz szakorvos lett. A klinikusi \u00e9veket k\u00f6vet\u0151en 2000-t\u0151l foglalkozik eur\u00f3pai uni\u00f3s t\u00e1mogat\u00e1s\u00fa projektek tervez\u00e9s\u00e9vel, v\u00e9grehajt\u00e1s\u00e1val \u00e9s k\u00f6vet\u00e9s\u00e9vel. 2003-t\u00f3l dolgozik eg\u00e9szs\u00e9g\u00fcgyi \u00e9s k\u00f6zigazgat\u00e1si int\u00e9zm\u00e9nyek vezet\u0151jek\u00e9nt. F\u0151 \u00e9rdekl\u0151d\u00e9si ter\u00fclete a hum\u00e1nszolg\u00e1ltat\u00e1sokat ny\u00fajt\u00f3 szervezetek v\u00e1ltoztat\u00e1sainak vezet\u00e9se, \u00e9s az ott foly\u00f3 projektek menedzsmentje. Az ut\u00f3bbi \u00e9vekben az eg\u00e9szs\u00e9g\u00fcgy digit\u00e1lis \u00e1talakul\u00e1s\u00e1nak vizsg\u00e1lata mellett kezdett el az eg\u00e9szs\u00e9g\u00fcgyi szervezetek kiberbiztons\u00e1g\u00e1val is foglalkozni. A Semmelweis Egyetem Eg\u00e9szs\u00e9g\u00fcgyi Menedzserk\u00e9pz\u0151 K\u00f6zpont strat\u00e9giai igazgat\u00f3helyettese, mesteroktat\u00f3ja.<\/p>\n<hr \/>\n<h3 style=\"text-align: justify\">Dr. Parapatics Tam\u00e1s<\/h3>\n<p style=\"text-align: justify\"><img loading=\"lazy\" decoding=\"async\" class=\"alignleft wp-image-23949 size-medium\" src=\"https:\/\/semmelweis.hu\/emk\/files\/2024\/12\/Parapatics_Tamas-400x400.jpg\" alt=\"Parapatics Tam\u00e1s\" width=\"400\" height=\"400\" srcset=\"https:\/\/semmelweis.hu\/emk\/files\/2024\/12\/Parapatics_Tamas-400x400.jpg 400w, https:\/\/semmelweis.hu\/emk\/files\/2024\/12\/Parapatics_Tamas-150x150.jpg 150w, https:\/\/semmelweis.hu\/emk\/files\/2024\/12\/Parapatics_Tamas-768x768.jpg 768w, https:\/\/semmelweis.hu\/emk\/files\/2024\/12\/Parapatics_Tamas-753x753.jpg 753w, https:\/\/semmelweis.hu\/emk\/files\/2024\/12\/Parapatics_Tamas.jpg 1000w\" sizes=\"auto, (max-width: 400px) 100vw, 400px\" \/>A P\u00e1zm\u00e1ny P\u00e9ter Katolikus Egyetem Jogi \u00e9s \u00c1llamtudom\u00e1nyi Kar\u00e1n szerezte jogi k\u00e9pzetts\u00e9g\u00e9t. 2012-ben kezdett az eg\u00e9szs\u00e9g\u00fcgyi \u00e1gazatban dolgozni, gy\u00f3gyszer\u00e9szeti jogi, eg\u00e9szs\u00e9g\u00fcgyi jogi ter\u00fcleteken. Jelenleg az NNGYK digit\u00e1lis t\u00e1mogat\u00e1si \u00e9s mesters\u00e9ges intelligencia fel\u00fcgyeleti f\u0151oszt\u00e1ly\u00e1nak vezet\u0151je. <br \/>\nA Semmelweis Egyetem Eg\u00e9szs\u00e9g\u00fcgyi Menedzserk\u00e9pz\u0151 K\u00f6zpontj\u00e1ban 2024-ben szerzett eg\u00e9szs\u00e9g\u00fcgyi menedzser diplom\u00e1t.<\/p>\n<hr \/>\n<h3 style=\"text-align: justify\">Pusk\u00e1s Zsolt P\u00e9ter<\/h3>\n<p style=\"text-align: justify\"><img loading=\"lazy\" decoding=\"async\" class=\"alignleft wp-image-24814 size-medium\" src=\"https:\/\/semmelweis.hu\/emk\/files\/2025\/03\/Puskas-Zsolt-Peter-2021-kicsi-330x400.jpg\" alt=\"Pusk\u00e1s Zsolt P\u00e9ter\" width=\"330\" height=\"400\" srcset=\"https:\/\/semmelweis.hu\/emk\/files\/2025\/03\/Puskas-Zsolt-Peter-2021-kicsi-330x400.jpg 330w, https:\/\/semmelweis.hu\/emk\/files\/2025\/03\/Puskas-Zsolt-Peter-2021-kicsi.jpg 399w\" sizes=\"auto, (max-width: 330px) 100vw, 330px\" \/>1993-ban v\u00e9gzett a BME Villamosm\u00e9rn\u00f6ki Kar\u00e1n, MBA-fokozat\u00e1t 2004-ben szerezte a BME-n. 1997 \u00f3ta k\u00fcl\u00f6nb\u00f6z\u0151 informatikai \u00e9rintetts\u00e9g\u0171 projektek tan\u00e1csad\u00f3ja \u00e9s ir\u00e1ny\u00edt\u00f3ja, f\u0151k\u00e9pp inform\u00e1ci\u00f3s rendszerek tervez\u00e9se, informatikai szabv\u00e1nyok, inform\u00e1ci\u00f3v\u00e9delmi rendszerek \u00e9s IT-biztons\u00e1g ter\u00fcleten. 2003-2014 k\u00f6z\u00f6tt a Drescher Magyarorsz\u00e1gi Direct Mailing Kft. informatikai igazgat\u00f3ja, 2015-2019 k\u00f6z\u00f6tt informatikai tan\u00e1csad\u00f3ja. 2001-2008 k\u00f6z\u00f6tt az Eg\u00e9szs\u00e9g\u00fcgyi Informatikai Szakmai Koll\u00e9gium, 2011-2016 k\u00f6z\u00f6tt a Szakmai Koll\u00e9gium Tan\u00e1csad\u00f3 Test\u00fclet\u00e9nek tagja. 2022. decembere \u00f3ta az e-Eg\u00e9szs\u00e9g\u00fcgyi Szak\u00e9rt\u0151i Test\u00fclet tagja. 2004-ben r\u00e9szt vett a magyar eg\u00e9szs\u00e9g\u00fcgyi informatikai szabv\u00e1ny kidolgoz\u00e1s\u00e1ban, az MSZ 22800:2008-as szabv\u00e1ny egyik megalkot\u00f3ja. 2007-ben koll\u00e9g\u00e1ival megalap\u00edtotta a HC eXpert Kft-t, amelynek tagjak\u00e9nt 2011 \u00f3ta az Elektronikus Eg\u00e9szs\u00e9g\u00fcgyi Szolg\u00e1ltat\u00e1si T\u00e9r tervez\u00e9si, megval\u00f3s\u00edt\u00e1si \u00e9s bevezet\u00e9si projektjeiben dolgozik. 2018 janu\u00e1rj\u00e1t\u00f3l az EESZT vezet\u0151 szolg\u00e1ltat\u00e1s architektje \u00e9s az EESZT vezet\u0151 eg\u00e9szs\u00e9g\u00fcgyi \u00e9s e-health tan\u00e1csad\u00f3ja. 2023 decembere \u00f3ta az ESZFK eg\u00e9szs\u00e9ginformatikai szak\u00e9rt\u0151je, az \u00fcgyvezet\u0151i kabinet tagja. Kiemelt tev\u00e9kenys\u00e9gi ter\u00fcletei az EESZT szolg\u00e1ltat\u00e1s-architektur\u00e1j\u00e1nak tervez\u00e9se \u00e9s fejleszt\u00e9se, \u00e1gazati folyamatok digitaliz\u00e1l\u00e1sa, valamint a struktur\u00e1lt eg\u00e9szs\u00e9g\u00fcgyi dokumentumok \u00e9s az egys\u00e9ges hazai eg\u00e9szs\u00e9g\u00fcgyi szemantikai rendszer kialak\u00edt\u00e1sa \u00e9s fejleszt\u00e9se.<\/p>\n<hr \/>\n<h3 style=\"text-align: justify\">Dr. Sink\u00f3 Eszter<\/h3>\n<p style=\"text-align: justify\"><img loading=\"lazy\" decoding=\"async\" class=\"alignleft wp-image-2883 size-medium\" src=\"https:\/\/semmelweis.hu\/emk\/files\/2024\/09\/Dr.-Sinko-Eszter-1-scaled-e1727785789612-400x298.jpg\" alt=\"Dr. Sink\u00f3 Eszter leadk\u00e9p\" width=\"400\" height=\"298\" srcset=\"https:\/\/semmelweis.hu\/emk\/files\/2024\/09\/Dr.-Sinko-Eszter-1-scaled-e1727785789612-400x298.jpg 400w, https:\/\/semmelweis.hu\/emk\/files\/2024\/09\/Dr.-Sinko-Eszter-1-scaled-e1727785789612-1024x762.jpg 1024w, https:\/\/semmelweis.hu\/emk\/files\/2024\/09\/Dr.-Sinko-Eszter-1-scaled-e1727785789612-768x572.jpg 768w, https:\/\/semmelweis.hu\/emk\/files\/2024\/09\/Dr.-Sinko-Eszter-1-scaled-e1727785789612-1536x1144.jpg 1536w, https:\/\/semmelweis.hu\/emk\/files\/2024\/09\/Dr.-Sinko-Eszter-1-scaled-e1727785789612-753x561.jpg 753w, https:\/\/semmelweis.hu\/emk\/files\/2024\/09\/Dr.-Sinko-Eszter-1-scaled-e1727785789612.jpg 1902w\" sizes=\"auto, (max-width: 400px) 100vw, 400px\" \/>Dr. Sink\u00f3 Eszter k\u00f6zgazd\u00e1sz, eg\u00e9szs\u00e9gpolitikai szak\u00e9rt\u0151. 1979-ben v\u00e9gezte el a Marx K\u00e1roly K\u00f6zgazdas\u00e1gtudom\u00e1nyi Egyetemet elm\u00e9leti gazdas\u00e1gpolitika szakon. Az Orvostov\u00e1bbk\u00e9pz\u0151 Int\u00e9zetben kutat\u00f3k\u00e9nt dolgozott (1980-1983), majd a Szoci\u00e1lis Int\u00e9zetek K\u00f6zpontj\u00e1ban a statisztikai oszt\u00e1lyt vezette. K\u00e9s\u0151bb az eg\u00e9szs\u00e9g\u00fcgy k\u00f6zponti ir\u00e1ny\u00edt\u00e1s\u00e1ban makrogazdas\u00e1gi tervez\u00e9ssel foglalkozott, az eg\u00e9szs\u00e9g\u00fcgyi reform els\u0151 hull\u00e1makor az akkori Szoci\u00e1lis \u00e9s Eg\u00e9szs\u00e9g\u00fcgyi Miniszt\u00e9rium Reformtitk\u00e1rs\u00e1g\u00e1nak munkat\u00e1rsak\u00e9nt az eg\u00e9szs\u00e9g\u00fcgyi int\u00e9zm\u00e9nyrendszer ir\u00e1ny\u00edt\u00e1s\u00e1nak, finansz\u00edroz\u00e1s\u00e1nak \u00e1talak\u00edt\u00e1sa volt a szakter\u00fclete (1988-1992). Az Eg\u00e9szs\u00e9gbiztos\u00eds\u00e1si \u00d6nkorm\u00e1nyzat v\u00e1lasztott tagja volt az \u00f6nkorm\u00e1nyzat m\u0171k\u00f6d\u00e9s\u00e9nek teljes id\u0151tartama alatt (1993-1998). A Sedgwick Noble Lowndes nemzetk\u00f6zi tan\u00e1csad\u00f3 c\u00e9g magyarorsz\u00e1gi k\u00e9pviselet\u00e9n vezet\u0151k\u00e9nt dolgozott, az eg\u00e9szs\u00e9g\u00fcgy \u00e9s nyugd\u00edj ter\u00fclet\u00e9n korm\u00e1nyzati tan\u00e1csad\u00e1ssal foglalkozott (1993-1995). Jelenleg a Semmelweis Egyetem Eg\u00e9szs\u00e9g\u00fcgyi Menedzserk\u00e9pz\u0151 K\u00f6zpontj\u00e1nak egyik igazgat\u00f3helyettese. 2000-ben a London School of Economics and Science egyetemen PhD-kutat\u00e1sokat v\u00e9gzett. F\u0151 \u00e9rdekl\u0151d\u00e9si ter\u00fclete az eg\u00e9szs\u00e9g\u00fcgy m\u0171k\u00f6d\u00e9s\u00e9nek eg\u00e9szs\u00e9gpolitikai \u00e9rt\u00e9kel\u00e9se. Az IME \u2013 Eg\u00e9szs\u00e9g\u00fcgyi vezet\u0151k szaklapja, tudom\u00e1nyos foly\u00f3irat 2001-es alap\u00edt\u00e1s\u00e1t\u00f3l a Szerkeszt\u0151bizotts\u00e1g tagja, a lapot 2021 \u00f3ta kiad\u00f3 Magyar Eg\u00e9szs\u00e9g\u00fcgyi Menedzsment T\u00e1rsas\u00e1g eln\u00f6khelyettese.<\/p>\n<hr \/>\n<h3 style=\"text-align: justify\">Dr. Szal\u00f3ki Katalin<\/h3>\n<p style=\"text-align: justify\"><img loading=\"lazy\" decoding=\"async\" class=\"alignleft wp-image-22005 size-medium\" src=\"https:\/\/semmelweis.hu\/emk\/files\/2024\/04\/dr_szaloki_katalin-e1743088410862-400x382.jpg\" alt=\"Dr. Szal\u00f3ki Katalin\" width=\"400\" height=\"382\" srcset=\"https:\/\/semmelweis.hu\/emk\/files\/2024\/04\/dr_szaloki_katalin-e1743088410862-400x382.jpg 400w, https:\/\/semmelweis.hu\/emk\/files\/2024\/04\/dr_szaloki_katalin-e1743088410862.jpg 423w\" sizes=\"auto, (max-width: 400px) 100vw, 400px\" \/>Eg\u00e9szs\u00e9g\u00fcgyi menedzser v\u00e9gzetts\u00e9ge mellett doktori fokozat\u00e1t uni\u00f3s jogb\u00f3l szerezte. Az Eur\u00f3pai Bizotts\u00e1gban fejleszt\u00e9si projektek megval\u00f3s\u00edt\u00e1s\u00e1n dolgozott, els\u0151sorban a Nyugat-Balk\u00e1n r\u00e9gi\u00f3j\u00e1ban, k\u00e9pz\u00e9seket tartott, t\u00e1mogatta \u00e9s fel\u00fcgyelte a helyi jogalkot\u00e1si folyamatokat, \u00e9s k\u00fcl\u00f6nb\u00f6z\u0151 szervezetek szervezetfejleszt\u00e9s\u00e9ben vett r\u00e9szt a r\u00e9gi\u00f3ban, hogy az EU-csatlakoz\u00e1si felk\u00e9sz\u00fcl\u00e9s a lehet\u0151 legsikeresebb legyen. Hum\u00e1ner\u0151forr\u00e1sokkal \u00e9s kommunik\u00e1ci\u00f3val, projektmenedzsmenttel \u00e9s folyamatoptimaliz\u00e1l\u00e1ssal is foglalkozott. K\u00f6zel 15 \u00e9v ut\u00e1n az EIT Health InnoStars k\u00f6zkapcsolati vezet\u0151je lett, ahol 14 orsz\u00e1g k\u00fcls\u0151 kommunik\u00e1ci\u00f3j\u00e1\u00e9rt, valamint az EIT k\u00f6zpontja \u00e9s egy\u00e9b uni\u00f3s int\u00e9zm\u00e9nyek fel\u00e9 ir\u00e1nyul\u00f3 kapcsolattart\u00e1s felel\u0151se volt. Ezt k\u00f6vet\u0151en a PwC nemzetk\u00f6zi tan\u00e1csad\u00f3 c\u00e9g uni\u00f3s csapat\u00e1t vezette, \u00e9s a fenntarthat\u00f3s\u00e1ggal foglalkoz\u00f3 csapat alap\u00edt\u00f3 tagjai k\u00f6z\u00f6tt volt jelen. 2023 \u00f3ta az Innovat\u00edv Gy\u00f3gyszergy\u00e1rt\u00f3k Egyes\u00fclet\u00e9nek (AIPM) igazgat\u00f3ja. Elk\u00f6telezetten t\u00e1mogatja az innovat\u00edv gy\u00f3gyszerek jobb hozz\u00e1f\u00e9rhet\u0151s\u00e9g\u00e9t, kiemelten fontosnak tartja az \u00f6sszes \u00e9rdekelt f\u00e9llel val\u00f3 integr\u00e1lt kommunik\u00e1ci\u00f3 jelent\u0151s\u00e9g\u00e9t, \u00e9s a t\u00e1rsadalom eg\u00e9szs\u00e9g\u00fcgyi ismereteinek fejleszt\u00e9s\u00e9t.<\/p>\n<hr \/>\n<h3>Szemereki Viktor<\/h3>\n<p style=\"text-align: justify\"><img loading=\"lazy\" decoding=\"async\" class=\"alignleft wp-image-24812 size-medium\" src=\"https:\/\/semmelweis.hu\/emk\/files\/2025\/03\/SzemerekiViktorMark-267x400.jpg\" alt=\"Szemereki Viktor\" width=\"267\" height=\"400\" srcset=\"https:\/\/semmelweis.hu\/emk\/files\/2025\/03\/SzemerekiViktorMark-267x400.jpg 267w, https:\/\/semmelweis.hu\/emk\/files\/2025\/03\/SzemerekiViktorMark-683x1024.jpg 683w, https:\/\/semmelweis.hu\/emk\/files\/2025\/03\/SzemerekiViktorMark-768x1152.jpg 768w, https:\/\/semmelweis.hu\/emk\/files\/2025\/03\/SzemerekiViktorMark-1024x1536.jpg 1024w, https:\/\/semmelweis.hu\/emk\/files\/2025\/03\/SzemerekiViktorMark-1365x2048.jpg 1365w, https:\/\/semmelweis.hu\/emk\/files\/2025\/03\/SzemerekiViktorMark-753x1130.jpg 753w, https:\/\/semmelweis.hu\/emk\/files\/2025\/03\/SzemerekiViktorMark-scaled.jpg 1707w\" sizes=\"auto, (max-width: 267px) 100vw, 267px\" \/>A Budapesti M\u0171szaki \u00e9s Gazdas\u00e1gtudom\u00e1nyi Egyetemen v\u00e9gzett okleveles villamosm\u00e9rn\u00f6kk\u00e9nt. P\u00e1ly\u00e1ja kezdet\u00e9n \u00e1llamigazgat\u00e1si szakrendszerek tervez\u00e9s\u00e9ben \u00e9s fejleszt\u00e9s\u00e9ben, valamint a piaci szektor digitaliz\u00e1ci\u00f3j\u00e1ban szerzett szakmai tapasztalatot. K\u00f6zel 10 \u00e9ve az ESZFK Nonprofit Kft.-n\u00e9l dolgozik eg\u00e9szs\u00e9ginformatikai szak\u00e9rt\u0151k\u00e9nt.<\/p>\n<p style=\"text-align: justify\">A hazai eg\u00e9szs\u00e9g\u00fcgyi informatikai szolg\u00e1ltat\u00e1sok kialak\u00edt\u00e1s\u00e1ban vesz r\u00e9szt, kiemelten az EESZT-hez kapcsol\u00f3d\u00f3 projektek m\u0171szaki vezet\u00e9s\u00e9ben, az eszk\u00f6zrendszer architektur\u00e1lis megtervez\u00e9s\u00e9ben \u00e9s kialak\u00edt\u00e1s\u00e1nak vezet\u00e9s\u00e9ben.<\/p>\n","protected":false},"excerpt":{"rendered":"<p>A Hack4Cure 2025-\u00f6s innov\u00e1ci\u00f3s \u00f6tletverseny mentorai Dr. Davidovics Krisztina LL.M. 2004-ben v\u00e9gzett az ELTE \u00c1llam- \u00e9s Jogtudom\u00e1nyi Kar\u00e1n jog\u00e1szk\u00e9nt, majd 2008-ban ugyanitt Szab\u00e1lyoz\u00e1si (kodifik\u00e1tor) Szakjog\u00e1sz szakon LL.M. fokozatot szerzett. 2009-ben tett jogi szakvizsg\u00e1t. Kutat\u00e1si \u00e9s oktat\u00e1si t\u00e9m\u00e1ihoz illeszked\u0151en, 2023-ban Hollandi\u00e1ban egy tov\u00e1bbi LL.M. diplom\u00e1t szerzett \u2019Law and Technology\u2019 mesterprogramon. P\u00e1ly\u00e1ja elej\u00e9n az Igazs\u00e1g\u00fcgyi Miniszt\u00e9rium k\u00f6zjogi &hellip;<\/p>\n","protected":false},"author":102350,"featured_media":0,"parent":24676,"menu_order":0,"comment_status":"closed","ping_status":"closed","template":"","meta":{"_acf_changed":false,"footnotes":""},"categories":[],"tags":[302,332],"class_list":["post-24787","page","type-page","status-publish","hentry","tag-hack4cure","tag-hackathon"],"acf":[],"_links":{"self":[{"href":"https:\/\/semmelweis.hu\/emk\/wp-json\/wp\/v2\/pages\/24787","targetHints":{"allow":["GET"]}}],"collection":[{"href":"https:\/\/semmelweis.hu\/emk\/wp-json\/wp\/v2\/pages"}],"about":[{"href":"https:\/\/semmelweis.hu\/emk\/wp-json\/wp\/v2\/types\/page"}],"author":[{"embeddable":true,"href":"https:\/\/semmelweis.hu\/emk\/wp-json\/wp\/v2\/users\/102350"}],"replies":[{"embeddable":true,"href":"https:\/\/semmelweis.hu\/emk\/wp-json\/wp\/v2\/comments?post=24787"}],"version-history":[{"count":10,"href":"https:\/\/semmelweis.hu\/emk\/wp-json\/wp\/v2\/pages\/24787\/revisions"}],"predecessor-version":[{"id":24816,"href":"https:\/\/semmelweis.hu\/emk\/wp-json\/wp\/v2\/pages\/24787\/revisions\/24816"}],"up":[{"embeddable":true,"href":"https:\/\/semmelweis.hu\/emk\/wp-json\/wp\/v2\/pages\/24676"}],"wp:attachment":[{"href":"https:\/\/semmelweis.hu\/emk\/wp-json\/wp\/v2\/media?parent=24787"}],"wp:term":[{"taxonomy":"category","embeddable":true,"href":"https:\/\/semmelweis.hu\/emk\/wp-json\/wp\/v2\/categories?post=24787"},{"taxonomy":"post_tag","embeddable":true,"href":"https:\/\/semmelweis.hu\/emk\/wp-json\/wp\/v2\/tags?post=24787"}],"curies":[{"name":"wp","href":"https:\/\/api.w.org\/{rel}","templated":true}]}}