{"id":24766,"date":"2025-04-03T15:25:38","date_gmt":"2025-04-03T13:25:38","guid":{"rendered":"https:\/\/semmelweis.hu\/emk\/?page_id=24766"},"modified":"2025-07-16T11:29:59","modified_gmt":"2025-07-16T09:29:59","slug":"fazekas-nora","status":"publish","type":"page","link":"https:\/\/semmelweis.hu\/emk\/oktatas\/munkatarsak-oktatoi-csapat\/fazekas-nora\/","title":{"rendered":"Fazekas N\u00f3ra, Dr."},"content":{"rendered":"<p><img loading=\"lazy\" decoding=\"async\" class=\"aligncenter  wp-image-24859\" src=\"https:\/\/semmelweis.hu\/emk\/files\/2025\/04\/Fazekas_Nora_2025_portre_1300x1300-1024x1024.jpg\" alt=\"Fazekas N\u00f3ra\" width=\"500\" height=\"500\" srcset=\"https:\/\/semmelweis.hu\/emk\/files\/2025\/04\/Fazekas_Nora_2025_portre_1300x1300-1024x1024.jpg 1024w, https:\/\/semmelweis.hu\/emk\/files\/2025\/04\/Fazekas_Nora_2025_portre_1300x1300-400x400.jpg 400w, https:\/\/semmelweis.hu\/emk\/files\/2025\/04\/Fazekas_Nora_2025_portre_1300x1300-150x150.jpg 150w, https:\/\/semmelweis.hu\/emk\/files\/2025\/04\/Fazekas_Nora_2025_portre_1300x1300-768x768.jpg 768w, https:\/\/semmelweis.hu\/emk\/files\/2025\/04\/Fazekas_Nora_2025_portre_1300x1300-753x753.jpg 753w, https:\/\/semmelweis.hu\/emk\/files\/2025\/04\/Fazekas_Nora_2025_portre_1300x1300.jpg 1300w\" sizes=\"auto, (max-width: 500px) 100vw, 500px\" \/><\/p>\n<div class=\"keretes w-100\">\n<p><strong><span style=\"font-size: 18pt\">Dr. Fazekas N\u00f3ra<\/span><br \/>\n<\/strong>oktat\u00f3, szakmai szak\u00e9rt\u0151<br \/>\n<a href=\"mailto:fazekas.nora@emk.semmelweis.hu\" target=\"_blank\" rel=\"noopener\"><span data-sheets-root=\"1\">fazekas.nora@emk.semmelweis.hu<\/span><\/a><br \/>\n<span data-sheets-root=\"1\">1125 Budapest, K\u00fatv\u00f6lgyi \u00fat 2.<\/span><\/p>\n<\/div>\n<h4><strong>OKTAT\u00d3I BEMUTATKOZ\u00c1S<\/strong><\/h4>\n<p style=\"text-align: justify\">Dr. Fazekas N\u00f3ra 2019-ben v\u00e9gzett a Budapesti Corvinus Egyetem Vezet\u00e9s \u00e9s szervez\u00e9s mesterszak\u00e1n, valamint ugyanitt 2025-ben szerezte doktori fokozat\u00e1t a Gazd\u00e1lkod\u00e1stani Doktori Iskol\u00e1ban. A Budapesti Corvinus Egyetem Vezet\u00e9studom\u00e1nyi Int\u00e9zet\u00e9ben tan\u00e1rseg\u00e9dk\u00e9nt dolgozott, f\u0151k\u00e9nt k\u00f6zszolg\u00e1lati menedzsment t\u00e1rgyak oktat\u00e1s\u00e1ban.\u00a0 Jelenleg a Semmelweis Egyetem Ege\u0301szse\u0301gu\u0308gyi Menedzserke\u0301pzo\u030b K\u00f6zpontj\u00e1nak (EMK) oktat\u00f3ja, valamint az H-PASS nemzetk\u00f6zi k\u00e9pz\u00e9si projekt szakmai szak\u00e9rt\u0151je, munkacsomag vezet\u0151je az \u00a0Orsz\u00e1gos K\u00f3rh\u00e1zi F\u0151igazgat\u00f3s\u00e1g \u00e9s az EMK egy\u00fcttm\u0171k\u00f6d\u00e9s\u00e9ben.<\/p>\n<p><a href=\"https:\/\/m2.mtmt.hu\/api\/publication?format=html&amp;labelLang=hun&amp;sort=publishedYear,desc&amp;cond=authors;eq;10070561\" target=\"_blank\" rel=\"noopener\"><img loading=\"lazy\" decoding=\"async\" class=\"alignnone wp-image-2492\" src=\"https:\/\/semmelweis.hu\/emk\/files\/2024\/08\/MTMT_logo.jpg\" alt=\"\" width=\"61\" height=\"61\" srcset=\"https:\/\/semmelweis.hu\/emk\/files\/2024\/08\/MTMT_logo.jpg 180w, https:\/\/semmelweis.hu\/emk\/files\/2024\/08\/MTMT_logo-150x150.jpg 150w\" sizes=\"auto, (max-width: 61px) 100vw, 61px\" \/><\/a>\u00a0\u00a0\u00a0\u00a0<a href=\"https:\/\/www.linkedin.com\/in\/nora-fazekas-bab33575\/\" target=\"_blank\" rel=\"noopener\"><img loading=\"lazy\" decoding=\"async\" class=\"alignnone wp-image-2491\" src=\"https:\/\/semmelweis.hu\/emk\/files\/2024\/08\/linkedin_logo.png\" alt=\"\" width=\"50\" height=\"50\" srcset=\"https:\/\/semmelweis.hu\/emk\/files\/2024\/08\/linkedin_logo.png 512w, https:\/\/semmelweis.hu\/emk\/files\/2024\/08\/linkedin_logo-400x400.png 400w, https:\/\/semmelweis.hu\/emk\/files\/2024\/08\/linkedin_logo-150x150.png 150w\" sizes=\"auto, (max-width: 50px) 100vw, 50px\" \/><\/a>\u00a0 \u00a0\u00a0<\/p>\n","protected":false},"excerpt":{"rendered":"<p>Dr. Fazekas N\u00f3ra oktat\u00f3, szakmai szak\u00e9rt\u0151 <a href=\"mailto:fazekas.nora@emk.semmelweis.hu\" target=\"_blank\" rel=\"noopener\">fazekas.nora@emk.semmelweis.hu<\/a> 1125 Budapest, K\u00fatv\u00f6lgyi \u00fat 2. OKTAT\u00d3I BEMUTATKOZ\u00c1S Dr. Fazekas N\u00f3ra 2019-ben v\u00e9gzett a Budapesti Corvinus Egyetem Vezet\u00e9s \u00e9s szervez\u00e9s mesterszak\u00e1n, valamint ugyanitt 2025-ben szerezte doktori fokozat\u00e1t a Gazd\u00e1lkod\u00e1stani Doktori Iskol\u00e1ban. A Budapesti Corvinus Egyetem Vezet\u00e9studom\u00e1nyi Int\u00e9zet\u00e9ben tan\u00e1rseg\u00e9dk\u00e9nt dolgozott, f\u0151k\u00e9nt k\u00f6zszolg\u00e1lati menedzsment t\u00e1rgyak oktat\u00e1s\u00e1ban.\u00a0 Jelenleg a Semmelweis Egyetem Ege\u0301szse\u0301gu\u0308gyi Menedzserke\u0301pzo\u030b &hellip;<\/p>\n","protected":false},"author":102350,"featured_media":25591,"parent":1952,"menu_order":0,"comment_status":"closed","ping_status":"closed","template":"","meta":{"_acf_changed":false,"footnotes":""},"categories":[],"tags":[793],"class_list":["post-24766","page","type-page","status-publish","has-post-thumbnail","hentry","tag-fazekas-nora"],"acf":[],"_links":{"self":[{"href":"https:\/\/semmelweis.hu\/emk\/wp-json\/wp\/v2\/pages\/24766","targetHints":{"allow":["GET"]}}],"collection":[{"href":"https:\/\/semmelweis.hu\/emk\/wp-json\/wp\/v2\/pages"}],"about":[{"href":"https:\/\/semmelweis.hu\/emk\/wp-json\/wp\/v2\/types\/page"}],"author":[{"embeddable":true,"href":"https:\/\/semmelweis.hu\/emk\/wp-json\/wp\/v2\/users\/102350"}],"replies":[{"embeddable":true,"href":"https:\/\/semmelweis.hu\/emk\/wp-json\/wp\/v2\/comments?post=24766"}],"version-history":[{"count":5,"href":"https:\/\/semmelweis.hu\/emk\/wp-json\/wp\/v2\/pages\/24766\/revisions"}],"predecessor-version":[{"id":25592,"href":"https:\/\/semmelweis.hu\/emk\/wp-json\/wp\/v2\/pages\/24766\/revisions\/25592"}],"up":[{"embeddable":true,"href":"https:\/\/semmelweis.hu\/emk\/wp-json\/wp\/v2\/pages\/1952"}],"wp:featuredmedia":[{"embeddable":true,"href":"https:\/\/semmelweis.hu\/emk\/wp-json\/wp\/v2\/media\/25591"}],"wp:attachment":[{"href":"https:\/\/semmelweis.hu\/emk\/wp-json\/wp\/v2\/media?parent=24766"}],"wp:term":[{"taxonomy":"category","embeddable":true,"href":"https:\/\/semmelweis.hu\/emk\/wp-json\/wp\/v2\/categories?post=24766"},{"taxonomy":"post_tag","embeddable":true,"href":"https:\/\/semmelweis.hu\/emk\/wp-json\/wp\/v2\/tags?post=24766"}],"curies":[{"name":"wp","href":"https:\/\/api.w.org\/{rel}","templated":true}]}}