{"id":24764,"date":"2025-04-04T10:04:19","date_gmt":"2025-04-04T08:04:19","guid":{"rendered":"https:\/\/semmelweis.hu\/emk\/?page_id=24764"},"modified":"2025-07-16T13:30:16","modified_gmt":"2025-07-16T11:30:16","slug":"kozak-anna","status":"publish","type":"page","link":"https:\/\/semmelweis.hu\/emk\/oktatas\/munkatarsak-oktatoi-csapat\/kozak-anna\/","title":{"rendered":"Koz\u00e1k Anna"},"content":{"rendered":"<p><img loading=\"lazy\" decoding=\"async\" class=\"aligncenter  wp-image-25534\" src=\"https:\/\/semmelweis.hu\/emk\/files\/2025\/07\/kozak_anna_adatlap-961x1024.jpg\" alt=\"Koz\u00e1k Anna\" width=\"500\" height=\"533\" \/><\/p>\n<div class=\"keretes w-100\">\n<p><strong>Koz\u00e1k Anna<br \/>\n<\/strong>Kutat\u00f3, oktat\u00e1si munkat\u00e1rs<br \/>\n<a href=\"mailto:kozak.anna@emk.semmelweis.hu\" target=\"_blank\" rel=\"noopener\"><span data-sheets-root=\"1\">kozak.anna@emk.semmelweis.hu<\/span><\/a><br \/>\n<span data-sheets-root=\"1\">1125 Budapest, K\u00fatv\u00f6lgyi \u00fat 2.<\/span><\/p>\n<\/div>\n<h4><strong>OKTAT\u00d3I BEMUTATKOZ\u00c1S<\/strong><\/h4>\n<p style=\"text-align: justify\"><strong>Koz\u00e1k Anna<\/strong>\u00a0szociol\u00f3gia alapszakos diplom\u00e1j\u00e1t k\u00f6vet\u0151en eg\u00e9szs\u00e9gpolitika-tervez\u00e9s \u00e9s finansz\u00edroz\u00e1s (eg\u00e9szs\u00e9g-gazdas\u00e1gtan) mesterk\u00e9pz\u00e9sben, majd pszichol\u00f3gia ter\u00fclet\u00e9n szerzett MSc fokozatot az Egyes\u00fclt Kir\u00e1lys\u00e1gban. 2015 \u00f3ta a Semmelweis Egyetem Eg\u00e9szs\u00e9g\u00fcgyi Menedzserk\u00e9pz\u0151 K\u00f6zpontj\u00e1nak munkat\u00e1rsa, jelenleg eg\u00e9szs\u00e9g\u00fcgyi menedzsment \u00e9s a ment\u00e1lis j\u00f3ll\u00e9t ter\u00fcleten dolgozik, valamint ment\u00e1lis eg\u00e9szs\u00e9gtudom\u00e1nyok t\u00e9m\u00e1ban folytat doktori tanulm\u00e1nyokat.<\/p>\n<p><a href=\"https:\/\/m2.mtmt.hu\/api\/publication?format=html&amp;labelLang=hun&amp;sort=publishedYear,desc&amp;cond=authors;eq;10067430\" target=\"_blank\" rel=\"noopener\"><img loading=\"lazy\" decoding=\"async\" class=\"alignnone wp-image-2492\" src=\"https:\/\/semmelweis.hu\/emk\/files\/2024\/08\/MTMT_logo.jpg\" alt=\"\" width=\"61\" height=\"61\" srcset=\"https:\/\/semmelweis.hu\/emk\/files\/2024\/08\/MTMT_logo.jpg 180w, https:\/\/semmelweis.hu\/emk\/files\/2024\/08\/MTMT_logo-150x150.jpg 150w\" sizes=\"auto, (max-width: 61px) 100vw, 61px\" \/><\/a>\u00a0\u00a0\u00a0\u00a0<a href=\"https:\/\/www.linkedin.com\/in\/anna-koz%C3%A1k-99108a42\/\" target=\"_blank\" rel=\"noopener\"><img loading=\"lazy\" decoding=\"async\" class=\"alignnone wp-image-2491\" src=\"https:\/\/semmelweis.hu\/emk\/files\/2024\/08\/linkedin_logo.png\" alt=\"\" width=\"50\" height=\"50\" srcset=\"https:\/\/semmelweis.hu\/emk\/files\/2024\/08\/linkedin_logo.png 512w, https:\/\/semmelweis.hu\/emk\/files\/2024\/08\/linkedin_logo-400x400.png 400w, https:\/\/semmelweis.hu\/emk\/files\/2024\/08\/linkedin_logo-150x150.png 150w\" sizes=\"auto, (max-width: 50px) 100vw, 50px\" \/><\/a>\u00a0 \u00a0\u00a0<\/p>\n","protected":false},"excerpt":{"rendered":"<p>Koz\u00e1k Anna Kutat\u00f3, oktat\u00e1si munkat\u00e1rs <a href=\"mailto:kozak.anna@emk.semmelweis.hu\" target=\"_blank\" rel=\"noopener\">kozak.anna@emk.semmelweis.hu<\/a> 1125 Budapest, K\u00fatv\u00f6lgyi \u00fat 2. OKTAT\u00d3I BEMUTATKOZ\u00c1S Koz\u00e1k Anna\u00a0szociol\u00f3gia alapszakos diplom\u00e1j\u00e1t k\u00f6vet\u0151en eg\u00e9szs\u00e9gpolitika-tervez\u00e9s \u00e9s finansz\u00edroz\u00e1s (eg\u00e9szs\u00e9g-gazdas\u00e1gtan) mesterk\u00e9pz\u00e9sben, majd pszichol\u00f3gia ter\u00fclet\u00e9n szerzett MSc fokozatot az Egyes\u00fclt Kir\u00e1lys\u00e1gban. 2015 \u00f3ta a Semmelweis Egyetem Eg\u00e9szs\u00e9g\u00fcgyi Menedzserk\u00e9pz\u0151 K\u00f6zpontj\u00e1nak munkat\u00e1rsa, jelenleg eg\u00e9szs\u00e9g\u00fcgyi menedzsment \u00e9s a ment\u00e1lis j\u00f3ll\u00e9t ter\u00fcleten dolgozik, valamint ment\u00e1lis eg\u00e9szs\u00e9gtudom\u00e1nyok t\u00e9m\u00e1ban folytat doktori &hellip;<\/p>\n","protected":false},"author":102350,"featured_media":25602,"parent":1952,"menu_order":0,"comment_status":"closed","ping_status":"closed","template":"","meta":{"_acf_changed":false,"footnotes":""},"categories":[],"tags":[],"class_list":["post-24764","page","type-page","status-publish","has-post-thumbnail","hentry"],"acf":[],"_links":{"self":[{"href":"https:\/\/semmelweis.hu\/emk\/wp-json\/wp\/v2\/pages\/24764","targetHints":{"allow":["GET"]}}],"collection":[{"href":"https:\/\/semmelweis.hu\/emk\/wp-json\/wp\/v2\/pages"}],"about":[{"href":"https:\/\/semmelweis.hu\/emk\/wp-json\/wp\/v2\/types\/page"}],"author":[{"embeddable":true,"href":"https:\/\/semmelweis.hu\/emk\/wp-json\/wp\/v2\/users\/102350"}],"replies":[{"embeddable":true,"href":"https:\/\/semmelweis.hu\/emk\/wp-json\/wp\/v2\/comments?post=24764"}],"version-history":[{"count":9,"href":"https:\/\/semmelweis.hu\/emk\/wp-json\/wp\/v2\/pages\/24764\/revisions"}],"predecessor-version":[{"id":25603,"href":"https:\/\/semmelweis.hu\/emk\/wp-json\/wp\/v2\/pages\/24764\/revisions\/25603"}],"up":[{"embeddable":true,"href":"https:\/\/semmelweis.hu\/emk\/wp-json\/wp\/v2\/pages\/1952"}],"wp:featuredmedia":[{"embeddable":true,"href":"https:\/\/semmelweis.hu\/emk\/wp-json\/wp\/v2\/media\/25602"}],"wp:attachment":[{"href":"https:\/\/semmelweis.hu\/emk\/wp-json\/wp\/v2\/media?parent=24764"}],"wp:term":[{"taxonomy":"category","embeddable":true,"href":"https:\/\/semmelweis.hu\/emk\/wp-json\/wp\/v2\/categories?post=24764"},{"taxonomy":"post_tag","embeddable":true,"href":"https:\/\/semmelweis.hu\/emk\/wp-json\/wp\/v2\/tags?post=24764"}],"curies":[{"name":"wp","href":"https:\/\/api.w.org\/{rel}","templated":true}]}}